{"id":29232,"date":"2025-09-07T11:01:38","date_gmt":"2025-09-07T03:01:38","guid":{"rendered":"https:\/\/www.eco-leather.com\/product\/aging-resistant-faux-vegan-suede-material-for-display-equipment\/"},"modified":"2025-09-07T11:01:42","modified_gmt":"2025-09-07T03:01:42","slug":"alterungsbestandiges-veganes-wildlederimitat-fur-display-ausstattung","status":"publish","type":"product","link":"https:\/\/www.eco-leather.com\/de\/alterungsbestandiges-veganes-wildlederimitat-fur-display-ausstattung\/","title":{"rendered":"Alterungsbest\u00e4ndiges veganes Wildlederimitat f\u00fcr Display-Ausstattung"},"content":{"rendered":"<h2>Alterungsbest\u00e4ndig Faux Vegan Suede Material f\u00fcr Display Ausr\u00fcstung Fabrik<\/h2>\n<p><main><\/p>\n<section id=\"product-overview\">\n<h2>Beschreibung des Produkts<\/h2>\n<p>Produkt <strong>Materiall\u00f6sung f\u00fcr Autositze<\/strong> Einf\u00fchrung<\/p>\n<p>Material: <strong>Wei\u00dfes Kleid Material Meesho<\/strong> Mikrofaser Wildleder Leder<\/p>\n<p>Unser 0,7 mm starkes Ultrasuede Microfiber Faux Leather wird aus hochwertigen Mikrofasermaterialien hergestellt und ist die perfekte Wahl f\u00fcr Fahrradhandschuhe. Es bietet ein ausgewogenes Verh\u00e4ltnis zwischen Flexibilit\u00e4t und St\u00e4rke, au\u00dfergew\u00f6hnliche Atmungsaktivit\u00e4t und feuchtigkeitsableitende Eigenschaften, damit die H\u00e4nde bei intensiven Fahrten k\u00fchl und trocken bleiben.<\/p>\n<p>Ob Sie nun ein professioneller Radfahrer oder ein Freizeitradler sind, Microfiber Leather bietet unschlagbaren Komfort und Schutz. Seine hohe Widerstandsf\u00e4higkeit gegen Abrieb und Risse sorgt f\u00fcr eine lang anhaltende Leistung, w\u00e4hrend das elegante Design einen raffinierten Touch zu jedem Biker-Ensemble hinzuf\u00fcgt.<\/p>\n<\/section>\n<section id=\"specifications\">\n<h2>Technische Parameter<\/h2>\n<ul class_=\"parameters-list\">\n<li><span class=\"param-name\">Personalisiert, <strong>Schuhmaterialien China Preis<\/strong> einzigartig:<\/span> Wir bieten einen Personalisierungsservice an, um ein einzigartiges Mikrofaser-Wildleder-Schmuckk\u00e4stchen nach Ihren Bed\u00fcrfnissen und Vorlieben zu gestalten. Ob <strong>Schuhe Material Rein<\/strong> ob Muster, Farben oder Gr\u00f6\u00dfen, wir k\u00f6nnen Ihre individuellen Bed\u00fcrfnisse erf\u00fcllen.<\/li>\n<li><span class=\"param-name\">Produkt <strong>Schuhe Futtermaterial<\/strong> Spezifikation Material:<\/span> Microfiber Suede L eather Zusammensetzung: 55 Nylon + 45% Polyurethan Markenname WINIW Company Factory Gro\u00dfhandel StoffherstellerDicke: 0,4mm, 0,5mm, 0,6mm, angepasst Breite: 54\u2033, 137cm Farbe: Wei\u00df, Rot, Blau, Gr\u00fcn, Beige, kundenspezifische Farben MOQ: 300 lineare Meter Lieferzeit: 10 -20 Tage Produktionskapazit\u00e4t: 1.000.000 Meter monatlich Feature Anti-Schimmel, kratzfest, sehr langlebig Herkunftsland China Customized Ja Anwendung Schmuck-Box, D isplay steht, Telefon Fall, W atch Box Material: Microfiber Suede L eather Zusammenstellung: 55 Nylon + 45% Polyurethan Markenname WINIW Company Factory Gro\u00dfhandel StoffherstellerDicke: 0,4mm, 0,5mm, 0,6mm, kundenspezifische Breite: 54\u2033, 137cm Farbe: Wei\u00df, Rot, Blau, Gr\u00fcn, Beige, kundenspezifische Farben MOQ: 300 lineare Meter Vorlaufzeit: 10 -20 Tage Produktionskapazit\u00e4t: 1.000.000 Meter monatlich Feature Anti-Schimmel, Kratzfest, sehr langlebig Herkunftsland China Customized Ja Anwendung Schmuckk\u00e4stchen, D isplay steht, Telefon Fall, W atch Box<\/li>\n<\/ul>\n<p><img decoding=\"async\" alt=\"0.7mm Ultrasuede Mikrofaser Kunstleder f\u00fcr Radsporthandschuhe - Materialspezifikation\" class=\"product-image\" src=\"\/wp-content\/uploads\/2025\/08\/07mm-ultrasuede-microfiber-faux-leather-for-cycling-gloves--37881.jpg\"\/><\/p>\n<h3>Produkt-Parameter<\/h3>\n<ul class=\"parameters-list\">\n<li><span class=\"param-name\">Material:<\/span> Mikrofaser + PU<\/li>\n<li><span class=\"param-name\">Farbe:<\/span> Schwarz, Grau, Beige (benutzerdefinierte Farben verf\u00fcgbar)<\/li>\n<li><span class=\"param-name\">Die Dicke:<\/span> 0,6 mm, 0,7 mm, 0,8 mm, 1 mm<\/li>\n<li><span class=\"param-name\">Mindestbestellmenge:<\/span> 300 laufende Meter<\/li>\n<li><span class=\"param-name\">L\u00e4nge der Rolle:<\/span> 20-30m\/Rolle<\/li>\n<li><span class=\"param-name\">Lieferzeiten:<\/span> 15-20 Tage<\/li>\n<li><span class=\"param-name\">Breite:<\/span> 54\u2033, 137cm<\/li>\n<li><span class=\"param-name\">Produktionskapazit\u00e4t:<\/span> 1.000.000 Meter monatlich<\/li>\n<\/ul>\n<\/section>\n<section id=\"features\">\n<h2>Produktmerkmale<\/h2>\n<div class=\"feature-item\">\n<img decoding=\"async\" alt=\"MitWaterproof Sofa Materialitydie kontinuierliche Verbesserung der Anforderungen der Verbraucher f\u00fcr Schmuck Qualit\u00e4t und Verpackung, Mikrofaser Wildleder Schmuck Display Leder ist wegen seiner einzigartigen Materialeigenschaften und gute Display-Effekt bevorzugt\" class=\"feature-image left\" src=\"\/wp-content\/uploads\/2025\/08\/aging-resistant-faux-vegan-suede-material-for-display-equipment-32186.jpg\"\/><\/p>\n<h3>Mit <strong>Wasserdichtes Sofa Materialit\u00e4t<\/strong> die kontinuierliche Verbesserung der Anforderungen der Verbraucher an die Qualit\u00e4t von Schmuck und Verpackungen, Mikrofaser-Veloursleder f\u00fcr Schmuckdisplays wird aufgrund seiner einzigartigen Materialeigenschaften und seiner guten Displaywirkung bevorzugt<\/h3>\n<p>Mit <strong>Wasserdichtes Sofa Materialit\u00e4t<\/strong> Die kontinuierliche Verbesserung der Anforderungen der Verbraucher an die Qualit\u00e4t von Schmuck und Verpackungen, Mikrofaser-Veloursleder Schmuck Display Leder ist wegen seiner einzigartigen Materialeigenschaften und gute Display-Effekt bevorzugt.<\/p>\n<div class=\"clear\"><\/div>\n<\/div>\n<div class=\"feature-item\">\n<img decoding=\"async\" alt=\"Gleichzeitig ist mit dem kontinuierlichen Fortschritt der Technologie und der Reduzierung der Kosten der Preis von Mikrofaser-Wildleder-Schmuck-Display-Leder erschwinglicher geworden, was seine Popularit\u00e4t und Anwendung auf dem Markt weiter gef\u00f6rdert hat\" class=\"feature-image left\" src=\"\/wp-content\/uploads\/2025\/08\/aging-resistant-faux-vegan-suede-material-for-display-equipment-32187.jpg\"\/><\/p>\n<h3>Gleichzeitig ist mit dem kontinuierlichen Fortschritt der Technologie und der Reduzierung der Kosten der Preis von Mikrofaser-Wildleder-Schmuck-Display-Leder erschwinglicher geworden, was seine Popularit\u00e4t und Anwendung auf dem Markt weiter gef\u00f6rdert hat<\/h3>\n<p>Gleichzeitig ist der Preis von Mikrofaser-Veloursleder-Schmuckdisplays durch die kontinuierliche Weiterentwicklung der Technologie und die Senkung der Kosten erschwinglicher geworden, was seine Beliebtheit und Anwendung auf dem Markt weiter gef\u00f6rdert hat.<\/p>\n<div class=\"clear\"><\/div>\n<\/div>\n<div class=\"feature-item\">\n<img decoding=\"async\" alt=\"Hohe Rei\u00dffestigkeit - Ultrasuede Mikrofaser-Kunstleder f\u00fcr Fahrradhandschuhe\" class=\"feature-image left\" src=\"\/wp-content\/uploads\/2025\/08\/07mm-ultrasuede-microfiber-faux-leather-for-cycling-gloves--37882.jpg\"\/><\/p>\n<h3>Hohe Rei\u00dffestigkeit<\/h3>\n<p>Unser Ultrasuede-Mikrofaserleder zeichnet sich durch eine au\u00dfergew\u00f6hnliche Rei\u00dffestigkeit aus, so dass es unter Belastung nicht bricht oder sich leicht verformt. Dies macht es ideal f\u00fcr Produkte, die Haltbarkeit und langfristige Leistung erfordern.<\/p>\n<div class=\"clear\"><\/div>\n<\/div>\n<div class=\"feature-item\">\n<img decoding=\"async\" alt=\"Formstabilit\u00e4t - Ultrasuede Mikrofaser-Kunstleder f\u00fcr Fahrradhandschuhe\" class=\"feature-image right\" src=\"\/wp-content\/uploads\/2025\/08\/07mm-ultrasuede-microfiber-faux-leather-for-cycling-gloves--37883.jpg\"\/><\/p>\n<h3>Nicht leicht zu verformen<\/h3>\n<p>Dieses Material wurde speziell behandelt, um seine urspr\u00fcngliche Form zu erhalten, und bietet eine hervorragende Elastizit\u00e4t und Stabilit\u00e4t. Es widersteht Verformungen durch \u00e4u\u00dferen Druck oder Dehnung, so dass die Produkte langfristig intakt und attraktiv bleiben.<\/p>\n<div class=\"clear\"><\/div>\n<\/div>\n<div class=\"feature-item\">\n<img decoding=\"async\" alt=\"Strapazierf\u00e4higkeit - Ultrasuede Microfiber Faux Leather f\u00fcr Fahrradhandschuhe\" class=\"feature-image left\" src=\"\/wp-content\/uploads\/2025\/08\/07mm-ultrasuede-microfiber-faux-leather-for-cycling-gloves--37884.jpg\"\/><\/p>\n<h3>Dauerhaftigkeit<\/h3>\n<p>Dieses Material ist extrem widerstandsf\u00e4hig gegen Abrieb, Risse und Einstiche und sorgt daf\u00fcr, dass die Handschuhe auch bei l\u00e4ngerem Gebrauch in bestem Zustand bleiben. Au\u00dferdem bietet es eine hervorragende Fingerfertigkeit und Festigkeit f\u00fcr hochwertige Lederwaren.<\/p>\n<div class=\"clear\"><\/div>\n<\/div>\n<\/section>\n<p><\/main><\/p>\n<section id=\"inquiry\">\n<h2 style=\"text-align: center;\">Mit freundlichen Gr\u00fc\u00dfen erwarten wir Ihre Anfrage!<\/h2>\n<p style=\"text-align: center;\">Kontaktieren Sie uns noch heute, um mehr \u00fcber unsere Produkte zu erfahren und Ihre Bestellung aufzugeben.<\/p>\n<\/section>\n\n    <div class=\"xs_social_share_widget xs_share_url after_content \t\tmain_content  wslu-style-1 wslu-share-box-shaped wslu-fill-colored wslu-none wslu-share-horizontal wslu-theme-font-no wslu-main_content\">\n\n\t\t\n        <ul>\n\t\t\t        <\/ul>\n    <\/div>","protected":false},"excerpt":{"rendered":"<div class=\"product-short-description\">Microsuede f\u00fcr Schmuck Display Alterungsbest\u00e4ndig Faux Vegan Suede Material f\u00fcr Display-Ausr\u00fcstung WINIW Alterungsbest\u00e4ndig Faux Vegan Suede Material f\u00fcr Display-Ausr\u00fcstung Key features include.Ideal f\u00fcr diejenigen, die Qualit\u00e4t und Zuverl\u00e4ssigkeit.<\/p>\n<p>Als direkte Fabrik, Hersteller und Gro\u00dfh\u00e4ndler k\u00f6nnen wir den Produktionsprozess streng kontrollieren, um die Produktqualit\u00e4t zu gew\u00e4hrleisten und Ihnen die g\u00fcnstigsten Preise zu bieten. Wir verf\u00fcgen \u00fcber fortschrittliche Produktionsanlagen und ein professionelles technisches Team, um Ihren Bedarf an Gro\u00dfauftr\u00e4gen zu decken und eine p\u00fcnktliche Lieferung zu gew\u00e4hrleisten.<\/p>\n<\/div>","protected":false},"featured_media":5274,"template":"","meta":[],"product_brand":[],"product_cat":[294],"product_tag":[19062],"class_list":{"0":"post-29232","1":"product","2":"type-product","3":"status-publish","4":"has-post-thumbnail","6":"product_cat-microsuede-for-jewelry-display","7":"product_tag-vegan-suede-cropped-shirtvegan-suede-capsvegan-suede-clogs-and-mules-for-women-dealstesla-model-y-vegan-leather-and-suedevegan-suede-vs-vegan-leathervegan-suede-jacket","9":"first","10":"instock","11":"product-type-simple"},"_links":{"self":[{"href":"https:\/\/www.eco-leather.com\/de\/wp-json\/wp\/v2\/product\/29232","targetHints":{"allow":["GET"]}}],"collection":[{"href":"https:\/\/www.eco-leather.com\/de\/wp-json\/wp\/v2\/product"}],"about":[{"href":"https:\/\/www.eco-leather.com\/de\/wp-json\/wp\/v2\/types\/product"}],"wp:featuredmedia":[{"embeddable":true,"href":"https:\/\/www.eco-leather.com\/de\/wp-json\/wp\/v2\/media\/5274"}],"wp:attachment":[{"href":"https:\/\/www.eco-leather.com\/de\/wp-json\/wp\/v2\/media?parent=29232"}],"wp:term":[{"taxonomy":"product_brand","embeddable":true,"href":"https:\/\/www.eco-leather.com\/de\/wp-json\/wp\/v2\/product_brand?post=29232"},{"taxonomy":"product_cat","embeddable":true,"href":"https:\/\/www.eco-leather.com\/de\/wp-json\/wp\/v2\/product_cat?post=29232"},{"taxonomy":"product_tag","embeddable":true,"href":"https:\/\/www.eco-leather.com\/de\/wp-json\/wp\/v2\/product_tag?post=29232"}],"curies":[{"name":"wp","href":"https:\/\/api.w.org\/{rel}","templated":true}]}}