{"id":29229,"date":"2025-09-07T11:01:38","date_gmt":"2025-09-07T03:01:38","guid":{"rendered":"https:\/\/www.eco-leather.com\/product\/smoothness-synthetic-pu-suede-fabric-for-display-equipment\/"},"modified":"2025-09-07T11:01:41","modified_gmt":"2025-09-07T03:01:41","slug":"glattes-synthetisches-pu-wildledergewebe-fur-display-ausstattung","status":"publish","type":"product","link":"https:\/\/www.eco-leather.com\/de\/glattes-synthetisches-pu-wildledergewebe-fur-display-ausstattung\/","title":{"rendered":"Glattes synthetisches PU-Wildleder-Gewebe f\u00fcr Display-Ausr\u00fcstung"},"content":{"rendered":"<h2>Glattes synthetisches PU-Wildledergewebe f\u00fcr Display-Ausr\u00fcstung Lieferant<\/h2>\n<p><main><\/p>\n<section id=\"product-overview\">\n<h2>Beschreibung des Produkts<\/h2>\n<p>Produkt <strong>Wasserdichter Sofa-Stoff<\/strong> Einf\u00fchrung<\/p>\n<p>Material: <strong>Fleckenunempfindlicher Couch-Stoff<\/strong> Mikrofaser Wildleder Leder<\/p>\n<p>Unser 0,7 mm starkes Ultrasuede Microfiber Faux Leather wird aus hochwertigen Mikrofasermaterialien hergestellt und ist die perfekte Wahl f\u00fcr Fahrradhandschuhe. Es bietet ein ausgewogenes Verh\u00e4ltnis zwischen Flexibilit\u00e4t und St\u00e4rke, au\u00dfergew\u00f6hnliche Atmungsaktivit\u00e4t und feuchtigkeitsableitende Eigenschaften, damit die H\u00e4nde bei intensiven Fahrten k\u00fchl und trocken bleiben.<\/p>\n<p>Ob Sie nun ein professioneller Radfahrer oder ein Freizeitradler sind, Microfiber Leather bietet unschlagbaren Komfort und Schutz. Seine hohe Widerstandsf\u00e4higkeit gegen Abrieb und Risse sorgt f\u00fcr eine lang anhaltende Leistung, w\u00e4hrend das elegante Design einen raffinierten Touch zu jedem Biker-Ensemble hinzuf\u00fcgt.<\/p>\n<\/section>\n<section id=\"specifications\">\n<h2>Technische Parameter<\/h2>\n<ul class_=\"parameters-list\">\n<li><span class=\"param-name\">Weich <strong>H\u00e4ndler f\u00fcr strukturierte Lederstoffe<\/strong> Futter, Schutz:<\/span> Mikrofaser-Wildleder ist das Auskleidungsmaterial f\u00fcr Schmuckschatullen, das sich eng an den Schmuck anschmiegt, die Gefahr von Reibung und Kollisionen verringert und den Schmuck rundum sch\u00fctzt.<\/li>\n<li><span class=\"param-name\">Produkt <strong>Auto-Wildleder-Stoffe<\/strong> Spezifikation Material:<\/span> Microfiber Suede L eather Zusammenstellung: 55 Nylon + 45% Polyurethan Markenname WINIW Company Factory Gro\u00dfhandel LederherstellerDicke: 0,4mm, 0,5mm, 0,6mm, kundenspezifische Breite: 54\u2033, 137cm Farbe: Wei\u00df, Rot, Blau, Gr\u00fcn, Beige, kundenspezifische Farben MOQ: 300 lineare Meter Vorlaufzeit: 10 -20 Tage Produktionskapazit\u00e4t: 1.000.000 Meter monatlich Feature Anti-Schimmel, kratzfest, sehr langlebig Herkunftsland China Customized Ja Anwendung Schmuckk\u00e4stchen, D isplay steht, Telefonkoffer, W atch-Box Material: Microfiber Suede L eather Zusammenstellung: 55 Nylon + 45% Polyurethan Markenname WINIW Company Factory Gro\u00dfhandel LederherstellerDicke: 0,4mm, 0,5mm, 0,6mm, kundenspezifische Breite: 54\u2033, 137cm Farbe: Wei\u00df, Rot, Blau, Gr\u00fcn, Beige, kundenspezifische Farben MOQ: 300 lineare Meter Vorlaufzeit: 10 -20 Tage Produktionskapazit\u00e4t: 1.000.000 Meter monatlich Merkmal Anti-Schimmel, Kratzfest, sehr langlebig Herkunftsland China Customized Ja Anwendung Schmuckk\u00e4stchen, D isplay steht, Telefonkoffer, W atch-Box<\/li>\n<\/ul>\n<p><img decoding=\"async\" alt=\"0.7mm Ultrasuede Mikrofaser Kunstleder f\u00fcr Radsporthandschuhe - Materialspezifikation\" class=\"product-image\" src=\"\/wp-content\/uploads\/2025\/08\/07mm-ultrasuede-microfiber-faux-leather-for-cycling-gloves--37881.jpg\"\/><\/p>\n<h3>Produkt-Parameter<\/h3>\n<ul class=\"parameters-list\">\n<li><span class=\"param-name\">Material:<\/span> Mikrofaser + PU<\/li>\n<li><span class=\"param-name\">Farbe:<\/span> Schwarz, Grau, Beige (benutzerdefinierte Farben verf\u00fcgbar)<\/li>\n<li><span class=\"param-name\">Die Dicke:<\/span> 0,6 mm, 0,7 mm, 0,8 mm, 1 mm<\/li>\n<li><span class=\"param-name\">Mindestbestellmenge:<\/span> 300 laufende Meter<\/li>\n<li><span class=\"param-name\">L\u00e4nge der Rolle:<\/span> 20-30m\/Rolle<\/li>\n<li><span class=\"param-name\">Lieferzeiten:<\/span> 15-20 Tage<\/li>\n<li><span class=\"param-name\">Breite:<\/span> 54\u2033, 137cm<\/li>\n<li><span class=\"param-name\">Produktionskapazit\u00e4t:<\/span> 1.000.000 Meter monatlich<\/li>\n<\/ul>\n<\/section>\n<section id=\"usage\">\n<h2>Verwendung und Anwendungen<\/h2>\n<p><img fetchpriority=\"high\" decoding=\"async\" alt=\"Glattes synthetisches PU-Wildledergewebe f\u00fcr Display-Ausr\u00fcstung Lieferant\" data-mce-file-size=\"NaN\" data-mce-file-status=\"1\" height=\"707\" src=\"\/wp-content\/uploads\/2025\/08\/smoothness-synthetic-pu-suede-fabric-for-display-equipment236-32162.jpg\" width=\"710\"\/><\/p>\n<div class=\"usage-point\">\n<h3>Mit <strong>H\u00e4ndler f\u00fcr Sackleinen<\/strong> Durch die st\u00e4ndige Weiterentwicklung von Wissenschaft und Technik und die zunehmende Diversifizierung der Verbraucherbed\u00fcrfnisse werden der Produktionsprozess und die Technologie von Mikrofaser-Veloursleder weiterhin innoviert und optimiert.<\/h3>\n<p>Mit <strong>H\u00e4ndler f\u00fcr Sackleinen<\/strong> Durch die st\u00e4ndige Weiterentwicklung von Wissenschaft und Technik und die zunehmende Diversifizierung der Verbraucherbed\u00fcrfnisse werden der Produktionsprozess und die Technologie von Mikrofaser-Veloursleder weiterhin innoviert und optimiert.<\/p>\n<\/div>\n<div class=\"usage-point\">\n<h3>Es wird erwartet, dass Mikrofaser-Wildleder in Zukunft in mehr Bereichen eingesetzt wird und die Nachfrage der Verbraucher nach hochwertigen, umweltfreundlichen und langlebigen Produkten erf\u00fcllt.<\/h3>\n<p>Es wird erwartet, dass Mikrofaser-Veloursleder in Zukunft in mehr Bereichen eingesetzt wird und die Nachfrage der Verbraucher nach hochwertigen, umweltfreundlichen und langlebigen Produkten erf\u00fcllt.<\/p>\n<\/div>\n<div class=\"usage-point\">\n<h3>Bequem und atmungsaktiv<\/h3>\n<p>Dieses weiche, bequeme und hoch atmungsaktive Material eignet sich perfekt f\u00fcr Fahrradhandschuhe und andere Produkte, die \u00fcber einen l\u00e4ngeren Zeitraum getragen werden. Es h\u00e4lt die H\u00e4nde bei anstrengenden Aktivit\u00e4ten k\u00fchl und trocken.<\/p>\n<\/div>\n<div class=\"usage-point\">\n<h3>Umweltvertr\u00e4glich und nachhaltig<\/h3>\n<p>Unser Ultrasuede-Mikrofaser-Kunstleder umfasst umweltfreundliche Optionen, wie z. B. Varianten aus recyceltem PET und Materialien auf Pflanzenbasis, die die Umweltbelastung verringern und gleichzeitig verschiedene Texturen bieten.<\/p>\n<\/div>\n<div class=\"usage-point\">\n<h3>Antibakterieller Schutz und Schutz vor Staub<\/h3>\n<p>Ausgew\u00e4hlte Varianten verf\u00fcgen \u00fcber antibakterielle und staubabweisende Eigenschaften und erf\u00fcllen hohe Hygienestandards - ideal f\u00fcr Handschuhe, die strenge Qualit\u00e4ts- und Sicherheitskontrollen erfordern.<\/p>\n<\/div>\n<div class=\"usage-point\">\n<h3>Vielf\u00e4ltige Anwendungsszenarien<\/h3>\n<p>Neben Fahrradhandschuhen eignet es sich auch f\u00fcr Fingerhandschuhe, Sicherheitshandschuhe und verschiedene andere Handschuhtypen sowie f\u00fcr Schuhe, Kleidung und Zubeh\u00f6r.<\/p>\n<\/div>\n<p><img decoding=\"async\" alt=\"Anwendungen von 0,7mm Ultrasuede Mikrofaser-Kunstleder in verschiedenen Produkten\" class=\"product-image\" src=\"\/wp-content\/uploads\/2025\/08\/07mm-ultrasuede-microfiber-faux-leather-for-cycling-gloves--37885.jpg\"\/><br \/>\n<img decoding=\"async\" alt=\"Radsporthandschuhe aus Ultrasuede-Mikrofaserleder - Produktbeispiel\" class=\"product-image\" src=\"\/wp-content\/uploads\/2025\/08\/07mm-ultrasuede-microfiber-faux-leather-for-cycling-gloves--37886.jpg\"\/><br \/>\n<\/section>\n<p><\/main><\/p>\n<section id=\"inquiry\">\n<h2 style=\"text-align: center;\">Mit freundlichen Gr\u00fc\u00dfen erwarten wir Ihre Anfrage!<\/h2>\n<p style=\"text-align: center;\">Kontaktieren Sie uns noch heute, um mehr \u00fcber unsere Produkte zu erfahren und Ihre Bestellung aufzugeben.<\/p>\n<\/section>\n\n    <div class=\"xs_social_share_widget xs_share_url after_content \t\tmain_content  wslu-style-1 wslu-share-box-shaped wslu-fill-colored wslu-none wslu-share-horizontal wslu-theme-font-no wslu-main_content\">\n\n\t\t\n        <ul>\n\t\t\t        <\/ul>\n    <\/div>","protected":false},"excerpt":{"rendered":"<div class=\"product-short-description\">Microsuede f\u00fcr Schmuck Display Gl\u00e4tte Synthetische PU Wildleder Stoff f\u00fcr Display-Ausr\u00fcstung WINIW Gl\u00e4tte Synthetische PU Wildleder Stoff f\u00fcr Display-Ausr\u00fcstung Key features include.ideal f\u00fcr diejenigen, die Qualit\u00e4t und Zuverl\u00e4ssigkeit.<\/p>\n<p>Als direkte Fabrik, Hersteller und Gro\u00dfh\u00e4ndler k\u00f6nnen wir den Produktionsprozess streng kontrollieren, um die Produktqualit\u00e4t zu gew\u00e4hrleisten und Ihnen die g\u00fcnstigsten Preise zu bieten. Wir verf\u00fcgen \u00fcber fortschrittliche Produktionsanlagen und ein professionelles technisches Team, um Ihren Bedarf an Gro\u00dfauftr\u00e4gen zu decken und eine p\u00fcnktliche Lieferung zu gew\u00e4hrleisten.<\/p>\n<\/div>","protected":false},"featured_media":5268,"template":"","meta":[],"product_brand":[],"product_cat":[294],"product_tag":[19060],"class_list":{"0":"post-29229","1":"product","2":"type-product","3":"status-publish","4":"has-post-thumbnail","6":"product_cat-microsuede-for-jewelry-display","7":"product_tag-ultra-suede-fabric-wholesaleheadliner-suede-fabricblack-suede-headliner-fabricsuede-headliner-fabricsuede-car-interior-fabriccar-suede-fabric","9":"first","10":"instock","11":"product-type-simple"},"_links":{"self":[{"href":"https:\/\/www.eco-leather.com\/de\/wp-json\/wp\/v2\/product\/29229","targetHints":{"allow":["GET"]}}],"collection":[{"href":"https:\/\/www.eco-leather.com\/de\/wp-json\/wp\/v2\/product"}],"about":[{"href":"https:\/\/www.eco-leather.com\/de\/wp-json\/wp\/v2\/types\/product"}],"wp:featuredmedia":[{"embeddable":true,"href":"https:\/\/www.eco-leather.com\/de\/wp-json\/wp\/v2\/media\/5268"}],"wp:attachment":[{"href":"https:\/\/www.eco-leather.com\/de\/wp-json\/wp\/v2\/media?parent=29229"}],"wp:term":[{"taxonomy":"product_brand","embeddable":true,"href":"https:\/\/www.eco-leather.com\/de\/wp-json\/wp\/v2\/product_brand?post=29229"},{"taxonomy":"product_cat","embeddable":true,"href":"https:\/\/www.eco-leather.com\/de\/wp-json\/wp\/v2\/product_cat?post=29229"},{"taxonomy":"product_tag","embeddable":true,"href":"https:\/\/www.eco-leather.com\/de\/wp-json\/wp\/v2\/product_tag?post=29229"}],"curies":[{"name":"wp","href":"https:\/\/api.w.org\/{rel}","templated":true}]}}