{"id":29217,"date":"2025-09-07T11:01:38","date_gmt":"2025-09-07T03:01:38","guid":{"rendered":"https:\/\/www.eco-leather.com\/product\/0-6mm-anti-stain-imitation-electronic-micro-fiber-laptop-cover-leather\/"},"modified":"2025-09-07T11:01:38","modified_gmt":"2025-09-07T03:01:38","slug":"0-6mm-anti-stain-imitation-electronic-micro-fiber-laptop-cover-leather","status":"publish","type":"product","link":"https:\/\/www.eco-leather.com\/de\/0-6mm-anti-stain-imitation-electronic-micro-fiber-laptop-cover-leather\/","title":{"rendered":"0,6mm Anti-Fleck Nachahmung elektronische Mikrofaser Laptop Abdeckung Leder"},"content":{"rendered":"<h2>0.6mm Anti Stain Imitation Electronic Micro Fiber Laptop Cover Leather factory<\/h2>\n<p><main><\/p>\n<section id=\"product-overview\">\n<h2>Beschreibung des Produkts<\/h2>\n<p>Produkt <strong>Kunstleder-Sohle<\/strong> Einf\u00fchrung<\/p>\n<p>Material: <strong>Kunstlederboxen China<\/strong> Microfiber L eather Zusammenstellung:<\/p>\n<p>Unser 0,7 mm starkes Ultrasuede Microfiber Faux Leather wird aus hochwertigen Mikrofasermaterialien hergestellt und ist die perfekte Wahl f\u00fcr Fahrradhandschuhe. Es bietet ein ausgewogenes Verh\u00e4ltnis zwischen Flexibilit\u00e4t und St\u00e4rke, au\u00dfergew\u00f6hnliche Atmungsaktivit\u00e4t und feuchtigkeitsableitende Eigenschaften, damit die H\u00e4nde bei intensiven Fahrten k\u00fchl und trocken bleiben.<\/p>\n<p>Ob Sie nun ein professioneller Radfahrer oder ein Freizeitradler sind, Microfiber Leather bietet unschlagbaren Komfort und Schutz. Seine hohe Widerstandsf\u00e4higkeit gegen Abrieb und Risse sorgt f\u00fcr eine lang anhaltende Leistung, w\u00e4hrend das elegante Design einen raffinierten Touch zu jedem Biker-Ensemble hinzuf\u00fcgt.<\/p>\n<\/section>\n<section id=\"specifications\">\n<h2>Technische Parameter<\/h2>\n<ul class_=\"parameters-list\">\n<li><span class=\"param-name\">Fashion <strong>Eco Car Lederjacke<\/strong> trendsetters:<\/span> WINIW Company Factory Wholesale Leather Fabric Manufacturerskeeps up with fashion trends and constantly launch new styles and colors of artificial leather products.<\/li>\n<p>Ob <strong>Second Hand Ledertaschen<\/strong> it&#8217;s a trendy element or a retro style, we&#8217;ve got you covered. Keep <strong>Pu-Lederhosen M\u00e4nner<\/strong> your electronics packaging and stationery at the forefront of fashion.<\/p>\n<li><span class=\"param-name\">Produktspezifikation Material:<\/span> Microfiber L eather Composition: 55 Nylon + 45% Polyurethane Brand Name WINIW Company Factory Wholesale Leather Fabric ManufacturersThickness: 0.4mm, 0.5mm, 0.6mm, customized Width: 54&#8243;, 137cm Color: White, Red, Blue, Green, Beige, customized colors MOQ : 300 linear meters Lead time: 1 0 -20 days Production Capacity: 1,000,000 meters monthly Place of Origin China Customized Yes Material: Microfiber L eather Composition: 55 Nylon + 45% Polyurethane Brand Name WINIW Company Factory Wholesale Leather Fabric ManufacturersThickness: 0.4mm, 0.5mm, 0.6mm, customized Width: 54&#8243;, 137cm Color: White, Red, Blue, Green, Beige, customized colors MOQ : 300 linear meters Lead time: 1 0 -20 days Production Capacity: 1,000,000 meters monthly Place of Origin China Customized Yes<\/li>\n<\/ul>\n<p><img decoding=\"async\" alt=\"0.7mm Ultrasuede Mikrofaser Kunstleder f\u00fcr Radsporthandschuhe - Materialspezifikation\" class=\"product-image\" src=\"\/wp-content\/uploads\/2025\/08\/07mm-ultrasuede-microfiber-faux-leather-for-cycling-gloves--37881.jpg\"\/><\/p>\n<h3>Produkt-Parameter<\/h3>\n<ul class=\"parameters-list\">\n<li><span class=\"param-name\">Material:<\/span> Mikrofaser + PU<\/li>\n<li><span class=\"param-name\">Farbe:<\/span> Schwarz, Grau, Beige (benutzerdefinierte Farben verf\u00fcgbar)<\/li>\n<li><span class=\"param-name\">Die Dicke:<\/span> 0,6 mm, 0,7 mm, 0,8 mm, 1 mm<\/li>\n<li><span class=\"param-name\">Mindestbestellmenge:<\/span> 300 laufende Meter<\/li>\n<li><span class=\"param-name\">L\u00e4nge der Rolle:<\/span> 20-30m\/Rolle<\/li>\n<li><span class=\"param-name\">Lieferzeiten:<\/span> 15-20 Tage<\/li>\n<li><span class=\"param-name\">Breite:<\/span> 54\u2033, 137cm<\/li>\n<li><span class=\"param-name\">Produktionskapazit\u00e4t:<\/span> 1.000.000 Meter monatlich<\/li>\n<\/ul>\n<\/section>\n<p><\/main><\/p>\n<section id=\"inquiry\">\n<h2 style=\"text-align: center;\">Mit freundlichen Gr\u00fc\u00dfen erwarten wir Ihre Anfrage!<\/h2>\n<p style=\"text-align: center;\">Kontaktieren Sie uns noch heute, um mehr \u00fcber unsere Produkte zu erfahren und Ihre Bestellung aufzugeben.<\/p>\n<\/section>\n\n    <div class=\"xs_social_share_widget xs_share_url after_content \t\tmain_content  wslu-style-1 wslu-share-box-shaped wslu-fill-colored wslu-none wslu-share-horizontal wslu-theme-font-no wslu-main_content\">\n\n\t\t\n        <ul>\n\t\t\t        <\/ul>\n    <\/div>","protected":false},"excerpt":{"rendered":"<div class=\"product-short-description\">Faux Leather for Electronic Devices Covering 0.6mm Anti Stain Imitation Electronic Micro Fiber Laptop Cover Leather WINIW 0.6mm Anti Stain Imitation Electronic Micro Fiber Laptop Cover Leather Key features include.Ideal for those seeking quality and reliability.<\/p>\n<p>Als direkte Fabrik, Hersteller und Gro\u00dfh\u00e4ndler k\u00f6nnen wir den Produktionsprozess streng kontrollieren, um die Produktqualit\u00e4t zu gew\u00e4hrleisten und Ihnen die g\u00fcnstigsten Preise zu bieten. Wir verf\u00fcgen \u00fcber fortschrittliche Produktionsanlagen und ein professionelles technisches Team, um Ihren Bedarf an Gro\u00dfauftr\u00e4gen zu decken und eine p\u00fcnktliche Lieferung zu gew\u00e4hrleisten.<\/p>\n<\/div>","protected":false},"featured_media":5244,"template":"","meta":[],"product_brand":[],"product_cat":[316],"product_tag":[19051],"class_list":{"0":"post-29217","1":"product","2":"type-product","3":"status-publish","4":"has-post-thumbnail","6":"product_cat-faux-leather-for-electronic-devices-covering","7":"product_tag-car-seat-cover-leatherseat-cover-leather-agencyseat-cover-leather-tradercar-seat-cover-leather-agenciesseat-cover-leather-distributorcar-seat-cover-leather-agency","9":"first","10":"instock","11":"product-type-simple"},"_links":{"self":[{"href":"https:\/\/www.eco-leather.com\/de\/wp-json\/wp\/v2\/product\/29217","targetHints":{"allow":["GET"]}}],"collection":[{"href":"https:\/\/www.eco-leather.com\/de\/wp-json\/wp\/v2\/product"}],"about":[{"href":"https:\/\/www.eco-leather.com\/de\/wp-json\/wp\/v2\/types\/product"}],"wp:featuredmedia":[{"embeddable":true,"href":"https:\/\/www.eco-leather.com\/de\/wp-json\/wp\/v2\/media\/5244"}],"wp:attachment":[{"href":"https:\/\/www.eco-leather.com\/de\/wp-json\/wp\/v2\/media?parent=29217"}],"wp:term":[{"taxonomy":"product_brand","embeddable":true,"href":"https:\/\/www.eco-leather.com\/de\/wp-json\/wp\/v2\/product_brand?post=29217"},{"taxonomy":"product_cat","embeddable":true,"href":"https:\/\/www.eco-leather.com\/de\/wp-json\/wp\/v2\/product_cat?post=29217"},{"taxonomy":"product_tag","embeddable":true,"href":"https:\/\/www.eco-leather.com\/de\/wp-json\/wp\/v2\/product_tag?post=29217"}],"curies":[{"name":"wp","href":"https:\/\/api.w.org\/{rel}","templated":true}]}}