{"id":29211,"date":"2025-09-07T11:01:28","date_gmt":"2025-09-07T03:01:28","guid":{"rendered":"https:\/\/www.eco-leather.com\/product\/1-0mm-thin-and-elastic-nappa-pvc-synthetic-leather-for-car-door-2\/"},"modified":"2025-09-07T11:01:33","modified_gmt":"2025-09-07T03:01:33","slug":"1-0mm-dunnes-und-elastisches-nappa-pvc-kunstleder-fur-autoturen-2","status":"publish","type":"product","link":"https:\/\/www.eco-leather.com\/de\/1-0mm-dunnes-und-elastisches-nappa-pvc-kunstleder-fur-autoturen-2\/","title":{"rendered":"1,0 mm d\u00fcnnes und elastisches Nappa-PVC-Kunstleder f\u00fcr Autot\u00fcren"},"content":{"rendered":"<h2>Mikrofaserleder f\u00fcr Autopolsterung<\/h2>\n<p><main><\/p>\n<section id=\"product-overview\">\n<h2>Beschreibung des Produkts<\/h2>\n<p>Produkt <strong>Kunstleder-Sohle<\/strong> Beschreibung<\/p>\n<p>Stark <strong>Automobil LederSitze Service Hund<\/strong> Fleckenbest\u00e4ndigkeit Niedrigtemperaturbest\u00e4ndigkeit<\/p>\n<p>Unser 0,7 mm starkes Ultrasuede Microfiber Faux Leather wird aus hochwertigen Mikrofasermaterialien hergestellt und ist die perfekte Wahl f\u00fcr Fahrradhandschuhe. Es bietet ein ausgewogenes Verh\u00e4ltnis zwischen Flexibilit\u00e4t und St\u00e4rke, au\u00dfergew\u00f6hnliche Atmungsaktivit\u00e4t und feuchtigkeitsableitende Eigenschaften, damit die H\u00e4nde bei intensiven Fahrten k\u00fchl und trocken bleiben.<\/p>\n<p>Ob Sie nun ein professioneller Radfahrer oder ein Freizeitradler sind, Microfiber Leather bietet unschlagbaren Komfort und Schutz. Seine hohe Widerstandsf\u00e4higkeit gegen Abrieb und Risse sorgt f\u00fcr eine lang anhaltende Leistung, w\u00e4hrend das elegante Design einen raffinierten Touch zu jedem Biker-Ensemble hinzuf\u00fcgt.<\/p>\n<\/section>\n<section id=\"specifications\">\n<h2>Technische Parameter<\/h2>\n<ul class_=\"parameters-list\">\n<li><span class=\"param-name\">Parameter <strong>Kunstlederboxen China<\/strong> Material:<\/span> Mikrofaser + PU. Farbe: Kundenspezifische Farben. Dicke Normalerweise 1.2mm, auch 0.6mm, 0.8mm, 1mm, 1.4mm, 1.6mm.Oder kundenspezifische Dicke Mindestbestellmenge: 300 laufende Meter.<\/li>\n<li><span class=\"param-name\">L\u00e4nge der Rolle:<\/span> 20-30m\/Rolle Lieferzeit: 15-20 Tage. Breite: 54 , 137cm Produktionskapazit\u00e4t: 1.000.000 Meter monatlich.<\/li>\n<\/ul>\n<p><img decoding=\"async\" alt=\"0.7mm Ultrasuede Mikrofaser Kunstleder f\u00fcr Radsporthandschuhe - Materialspezifikation\" class=\"product-image\" src=\"\/wp-content\/uploads\/2025\/08\/07mm-ultrasuede-microfiber-faux-leather-for-cycling-gloves--37881.jpg\"\/><\/p>\n<h3>Produkt-Parameter<\/h3>\n<ul class=\"parameters-list\">\n<li><span class=\"param-name\">Material:<\/span> Mikrofaser + PU<\/li>\n<li><span class=\"param-name\">Farbe:<\/span> Schwarz, Grau, Beige (benutzerdefinierte Farben verf\u00fcgbar)<\/li>\n<li><span class=\"param-name\">Die Dicke:<\/span> 0,6 mm, 0,7 mm, 0,8 mm, 1 mm<\/li>\n<li><span class=\"param-name\">Mindestbestellmenge:<\/span> 300 laufende Meter<\/li>\n<li><span class=\"param-name\">L\u00e4nge der Rolle:<\/span> 20-30m\/Rolle<\/li>\n<li><span class=\"param-name\">Lieferzeiten:<\/span> 15-20 Tage<\/li>\n<li><span class=\"param-name\">Breite:<\/span> 54\u2033, 137cm<\/li>\n<li><span class=\"param-name\">Produktionskapazit\u00e4t:<\/span> 1.000.000 Meter monatlich<\/li>\n<\/ul>\n<\/section>\n<section id=\"features\">\n<h2>Produktmerkmale<\/h2>\n<div class=\"feature-item\">\n<img decoding=\"async\" alt=\"DiesWasserfester Lederstoff Odmhsas1\" class=\"feature-image left\" src=\"\/wp-content\/uploads\/2025\/08\/10mm-thin-and-elastic-nappa-pvc-synthetic-leather-for-car-door901-32027.jpg\"\/><\/p>\n<h3>Diese <strong>Wasserdichtes Leder Stoff Odmhsas<\/strong> 1<\/h3>\n<p>Diese <strong>Wasserdichtes Leder Stoff Odmhsas<\/strong> 1,0 mm dickes Nappa-PVC-Kunstleder, das auf der fortschrittlichen SK-Serie basiert, zeichnet sich durch ultrad\u00fcnne und ausgezeichnete Elastizit\u00e4t aus und wurde speziell f\u00fcr Autot\u00fcrverkleidungen und andere Innenanwendungen entwickelt.<\/p>\n<div class=\"clear\"><\/div>\n<\/div>\n<div class=\"feature-item\">\n<img decoding=\"async\" alt=\"Das wasserfeste Kunstleder Customize mit seiner hochsimulierenden Textur und dem weichen Griff steigert nicht nur den Luxus von Innenr\u00e4umen, sondern bietet auch eine hervorragende Verschlei\u00dffestigkeit und Anti-Aging-Eigenschaften und erf\u00fcllt die Anforderungen an hochwertige Materialien in B-End-Fabriken.\" class=\"feature-image left\" src=\"\/wp-content\/uploads\/2025\/08\/10mm-thin-and-elastic-nappa-pvc-synthetic-leather-for-car-door901-32028.jpg\"\/><\/p>\n<h3>Seine <strong>Wasserdichtes Kunstleder Anpassen<\/strong> Die hochsimulierende Textur und die weiche Haptik verbessern nicht nur den Luxus von Innenr\u00e4umen, sondern bieten auch eine ausgezeichnete Verschlei\u00dffestigkeit und Anti-Aging-Eigenschaften und erf\u00fcllen die Anforderungen an hochwertige Materialien in B-End-Fabriken.<\/h3>\n<p>Seine <strong>Wasserdichtes Kunstleder Anpassen<\/strong> Die hochsimulierende Textur und die weiche Haptik erh\u00f6hen nicht nur den Luxus von Innenr\u00e4umen, sondern bieten auch eine hervorragende Verschlei\u00dffestigkeit und Anti-Aging-Eigenschaften, die den Anforderungen hochwertiger Materialien in B-End-Fabriken entsprechen.<\/p>\n<div class=\"clear\"><\/div>\n<\/div>\n<div class=\"feature-item\">\n<img decoding=\"async\" alt=\"ProductSuede Leather Waterproof ImportDetails und Eigenschaften Dieses Leder zeichnet sich durch eine hochdichte Polyurethan-Beschichtung und eine fortschrittliche Pr\u00e4getechnik aus, die eine au\u00dfergew\u00f6hnliche Fleckenbest\u00e4ndigkeit bietet, die das Eindringen von Flecken des t\u00e4glichen Lebens wirksam verhindert und eine einfache Reinigung und Pflege erm\u00f6glicht\" class=\"feature-image left\" src=\"\/wp-content\/uploads\/2025\/08\/10mm-thin-and-elastic-nappa-pvc-synthetic-leather-for-car-door901-32029.jpg\"\/><\/p>\n<h3>Produkt <strong>Wildleder Wasserdicht Import<\/strong> Details und Eigenschaften Dieses Leder verf\u00fcgt \u00fcber eine hochdichte Polyurethan-Beschichtung und eine fortschrittliche Pr\u00e4getechnik, die eine au\u00dfergew\u00f6hnliche Fleckenbest\u00e4ndigkeit bietet, die das Eindringen von Flecken des t\u00e4glichen Lebens wirksam verhindert und es leicht zu reinigen und zu pflegen macht<\/h3>\n<p>Produkt <strong>Wildleder Wasserdicht Import<\/strong> Details und Eigenschaften Dieses Leder verf\u00fcgt \u00fcber eine hochdichte Polyurethan-Beschichtung und eine fortschrittliche Pr\u00e4getechnik, die eine au\u00dfergew\u00f6hnliche Fleckenbest\u00e4ndigkeit bietet, die das Eindringen von Flecken des t\u00e4glichen Lebens wirksam verhindert und eine einfache Reinigung und Pflege erm\u00f6glicht.<\/p>\n<div class=\"clear\"><\/div>\n<\/div>\n<div class=\"feature-item\">\n<img decoding=\"async\" alt=\"Hohe Rei\u00dffestigkeit - Ultrasuede Mikrofaser-Kunstleder f\u00fcr Fahrradhandschuhe\" class=\"feature-image left\" src=\"\/wp-content\/uploads\/2025\/08\/07mm-ultrasuede-microfiber-faux-leather-for-cycling-gloves--37882.jpg\"\/><\/p>\n<h3>Hohe Rei\u00dffestigkeit<\/h3>\n<p>Unser Ultrasuede-Mikrofaserleder zeichnet sich durch eine au\u00dfergew\u00f6hnliche Rei\u00dffestigkeit aus, so dass es unter Belastung nicht bricht oder sich leicht verformt. Dies macht es ideal f\u00fcr Produkte, die Haltbarkeit und langfristige Leistung erfordern.<\/p>\n<div class=\"clear\"><\/div>\n<\/div>\n<div class=\"feature-item\">\n<img decoding=\"async\" alt=\"Formstabilit\u00e4t - Ultrasuede Mikrofaser-Kunstleder f\u00fcr Fahrradhandschuhe\" class=\"feature-image right\" src=\"\/wp-content\/uploads\/2025\/08\/07mm-ultrasuede-microfiber-faux-leather-for-cycling-gloves--37883.jpg\"\/><\/p>\n<h3>Nicht leicht zu verformen<\/h3>\n<p>Dieses Material wurde speziell behandelt, um seine urspr\u00fcngliche Form zu erhalten, und bietet eine hervorragende Elastizit\u00e4t und Stabilit\u00e4t. Es widersteht Verformungen durch \u00e4u\u00dferen Druck oder Dehnung, so dass die Produkte langfristig intakt und attraktiv bleiben.<\/p>\n<div class=\"clear\"><\/div>\n<\/div>\n<div class=\"feature-item\">\n<img decoding=\"async\" alt=\"Strapazierf\u00e4higkeit - Ultrasuede Microfiber Faux Leather f\u00fcr Fahrradhandschuhe\" class=\"feature-image left\" src=\"\/wp-content\/uploads\/2025\/08\/07mm-ultrasuede-microfiber-faux-leather-for-cycling-gloves--37884.jpg\"\/><\/p>\n<h3>Dauerhaftigkeit<\/h3>\n<p>Dieses Material ist extrem widerstandsf\u00e4hig gegen Abrieb, Risse und Einstiche und sorgt daf\u00fcr, dass die Handschuhe auch bei l\u00e4ngerem Gebrauch in bestem Zustand bleiben. Au\u00dferdem bietet es eine hervorragende Fingerfertigkeit und Festigkeit f\u00fcr hochwertige Lederwaren.<\/p>\n<div class=\"clear\"><\/div>\n<\/div>\n<\/section>\n<p><\/main><\/p>\n<section id=\"inquiry\">\n<h2 style=\"text-align: center;\">Mit freundlichen Gr\u00fc\u00dfen erwarten wir Ihre Anfrage!<\/h2>\n<p style=\"text-align: center;\">Kontaktieren Sie uns noch heute, um mehr \u00fcber unsere Produkte zu erfahren und Ihre Bestellung aufzugeben.<\/p>\n<\/section>\n\n    <div class=\"xs_social_share_widget xs_share_url after_content \t\tmain_content  wslu-style-1 wslu-share-box-shaped wslu-fill-colored wslu-none wslu-share-horizontal wslu-theme-font-no wslu-main_content\">\n\n\t\t\n        <ul>\n\t\t\t        <\/ul>\n    <\/div>","protected":false},"excerpt":{"rendered":"<div class=\"product-short-description\">Kunstleder f\u00fcr elektronische Ger\u00e4te Abdeckung 1.0mm d\u00fcnn und elastisch Nappa PVC Kunstleder f\u00fcr Autot\u00fcr WINIW 1.0mm d\u00fcnn und elastisch Nappa PVC Kunstleder f\u00fcr Autot\u00fcr Key Features include.Ideal f\u00fcr diejenigen, die Qualit\u00e4t und Zuverl\u00e4ssigkeit.<\/p>\n<p>Als direkte Fabrik, Hersteller und Gro\u00dfh\u00e4ndler k\u00f6nnen wir den Produktionsprozess streng kontrollieren, um die Produktqualit\u00e4t zu gew\u00e4hrleisten und Ihnen die g\u00fcnstigsten Preise zu bieten. Wir verf\u00fcgen \u00fcber fortschrittliche Produktionsanlagen und ein professionelles technisches Team, um Ihren Bedarf an Gro\u00dfauftr\u00e4gen zu decken und eine p\u00fcnktliche Lieferung zu gew\u00e4hrleisten.<\/p>\n<\/div>","protected":false},"featured_media":5096,"template":"","meta":[],"product_brand":[],"product_cat":[316],"product_tag":[],"class_list":{"0":"post-29211","1":"product","2":"type-product","3":"status-publish","4":"has-post-thumbnail","6":"product_cat-faux-leather-for-electronic-devices-covering","8":"first","9":"instock","10":"product-type-simple"},"_links":{"self":[{"href":"https:\/\/www.eco-leather.com\/de\/wp-json\/wp\/v2\/product\/29211","targetHints":{"allow":["GET"]}}],"collection":[{"href":"https:\/\/www.eco-leather.com\/de\/wp-json\/wp\/v2\/product"}],"about":[{"href":"https:\/\/www.eco-leather.com\/de\/wp-json\/wp\/v2\/types\/product"}],"wp:featuredmedia":[{"embeddable":true,"href":"https:\/\/www.eco-leather.com\/de\/wp-json\/wp\/v2\/media\/5096"}],"wp:attachment":[{"href":"https:\/\/www.eco-leather.com\/de\/wp-json\/wp\/v2\/media?parent=29211"}],"wp:term":[{"taxonomy":"product_brand","embeddable":true,"href":"https:\/\/www.eco-leather.com\/de\/wp-json\/wp\/v2\/product_brand?post=29211"},{"taxonomy":"product_cat","embeddable":true,"href":"https:\/\/www.eco-leather.com\/de\/wp-json\/wp\/v2\/product_cat?post=29211"},{"taxonomy":"product_tag","embeddable":true,"href":"https:\/\/www.eco-leather.com\/de\/wp-json\/wp\/v2\/product_tag?post=29211"}],"curies":[{"name":"wp","href":"https:\/\/api.w.org\/{rel}","templated":true}]}}