{"id":29207,"date":"2025-09-07T11:01:28","date_gmt":"2025-09-07T03:01:28","guid":{"rendered":"https:\/\/www.eco-leather.com\/product\/0-4mm-can-be-embossed-vegan-plant-leather-for-laptop-cover-material-2\/"},"modified":"2025-09-07T11:01:32","modified_gmt":"2025-09-07T03:01:32","slug":"0-4mm-kann-gepragt-werden-veganes-pflanzenleder-fur-laptop-cover-material-2","status":"publish","type":"product","link":"https:\/\/www.eco-leather.com\/de\/0-4mm-kann-gepragt-werden-veganes-pflanzenleder-fur-laptop-cover-material-2\/","title":{"rendered":"0.4mm kann gepr\u00e4gtes veganes Pflanzenleder f\u00fcr Laptop Cover Material sein"},"content":{"rendered":"<h2>Mikrofaserleder f\u00fcr Autopolsterung<\/h2>\n<p><main><\/p>\n<section id=\"product-overview\">\n<h2>Beschreibung des Produkts<\/h2>\n<p>Produkt <strong>Autositz Material Unternehmen<\/strong> Beschreibung<\/p>\n<p>Mit <strong>Kunstlederboxen China<\/strong> pflanzliche Formulierung mit Nanobeschichtungstechnologie, 0,4 mm 0,02 mm Pr\u00e4zisionsst\u00e4rke (SGS-\u00d6ko-zertifiziert, schwermetallfrei), unterst\u00fctzt 0,15 mm Pr\u00e4getiefe, bietet Kratzfestigkeit der Klasse A (3H Bleistifth\u00e4rte) und 30.000+ Biegezyklen, entwickelt f\u00fcr die Massenproduktion von 3C-Zubeh\u00f6r.<\/p>\n<p>Stark <strong>Kleidungsst\u00fcck Leder Importiert<\/strong> Fleckenbest\u00e4ndigkeit Vielseitige Designs und Stil<\/p>\n<p>Unser 0,7 mm starkes Ultrasuede Microfiber Faux Leather wird aus hochwertigen Mikrofasermaterialien hergestellt und ist die perfekte Wahl f\u00fcr Fahrradhandschuhe. Es bietet ein ausgewogenes Verh\u00e4ltnis zwischen Flexibilit\u00e4t und St\u00e4rke, au\u00dfergew\u00f6hnliche Atmungsaktivit\u00e4t und feuchtigkeitsableitende Eigenschaften, damit die H\u00e4nde bei intensiven Fahrten k\u00fchl und trocken bleiben.<\/p>\n<p>Ob Sie nun ein professioneller Radfahrer oder ein Freizeitradler sind, Microfiber Leather bietet unschlagbaren Komfort und Schutz. Seine hohe Widerstandsf\u00e4higkeit gegen Abrieb und Risse sorgt f\u00fcr eine lang anhaltende Leistung, w\u00e4hrend das elegante Design einen raffinierten Touch zu jedem Biker-Ensemble hinzuf\u00fcgt.<\/p>\n<\/section>\n<section id=\"specifications\">\n<h2>Technische Parameter<\/h2>\n<ul class_=\"parameters-list\">\n<li><span class=\"param-name\">Parameter <strong>Automobil LederSitze Service Hund<\/strong> Material:<\/span> Mikrofaser + PU. Farbe: Kundenspezifische Farben. Dicke Normalerweise 1.2mm, auch 0.6mm, 0.8mm, 1mm, 1.4mm, 1.6mm.Oder kundenspezifische Dicke Mindestbestellmenge: 300 laufende Meter.<\/li>\n<li><span class=\"param-name\">L\u00e4nge der Rolle:<\/span> 20-30m\/Rolle Lieferzeit: 15-20 Tage. Breite: 54 , 137cm Produktionskapazit\u00e4t: 1.000.000 Meter monatlich.<\/li>\n<\/ul>\n<p><img decoding=\"async\" alt=\"0.7mm Ultrasuede Mikrofaser Kunstleder f\u00fcr Radsporthandschuhe - Materialspezifikation\" class=\"product-image\" src=\"\/wp-content\/uploads\/2025\/08\/07mm-ultrasuede-microfiber-faux-leather-for-cycling-gloves--37881.jpg\"\/><\/p>\n<h3>Produkt-Parameter<\/h3>\n<ul class=\"parameters-list\">\n<li><span class=\"param-name\">Material:<\/span> Mikrofaser + PU<\/li>\n<li><span class=\"param-name\">Farbe:<\/span> Schwarz, Grau, Beige (benutzerdefinierte Farben verf\u00fcgbar)<\/li>\n<li><span class=\"param-name\">Die Dicke:<\/span> 0,6 mm, 0,7 mm, 0,8 mm, 1 mm<\/li>\n<li><span class=\"param-name\">Mindestbestellmenge:<\/span> 300 laufende Meter<\/li>\n<li><span class=\"param-name\">L\u00e4nge der Rolle:<\/span> 20-30m\/Rolle<\/li>\n<li><span class=\"param-name\">Lieferzeiten:<\/span> 15-20 Tage<\/li>\n<li><span class=\"param-name\">Breite:<\/span> 54\u2033, 137cm<\/li>\n<li><span class=\"param-name\">Produktionskapazit\u00e4t:<\/span> 1.000.000 Meter monatlich<\/li>\n<\/ul>\n<\/section>\n<section id=\"features\">\n<h2>Produktmerkmale<\/h2>\n<div class=\"feature-item\">\n<img decoding=\"async\" alt=\"ProduktWasserfestes KunstlederDetails und Eigenschaften Dieses Leder verf\u00fcgt \u00fcber eine hochdichte Polyurethan-Beschichtung und eine fortschrittliche Pr\u00e4getechnik, die eine au\u00dfergew\u00f6hnliche Fleckenbest\u00e4ndigkeit bietet, die das Eindringen von allt\u00e4glichen Flecken wirksam verhindert und die Reinigung und Pflege erleichtert\" class=\"feature-image left\" src=\"\/wp-content\/uploads\/2025\/08\/04mm-can-be-embossed-vegan-plant-leather-for-laptop-cover-material-31963.jpg\"\/><\/p>\n<h3>Produkt <strong>Wasserdichtes Faux Leatherman<\/strong> Details und Eigenschaften Dieses Leder verf\u00fcgt \u00fcber eine hochdichte Polyurethan-Beschichtung und eine fortschrittliche Pr\u00e4getechnik, die eine au\u00dfergew\u00f6hnliche Fleckenbest\u00e4ndigkeit bietet, die das Eindringen von Flecken des t\u00e4glichen Lebens wirksam verhindert und es leicht zu reinigen und zu pflegen macht<\/h3>\n<p>Produkt <strong>Wasserdichtes Faux Leatherman<\/strong> Details und Eigenschaften Dieses Leder verf\u00fcgt \u00fcber eine hochdichte Polyurethan-Beschichtung und eine fortschrittliche Pr\u00e4getechnik, die eine au\u00dfergew\u00f6hnliche Fleckenbest\u00e4ndigkeit bietet, die das Eindringen von Flecken des t\u00e4glichen Lebens wirksam verhindert und eine einfache Reinigung und Pflege erm\u00f6glicht.<\/p>\n<div class=\"clear\"><\/div>\n<\/div>\n<div class=\"feature-item\">\n<img decoding=\"async\" alt=\"Hohe Rei\u00dffestigkeit - Ultrasuede Mikrofaser-Kunstleder f\u00fcr Fahrradhandschuhe\" class=\"feature-image left\" src=\"\/wp-content\/uploads\/2025\/08\/07mm-ultrasuede-microfiber-faux-leather-for-cycling-gloves--37882.jpg\"\/><\/p>\n<h3>Hohe Rei\u00dffestigkeit<\/h3>\n<p>Unser Ultrasuede-Mikrofaserleder zeichnet sich durch eine au\u00dfergew\u00f6hnliche Rei\u00dffestigkeit aus, so dass es unter Belastung nicht bricht oder sich leicht verformt. Dies macht es ideal f\u00fcr Produkte, die Haltbarkeit und langfristige Leistung erfordern.<\/p>\n<div class=\"clear\"><\/div>\n<\/div>\n<div class=\"feature-item\">\n<img decoding=\"async\" alt=\"Formstabilit\u00e4t - Ultrasuede Mikrofaser-Kunstleder f\u00fcr Fahrradhandschuhe\" class=\"feature-image right\" src=\"\/wp-content\/uploads\/2025\/08\/07mm-ultrasuede-microfiber-faux-leather-for-cycling-gloves--37883.jpg\"\/><\/p>\n<h3>Nicht leicht zu verformen<\/h3>\n<p>Dieses Material wurde speziell behandelt, um seine urspr\u00fcngliche Form zu erhalten, und bietet eine hervorragende Elastizit\u00e4t und Stabilit\u00e4t. Es widersteht Verformungen durch \u00e4u\u00dferen Druck oder Dehnung, so dass die Produkte langfristig intakt und attraktiv bleiben.<\/p>\n<div class=\"clear\"><\/div>\n<\/div>\n<div class=\"feature-item\">\n<img decoding=\"async\" alt=\"Strapazierf\u00e4higkeit - Ultrasuede Microfiber Faux Leather f\u00fcr Fahrradhandschuhe\" class=\"feature-image left\" src=\"\/wp-content\/uploads\/2025\/08\/07mm-ultrasuede-microfiber-faux-leather-for-cycling-gloves--37884.jpg\"\/><\/p>\n<h3>Dauerhaftigkeit<\/h3>\n<p>Dieses Material ist extrem widerstandsf\u00e4hig gegen Abrieb, Risse und Einstiche und sorgt daf\u00fcr, dass die Handschuhe auch bei l\u00e4ngerem Gebrauch in bestem Zustand bleiben. Au\u00dferdem bietet es eine hervorragende Fingerfertigkeit und Festigkeit f\u00fcr hochwertige Lederwaren.<\/p>\n<div class=\"clear\"><\/div>\n<\/div>\n<\/section>\n<p><\/main><\/p>\n<section id=\"inquiry\">\n<h2 style=\"text-align: center;\">Mit freundlichen Gr\u00fc\u00dfen erwarten wir Ihre Anfrage!<\/h2>\n<p style=\"text-align: center;\">Kontaktieren Sie uns noch heute, um mehr \u00fcber unsere Produkte zu erfahren und Ihre Bestellung aufzugeben.<\/p>\n<\/section>\n\n    <div class=\"xs_social_share_widget xs_share_url after_content \t\tmain_content  wslu-style-1 wslu-share-box-shaped wslu-fill-colored wslu-none wslu-share-horizontal wslu-theme-font-no wslu-main_content\">\n\n\t\t\n        <ul>\n\t\t\t        <\/ul>\n    <\/div>","protected":false},"excerpt":{"rendered":"<div class=\"product-short-description\">Kunstleder f\u00fcr elektronische Ger\u00e4te Abdeckung 0.4mm kann gepr\u00e4gt werden Vegane Pflanzenleder f\u00fcr Laptop Cover Material WINIW 0.4mm kann gepr\u00e4gt werden Vegane Pflanzenleder f\u00fcr Laptop Cover Material Key Features include.Ideal f\u00fcr diejenigen, die Qualit\u00e4t und Zuverl\u00e4ssigkeit.<\/p>\n<p>Als direkte Fabrik, Hersteller und Gro\u00dfh\u00e4ndler k\u00f6nnen wir den Produktionsprozess streng kontrollieren, um die Produktqualit\u00e4t zu gew\u00e4hrleisten und Ihnen die g\u00fcnstigsten Preise zu bieten. Wir verf\u00fcgen \u00fcber fortschrittliche Produktionsanlagen und ein professionelles technisches Team, um Ihren Bedarf an Gro\u00dfauftr\u00e4gen zu decken und eine p\u00fcnktliche Lieferung zu gew\u00e4hrleisten.<\/p>\n<\/div>","protected":false},"featured_media":5088,"template":"","meta":[],"product_brand":[],"product_cat":[316],"product_tag":[19049],"class_list":{"0":"post-29207","1":"product","2":"type-product","3":"status-publish","4":"has-post-thumbnail","6":"product_cat-faux-leather-for-electronic-devices-covering","7":"product_tag-plant-leather-factoryplant-leather-wholesalevegan-plant-leather-jacketvegan-plant-leather-jacket-importervegan-plant-leather-jacket-exportervegan-plant-leather-jacket-wholesaler","9":"first","10":"instock","11":"product-type-simple"},"_links":{"self":[{"href":"https:\/\/www.eco-leather.com\/de\/wp-json\/wp\/v2\/product\/29207","targetHints":{"allow":["GET"]}}],"collection":[{"href":"https:\/\/www.eco-leather.com\/de\/wp-json\/wp\/v2\/product"}],"about":[{"href":"https:\/\/www.eco-leather.com\/de\/wp-json\/wp\/v2\/types\/product"}],"wp:featuredmedia":[{"embeddable":true,"href":"https:\/\/www.eco-leather.com\/de\/wp-json\/wp\/v2\/media\/5088"}],"wp:attachment":[{"href":"https:\/\/www.eco-leather.com\/de\/wp-json\/wp\/v2\/media?parent=29207"}],"wp:term":[{"taxonomy":"product_brand","embeddable":true,"href":"https:\/\/www.eco-leather.com\/de\/wp-json\/wp\/v2\/product_brand?post=29207"},{"taxonomy":"product_cat","embeddable":true,"href":"https:\/\/www.eco-leather.com\/de\/wp-json\/wp\/v2\/product_cat?post=29207"},{"taxonomy":"product_tag","embeddable":true,"href":"https:\/\/www.eco-leather.com\/de\/wp-json\/wp\/v2\/product_tag?post=29207"}],"curies":[{"name":"wp","href":"https:\/\/api.w.org\/{rel}","templated":true}]}}