{"id":29197,"date":"2025-09-07T11:01:28","date_gmt":"2025-09-07T03:01:28","guid":{"rendered":"https:\/\/www.eco-leather.com\/product\/micro-suede-pu-faux-suede-leather-packaging-material-for-show-case\/"},"modified":"2025-09-07T11:01:29","modified_gmt":"2025-09-07T03:01:29","slug":"mikro-wildleder-pu-kunstleder-verpackungsmaterial-fur-vitrinen","status":"publish","type":"product","link":"https:\/\/www.eco-leather.com\/de\/mikro-wildleder-pu-kunstleder-verpackungsmaterial-fur-vitrinen\/","title":{"rendered":"Micro Suede PU Faux Suede Leder Verpackungsmaterial f\u00fcr Show Case"},"content":{"rendered":"<h2>Langlebiges Material zum Verkauf - Kunstleder Boxen China<\/h2>\n<p><main><\/p>\n<section id=\"product-overview\">\n<h2>Beschreibung des Produkts<\/h2>\n<p>Mikro <strong>Materiall\u00f6sung f\u00fcr Autositze<\/strong> Suede PU Faux Wildleder Verpackungsmaterial f\u00fcr Show Case 01-Spezifikationen &amp; Beschreibungen<\/p>\n<p>Produkt <strong>Kunstlederboxen China<\/strong> Information Dieses hochwertige Material ist die perfekte Wahl, um Ihre Produkte zu pr\u00e4sentieren und dem Image Ihrer Marke einen zus\u00e4tzlichen Hauch von Eleganz zu verleihen. Der weiche und strapazierf\u00e4hige Stoff f\u00fchlt sich gut an und bietet einen hervorragenden Schutz f\u00fcr Ihre Produkte.<\/p>\n<p>Nicht <strong>Eco Car Lederjacke<\/strong> PU-Wildlederimitat sieht nicht nur toll aus, sondern l\u00e4sst sich auch unglaublich leicht verarbeiten. Es l\u00e4sst sich in jede beliebige Form und Gr\u00f6\u00dfe schneiden und n\u00e4hen und ist damit ideal f\u00fcr individuelle Verpackungsl\u00f6sungen.<\/p>\n<p>Plus, <strong>Kleidungsst\u00fcck Leder Importiert<\/strong> Es ist in einer Vielzahl von Farben und Texturen erh\u00e4ltlich, die zu Ihrem Branding und Ihrem Stil passen. Ganz gleich, ob Sie Schmuck, Kosmetika oder andere hochwertige Produkte verpacken, Mikro-Veloursleder-PU-Kunstleder ist die perfekte Wahl.<\/p>\n<p>Es verleiht Ihrer Verpackung einen zus\u00e4tzlichen Hauch von Luxus, der Ihren Kunden das Gef\u00fchl gibt, etwas Besonderes zu sein und gesch\u00e4tzt zu werden.<\/p>\n<p>Unser 0,7 mm starkes Ultrasuede Microfiber Faux Leather wird aus hochwertigen Mikrofasermaterialien hergestellt und ist die perfekte Wahl f\u00fcr Fahrradhandschuhe. Es bietet ein ausgewogenes Verh\u00e4ltnis zwischen Flexibilit\u00e4t und St\u00e4rke, au\u00dfergew\u00f6hnliche Atmungsaktivit\u00e4t und feuchtigkeitsableitende Eigenschaften, damit die H\u00e4nde bei intensiven Fahrten k\u00fchl und trocken bleiben.<\/p>\n<p>Ob Sie nun ein professioneller Radfahrer oder ein Freizeitradler sind, Microfiber Leather bietet unschlagbaren Komfort und Schutz. Seine hohe Widerstandsf\u00e4higkeit gegen Abrieb und Risse sorgt f\u00fcr eine lang anhaltende Leistung, w\u00e4hrend das elegante Design einen raffinierten Touch zu jedem Biker-Ensemble hinzuf\u00fcgt.<\/p>\n<\/section>\n<section id=\"specifications\">\n<h2>Technische Parameter<\/h2>\n<p>Parameter <strong>Automobil LederSitze Service Hund<\/strong> Detail Textur Glatt Breite 54, 137cm Farbe Schwarz, Wei\u00df, Rot, Blau, Gr\u00fcn, Gelb, Rosa, Beige, Kundenspezifische Farben Merkmal Umweltfreundlich, Anti-Schimmel, Anti-Statisch, etc.<\/p>\n<p>Verwendung Display-Dekoration, Schmuckk\u00e4stchen, Display-St\u00e4nder, Schaukasten, Boxen, Uhrenbox Dicke 0,4mm-0,8mm<\/p>\n<p><img decoding=\"async\" alt=\"0.7mm Ultrasuede Mikrofaser Kunstleder f\u00fcr Radsporthandschuhe - Materialspezifikation\" class=\"product-image\" src=\"\/wp-content\/uploads\/2025\/08\/07mm-ultrasuede-microfiber-faux-leather-for-cycling-gloves--37881.jpg\"\/><\/p>\n<h3>Produkt-Parameter<\/h3>\n<ul class=\"parameters-list\">\n<li><span class=\"param-name\">Material:<\/span> Mikrofaser + PU<\/li>\n<li><span class=\"param-name\">Farbe:<\/span> Schwarz, Grau, Beige (benutzerdefinierte Farben verf\u00fcgbar)<\/li>\n<li><span class=\"param-name\">Die Dicke:<\/span> 0,6 mm, 0,7 mm, 0,8 mm, 1 mm<\/li>\n<li><span class=\"param-name\">Mindestbestellmenge:<\/span> 300 laufende Meter<\/li>\n<li><span class=\"param-name\">L\u00e4nge der Rolle:<\/span> 20-30m\/Rolle<\/li>\n<li><span class=\"param-name\">Lieferzeiten:<\/span> 15-20 Tage<\/li>\n<li><span class=\"param-name\">Breite:<\/span> 54\u2033, 137cm<\/li>\n<li><span class=\"param-name\">Produktionskapazit\u00e4t:<\/span> 1.000.000 Meter monatlich<\/li>\n<\/ul>\n<\/section>\n<section id=\"why-choose-us\">\n<h2>Warum WINIW w\u00e4hlen<\/h2>\n<div class=\"advantage-item\">\n<h3>Unser Vorteil<\/h3>\n<p>Sie suchen ein hochwertiges Verpackungsmaterial, das Stil und Raffinesse ausstrahlt? Dann sind Sie bei Mikro-Wildleder-PU-Kunstleder genau richtig!<\/p>\n<\/div>\n<div class=\"advantage-item\">\n<h3>Qualit\u00e4tssicherung<\/h3>\n<p>Wir f\u00fchren w\u00e4hrend der gesamten Produktions- und Lieferkette strenge Qualit\u00e4tskontrollen durch und halten uns an die ISO9001-Normen. Von der Auswahl der Rohstoffe bis zur Endkontrolle stehen die Interessen unserer Kunden an erster Stelle.<\/p>\n<\/div>\n<div class=\"advantage-item\">\n<h3>Professionelles technisches Team<\/h3>\n<p>Unser spezialisiertes technisches Team besteht aus erfahrenen Fachleuten aus verschiedenen Bereichen, die sich der Lieferung hochwertiger Produkte und ma\u00dfgeschneiderter L\u00f6sungen verschrieben haben.<\/p>\n<\/div>\n<div class=\"advantage-item\">\n<h3>Breite Palette von Anwendungen<\/h3>\n<p>Unsere Materialien finden breite Anwendung in Schuhen, Kleidung, Gep\u00e4ck, Autoinnenr\u00e4umen, Sofam\u00f6beln und vielem mehr.<\/p>\n<\/div>\n<div class=\"advantage-item\">\n<h3>Reiche Erfahrung<\/h3>\n<p>Quanzhou WINIW Import &amp; Export Co, Ltd. verf\u00fcgt \u00fcber mehr als 20 Jahre Produktionserfahrung und bietet perfekte L\u00f6sungen f\u00fcr Kunden weltweit.<\/p>\n<\/div>\n<div class=\"advantage-item\">\n<h3>Erschwinglicher Preis<\/h3>\n<p>Wir bieten wettbewerbsf\u00e4hige Preise und einen hervorragenden Kundenservice. Fordern Sie einen Katalog an oder besuchen Sie unser Werk, um unsere Produkte kennenzulernen.<\/p>\n<\/div>\n<div class=\"advantage-item\">\n<h3>24-Stunden-Online-Kundendienst<\/h3>\n<p>Unser Team steht rund um die Uhr zur Verf\u00fcgung, um Anfragen zu beantworten und R\u00fcckmeldungen zeitnah zu bearbeiten.<\/p>\n<\/div>\n<p><img decoding=\"async\" alt=\"WINIW Produktionsst\u00e4tte - Herstellungsprozess von Ultrasuede-Mikrofaserleder\" class=\"product-image\" src=\"\/wp-content\/uploads\/2025\/08\/07mm-ultrasuede-microfiber-faux-leather-for-cycling-gloves--37888.jpg\"\/><br \/>\n<\/section>\n<p><\/main><\/p>\n<section id=\"inquiry\">\n<h2 style=\"text-align: center;\">Mit freundlichen Gr\u00fc\u00dfen erwarten wir Ihre Anfrage!<\/h2>\n<p style=\"text-align: center;\">Kontaktieren Sie uns noch heute, um mehr \u00fcber unsere Produkte zu erfahren und Ihre Bestellung aufzugeben.<\/p>\n<\/section>\n\n    <div class=\"xs_social_share_widget xs_share_url after_content \t\tmain_content  wslu-style-1 wslu-share-box-shaped wslu-fill-colored wslu-none wslu-share-horizontal wslu-theme-font-no wslu-main_content\">\n\n\t\t\n        <ul>\n\t\t\t        <\/ul>\n    <\/div>","protected":false},"excerpt":{"rendered":"<div class=\"product-short-description\">Microsuede f\u00fcr Schmuck Display Micro Suede PU Faux Suede Leder Verpackungsmaterial f\u00fcr Show Case WINIW Micro Suede PU Faux Suede Leder Verpackungsmaterial f\u00fcr Show Case Key Features include.Ideal f\u00fcr diejenigen, die Qualit\u00e4t und Zuverl\u00e4ssigkeit.<\/p>\n<p>Als direkte Fabrik, Hersteller und Gro\u00dfh\u00e4ndler k\u00f6nnen wir den Produktionsprozess streng kontrollieren, um die Produktqualit\u00e4t zu gew\u00e4hrleisten und Ihnen die g\u00fcnstigsten Preise zu bieten. Wir verf\u00fcgen \u00fcber fortschrittliche Produktionsanlagen und ein professionelles technisches Team, um Ihren Bedarf an Gro\u00dfauftr\u00e4gen zu decken und eine p\u00fcnktliche Lieferung zu gew\u00e4hrleisten.<\/p>\n<\/div>","protected":false},"featured_media":4860,"template":"","meta":[],"product_brand":[],"product_cat":[294],"product_tag":[19040],"class_list":{"0":"post-29197","1":"product","2":"type-product","3":"status-publish","4":"has-post-thumbnail","6":"product_cat-microsuede-for-jewelry-display","7":"product_tag-black-faux-suede-materialblue-faux-suedeblue-faux-suede-fabricbrown-faux-suedebrown-faux-suede-fabricfaux-suede-by-the-yard","9":"first","10":"instock","11":"product-type-simple"},"_links":{"self":[{"href":"https:\/\/www.eco-leather.com\/de\/wp-json\/wp\/v2\/product\/29197","targetHints":{"allow":["GET"]}}],"collection":[{"href":"https:\/\/www.eco-leather.com\/de\/wp-json\/wp\/v2\/product"}],"about":[{"href":"https:\/\/www.eco-leather.com\/de\/wp-json\/wp\/v2\/types\/product"}],"wp:featuredmedia":[{"embeddable":true,"href":"https:\/\/www.eco-leather.com\/de\/wp-json\/wp\/v2\/media\/4860"}],"wp:attachment":[{"href":"https:\/\/www.eco-leather.com\/de\/wp-json\/wp\/v2\/media?parent=29197"}],"wp:term":[{"taxonomy":"product_brand","embeddable":true,"href":"https:\/\/www.eco-leather.com\/de\/wp-json\/wp\/v2\/product_brand?post=29197"},{"taxonomy":"product_cat","embeddable":true,"href":"https:\/\/www.eco-leather.com\/de\/wp-json\/wp\/v2\/product_cat?post=29197"},{"taxonomy":"product_tag","embeddable":true,"href":"https:\/\/www.eco-leather.com\/de\/wp-json\/wp\/v2\/product_tag?post=29197"}],"curies":[{"name":"wp","href":"https:\/\/api.w.org\/{rel}","templated":true}]}}