{"id":29090,"date":"2025-09-07T11:00:24","date_gmt":"2025-09-07T03:00:24","guid":{"rendered":"https:\/\/www.eco-leather.com\/product\/0-4mm-soft-touch-vegan-microfiber-leather-material-for-trainers-lining\/"},"modified":"2025-09-07T11:00:30","modified_gmt":"2025-09-07T03:00:30","slug":"0-4-mm-weiches-veganes-mikrofaser-leder-fur-das-futter-der-turnschuhe","status":"publish","type":"product","link":"https:\/\/www.eco-leather.com\/de\/0-4-mm-weiches-veganes-mikrofaser-leder-fur-das-futter-der-turnschuhe\/","title":{"rendered":"0.4mm Soft Touch Vegan Microfiber Leder Material f\u00fcr Turnschuhe Innenfutter"},"content":{"rendered":"<h2>Wasserdichtes Mikrofaser-Kunstleder<\/h2>\n<p><main><\/p>\n<section id=\"product-overview\">\n<h2>Beschreibung des Produkts<\/h2>\n<p>Produkt <strong>Autositz Material Unternehmen<\/strong> Einf\u00fchrung<\/p>\n<p>Unser 0,7 mm starkes Ultrasuede Microfiber Faux Leather wird aus hochwertigen Mikrofasermaterialien hergestellt und ist die perfekte Wahl f\u00fcr Fahrradhandschuhe. Es bietet ein ausgewogenes Verh\u00e4ltnis zwischen Flexibilit\u00e4t und St\u00e4rke, au\u00dfergew\u00f6hnliche Atmungsaktivit\u00e4t und feuchtigkeitsableitende Eigenschaften, damit die H\u00e4nde bei intensiven Fahrten k\u00fchl und trocken bleiben.<\/p>\n<p>Ob Sie nun ein professioneller Radfahrer oder ein Freizeitradler sind, Microfiber Leather bietet unschlagbaren Komfort und Schutz. Seine hohe Widerstandsf\u00e4higkeit gegen Abrieb und Risse sorgt f\u00fcr eine lang anhaltende Leistung, w\u00e4hrend das elegante Design einen raffinierten Touch zu jedem Biker-Ensemble hinzuf\u00fcgt.<\/p>\n<\/section>\n<section id=\"specifications\">\n<h2>Technische Parameter<\/h2>\n<ul class_=\"parameters-list\">\n<li><span class=\"param-name\">Produkt <strong>Kleidungsst\u00fcck Leder Importiert<\/strong> Spezifikation WINIW Company Factory Gro\u00dfhandel Microfiber Suede ManufacturersCustomizable Kunstleder:<\/span> Eleganz, Langlebigkeit und eine bunte Auswahl an Farben.<\/li>\n<\/ul>\n<p><img decoding=\"async\" alt=\"0.7mm Ultrasuede Mikrofaser Kunstleder f\u00fcr Radsporthandschuhe - Materialspezifikation\" class=\"product-image\" src=\"\/wp-content\/uploads\/2025\/08\/07mm-ultrasuede-microfiber-faux-leather-for-cycling-gloves--37881.jpg\"\/><\/p>\n<h3>Produkt-Parameter<\/h3>\n<ul class=\"parameters-list\">\n<li><span class=\"param-name\">Material:<\/span> Mikrofaser + PU<\/li>\n<li><span class=\"param-name\">Farbe:<\/span> Schwarz, Grau, Beige (benutzerdefinierte Farben verf\u00fcgbar)<\/li>\n<li><span class=\"param-name\">Die Dicke:<\/span> 0,6 mm, 0,7 mm, 0,8 mm, 1 mm<\/li>\n<li><span class=\"param-name\">Mindestbestellmenge:<\/span> 300 laufende Meter<\/li>\n<li><span class=\"param-name\">L\u00e4nge der Rolle:<\/span> 20-30m\/Rolle<\/li>\n<li><span class=\"param-name\">Lieferzeiten:<\/span> 15-20 Tage<\/li>\n<li><span class=\"param-name\">Breite:<\/span> 54\u2033, 137cm<\/li>\n<li><span class=\"param-name\">Produktionskapazit\u00e4t:<\/span> 1.000.000 Meter monatlich<\/li>\n<\/ul>\n<\/section>\n<section id=\"features\">\n<h2>Produktmerkmale<\/h2>\n<div class=\"feature-item\">\n<img decoding=\"async\" alt=\"WINIWSuede Leather Waterproof SprayCompany Factory Wholesale Microfiber Suede Manufacturersfactory pr\u00e4sentiert stolz unsere neueste Innovation in veganen Ledermaterialien, die Soft Touch Vegan Microfiber Leather Material\" class=\"feature-image left\" src=\"\/wp-content\/uploads\/2025\/08\/04mm-soft-touch-vegan-microfiber-leather-material-for-trainers-lining-31223.jpg\"\/><\/p>\n<h3>WINIW <strong>Wildleder Impr\u00e4gnierspray<\/strong> Company Factory Gro\u00dfhandel Mikrofaser Wildleder Manufacturersfactory pr\u00e4sentiert stolz unsere neueste Innovation in veganen Ledermaterialien, die Soft Touch Vegan Microfiber Leather Material<\/h3>\n<p>WINIW <strong>Wildleder Impr\u00e4gnierspray<\/strong> Company Factory Wholesale Microfiber Suede Manufacturersfactory pr\u00e4sentiert mit Stolz unsere neueste Innovation im Bereich der veganen Ledermaterialien, das Soft Touch Vegan Microfiber Leather Material.<\/p>\n<div class=\"clear\"><\/div>\n<\/div>\n<div class=\"feature-item\">\n<img decoding=\"async\" alt=\"Entworfen und hergestellt mit Pr\u00e4zision in unseren hochmodernen Einrichtungen, ist dieses Mikrofaserleder ein Beweis f\u00fcr WINIW Company Factory Wholesale Microfiber Suede Manufacturerscommitment zu Spitzenleistungen in der nachhaltigen Mode\" class=\"feature-image left\" src=\"\/wp-content\/uploads\/2025\/08\/04mm-soft-touch-vegan-microfiber-leather-material-for-trainers-lining-31224.jpg\"\/><\/p>\n<h3>Entworfen und hergestellt mit Pr\u00e4zision in unseren hochmodernen Einrichtungen, ist dieses Mikrofaserleder ein Beweis f\u00fcr WINIW Company Factory Wholesale Microfiber Suede Manufacturerscommitment zu Spitzenleistungen in der nachhaltigen Mode<\/h3>\n<p>Entworfen und hergestellt mit Pr\u00e4zision in unseren hochmodernen Einrichtungen, ist dieses Mikrofaserleder ein Beweis f\u00fcr WINIW Company Factory Wholesale Microfiber Suede Manufacturerscommitment zu Spitzenleistungen in der nachhaltigen Mode.<\/p>\n<div class=\"clear\"><\/div>\n<\/div>\n<div class=\"feature-item\">\n<img decoding=\"async\" alt=\"Das aus hochwertigen Mikrofasern gefertigte Material bietet einen luxuri\u00f6sen Touch und ist gleichzeitig so robust und langlebig, dass es in der Branche un\u00fcbertroffen ist.\" class=\"feature-image left\" src=\"\/wp-content\/uploads\/2025\/08\/04mm-soft-touch-vegan-microfiber-leather-material-for-trainers-lining-31225.jpg\"\/><\/p>\n<h3>Das aus hochwertigen Mikrofasern gefertigte Material bietet einen luxuri\u00f6sen Touch und ist gleichzeitig so robust und langlebig, dass es in der Branche un\u00fcbertroffen ist.<\/h3>\n<p>Das aus hochwertigen Mikrofasern gefertigte Material bietet einen luxuri\u00f6sen Griff und ist gleichzeitig so robust und langlebig wie kein anderes in der Branche. Das Soft Touch Vegan Microfiber Leather Material wurde speziell f\u00fcr die Anforderungen moderner Schuhhersteller entwickelt und bietet eine vielseitige und ethische Alternative zu traditionellen Lederquellen.<\/p>\n<div class=\"clear\"><\/div>\n<\/div>\n<div class=\"feature-item\">\n<img decoding=\"async\" alt=\"Seine weiche, geschmeidige Haptik macht es zu einer idealen Wahl f\u00fcr eine Reihe von Anwendungen und setzt einen neuen Standard f\u00fcr vegane Ledermaterialien auf dem globalen Markt. \" class=\"feature-image left\" src=\"\/wp-content\/uploads\/2025\/08\/04mm-soft-touch-vegan-microfiber-leather-material-for-trainers-lining-31226.jpg\"\/><\/p>\n<h3>Seine weiche, geschmeidige Haptik macht es zu einer idealen Wahl f\u00fcr eine Reihe von Anwendungen und setzt einen neuen Standard f\u00fcr vegane Ledermaterialien auf dem globalen Markt. <\/h3>\n<p>Seine weiche, geschmeidige Haptik macht es zu einer idealen Wahl f\u00fcr eine Reihe von Anwendungen und setzt einen neuen Standard f\u00fcr vegane Ledermaterialien auf dem globalen Markt. Material <strong>Wasserdichtes Kunstleder Anpassen<\/strong> MicrofiberLeather Markenname WINIW Company Factory Gro\u00dfhandel Mikrofaser Wildleder HerstellerBreite 54\u2033;<\/p>\n<div class=\"clear\"><\/div>\n<\/div>\n<div class=\"feature-item\">\n<img decoding=\"async\" alt=\"1\" class=\"feature-image left\" src=\"\/wp-content\/uploads\/2025\/08\/04mm-soft-touch-vegan-microfiber-leather-material-for-trainers-lining-31227.jpg\"\/><\/p>\n<h3>1<\/h3>\n<p>1.37m Farbe Rot, Schwarz, Braun, Gr\u00fcn, kann angepasst werden Eigenschaft Verschlei\u00dffest, Wasserdicht, Anti-Schimmel, Flexibel Dicke 0.6mm-2.0mm Herkunftsland China Kundenspezifisch Ja Lieferzeit Normalerweise innerhalb von 15 - 25 Tagen.<\/p>\n<div class=\"clear\"><\/div>\n<\/div>\n<div class=\"feature-item\">\n<h3>MOQ 300 Meter Verpackungsdetails 30\/50 Meter pro Rolle<\/h3>\n<p>MOQ 300 Meter Verpackungsdetails 30\/50 Meter pro Rolle. Oder kundenspezifisch Produktionskapazit\u00e4t 1.000.000 Meter monatlich Produktmerkmal Unser Soft-Touch-Vegan-Mikrofaser-Ledermaterial zeichnet sich durch eine Reihe von Eigenschaften aus, die es von der Konkurrenz abheben.<\/p>\n<div class=\"clear\"><\/div>\n<\/div>\n<div class=\"feature-item\">\n<h3>Als ein f\u00fchrender WINIW Company Factory Wholesale Microfiber Suede ManufacturersHersteller stellen wir sicher, dass jede Charge einer strengen Qualit\u00e4tskontrolle unterzogen wird, um Konsistenz und Zuverl\u00e4ssigkeit zu gew\u00e4hrleisten<\/h3>\n<p>Als f\u00fchrender Hersteller von WINIW Company Factory Wholesale Microfiber Suede Manufacturers stellen wir sicher, dass jede Charge einer strengen Qualit\u00e4tskontrolle unterzogen wird, um Konsistenz und Zuverl\u00e4ssigkeit zu gew\u00e4hrleisten. Diese <strong>Wasserdichtes Leder Material Service<\/strong> Mikrofaser-Leder zeichnet sich durch eine au\u00dfergew\u00f6hnlich glatte und seidige Textur aus und bietet ein luxuri\u00f6ses Gef\u00fchl, das mit echtem Leder vergleichbar ist.<\/p>\n<div class=\"clear\"><\/div>\n<\/div>\n<div class=\"feature-item\">\n<h3>Seine vegane Zusammensetzung macht ihn zu einer umweltfreundlichen Option, die Verbraucher anspricht, die Wert auf Nachhaltigkeit und ethische Beschaffung legen.<\/h3>\n<p>Seine vegane Zusammensetzung macht es zu einer umweltfreundlichen Option, die Verbraucher anspricht, die Wert auf Nachhaltigkeit und ethische Beschaffung legen. Dar\u00fcber hinaus weist das Material eine au\u00dfergew\u00f6hnliche Atmungsaktivit\u00e4t und feuchtigkeitsableitende Eigenschaften auf, die den ganzen Tag \u00fcber f\u00fcr Tragekomfort sorgen.<\/p>\n<div class=\"clear\"><\/div>\n<\/div>\n<div class=\"feature-item\">\n<h3>Ein weiterer bemerkenswerter Aspekt ist die Strapazierf\u00e4higkeit, denn sie widersteht Abnutzung und beh\u00e4lt ihre weiche Haptik auch \u00fcber l\u00e4ngere Zeitr\u00e4ume bei.<\/h3>\n<p>Die Strapazierf\u00e4higkeit ist ein weiterer bemerkenswerter Aspekt, denn es h\u00e4lt Abnutzung und Verschlei\u00df stand und beh\u00e4lt gleichzeitig seine weiche Haptik \u00fcber l\u00e4ngere Zeitr\u00e4ume. Das Soft Touch Vegan Microfiber Leather Material ist au\u00dferdem leicht zu reinigen und zu pflegen, was es zu einer praktischen Wahl f\u00fcr Hochleistungs-Schuhe macht.<\/p>\n<div class=\"clear\"><\/div>\n<\/div>\n<div class=\"feature-item\">\n<img decoding=\"async\" alt=\"Hohe Rei\u00dffestigkeit - Ultrasuede Mikrofaser-Kunstleder f\u00fcr Fahrradhandschuhe\" class=\"feature-image left\" src=\"\/wp-content\/uploads\/2025\/08\/07mm-ultrasuede-microfiber-faux-leather-for-cycling-gloves--37882.jpg\"\/><\/p>\n<h3>Hohe Rei\u00dffestigkeit<\/h3>\n<p>Unser Ultrasuede-Mikrofaserleder zeichnet sich durch eine au\u00dfergew\u00f6hnliche Rei\u00dffestigkeit aus, so dass es unter Belastung nicht bricht oder sich leicht verformt. Dies macht es ideal f\u00fcr Produkte, die Haltbarkeit und langfristige Leistung erfordern.<\/p>\n<div class=\"clear\"><\/div>\n<\/div>\n<div class=\"feature-item\">\n<img decoding=\"async\" alt=\"Formstabilit\u00e4t - Ultrasuede Mikrofaser-Kunstleder f\u00fcr Fahrradhandschuhe\" class=\"feature-image right\" src=\"\/wp-content\/uploads\/2025\/08\/07mm-ultrasuede-microfiber-faux-leather-for-cycling-gloves--37883.jpg\"\/><\/p>\n<h3>Nicht leicht zu verformen<\/h3>\n<p>Dieses Material wurde speziell behandelt, um seine urspr\u00fcngliche Form zu erhalten, und bietet eine hervorragende Elastizit\u00e4t und Stabilit\u00e4t. Es widersteht Verformungen durch \u00e4u\u00dferen Druck oder Dehnung, so dass die Produkte langfristig intakt und attraktiv bleiben.<\/p>\n<div class=\"clear\"><\/div>\n<\/div>\n<div class=\"feature-item\">\n<img decoding=\"async\" alt=\"Strapazierf\u00e4higkeit - Ultrasuede Microfiber Faux Leather f\u00fcr Fahrradhandschuhe\" class=\"feature-image left\" src=\"\/wp-content\/uploads\/2025\/08\/07mm-ultrasuede-microfiber-faux-leather-for-cycling-gloves--37884.jpg\"\/><\/p>\n<h3>Dauerhaftigkeit<\/h3>\n<p>Dieses Material ist extrem widerstandsf\u00e4hig gegen Abrieb, Risse und Einstiche und sorgt daf\u00fcr, dass die Handschuhe auch bei l\u00e4ngerem Gebrauch in bestem Zustand bleiben. Au\u00dferdem bietet es eine hervorragende Fingerfertigkeit und Festigkeit f\u00fcr hochwertige Lederwaren.<\/p>\n<div class=\"clear\"><\/div>\n<\/div>\n<\/section>\n<section id=\"why-choose-us\">\n<h2>Warum WINIW w\u00e4hlen<\/h2>\n<div class=\"advantage-item\">\n<h3>Unser Vorteil<\/h3>\n<p>WINIW Company Factory Gro\u00dfhandel Mikrofaser Wildleder HerstellerFabrik Produkt Showcase<\/p>\n<\/div>\n<div class=\"advantage-item\">\n<h3>Qualit\u00e4tssicherung<\/h3>\n<p>Wir f\u00fchren w\u00e4hrend der gesamten Produktions- und Lieferkette strenge Qualit\u00e4tskontrollen durch und halten uns an die ISO9001-Normen. Von der Auswahl der Rohstoffe bis zur Endkontrolle stehen die Interessen unserer Kunden an erster Stelle.<\/p>\n<\/div>\n<div class=\"advantage-item\">\n<h3>Professionelles technisches Team<\/h3>\n<p>Unser spezialisiertes technisches Team besteht aus erfahrenen Fachleuten aus verschiedenen Bereichen, die sich der Lieferung hochwertiger Produkte und ma\u00dfgeschneiderter L\u00f6sungen verschrieben haben.<\/p>\n<\/div>\n<div class=\"advantage-item\">\n<h3>Breite Palette von Anwendungen<\/h3>\n<p>Unsere Materialien finden breite Anwendung in Schuhen, Kleidung, Gep\u00e4ck, Autoinnenr\u00e4umen, Sofam\u00f6beln und vielem mehr.<\/p>\n<\/div>\n<div class=\"advantage-item\">\n<h3>Reiche Erfahrung<\/h3>\n<p>Quanzhou WINIW Import &amp; Export Co, Ltd. verf\u00fcgt \u00fcber mehr als 20 Jahre Produktionserfahrung und bietet perfekte L\u00f6sungen f\u00fcr Kunden weltweit.<\/p>\n<\/div>\n<div class=\"advantage-item\">\n<h3>Erschwinglicher Preis<\/h3>\n<p>Wir bieten wettbewerbsf\u00e4hige Preise und einen hervorragenden Kundenservice. Fordern Sie einen Katalog an oder besuchen Sie unser Werk, um unsere Produkte kennenzulernen.<\/p>\n<\/div>\n<div class=\"advantage-item\">\n<h3>24-Stunden-Online-Kundendienst<\/h3>\n<p>Unser Team steht rund um die Uhr zur Verf\u00fcgung, um Anfragen zu beantworten und R\u00fcckmeldungen zeitnah zu bearbeiten.<\/p>\n<\/div>\n<p><img decoding=\"async\" alt=\"WINIW Produktionsst\u00e4tte - Herstellungsprozess von Ultrasuede-Mikrofaserleder\" class=\"product-image\" src=\"\/wp-content\/uploads\/2025\/08\/07mm-ultrasuede-microfiber-faux-leather-for-cycling-gloves--37888.jpg\"\/><br \/>\n<\/section>\n<p><\/main><\/p>\n<section id=\"inquiry\">\n<h2 style=\"text-align: center;\">Mit freundlichen Gr\u00fc\u00dfen erwarten wir Ihre Anfrage!<\/h2>\n<p style=\"text-align: center;\">Kontaktieren Sie uns noch heute, um mehr \u00fcber unsere Produkte zu erfahren und Ihre Bestellung aufzugeben.<\/p>\n<\/section>\n\n    <div class=\"xs_social_share_widget xs_share_url after_content \t\tmain_content  wslu-style-1 wslu-share-box-shaped wslu-fill-colored wslu-none wslu-share-horizontal wslu-theme-font-no wslu-main_content\">\n\n\t\t\n        <ul>\n\t\t\t        <\/ul>\n    <\/div>","protected":false},"excerpt":{"rendered":"<div class=\"product-short-description\">Microfiber Shoe Lining Leather 0.4mm Soft Touch Vegan Microfiber Leather Material For Trainers Lining WINIW 0.4mm Soft Touch Vegan Microfiber Leather Material For Trainers Lining Key features include MicrofiberLeather, WINIW, Width.Ideal f\u00fcr alle, die Qualit\u00e4t und Zuverl\u00e4ssigkeit suchen.<\/p>\n<p>Als direkte Fabrik, Hersteller und Gro\u00dfh\u00e4ndler k\u00f6nnen wir den Produktionsprozess streng kontrollieren, um die Produktqualit\u00e4t zu gew\u00e4hrleisten und Ihnen die g\u00fcnstigsten Preise zu bieten. Wir verf\u00fcgen \u00fcber fortschrittliche Produktionsanlagen und ein professionelles technisches Team, um Ihren Bedarf an Gro\u00dfauftr\u00e4gen zu decken und eine p\u00fcnktliche Lieferung zu gew\u00e4hrleisten.<\/p>\n<\/div>","protected":false},"featured_media":4421,"template":"","meta":[],"product_brand":[],"product_cat":[210],"product_tag":[18989],"class_list":{"0":"post-29090","1":"product","2":"type-product","3":"status-publish","4":"has-post-thumbnail","6":"product_cat-microfiber-shoe-lining-leather","7":"product_tag-seat-leather-material-wholesaleseat-leather-material-agencyseat-leather-material-sourcingseat-leather-material-serviceseat-leather-material-distributorseat-leather-material-trader","9":"first","10":"instock","11":"product-type-simple"},"_links":{"self":[{"href":"https:\/\/www.eco-leather.com\/de\/wp-json\/wp\/v2\/product\/29090","targetHints":{"allow":["GET"]}}],"collection":[{"href":"https:\/\/www.eco-leather.com\/de\/wp-json\/wp\/v2\/product"}],"about":[{"href":"https:\/\/www.eco-leather.com\/de\/wp-json\/wp\/v2\/types\/product"}],"wp:featuredmedia":[{"embeddable":true,"href":"https:\/\/www.eco-leather.com\/de\/wp-json\/wp\/v2\/media\/4421"}],"wp:attachment":[{"href":"https:\/\/www.eco-leather.com\/de\/wp-json\/wp\/v2\/media?parent=29090"}],"wp:term":[{"taxonomy":"product_brand","embeddable":true,"href":"https:\/\/www.eco-leather.com\/de\/wp-json\/wp\/v2\/product_brand?post=29090"},{"taxonomy":"product_cat","embeddable":true,"href":"https:\/\/www.eco-leather.com\/de\/wp-json\/wp\/v2\/product_cat?post=29090"},{"taxonomy":"product_tag","embeddable":true,"href":"https:\/\/www.eco-leather.com\/de\/wp-json\/wp\/v2\/product_tag?post=29090"}],"curies":[{"name":"wp","href":"https:\/\/api.w.org\/{rel}","templated":true}]}}