{"id":28979,"date":"2025-09-07T10:59:28","date_gmt":"2025-09-07T02:59:28","guid":{"rendered":"https:\/\/www.eco-leather.com\/product\/soft-to-touch-vegan-microfiber-crafting-gym-shoes-lining-leather\/"},"modified":"2025-09-07T10:59:29","modified_gmt":"2025-09-07T02:59:29","slug":"weiche-vegane-mikrofaser-crafting-turnschuhe-futter-leder","status":"publish","type":"product","link":"https:\/\/www.eco-leather.com\/de\/weiche-vegane-mikrofaser-crafting-turnschuhe-futter-leder\/","title":{"rendered":"Soft To Touch Vegan Microfiber Crafting Turnschuhe Futter Leder"},"content":{"rendered":"<h2>Mikrofaserleder f\u00fcr Schuhfutter<\/h2>\n<p><main><\/p>\n<section id=\"product-overview\">\n<h2>Beschreibung des Produkts<\/h2>\n<p>Produkt <strong>Kunstleder-Elasthan<\/strong> Einf\u00fchrung<\/p>\n<p>Unser 0,7 mm starkes Ultrasuede Microfiber Faux Leather wird aus hochwertigen Mikrofasermaterialien hergestellt und ist die perfekte Wahl f\u00fcr Fahrradhandschuhe. Es bietet ein ausgewogenes Verh\u00e4ltnis zwischen Flexibilit\u00e4t und St\u00e4rke, au\u00dfergew\u00f6hnliche Atmungsaktivit\u00e4t und feuchtigkeitsableitende Eigenschaften, damit die H\u00e4nde bei intensiven Fahrten k\u00fchl und trocken bleiben.<\/p>\n<p>Ob Sie nun ein professioneller Radfahrer oder ein Freizeitradler sind, Microfiber Leather bietet unschlagbaren Komfort und Schutz. Seine hohe Widerstandsf\u00e4higkeit gegen Abrieb und Risse sorgt f\u00fcr eine lang anhaltende Leistung, w\u00e4hrend das elegante Design einen raffinierten Touch zu jedem Biker-Ensemble hinzuf\u00fcgt.<\/p>\n<\/section>\n<section id=\"specifications\">\n<h2>Technische Parameter<\/h2>\n<ul class_=\"parameters-list\">\n<li><span class=\"param-name\">Produkt <strong>Kleidungsst\u00fcck Leder Importiert<\/strong> Spezifikation WINIW Company Factory Gro\u00dfhandel Nappa Leder ManufacturersCustomizable Kunstleder:<\/span> Eleganz, Langlebigkeit und eine bunte Auswahl an Farben.<\/li>\n<\/ul>\n<p><img decoding=\"async\" alt=\"0.7mm Ultrasuede Mikrofaser Kunstleder f\u00fcr Radsporthandschuhe - Materialspezifikation\" class=\"product-image\" src=\"\/wp-content\/uploads\/2025\/08\/07mm-ultrasuede-microfiber-faux-leather-for-cycling-gloves--37881.jpg\"\/><\/p>\n<h3>Produkt-Parameter<\/h3>\n<ul class=\"parameters-list\">\n<li><span class=\"param-name\">Material:<\/span> Mikrofaser + PU<\/li>\n<li><span class=\"param-name\">Farbe:<\/span> Schwarz, Grau, Beige (benutzerdefinierte Farben verf\u00fcgbar)<\/li>\n<li><span class=\"param-name\">Die Dicke:<\/span> 0,6 mm, 0,7 mm, 0,8 mm, 1 mm<\/li>\n<li><span class=\"param-name\">Mindestbestellmenge:<\/span> 300 laufende Meter<\/li>\n<li><span class=\"param-name\">L\u00e4nge der Rolle:<\/span> 20-30m\/Rolle<\/li>\n<li><span class=\"param-name\">Lieferzeiten:<\/span> 15-20 Tage<\/li>\n<li><span class=\"param-name\">Breite:<\/span> 54\u2033, 137cm<\/li>\n<li><span class=\"param-name\">Produktionskapazit\u00e4t:<\/span> 1.000.000 Meter monatlich<\/li>\n<\/ul>\n<\/section>\n<section id=\"features\">\n<h2>Produktmerkmale<\/h2>\n<div class=\"feature-item\">\n<img decoding=\"async\" alt=\"Im Bereich der innovativen und nachhaltigen Materialien ist die WINIW Company Factory Wholesale Nappa Leather Manufacturersfactory stolz auf ihr neuestes Angebot, das Soft To Touch Vegan Microfiber Leather, das speziell f\u00fcr Turnschuhe entwickelt wurde.\" class=\"feature-image left\" src=\"\/wp-content\/uploads\/2025\/08\/soft-to-touch-vegan-microfiber-crafting-gym-shoes-lining-leather-30335.jpg\"\/><\/p>\n<h3>Unter <strong>Wasserdichtes Faux Leatherman<\/strong> Im Bereich innovativer und nachhaltiger Materialien ist die WINIW Company Factory Wholesale Nappa Leather Manufacturersfactory stolz auf ihr neuestes Angebot, das Soft To Touch Vegan Microfiber Leather, das speziell f\u00fcr das Futter von Turnschuhen entwickelt wurde.<\/h3>\n<p>Unter <strong>Wasserdichtes Faux Leatherman<\/strong> Im Bereich innovativer und nachhaltiger Materialien ist WINIW Company Factory Wholesale Nappa Leather Manufacturersfactory stolz auf sein neuestes Angebot, das Soft To Touch Vegan Microfiber Leather, das speziell f\u00fcr das Futter von Turnschuhen entwickelt wurde.<\/p>\n<div class=\"clear\"><\/div>\n<\/div>\n<div class=\"feature-item\">\n<img decoding=\"async\" alt=\"Dieses mit Pr\u00e4zision und Sorgfalt gefertigte Mikrofaserleder stellt eine bahnbrechende Verbindung von Technologie und Ethik dar.\" class=\"feature-image left\" src=\"\/wp-content\/uploads\/2025\/08\/soft-to-touch-vegan-microfiber-crafting-gym-shoes-lining-leather-30336.jpg\"\/><\/p>\n<h3>Dieses mit Pr\u00e4zision und Sorgfalt gefertigte Mikrofaserleder stellt eine bahnbrechende Verbindung von Technologie und Ethik dar.<\/h3>\n<p>Dieses mit Pr\u00e4zision und Sorgfalt gefertigte Mikrofaserleder stellt eine bahnbrechende Verbindung von Technologie und Ethik dar. Im Gegensatz zu herk\u00f6mmlichem Leder nutzt unsere vegane Mikrofaser fortschrittliche Fertigungstechniken, die sicherstellen, dass sie die h\u00f6chsten Qualit\u00e4tsstandards erf\u00fcllt und gleichzeitig einer grausamkeitsfreien Philosophie folgt.<\/p>\n<div class=\"clear\"><\/div>\n<\/div>\n<div class=\"feature-item\">\n<img decoding=\"async\" alt=\"WINIW Company Factory Wholesale Nappa Leather Manufacturers, als ein f\u00fchrender Hersteller in der Branche, hat dieses Material sorgf\u00e4ltig entwickelt, um ein luxuri\u00f6ses, weiches Gef\u00fchl zu vermitteln, das selbst mit den feinsten nat\u00fcrlichen Ledern konkurriert.\" class=\"feature-image left\" src=\"\/wp-content\/uploads\/2025\/08\/soft-to-touch-vegan-microfiber-crafting-gym-shoes-lining-leather-30337.jpg\"\/><\/p>\n<h3>WINIW Company Factory Wholesale Nappa Leather Manufacturers, als ein f\u00fchrender Hersteller in der Branche, hat dieses Material sorgf\u00e4ltig entwickelt, um ein luxuri\u00f6ses, weiches Gef\u00fchl zu vermitteln, das selbst mit den feinsten nat\u00fcrlichen Ledern konkurriert.<\/h3>\n<p>WINIW Company Factory Wholesale Nappa Leather Manufacturers, als f\u00fchrender Hersteller in der Branche, hat dieses Material sorgf\u00e4ltig entwickelt, um ein luxuri\u00f6ses, weiches Gef\u00fchl zu vermitteln, das sogar mit den feinsten nat\u00fcrlichen Ledern konkurriert.<\/p>\n<div class=\"clear\"><\/div>\n<\/div>\n<div class=\"feature-item\">\n<img decoding=\"async\" alt=\"SeinWasserfestes Ledergewebe Odmhsassleek Aussehen und seine Langlebigkeit machen es zu einer idealen Wahl f\u00fcr Marken und Designer, die ihr Angebot an Turnschuhen aufwerten wollen, ohne Kompromisse beim Tierschutz oder der Umweltverantwortung einzugehen \" class=\"feature-image left\" src=\"\/wp-content\/uploads\/2025\/08\/soft-to-touch-vegan-microfiber-crafting-gym-shoes-lining-leather-30338.jpg\"\/><\/p>\n<h3>Seine <strong>Wasserdichtes Leder Stoff Odmhsas<\/strong> Das elegante Aussehen und die Langlebigkeit machen es zur idealen Wahl f\u00fcr Marken und Designer, die ihr Angebot an Turnschuhen aufwerten wollen, ohne Kompromisse beim Tierschutz oder der Umweltvertr\u00e4glichkeit einzugehen. <\/h3>\n<p>Seine <strong>Wasserdichtes Leder Stoff Odmhsas<\/strong> Das elegante Aussehen und die Langlebigkeit machen ihn zur idealen Wahl f\u00fcr Marken und Designer, die ihr Angebot an Turnschuhen aufwerten wollen, ohne Kompromisse beim Tierschutz oder der Umweltvertr\u00e4glichkeit einzugehen.<\/p>\n<div class=\"clear\"><\/div>\n<\/div>\n<div class=\"feature-item\">\n<img decoding=\"async\" alt=\"Material MikrofaserLeder Markenname WINIW Firma Fabrik Gro\u00dfhandel Nappaleder HerstellerBreite 54\" class=\"feature-image left\" src=\"\/wp-content\/uploads\/2025\/08\/soft-to-touch-vegan-microfiber-crafting-gym-shoes-lining-leather-30339.jpg\"\/><\/p>\n<h3>Material MikrofaserLeder Markenname WINIW Company Factory Gro\u00dfhandel Nappaleder HerstellerBreite 54\u2033; 1<\/h3>\n<p>Material MicrofiberLeather Markenname WINIW Company Factory Wholesale Nappa Leather ManufacturersWidth 54\u2033; 1.37m Color Red, Black,Brown, Green, accept customize Feature Wear resistant, Waterproof, Anti-Mildew, Flexible Thickness 0.6mm-2.0mm Place of Origin China Customized Yes Delivery time Usually within 15 - 25 days.<\/p>\n<div class=\"clear\"><\/div>\n<\/div>\n<div class=\"feature-item\">\n<h3>MOQ 300 Meter Verpackungsdetails 30\/50 Meter pro Rolle<\/h3>\n<p>MOQ 300 Meter Verpackungsdetails 30\/50 Meter pro Rolle. Oder kundenspezifisch Produktionskapazit\u00e4t 1.000.000 Meter monatlich Produktmerkmal<\/p>\n<div class=\"clear\"><\/div>\n<\/div>\n<div class=\"feature-item\">\n<img decoding=\"async\" alt=\"Hohe Rei\u00dffestigkeit - Ultrasuede Mikrofaser-Kunstleder f\u00fcr Fahrradhandschuhe\" class=\"feature-image left\" src=\"\/wp-content\/uploads\/2025\/08\/07mm-ultrasuede-microfiber-faux-leather-for-cycling-gloves--37882.jpg\"\/><\/p>\n<h3>Hohe Rei\u00dffestigkeit<\/h3>\n<p>Unser Ultrasuede-Mikrofaserleder zeichnet sich durch eine au\u00dfergew\u00f6hnliche Rei\u00dffestigkeit aus, so dass es unter Belastung nicht bricht oder sich leicht verformt. Dies macht es ideal f\u00fcr Produkte, die Haltbarkeit und langfristige Leistung erfordern.<\/p>\n<div class=\"clear\"><\/div>\n<\/div>\n<div class=\"feature-item\">\n<img decoding=\"async\" alt=\"Formstabilit\u00e4t - Ultrasuede Mikrofaser-Kunstleder f\u00fcr Fahrradhandschuhe\" class=\"feature-image right\" src=\"\/wp-content\/uploads\/2025\/08\/07mm-ultrasuede-microfiber-faux-leather-for-cycling-gloves--37883.jpg\"\/><\/p>\n<h3>Nicht leicht zu verformen<\/h3>\n<p>Dieses Material wurde speziell behandelt, um seine urspr\u00fcngliche Form zu erhalten, und bietet eine hervorragende Elastizit\u00e4t und Stabilit\u00e4t. Es widersteht Verformungen durch \u00e4u\u00dferen Druck oder Dehnung, so dass die Produkte langfristig intakt und attraktiv bleiben.<\/p>\n<div class=\"clear\"><\/div>\n<\/div>\n<div class=\"feature-item\">\n<img decoding=\"async\" alt=\"Strapazierf\u00e4higkeit - Ultrasuede Microfiber Faux Leather f\u00fcr Fahrradhandschuhe\" class=\"feature-image left\" src=\"\/wp-content\/uploads\/2025\/08\/07mm-ultrasuede-microfiber-faux-leather-for-cycling-gloves--37884.jpg\"\/><\/p>\n<h3>Dauerhaftigkeit<\/h3>\n<p>Dieses Material ist extrem widerstandsf\u00e4hig gegen Abrieb, Risse und Einstiche und sorgt daf\u00fcr, dass die Handschuhe auch bei l\u00e4ngerem Gebrauch in bestem Zustand bleiben. Au\u00dferdem bietet es eine hervorragende Fingerfertigkeit und Festigkeit f\u00fcr hochwertige Lederwaren.<\/p>\n<div class=\"clear\"><\/div>\n<\/div>\n<\/section>\n<section id=\"usage\">\n<h2>Verwendung und Anwendungen<\/h2>\n<div class=\"usage-point\">\n<h3>Die <strong>Vegane Lederschuhe Importeure<\/strong> Soft To Touch Vegan Microfiber Leder von WINIW Company Factory Gro\u00dfhandel Nappaleder HerstellerHersteller zeichnet sich durch seine au\u00dfergew\u00f6hnliche Atmungsaktivit\u00e4t und feuchtigkeitstransportierende Eigenschaften, die f\u00fcr Turnschuhe Futter sind von gr\u00f6\u00dfter Bedeutung<\/h3>\n<p>Die <strong>Vegane Lederschuhe Importeure<\/strong> Soft-to-To-Touch-Vegan-Mikrofaser-Leder von WINIW Company Factory Gro\u00dfhandel Nappaleder HerstellerHersteller zeichnet sich durch seine au\u00dfergew\u00f6hnliche Atmungsaktivit\u00e4t und feuchtigkeitsableitende Eigenschaften, die von gr\u00f6\u00dfter Bedeutung f\u00fcr Turnschuhe Futter sind.<\/p>\n<\/div>\n<div class=\"usage-point\">\n<h3>Die einzigartige Mikrofaserkomposition erm\u00f6glicht eine effektive Luftzirkulation und h\u00e4lt die F\u00fc\u00dfe bei intensiven Trainingseinheiten k\u00fchl und trocken.<\/h3>\n<p>Die einzigartige Mikrofaserkomposition erm\u00f6glicht eine effektive Luftzirkulation und h\u00e4lt die F\u00fc\u00dfe bei intensiven Trainingseinheiten k\u00fchl und trocken. Die leichte und dennoch robuste Konstruktion sorgt f\u00fcr eine lang anhaltende Leistung, die den Strapazen des t\u00e4glichen Trainings standh\u00e4lt, ohne Anzeichen von Verschlei\u00df zu zeigen.<\/p>\n<\/div>\n<div class=\"usage-point\">\n<h3>Au\u00dferdem, <strong>Pu-Leder-Schuhreiniger<\/strong> WINIW Company Factory Wholesale Nappa Leather ManufacturersDas Engagement f\u00fcr Nachhaltigkeit zeigt sich in diesem Produkt, da es aus recycelten und umweltfreundlichen Materialien hergestellt wird, wodurch der Kohlenstoff-Fu\u00dfabdruck, der mit der traditionellen Lederproduktion verbunden ist, reduziert wird.<\/h3>\n<p>Au\u00dferdem, <strong>Pu-Leder-Schuhreiniger<\/strong> Das Engagement von WINIW Company Factory Wholesale Nappa Leather Manufacturers f\u00fcr Nachhaltigkeit spiegelt sich in diesem Produkt wider, da es aus recycelten und umweltfreundlichen Materialien hergestellt wird, wodurch der Kohlenstoff-Fu\u00dfabdruck, der mit der traditionellen Lederproduktion verbunden ist, reduziert wird.<\/p>\n<\/div>\n<div class=\"usage-point\">\n<h3>Der vegane Aspekt spricht eine wachsende Verbrauchergruppe an, die Wert auf ethische Beschaffung und Tierrechte legt.<\/h3>\n<p>Der vegane Aspekt spricht eine wachsende Verbrauchergruppe an, die Wert auf ethische Beschaffung und Tierrechte legt. Au\u00dferdem ist das Material leicht zu reinigen und zu pflegen und beh\u00e4lt seine Weichheit und Attraktivit\u00e4t auch bei l\u00e4ngerem Gebrauch.<\/p>\n<\/div>\n<div class=\"usage-point\">\n<h3>Die strengen Qualit\u00e4tskontrollma\u00dfnahmen der WINIW Company Factory Wholesale Nappa Leather Manufacturersfactory garantieren gleichbleibende Leistung und \u00c4sthetik bei jeder produzierten Charge. <\/h3>\n<p>Die strengen Qualit\u00e4tskontrollma\u00dfnahmen der WINIW Company Factory Wholesale Nappa Leather Manufacturersfactory garantieren gleichbleibende Leistung und \u00c4sthetik bei jeder produzierten Charge.<\/p>\n<\/div>\n<div class=\"usage-point\">\n<h3>Bequem und atmungsaktiv<\/h3>\n<p>Dieses weiche, bequeme und hoch atmungsaktive Material eignet sich perfekt f\u00fcr Fahrradhandschuhe und andere Produkte, die \u00fcber einen l\u00e4ngeren Zeitraum getragen werden. Es h\u00e4lt die H\u00e4nde bei anstrengenden Aktivit\u00e4ten k\u00fchl und trocken.<\/p>\n<\/div>\n<div class=\"usage-point\">\n<h3>Umweltvertr\u00e4glich und nachhaltig<\/h3>\n<p>Unser Ultrasuede-Mikrofaser-Kunstleder umfasst umweltfreundliche Optionen, wie z. B. Varianten aus recyceltem PET und Materialien auf Pflanzenbasis, die die Umweltbelastung verringern und gleichzeitig verschiedene Texturen bieten.<\/p>\n<\/div>\n<div class=\"usage-point\">\n<h3>Antibakterieller Schutz und Schutz vor Staub<\/h3>\n<p>Ausgew\u00e4hlte Varianten verf\u00fcgen \u00fcber antibakterielle und staubabweisende Eigenschaften und erf\u00fcllen hohe Hygienestandards - ideal f\u00fcr Handschuhe, die strenge Qualit\u00e4ts- und Sicherheitskontrollen erfordern.<\/p>\n<\/div>\n<div class=\"usage-point\">\n<h3>Vielf\u00e4ltige Anwendungsszenarien<\/h3>\n<p>Neben Fahrradhandschuhen eignet es sich auch f\u00fcr Fingerhandschuhe, Sicherheitshandschuhe und verschiedene andere Handschuhtypen sowie f\u00fcr Schuhe, Kleidung und Zubeh\u00f6r.<\/p>\n<\/div>\n<p><img decoding=\"async\" alt=\"Anwendungen von 0,7mm Ultrasuede Mikrofaser-Kunstleder in verschiedenen Produkten\" class=\"product-image\" src=\"\/wp-content\/uploads\/2025\/08\/07mm-ultrasuede-microfiber-faux-leather-for-cycling-gloves--37885.jpg\"\/><br \/>\n<img decoding=\"async\" alt=\"Radsporthandschuhe aus Ultrasuede-Mikrofaserleder - Produktbeispiel\" class=\"product-image\" src=\"\/wp-content\/uploads\/2025\/08\/07mm-ultrasuede-microfiber-faux-leather-for-cycling-gloves--37886.jpg\"\/><br \/>\n<\/section>\n<section id=\"why-choose-us\">\n<h2>Warum WINIW w\u00e4hlen<\/h2>\n<div class=\"advantage-item\">\n<h3>Unser Vorteil<\/h3>\n<p>WINIW Company Factory Gro\u00dfhandel Nappaleder HerstellerFabrik Produkt Showcase<\/p>\n<\/div>\n<div class=\"advantage-item\">\n<h3>Qualit\u00e4tssicherung<\/h3>\n<p>Wir f\u00fchren w\u00e4hrend der gesamten Produktions- und Lieferkette strenge Qualit\u00e4tskontrollen durch und halten uns an die ISO9001-Normen. Von der Auswahl der Rohstoffe bis zur Endkontrolle stehen die Interessen unserer Kunden an erster Stelle.<\/p>\n<\/div>\n<div class=\"advantage-item\">\n<h3>Professionelles technisches Team<\/h3>\n<p>Unser spezialisiertes technisches Team besteht aus erfahrenen Fachleuten aus verschiedenen Bereichen, die sich der Lieferung hochwertiger Produkte und ma\u00dfgeschneiderter L\u00f6sungen verschrieben haben.<\/p>\n<\/div>\n<div class=\"advantage-item\">\n<h3>Breite Palette von Anwendungen<\/h3>\n<p>Unsere Materialien finden breite Anwendung in Schuhen, Kleidung, Gep\u00e4ck, Autoinnenr\u00e4umen, Sofam\u00f6beln und vielem mehr.<\/p>\n<\/div>\n<div class=\"advantage-item\">\n<h3>Reiche Erfahrung<\/h3>\n<p>Quanzhou WINIW Import &amp; Export Co, Ltd. verf\u00fcgt \u00fcber mehr als 20 Jahre Produktionserfahrung und bietet perfekte L\u00f6sungen f\u00fcr Kunden weltweit.<\/p>\n<\/div>\n<div class=\"advantage-item\">\n<h3>Erschwinglicher Preis<\/h3>\n<p>Wir bieten wettbewerbsf\u00e4hige Preise und einen hervorragenden Kundenservice. Fordern Sie einen Katalog an oder besuchen Sie unser Werk, um unsere Produkte kennenzulernen.<\/p>\n<\/div>\n<div class=\"advantage-item\">\n<h3>24-Stunden-Online-Kundendienst<\/h3>\n<p>Unser Team steht rund um die Uhr zur Verf\u00fcgung, um Anfragen zu beantworten und R\u00fcckmeldungen zeitnah zu bearbeiten.<\/p>\n<\/div>\n<p><img decoding=\"async\" alt=\"WINIW Produktionsst\u00e4tte - Herstellungsprozess von Ultrasuede-Mikrofaserleder\" class=\"product-image\" src=\"\/wp-content\/uploads\/2025\/08\/07mm-ultrasuede-microfiber-faux-leather-for-cycling-gloves--37888.jpg\"\/><br \/>\n<\/section>\n<p><\/main><\/p>\n<section id=\"inquiry\">\n<h2 style=\"text-align: center;\">Mit freundlichen Gr\u00fc\u00dfen erwarten wir Ihre Anfrage!<\/h2>\n<p style=\"text-align: center;\">Kontaktieren Sie uns noch heute, um mehr \u00fcber unsere Produkte zu erfahren und Ihre Bestellung aufzugeben.<\/p>\n<\/section>\n\n    <div class=\"xs_social_share_widget xs_share_url after_content \t\tmain_content  wslu-style-1 wslu-share-box-shaped wslu-fill-colored wslu-none wslu-share-horizontal wslu-theme-font-no wslu-main_content\">\n\n\t\t\n        <ul>\n\t\t\t        <\/ul>\n    <\/div>","protected":false},"excerpt":{"rendered":"<div class=\"product-short-description\">Microfiber Shoe Lining Leather Soft To Touch Vegan Microfiber Crafting Gym Shoes Lining Leather WINIW Soft To Touch Vegan Microfiber Crafting Gym Shoes Lining Leather Key features include MicrofiberLeather, WINIW, Width.Ideal f\u00fcr diejenigen, die Qualit\u00e4t und Zuverl\u00e4ssigkeit suchen.<\/p>\n<p>Als direkte Fabrik, Hersteller und Gro\u00dfh\u00e4ndler k\u00f6nnen wir den Produktionsprozess streng kontrollieren, um die Produktqualit\u00e4t zu gew\u00e4hrleisten und Ihnen die g\u00fcnstigsten Preise zu bieten. Wir verf\u00fcgen \u00fcber fortschrittliche Produktionsanlagen und ein professionelles technisches Team, um Ihren Bedarf an Gro\u00dfauftr\u00e4gen zu decken und eine p\u00fcnktliche Lieferung zu gew\u00e4hrleisten.<\/p>\n<\/div>","protected":false},"featured_media":3545,"template":"","meta":[],"product_brand":[],"product_cat":[210],"product_tag":[],"class_list":{"0":"post-28979","1":"product","2":"type-product","3":"status-publish","4":"has-post-thumbnail","6":"product_cat-microfiber-shoe-lining-leather","8":"first","9":"instock","10":"product-type-simple"},"_links":{"self":[{"href":"https:\/\/www.eco-leather.com\/de\/wp-json\/wp\/v2\/product\/28979","targetHints":{"allow":["GET"]}}],"collection":[{"href":"https:\/\/www.eco-leather.com\/de\/wp-json\/wp\/v2\/product"}],"about":[{"href":"https:\/\/www.eco-leather.com\/de\/wp-json\/wp\/v2\/types\/product"}],"wp:featuredmedia":[{"embeddable":true,"href":"https:\/\/www.eco-leather.com\/de\/wp-json\/wp\/v2\/media\/3545"}],"wp:attachment":[{"href":"https:\/\/www.eco-leather.com\/de\/wp-json\/wp\/v2\/media?parent=28979"}],"wp:term":[{"taxonomy":"product_brand","embeddable":true,"href":"https:\/\/www.eco-leather.com\/de\/wp-json\/wp\/v2\/product_brand?post=28979"},{"taxonomy":"product_cat","embeddable":true,"href":"https:\/\/www.eco-leather.com\/de\/wp-json\/wp\/v2\/product_cat?post=28979"},{"taxonomy":"product_tag","embeddable":true,"href":"https:\/\/www.eco-leather.com\/de\/wp-json\/wp\/v2\/product_tag?post=28979"}],"curies":[{"name":"wp","href":"https:\/\/api.w.org\/{rel}","templated":true}]}}