{"id":28966,"date":"2025-09-07T10:59:17","date_gmt":"2025-09-07T02:59:17","guid":{"rendered":"https:\/\/www.eco-leather.com\/product\/0-6mm-numerous-colors-vegan-microfiber-leather-casual-footwear-lining\/"},"modified":"2025-09-07T10:59:21","modified_gmt":"2025-09-07T02:59:21","slug":"0-6mm-zahlreiche-farben-vegane-mikrofaser-leder-freizeitschuhe-futter","status":"publish","type":"product","link":"https:\/\/www.eco-leather.com\/de\/0-6mm-zahlreiche-farben-vegane-mikrofaser-leder-freizeitschuhe-futter\/","title":{"rendered":"0.6mm Zahlreiche Farben Vegan Microfiber Leder Freizeitschuhe Futter"},"content":{"rendered":"<h2>Mikrofaserleder f\u00fcr Schuhfutter<\/h2>\n<p><main><\/p>\n<section id=\"product-overview\">\n<h2>Beschreibung des Produkts<\/h2>\n<p>Produkt <strong>Kunstleder-Elasthan<\/strong> Einf\u00fchrung<\/p>\n<p>Unser 0,7 mm starkes Ultrasuede Microfiber Faux Leather wird aus hochwertigen Mikrofasermaterialien hergestellt und ist die perfekte Wahl f\u00fcr Fahrradhandschuhe. Es bietet ein ausgewogenes Verh\u00e4ltnis zwischen Flexibilit\u00e4t und St\u00e4rke, au\u00dfergew\u00f6hnliche Atmungsaktivit\u00e4t und feuchtigkeitsableitende Eigenschaften, damit die H\u00e4nde bei intensiven Fahrten k\u00fchl und trocken bleiben.<\/p>\n<p>Ob Sie nun ein professioneller Radfahrer oder ein Freizeitradler sind, Microfiber Leather bietet unschlagbaren Komfort und Schutz. Seine hohe Widerstandsf\u00e4higkeit gegen Abrieb und Risse sorgt f\u00fcr eine lang anhaltende Leistung, w\u00e4hrend das elegante Design einen raffinierten Touch zu jedem Biker-Ensemble hinzuf\u00fcgt.<\/p>\n<\/section>\n<section id=\"specifications\">\n<h2>Technische Parameter<\/h2>\n<ul class_=\"parameters-list\">\n<li><span class=\"param-name\">WINIW <strong>Automobil LederSitze Service Hund<\/strong> Company Factory Gro\u00dfhandel Vinyl Leder Manufacturersfactory, ein renommierter Hersteller in der Lederindustrie, ist begeistert, seine neueste Innovation zu pr\u00e4sentieren:<\/span> Synthetisches Mikrofaserleder in zahlreichen Farben, das speziell f\u00fcr die Verwendung im Futter von Freizeitschuhen entwickelt wurde.<\/li>\n<p>Dieses Mikrofaserleder ist eine Mischung aus fortschrittlicher Technologie und zeitloser Eleganz, die auf die unterschiedlichen Bed\u00fcrfnisse des Schuhmarktes zugeschnitten ist. Als engagierter Lederproduzent stellt WINIW Company Factory Wholesale Vinyl Leather Manufacturersmanufacturer sicher, dass jede Charge synthetischen Mikrofaserleders einer strengen Qualit\u00e4tskontrolle unterzogen wird, um Konsistenz in Textur, Farbe und Haltbarkeit zu gew\u00e4hrleisten.<\/p>\n<p>Unser <strong>Second Hand Ledertaschen<\/strong> Mikrofaserleder gibt es in einer Vielzahl von leuchtenden Farbt\u00f6nen, die den neuesten Modetrends und Verbrauchervorlieben entsprechen. Seine synthetische Zusammensetzung erh\u00f6ht nicht nur die Flexibilit\u00e4t und den Komfort, sondern sorgt auch f\u00fcr eine einfache Pflege, was es zu einer idealen Wahl f\u00fcr Freizeitschuhe macht, die sowohl Stil als auch Funktionalit\u00e4t erfordern.<\/p>\n<li><span class=\"param-name\">Produktspezifikation WINIW Company Factory Gro\u00dfhandel Vinyl Leder ManufacturersCustomizable synthetisches Leder:<\/span> Eleganz, Langlebigkeit und eine bunte Auswahl an Farben.<\/li>\n<\/ul>\n<p><img decoding=\"async\" alt=\"0.7mm Ultrasuede Mikrofaser Kunstleder f\u00fcr Radsporthandschuhe - Materialspezifikation\" class=\"product-image\" src=\"\/wp-content\/uploads\/2025\/08\/07mm-ultrasuede-microfiber-faux-leather-for-cycling-gloves--37881.jpg\"\/><\/p>\n<h3>Produkt-Parameter<\/h3>\n<ul class=\"parameters-list\">\n<li><span class=\"param-name\">Material:<\/span> Mikrofaser + PU<\/li>\n<li><span class=\"param-name\">Farbe:<\/span> Schwarz, Grau, Beige (benutzerdefinierte Farben verf\u00fcgbar)<\/li>\n<li><span class=\"param-name\">Die Dicke:<\/span> 0,6 mm, 0,7 mm, 0,8 mm, 1 mm<\/li>\n<li><span class=\"param-name\">Mindestbestellmenge:<\/span> 300 laufende Meter<\/li>\n<li><span class=\"param-name\">L\u00e4nge der Rolle:<\/span> 20-30m\/Rolle<\/li>\n<li><span class=\"param-name\">Lieferzeiten:<\/span> 15-20 Tage<\/li>\n<li><span class=\"param-name\">Breite:<\/span> 54\u2033, 137cm<\/li>\n<li><span class=\"param-name\">Produktionskapazit\u00e4t:<\/span> 1.000.000 Meter monatlich<\/li>\n<\/ul>\n<\/section>\n<section id=\"features\">\n<h2>Produktmerkmale<\/h2>\n<div class=\"feature-item\">\n<img decoding=\"async\" alt=\"MaterialWasserdichtes Leder Material ServiceMicrofiberLeather Markenname WINIW Company Factory Gro\u00dfhandel Vinyl Leder HerstellerBreite 54\" class=\"feature-image left\" src=\"\/wp-content\/uploads\/2025\/08\/06mm-numerous-colors-vegan-microfiber-leather-casual-footwear-lining-30231.jpg\"\/><\/p>\n<h3>Material <strong>Wasserdichtes Leder Material Service<\/strong> MicrofiberLeather Markenname WINIW Company Factory Gro\u00dfhandel Vinyl Leder HerstellerBreite 54\u2033; 1<\/h3>\n<p>Material <strong>Wasserdichtes Leder Material Service<\/strong> MicrofiberLeather Markenname WINIW Company Factory Wholesale Vinyl Leather ManufacturersWidth 54\u2033; 1.37m Color Red, Black,Brown, Green,accept customize Feature Wear resistant, Waterproof, Anti-Mildew, Flexible Thickness 0.6mm-2.0mm Place of Origin China Customized Yes Delivery time Usually within 15 - 25 days.<\/p>\n<div class=\"clear\"><\/div>\n<\/div>\n<div class=\"feature-item\">\n<img decoding=\"async\" alt=\"MOQ 300 Meter Verpackungsdetails 30\/50 Meter pro Rolle\" class=\"feature-image left\" src=\"\/wp-content\/uploads\/2025\/08\/06mm-numerous-colors-vegan-microfiber-leather-casual-footwear-lining-30232.jpg\"\/><\/p>\n<h3>MOQ 300 Meter Verpackungsdetails 30\/50 Meter pro Rolle<\/h3>\n<p>MOQ 300 Meter Verpackungsdetails 30\/50 Meter pro Rolle. Oder <strong>Wasserdichtes Faux Leatherman<\/strong> kundenspezifisch Produktionskapazit\u00e4t 1.000.000 Meter monatlich Produktmerkmal Die zahlreichen Farben synthetischen Mikrofaser Leder von WINIW Company Factory Gro\u00dfhandel Vinyl Leder Manufacturersmanufacturer zeichnet sich durch seine einzigartige Mischung von Eigenschaften, die es besser als traditionelle Leder Alternativen machen.<\/p>\n<div class=\"clear\"><\/div>\n<\/div>\n<div class=\"feature-item\">\n<img decoding=\"async\" alt=\"Erstens bietet die Mikrofaserkomposition eine au\u00dfergew\u00f6hnliche Atmungsaktivit\u00e4t, die daf\u00fcr sorgt, dass die F\u00fc\u00dfe auch bei l\u00e4ngerem Tragen k\u00fchl und trocken bleiben.\" class=\"feature-image left\" src=\"\/wp-content\/uploads\/2025\/08\/06mm-numerous-colors-vegan-microfiber-leather-casual-footwear-lining-30233.jpg\"\/><\/p>\n<h3>Erstens bietet die Mikrofaserkomposition eine au\u00dfergew\u00f6hnliche Atmungsaktivit\u00e4t, die daf\u00fcr sorgt, dass die F\u00fc\u00dfe auch bei l\u00e4ngerem Tragen k\u00fchl und trocken bleiben.<\/h3>\n<p>Erstens bietet seine Mikrofaserzusammensetzung eine au\u00dfergew\u00f6hnliche Atmungsaktivit\u00e4t, die daf\u00fcr sorgt, dass die F\u00fc\u00dfe auch bei l\u00e4ngerem Tragen k\u00fchl und trocken bleiben. Die leichte Beschaffenheit des Leders geht nicht auf Kosten der Strapazierf\u00e4higkeit und macht es widerstandsf\u00e4hig gegen t\u00e4gliche Abnutzung.<\/p>\n<div class=\"clear\"><\/div>\n<\/div>\n<div class=\"feature-item\">\n<img decoding=\"async\" alt=\"DieSuede Leather Waterproof Spraysynthetic Mikrofaser ist au\u00dferdem sehr flexibel und passt sich nahtlos den Konturen des Fu\u00dfes an, um eine individuelle Passform zu gew\u00e4hrleisten.\" class=\"feature-image left\" src=\"\/wp-content\/uploads\/2025\/08\/06mm-numerous-colors-vegan-microfiber-leather-casual-footwear-lining-30234.jpg\"\/><\/p>\n<h3>Die <strong>Wildleder Impr\u00e4gnierspray<\/strong> Die synthetische Mikrofaser ist au\u00dferdem hochflexibel und passt sich nahtlos den Konturen des Fu\u00dfes an, um eine individuelle Passform zu gew\u00e4hrleisten.<\/h3>\n<p>Die <strong>Wildleder Impr\u00e4gnierspray<\/strong> Die synthetische Mikrofaser ist au\u00dferdem sehr flexibel und passt sich nahtlos an die Konturen des Fu\u00dfes an, um eine individuelle Passform zu gew\u00e4hrleisten. Dar\u00fcber hinaus bietet WINIW Company Factory Wholesale Vinyl Leather Manufacturersmicrofiber Leder au\u00dfergew\u00f6hnliche Farbeigenschaften und beh\u00e4lt seine lebendigen Farbt\u00f6ne auch nach wiederholtem Waschen und Exposition gegen\u00fcber Umwelteinfl\u00fcssen bei.<\/p>\n<div class=\"clear\"><\/div>\n<\/div>\n<div class=\"feature-item\">\n<img decoding=\"async\" alt=\"Sein umweltfreundlicher Produktionsprozess entspricht der wachsenden Nachfrage der Verbraucher nach nachhaltiger Mode und macht ihn zu einer attraktiven Option f\u00fcr umweltbewusste Schuhmarken.\" class=\"feature-image left\" src=\"\/wp-content\/uploads\/2025\/08\/06mm-numerous-colors-vegan-microfiber-leather-casual-footwear-lining-30235.jpg\"\/><\/p>\n<h3>Sein umweltfreundlicher Produktionsprozess entspricht der wachsenden Nachfrage der Verbraucher nach nachhaltiger Mode und macht ihn zu einer attraktiven Option f\u00fcr umweltbewusste Schuhmarken.<\/h3>\n<p>Sein umweltfreundlicher Produktionsprozess entspricht der wachsenden Nachfrage der Verbraucher nach nachhaltiger Mode und macht es zu einer attraktiven Option f\u00fcr umweltbewusste Schuhmarken. Diese Eigenschaften machen unser Mikrofaserleder zu einer erstklassigen Wahl f\u00fcr das Futter von Freizeitschuhen, das Komfort, Stil und Nachhaltigkeit miteinander verbindet.<\/p>\n<div class=\"clear\"><\/div>\n<\/div>\n<div class=\"feature-item\">\n<img decoding=\"async\" alt=\"Hohe Rei\u00dffestigkeit - Ultrasuede Mikrofaser-Kunstleder f\u00fcr Fahrradhandschuhe\" class=\"feature-image left\" src=\"\/wp-content\/uploads\/2025\/08\/07mm-ultrasuede-microfiber-faux-leather-for-cycling-gloves--37882.jpg\"\/><\/p>\n<h3>Hohe Rei\u00dffestigkeit<\/h3>\n<p>Unser Ultrasuede-Mikrofaserleder zeichnet sich durch eine au\u00dfergew\u00f6hnliche Rei\u00dffestigkeit aus, so dass es unter Belastung nicht bricht oder sich leicht verformt. Dies macht es ideal f\u00fcr Produkte, die Haltbarkeit und langfristige Leistung erfordern.<\/p>\n<div class=\"clear\"><\/div>\n<\/div>\n<div class=\"feature-item\">\n<img decoding=\"async\" alt=\"Formstabilit\u00e4t - Ultrasuede Mikrofaser-Kunstleder f\u00fcr Fahrradhandschuhe\" class=\"feature-image right\" src=\"\/wp-content\/uploads\/2025\/08\/07mm-ultrasuede-microfiber-faux-leather-for-cycling-gloves--37883.jpg\"\/><\/p>\n<h3>Nicht leicht zu verformen<\/h3>\n<p>Dieses Material wurde speziell behandelt, um seine urspr\u00fcngliche Form zu erhalten, und bietet eine hervorragende Elastizit\u00e4t und Stabilit\u00e4t. Es widersteht Verformungen durch \u00e4u\u00dferen Druck oder Dehnung, so dass die Produkte langfristig intakt und attraktiv bleiben.<\/p>\n<div class=\"clear\"><\/div>\n<\/div>\n<div class=\"feature-item\">\n<img decoding=\"async\" alt=\"Strapazierf\u00e4higkeit - Ultrasuede Microfiber Faux Leather f\u00fcr Fahrradhandschuhe\" class=\"feature-image left\" src=\"\/wp-content\/uploads\/2025\/08\/07mm-ultrasuede-microfiber-faux-leather-for-cycling-gloves--37884.jpg\"\/><\/p>\n<h3>Dauerhaftigkeit<\/h3>\n<p>Dieses Material ist extrem widerstandsf\u00e4hig gegen Abrieb, Risse und Einstiche und sorgt daf\u00fcr, dass die Handschuhe auch bei l\u00e4ngerem Gebrauch in bestem Zustand bleiben. Au\u00dferdem bietet es eine hervorragende Fingerfertigkeit und Festigkeit f\u00fcr hochwertige Lederwaren.<\/p>\n<div class=\"clear\"><\/div>\n<\/div>\n<\/section>\n<section id=\"why-choose-us\">\n<h2>Warum WINIW w\u00e4hlen<\/h2>\n<div class=\"advantage-item\">\n<h3>Unser Vorteil<\/h3>\n<p>WINIW Company Factory Gro\u00dfhandel Vinyl Leder HerstellerFabrik Produkt Showcase<\/p>\n<\/div>\n<div class=\"advantage-item\">\n<h3>Qualit\u00e4tssicherung<\/h3>\n<p>Wir f\u00fchren w\u00e4hrend der gesamten Produktions- und Lieferkette strenge Qualit\u00e4tskontrollen durch und halten uns an die ISO9001-Normen. Von der Auswahl der Rohstoffe bis zur Endkontrolle stehen die Interessen unserer Kunden an erster Stelle.<\/p>\n<\/div>\n<div class=\"advantage-item\">\n<h3>Professionelles technisches Team<\/h3>\n<p>Unser spezialisiertes technisches Team besteht aus erfahrenen Fachleuten aus verschiedenen Bereichen, die sich der Lieferung hochwertiger Produkte und ma\u00dfgeschneiderter L\u00f6sungen verschrieben haben.<\/p>\n<\/div>\n<div class=\"advantage-item\">\n<h3>Breite Palette von Anwendungen<\/h3>\n<p>Unsere Materialien finden breite Anwendung in Schuhen, Kleidung, Gep\u00e4ck, Autoinnenr\u00e4umen, Sofam\u00f6beln und vielem mehr.<\/p>\n<\/div>\n<div class=\"advantage-item\">\n<h3>Reiche Erfahrung<\/h3>\n<p>Quanzhou WINIW Import &amp; Export Co, Ltd. verf\u00fcgt \u00fcber mehr als 20 Jahre Produktionserfahrung und bietet perfekte L\u00f6sungen f\u00fcr Kunden weltweit.<\/p>\n<\/div>\n<div class=\"advantage-item\">\n<h3>Erschwinglicher Preis<\/h3>\n<p>Wir bieten wettbewerbsf\u00e4hige Preise und einen hervorragenden Kundenservice. Fordern Sie einen Katalog an oder besuchen Sie unser Werk, um unsere Produkte kennenzulernen.<\/p>\n<\/div>\n<div class=\"advantage-item\">\n<h3>24-Stunden-Online-Kundendienst<\/h3>\n<p>Unser Team steht rund um die Uhr zur Verf\u00fcgung, um Anfragen zu beantworten und R\u00fcckmeldungen zeitnah zu bearbeiten.<\/p>\n<\/div>\n<p><img decoding=\"async\" alt=\"WINIW Produktionsst\u00e4tte - Herstellungsprozess von Ultrasuede-Mikrofaserleder\" class=\"product-image\" src=\"\/wp-content\/uploads\/2025\/08\/07mm-ultrasuede-microfiber-faux-leather-for-cycling-gloves--37888.jpg\"\/><br \/>\n<\/section>\n<p><\/main><\/p>\n<section id=\"inquiry\">\n<h2 style=\"text-align: center;\">Mit freundlichen Gr\u00fc\u00dfen erwarten wir Ihre Anfrage!<\/h2>\n<p style=\"text-align: center;\">Kontaktieren Sie uns noch heute, um mehr \u00fcber unsere Produkte zu erfahren und Ihre Bestellung aufzugeben.<\/p>\n<\/section>\n\n    <div class=\"xs_social_share_widget xs_share_url after_content \t\tmain_content  wslu-style-1 wslu-share-box-shaped wslu-fill-colored wslu-none wslu-share-horizontal wslu-theme-font-no wslu-main_content\">\n\n\t\t\n        <ul>\n\t\t\t        <\/ul>\n    <\/div>","protected":false},"excerpt":{"rendered":"<div class=\"product-short-description\">Microfiber Shoe Lining Leather 0.6mm Zahlreiche Farben Vegan Microfiber Leather Casual Footwear Lining WINIW 0.6mm Zahlreiche Farben Vegan Microfiber Leather Casual Footwear Lining Key features include MicrofiberLeather, WINIW, Width.Ideal f\u00fcr alle, die Qualit\u00e4t und Zuverl\u00e4ssigkeit suchen.<\/p>\n<p>Als direkte Fabrik, Hersteller und Gro\u00dfh\u00e4ndler k\u00f6nnen wir den Produktionsprozess streng kontrollieren, um die Produktqualit\u00e4t zu gew\u00e4hrleisten und Ihnen die g\u00fcnstigsten Preise zu bieten. Wir verf\u00fcgen \u00fcber fortschrittliche Produktionsanlagen und ein professionelles technisches Team, um Ihren Bedarf an Gro\u00dfauftr\u00e4gen zu decken und eine p\u00fcnktliche Lieferung zu gew\u00e4hrleisten.<\/p>\n<\/div>","protected":false},"featured_media":3439,"template":"","meta":[],"product_brand":[],"product_cat":[210],"product_tag":[],"class_list":{"0":"post-28966","1":"product","2":"type-product","3":"status-publish","4":"has-post-thumbnail","6":"product_cat-microfiber-shoe-lining-leather","8":"first","9":"instock","10":"product-type-simple"},"_links":{"self":[{"href":"https:\/\/www.eco-leather.com\/de\/wp-json\/wp\/v2\/product\/28966","targetHints":{"allow":["GET"]}}],"collection":[{"href":"https:\/\/www.eco-leather.com\/de\/wp-json\/wp\/v2\/product"}],"about":[{"href":"https:\/\/www.eco-leather.com\/de\/wp-json\/wp\/v2\/types\/product"}],"wp:featuredmedia":[{"embeddable":true,"href":"https:\/\/www.eco-leather.com\/de\/wp-json\/wp\/v2\/media\/3439"}],"wp:attachment":[{"href":"https:\/\/www.eco-leather.com\/de\/wp-json\/wp\/v2\/media?parent=28966"}],"wp:term":[{"taxonomy":"product_brand","embeddable":true,"href":"https:\/\/www.eco-leather.com\/de\/wp-json\/wp\/v2\/product_brand?post=28966"},{"taxonomy":"product_cat","embeddable":true,"href":"https:\/\/www.eco-leather.com\/de\/wp-json\/wp\/v2\/product_cat?post=28966"},{"taxonomy":"product_tag","embeddable":true,"href":"https:\/\/www.eco-leather.com\/de\/wp-json\/wp\/v2\/product_tag?post=28966"}],"curies":[{"name":"wp","href":"https:\/\/api.w.org\/{rel}","templated":true}]}}