{"id":28963,"date":"2025-09-07T10:59:17","date_gmt":"2025-09-07T02:59:17","guid":{"rendered":"https:\/\/www.eco-leather.com\/product\/pfas-free-pu-imitation-suede-leather-for-safety-shoes\/"},"modified":"2025-09-07T10:59:19","modified_gmt":"2025-09-07T02:59:19","slug":"pfas-free-pu-imitation-suede-leather-for-safety-shoes","status":"publish","type":"product","link":"https:\/\/www.eco-leather.com\/de\/pfas-free-pu-imitation-suede-leather-for-safety-shoes\/","title":{"rendered":"PFAS-freies PU-Wildlederimitat f\u00fcr Sicherheitsschuhe"},"content":{"rendered":"<h2>Mikrofaserleder f\u00fcr Schuhfutter<\/h2>\n<p><main><\/p>\n<section id=\"product-overview\">\n<h2>Beschreibung des Produkts<\/h2>\n<p>Produkt <strong>Kunstleder-Sohle<\/strong> Einf\u00fchrung<\/p>\n<p>Flamme <strong>Automobil LederSitze Service Hund<\/strong> Verz\u00f6gerung Wasserdichtigkeit Leistung<\/p>\n<p>Unser 0,7 mm starkes Ultrasuede Microfiber Faux Leather wird aus hochwertigen Mikrofasermaterialien hergestellt und ist die perfekte Wahl f\u00fcr Fahrradhandschuhe. Es bietet ein ausgewogenes Verh\u00e4ltnis zwischen Flexibilit\u00e4t und St\u00e4rke, au\u00dfergew\u00f6hnliche Atmungsaktivit\u00e4t und feuchtigkeitsableitende Eigenschaften, damit die H\u00e4nde bei intensiven Fahrten k\u00fchl und trocken bleiben.<\/p>\n<p>Ob Sie nun ein professioneller Radfahrer oder ein Freizeitradler sind, Microfiber Leather bietet unschlagbaren Komfort und Schutz. Seine hohe Widerstandsf\u00e4higkeit gegen Abrieb und Risse sorgt f\u00fcr eine lang anhaltende Leistung, w\u00e4hrend das elegante Design einen raffinierten Touch zu jedem Biker-Ensemble hinzuf\u00fcgt.<\/p>\n<\/section>\n<section id=\"specifications\">\n<h2>Technische Parameter<\/h2>\n<p>Produkt <strong>Kleidungsst\u00fcck Leder Importiert<\/strong> Spezifikation<\/p>\n<p><img decoding=\"async\" alt=\"0.7mm Ultrasuede Mikrofaser Kunstleder f\u00fcr Radsporthandschuhe - Materialspezifikation\" class=\"product-image\" src=\"\/wp-content\/uploads\/2025\/08\/07mm-ultrasuede-microfiber-faux-leather-for-cycling-gloves--37881.jpg\"\/><\/p>\n<h3>Produkt-Parameter<\/h3>\n<ul class=\"parameters-list\">\n<li><span class=\"param-name\">Material:<\/span> Mikrofaser + PU<\/li>\n<li><span class=\"param-name\">Farbe:<\/span> Schwarz, Grau, Beige (benutzerdefinierte Farben verf\u00fcgbar)<\/li>\n<li><span class=\"param-name\">Die Dicke:<\/span> 0,6 mm, 0,7 mm, 0,8 mm, 1 mm<\/li>\n<li><span class=\"param-name\">Mindestbestellmenge:<\/span> 300 laufende Meter<\/li>\n<li><span class=\"param-name\">L\u00e4nge der Rolle:<\/span> 20-30m\/Rolle<\/li>\n<li><span class=\"param-name\">Lieferzeiten:<\/span> 15-20 Tage<\/li>\n<li><span class=\"param-name\">Breite:<\/span> 54\u2033, 137cm<\/li>\n<li><span class=\"param-name\">Produktionskapazit\u00e4t:<\/span> 1.000.000 Meter monatlich<\/li>\n<\/ul>\n<\/section>\n<section id=\"features\">\n<h2>Produktmerkmale<\/h2>\n<div class=\"feature-item\">\n<img decoding=\"async\" alt=\"WINIWaterproof Leather Material ServiceCompany Factory Wholesale Fabric ManufacturersPFAS-freies PU-Wildleder-Imitat bietet industriellen Schutz mit einer glatten, synthetischen Oberfl\u00e4che\" class=\"feature-image left\" src=\"\/wp-content\/uploads\/2025\/08\/pfas-free-pu-imitation-suede-leather-for-safety-shoes-30207.jpg\"\/><\/p>\n<h3>WINIW <strong>Wasserdichtes Leder Material Service<\/strong> Company Factory Wholesale Fabric ManufacturersPFAS-freies PU-Wildlederimitat bietet industriellen Schutz mit einem glatten, synthetischen Finish<\/h3>\n<p>WINIW <strong>Wasserdichtes Leder Material Service<\/strong> Company Factory Wholesale Fabric ManufacturersPFAS-freies PU-Wildlederimitat bietet industriellen Schutz mit einer glatten, synthetischen Oberfl\u00e4che.<\/p>\n<div class=\"clear\"><\/div>\n<\/div>\n<div class=\"feature-item\">\n<img decoding=\"async\" alt=\"Dieses Material wurde f\u00fcr Sicherheitsschuhe entwickelt und ahmt die Textur von nat\u00fcrlichem Wildleder nach, w\u00e4hrend es gleichzeitig hervorragende Wasser- und Chemikalienbest\u00e4ndigkeit bietet.\" class=\"feature-image left\" src=\"\/wp-content\/uploads\/2025\/08\/pfas-free-pu-imitation-suede-leather-for-safety-shoes-30208.jpg\"\/><\/p>\n<h3>Dieses Material wurde f\u00fcr Sicherheitsschuhe entwickelt und ahmt die Textur von nat\u00fcrlichem Wildleder nach, w\u00e4hrend es gleichzeitig hervorragende Wasser- und Chemikalienbest\u00e4ndigkeit bietet.<\/h3>\n<p>Dieses f\u00fcr Sicherheitsschuhe konzipierte Material ahmt die Textur von nat\u00fcrlichem Wildleder nach und bietet gleichzeitig hervorragende Wasser- und Chemikalienbest\u00e4ndigkeit. Der verst\u00e4rkte PU-Kern absorbiert St\u00f6\u00dfe bei schwerer Arbeit und ist daher ideal f\u00fcr den Einsatz auf dem Bau oder im Lager.<\/p>\n<div class=\"clear\"><\/div>\n<\/div>\n<div class=\"feature-item\">\n<img decoding=\"async\" alt=\"Es ist frei von sch\u00e4dlichen PFAS und verbindet Umweltfreundlichkeit mit hoher Leistung\" class=\"feature-image left\" src=\"\/wp-content\/uploads\/2025\/08\/pfas-free-pu-imitation-suede-leather-for-safety-shoes-30209.jpg\"\/><\/p>\n<h3>Es ist frei von sch\u00e4dlichen PFAS und verbindet Umweltfreundlichkeit mit hoher Leistung<\/h3>\n<p>Es ist frei von sch\u00e4dlichen PFAS und verbindet Umweltfreundlichkeit mit hoher Leistung. WINIW <strong>Wildleder Impr\u00e4gnierspray<\/strong> Company Factory Wholesale Fabric ManufacturersPFAS-Free PU Imitation Suede ist eine kosteng\u00fcnstige Alternative zu traditionellem Wildleder.<\/p>\n<div class=\"clear\"><\/div>\n<\/div>\n<div class=\"feature-item\">\n<img decoding=\"async\" alt=\"Die zweischichtige Struktur verbindet eine gepolsterte PU-Basis f\u00fcr Sto\u00dfd\u00e4mpfung mit einer griffigen, von Nubuk inspirierten Deckschicht.\" class=\"feature-image left\" src=\"\/wp-content\/uploads\/2025\/08\/pfas-free-pu-imitation-suede-leather-for-safety-shoes-30210.jpg\"\/><\/p>\n<h3>Die zweischichtige Struktur verbindet eine gepolsterte PU-Basis f\u00fcr Sto\u00dfd\u00e4mpfung mit einer griffigen, von Nubuk inspirierten Deckschicht.<\/h3>\n<p>Die zweischichtige Struktur verbindet eine gepolsterte PU-Basis zur Sto\u00dfd\u00e4mpfung mit einer griffigen, an Nubuk erinnernden Deckschicht. Sie wurde auf Rutschfestigkeit auf nassen Oberfl\u00e4chen getestet und widersteht \u00d6l, L\u00f6sungsmitteln und Abrieb. Er ist leicht und flexibel und eignet sich perfekt f\u00fcr Sicherheitsstiefel, die Beweglichkeit und Haltbarkeit erfordern.<\/p>\n<div class=\"clear\"><\/div>\n<\/div>\n<div class=\"feature-item\">\n<img decoding=\"async\" alt=\"MaterialWasserdichtes Ledergewebe OdmhsasMikrofaserLeder Markenname WINIW Firma Fabrik Gro\u00dfhandel StoffherstellerBreite 54\" class=\"feature-image left\" src=\"\/wp-content\/uploads\/2025\/08\/pfas-free-pu-imitation-suede-leather-for-safety-shoes-30211.jpg\"\/><\/p>\n<h3>Material <strong>Wasserdichtes Leder Stoff Odmhsas<\/strong> MikrofaserLeder Markenname WINIW Firma Fabrik Gro\u00dfhandel Stoff HerstellerBreite 54\u2033; 1<\/h3>\n<p>Material <strong>Wasserdichtes Leder Stoff Odmhsas<\/strong> MicrofiberLeather Markenname WINIW Company Factory Wholesale Fabric ManufacturersBreite 54\u2033; 1.37m Farbe Rot, Schwarz, Braun, Gr\u00fcn, accept customize Feature Verschlei\u00dffest, Wasserdicht, Anti-Schimmel, Flexibel Dicke 0.6mm-2.0mm Herkunftsort China Customized Yes Lieferzeit Normalerweise innerhalb von 15 - 25 Tagen.<\/p>\n<div class=\"clear\"><\/div>\n<\/div>\n<div class=\"feature-item\">\n<h3>MOQ 300 Meter Verpackungsdetails 30\/50 Meter pro Rolle<\/h3>\n<p>MOQ 300 Meter Verpackungsdetails 30\/50 Meter pro Rolle. Oder kundenspezifisch Produktionskapazit\u00e4t 1.000.000 Meter monatlich Produktmerkmal<\/p>\n<div class=\"clear\"><\/div>\n<\/div>\n<div class=\"feature-item\">\n<img decoding=\"async\" alt=\"Hohe Rei\u00dffestigkeit - Ultrasuede Mikrofaser-Kunstleder f\u00fcr Fahrradhandschuhe\" class=\"feature-image left\" src=\"\/wp-content\/uploads\/2025\/08\/07mm-ultrasuede-microfiber-faux-leather-for-cycling-gloves--37882.jpg\"\/><\/p>\n<h3>Hohe Rei\u00dffestigkeit<\/h3>\n<p>Unser Ultrasuede-Mikrofaserleder zeichnet sich durch eine au\u00dfergew\u00f6hnliche Rei\u00dffestigkeit aus, so dass es unter Belastung nicht bricht oder sich leicht verformt. Dies macht es ideal f\u00fcr Produkte, die Haltbarkeit und langfristige Leistung erfordern.<\/p>\n<div class=\"clear\"><\/div>\n<\/div>\n<div class=\"feature-item\">\n<img decoding=\"async\" alt=\"Formstabilit\u00e4t - Ultrasuede Mikrofaser-Kunstleder f\u00fcr Fahrradhandschuhe\" class=\"feature-image right\" src=\"\/wp-content\/uploads\/2025\/08\/07mm-ultrasuede-microfiber-faux-leather-for-cycling-gloves--37883.jpg\"\/><\/p>\n<h3>Nicht leicht zu verformen<\/h3>\n<p>Dieses Material wurde speziell behandelt, um seine urspr\u00fcngliche Form zu erhalten, und bietet eine hervorragende Elastizit\u00e4t und Stabilit\u00e4t. Es widersteht Verformungen durch \u00e4u\u00dferen Druck oder Dehnung, so dass die Produkte langfristig intakt und attraktiv bleiben.<\/p>\n<div class=\"clear\"><\/div>\n<\/div>\n<div class=\"feature-item\">\n<img decoding=\"async\" alt=\"Strapazierf\u00e4higkeit - Ultrasuede Microfiber Faux Leather f\u00fcr Fahrradhandschuhe\" class=\"feature-image left\" src=\"\/wp-content\/uploads\/2025\/08\/07mm-ultrasuede-microfiber-faux-leather-for-cycling-gloves--37884.jpg\"\/><\/p>\n<h3>Dauerhaftigkeit<\/h3>\n<p>Dieses Material ist extrem widerstandsf\u00e4hig gegen Abrieb, Risse und Einstiche und sorgt daf\u00fcr, dass die Handschuhe auch bei l\u00e4ngerem Gebrauch in bestem Zustand bleiben. Au\u00dferdem bietet es eine hervorragende Fingerfertigkeit und Festigkeit f\u00fcr hochwertige Lederwaren.<\/p>\n<div class=\"clear\"><\/div>\n<\/div>\n<\/section>\n<p><\/main><\/p>\n<section id=\"inquiry\">\n<h2 style=\"text-align: center;\">Mit freundlichen Gr\u00fc\u00dfen erwarten wir Ihre Anfrage!<\/h2>\n<p style=\"text-align: center;\">Kontaktieren Sie uns noch heute, um mehr \u00fcber unsere Produkte zu erfahren und Ihre Bestellung aufzugeben.<\/p>\n<\/section>\n\n    <div class=\"xs_social_share_widget xs_share_url after_content \t\tmain_content  wslu-style-1 wslu-share-box-shaped wslu-fill-colored wslu-none wslu-share-horizontal wslu-theme-font-no wslu-main_content\">\n\n\t\t\n        <ul>\n\t\t\t        <\/ul>\n    <\/div>","protected":false},"excerpt":{"rendered":"<div class=\"product-short-description\">Schuhleder PFAS Free PU Kunstwildleder f\u00fcr Sicherheitsschuhe WINIW PFAS Free PU Kunstwildleder f\u00fcr Sicherheitsschuhe Die wichtigsten Merkmale sind MicrofiberLeather, WINIW, Width.Ideal f\u00fcr diejenigen, die Qualit\u00e4t und Zuverl\u00e4ssigkeit suchen.<\/p>\n<p>Als direkte Fabrik, Hersteller und Gro\u00dfh\u00e4ndler k\u00f6nnen wir den Produktionsprozess streng kontrollieren, um die Produktqualit\u00e4t zu gew\u00e4hrleisten und Ihnen die g\u00fcnstigsten Preise zu bieten. Wir verf\u00fcgen \u00fcber fortschrittliche Produktionsanlagen und ein professionelles technisches Team, um Ihren Bedarf an Gro\u00dfauftr\u00e4gen zu decken und eine p\u00fcnktliche Lieferung zu gew\u00e4hrleisten.<\/p>\n<\/div>","protected":false},"featured_media":3417,"template":"","meta":[],"product_brand":[],"product_cat":[204],"product_tag":[18957],"class_list":{"0":"post-28963","1":"product","2":"type-product","3":"status-publish","4":"has-post-thumbnail","6":"product_cat-shoe-leather","7":"product_tag-imitation-suede-leathernubuck-leather-safety-shoesnubuck-tumble-leather-safety-shoesnubuck-leather-safety-shoes-suppliernubuck-leather-safety-shoes-suppliersnubuck-leather-safety-shoes-factory","9":"first","10":"instock","11":"product-type-simple"},"_links":{"self":[{"href":"https:\/\/www.eco-leather.com\/de\/wp-json\/wp\/v2\/product\/28963","targetHints":{"allow":["GET"]}}],"collection":[{"href":"https:\/\/www.eco-leather.com\/de\/wp-json\/wp\/v2\/product"}],"about":[{"href":"https:\/\/www.eco-leather.com\/de\/wp-json\/wp\/v2\/types\/product"}],"wp:featuredmedia":[{"embeddable":true,"href":"https:\/\/www.eco-leather.com\/de\/wp-json\/wp\/v2\/media\/3417"}],"wp:attachment":[{"href":"https:\/\/www.eco-leather.com\/de\/wp-json\/wp\/v2\/media?parent=28963"}],"wp:term":[{"taxonomy":"product_brand","embeddable":true,"href":"https:\/\/www.eco-leather.com\/de\/wp-json\/wp\/v2\/product_brand?post=28963"},{"taxonomy":"product_cat","embeddable":true,"href":"https:\/\/www.eco-leather.com\/de\/wp-json\/wp\/v2\/product_cat?post=28963"},{"taxonomy":"product_tag","embeddable":true,"href":"https:\/\/www.eco-leather.com\/de\/wp-json\/wp\/v2\/product_tag?post=28963"}],"curies":[{"name":"wp","href":"https:\/\/api.w.org\/{rel}","templated":true}]}}