{"id":28959,"date":"2025-09-07T10:59:17","date_gmt":"2025-09-07T02:59:17","guid":{"rendered":"https:\/\/www.eco-leather.com\/product\/light-color-soft-to-touch-gym-shoes-lining-vegan-microfiber-leather\/"},"modified":"2025-09-07T10:59:18","modified_gmt":"2025-09-07T02:59:18","slug":"helle-farbe-weich-zu-beruhren-turnschuhe-futter-vegane-mikrofaser-leder","status":"publish","type":"product","link":"https:\/\/www.eco-leather.com\/de\/helle-farbe-weich-zu-beruhren-turnschuhe-futter-vegane-mikrofaser-leder\/","title":{"rendered":"Helle Farbe Soft To Touch Gymnastikschuhe Futter Vegan Mikrofaser Leder"},"content":{"rendered":"<h2>Mikrofaserleder f\u00fcr Schuhfutter<\/h2>\n<p><main><\/p>\n<section id=\"product-overview\">\n<h2>Beschreibung des Produkts<\/h2>\n<p>Produkt <strong>Kunstleder-Elasthan<\/strong> Einf\u00fchrung<\/p>\n<p>Unser 0,7 mm starkes Ultrasuede Microfiber Faux Leather wird aus hochwertigen Mikrofasermaterialien hergestellt und ist die perfekte Wahl f\u00fcr Fahrradhandschuhe. Es bietet ein ausgewogenes Verh\u00e4ltnis zwischen Flexibilit\u00e4t und St\u00e4rke, au\u00dfergew\u00f6hnliche Atmungsaktivit\u00e4t und feuchtigkeitsableitende Eigenschaften, damit die H\u00e4nde bei intensiven Fahrten k\u00fchl und trocken bleiben.<\/p>\n<p>Ob Sie nun ein professioneller Radfahrer oder ein Freizeitradler sind, Microfiber Leather bietet unschlagbaren Komfort und Schutz. Seine hohe Widerstandsf\u00e4higkeit gegen Abrieb und Risse sorgt f\u00fcr eine lang anhaltende Leistung, w\u00e4hrend das elegante Design einen raffinierten Touch zu jedem Biker-Ensemble hinzuf\u00fcgt.<\/p>\n<\/section>\n<section id=\"specifications\">\n<h2>Technische Parameter<\/h2>\n<ul class_=\"parameters-list\">\n<li><span class=\"param-name\">Produkt <strong>Kunstlederboxen China<\/strong> Spezifikation WINIW Company Factory Gro\u00dfhandel Material ManufacturersCustomizable synthetisches Leder:<\/span> Eleganz, Langlebigkeit und eine bunte Auswahl an Farben.<\/li>\n<\/ul>\n<p><img decoding=\"async\" alt=\"0.7mm Ultrasuede Mikrofaser Kunstleder f\u00fcr Radsporthandschuhe - Materialspezifikation\" class=\"product-image\" src=\"\/wp-content\/uploads\/2025\/08\/07mm-ultrasuede-microfiber-faux-leather-for-cycling-gloves--37881.jpg\"\/><\/p>\n<h3>Produkt-Parameter<\/h3>\n<ul class=\"parameters-list\">\n<li><span class=\"param-name\">Material:<\/span> Mikrofaser + PU<\/li>\n<li><span class=\"param-name\">Farbe:<\/span> Schwarz, Grau, Beige (benutzerdefinierte Farben verf\u00fcgbar)<\/li>\n<li><span class=\"param-name\">Die Dicke:<\/span> 0,6 mm, 0,7 mm, 0,8 mm, 1 mm<\/li>\n<li><span class=\"param-name\">Mindestbestellmenge:<\/span> 300 laufende Meter<\/li>\n<li><span class=\"param-name\">L\u00e4nge der Rolle:<\/span> 20-30m\/Rolle<\/li>\n<li><span class=\"param-name\">Lieferzeiten:<\/span> 15-20 Tage<\/li>\n<li><span class=\"param-name\">Breite:<\/span> 54\u2033, 137cm<\/li>\n<li><span class=\"param-name\">Produktionskapazit\u00e4t:<\/span> 1.000.000 Meter monatlich<\/li>\n<\/ul>\n<\/section>\n<section id=\"features\">\n<h2>Produktmerkmale<\/h2>\n<div class=\"feature-item\">\n<img decoding=\"async\" alt=\"WINIWWaterproof Leather Fabric OdmhsasCompany Factory Wholesale Material Manufacturersfactory, ein f\u00fchrender Hersteller in der Lederindustrie, pr\u00e4sentiert stolz unsere Soft To Touch Vegan Microfiber Leather, speziell f\u00fcr den Einsatz in Turnschuhe Futter entwickelt\" class=\"feature-image left\" src=\"\/wp-content\/uploads\/2025\/08\/light-color-soft-to-touch-gym-shoes-lining-vegan-microfiber-leather-30175.jpg\"\/><\/p>\n<h3>WINIW <strong>Wasserdichtes Leder Stoff Odmhsas<\/strong> Company Factory Gro\u00dfhandel Material Manufacturersfactory, ein f\u00fchrender Hersteller in der Lederindustrie, pr\u00e4sentiert stolz unsere Soft To Touch Vegan Microfiber Leder, speziell f\u00fcr den Einsatz in Turnschuhe Futter entwickelt<\/h3>\n<p>WINIW <strong>Wasserdichtes Leder Stoff Odmhsas<\/strong> Company Factory Gro\u00dfhandel Material Manufacturersfactory, ein f\u00fchrender Hersteller in der Lederindustrie, pr\u00e4sentiert stolz unsere Soft To Touch Vegan Microfiber Leder, speziell f\u00fcr den Einsatz in Turnschuhe Futter entwickelt.<\/p>\n<div class=\"clear\"><\/div>\n<\/div>\n<div class=\"feature-item\">\n<img decoding=\"async\" alt=\"Dieses mit Pr\u00e4zision und Innovation gefertigte Mikrofaserleder stellt einen Paradigmenwechsel bei nachhaltigen Materialien f\u00fcr Sportschuhe dar.\" class=\"feature-image left\" src=\"\/wp-content\/uploads\/2025\/08\/light-color-soft-to-touch-gym-shoes-lining-vegan-microfiber-leather-30176.jpg\"\/><\/p>\n<h3>Dieses mit Pr\u00e4zision und Innovation gefertigte Mikrofaserleder stellt einen Paradigmenwechsel bei nachhaltigen Materialien f\u00fcr Sportschuhe dar.<\/h3>\n<p>Dieses mit Pr\u00e4zision und Innovation gefertigte Mikrofaserleder stellt einen Paradigmenwechsel bei nachhaltigen Materialien f\u00fcr Sportschuhe dar. Im Gegensatz zu herk\u00f6mmlichem Leder bietet unsere vegane Alternative eine mitf\u00fchlende Wahl, ohne Kompromisse bei Haltbarkeit oder Leistung einzugehen.<\/p>\n<div class=\"clear\"><\/div>\n<\/div>\n<div class=\"feature-item\">\n<img decoding=\"async\" alt=\"Das Know-how des WINIW Company Factory Wholesale Material ManufacturersHerstellers spiegelt sich in jedem Aspekt dieses Produkts wider, von der sorgf\u00e4ltigen Auswahl hochwertiger Mikrofasern bis hin zu den fortschrittlichen Verarbeitungstechniken, die ein weiches, geschmeidiges Gef\u00fchl gew\u00e4hrleisten\" class=\"feature-image left\" src=\"\/wp-content\/uploads\/2025\/08\/light-color-soft-to-touch-gym-shoes-lining-vegan-microfiber-leather-30177.jpg\"\/><\/p>\n<h3>Das Know-how des WINIW Company Factory Wholesale Material ManufacturersHerstellers spiegelt sich in jedem Aspekt dieses Produkts wider, von der sorgf\u00e4ltigen Auswahl hochwertiger Mikrofasern bis hin zu den fortschrittlichen Verarbeitungstechniken, die ein weiches, geschmeidiges Gef\u00fchl gew\u00e4hrleisten<\/h3>\n<p>Das Know-how des WINIW Company Factory Wholesale Material ManufacturersHerstellers zeigt sich in jedem Aspekt dieses Produkts, von der sorgf\u00e4ltigen Auswahl hochwertiger Mikrofasern bis hin zu den fortschrittlichen Verarbeitungstechniken, die ein weiches, geschmeidiges Gef\u00fchl gew\u00e4hrleisten.<\/p>\n<div class=\"clear\"><\/div>\n<\/div>\n<div class=\"feature-item\">\n<img decoding=\"async\" alt=\"Unser Mikrofaserleder bietet eine atmungsaktive, komfortable Barriere, die die Trageeigenschaften von Turnschuhen verbessert und die Anforderungen eines aktiven Lebensstils erf\u00fcllt. \" class=\"feature-image left\" src=\"\/wp-content\/uploads\/2025\/08\/light-color-soft-to-touch-gym-shoes-lining-vegan-microfiber-leather-30178.jpg\"\/><\/p>\n<h3>Entworfen <strong>Wildleder Impr\u00e4gnierspray<\/strong> Um den strengen Anforderungen eines aktiven Lebensstils gerecht zu werden, bietet unser Mikrofaserleder eine atmungsaktive, bequeme Barriere, die den allgemeinen Tragekomfort von Turnschuhen verbessert <\/h3>\n<p>Entworfen <strong>Wildleder Impr\u00e4gnierspray<\/strong> Um den strengen Anforderungen eines aktiven Lebensstils gerecht zu werden, bietet unser Mikrofaserleder eine atmungsaktive, bequeme Barriere, die den allgemeinen Tragekomfort von Turnschuhen verbessert.<\/p>\n<div class=\"clear\"><\/div>\n<\/div>\n<div class=\"feature-item\">\n<img decoding=\"async\" alt=\"Material MikrofaserLeder Markenname WINIW Firma Fabrik Gro\u00dfhandel Material HerstellerBreite 54\" class=\"feature-image left\" src=\"\/wp-content\/uploads\/2025\/08\/light-color-soft-to-touch-gym-shoes-lining-vegan-microfiber-leather-30179.jpg\"\/><\/p>\n<h3>Material MikrofaserLeder Markenname WINIW Firma Fabrik Gro\u00dfhandel Material HerstellerBreite 54\u2033; 1<\/h3>\n<p>Material MicrofiberLeather Markenname WINIW Company Factory Wholesale Material ManufacturersWidth 54\u2033; 1.37m Color Red, Black,Brown, Green,accept customize Feature Wear resistant, Waterproof, Anti-Mildew, Flexible Thickness 0.6mm-2.0mm Place of Origin China Customized Yes Delivery time Usually within 15 - 25 days.<\/p>\n<div class=\"clear\"><\/div>\n<\/div>\n<div class=\"feature-item\">\n<h3>MOQ 300 Meter Verpackungsdetails 30\/50 Meter pro Rolle<\/h3>\n<p>MOQ 300 Meter Verpackungsdetails 30\/50 Meter pro Rolle. Oder <strong>Wasserdichtes Leder Material Service<\/strong> kundenspezifisch Produktionskapazit\u00e4t 1.000.000 Meter monatlich Produktmerkmal Die Soft To Touch Vegan Microfiber Leder von WINIW Company Factory Gro\u00dfhandel Material Manufacturersmanufacturer zeichnet sich durch seine unverwechselbare Mischung aus Umweltfreundlichkeit, Komfort und Widerstandsf\u00e4higkeit.<\/p>\n<div class=\"clear\"><\/div>\n<\/div>\n<div class=\"feature-item\">\n<h3>Unser Mikrofaser-Leder hat eine luxuri\u00f6se, glatte Textur, die sich unglaublich weich anf\u00fchlt, und ist damit die ideale Wahl f\u00fcr die Auskleidung von Turnschuhen.<\/h3>\n<p>Unser Mikrofaserleder zeichnet sich durch eine luxuri\u00f6se, glatte Textur aus, die sich unglaublich weich anf\u00fchlt, und ist somit die ideale Wahl f\u00fcr die Auskleidung von Turnschuhen. Seine vegane Zusammensetzung garantiert, dass es frei von Tierqu\u00e4lerei und umweltbewusst ist, was einen wachsenden Markt ethisch bewusster Verbraucher anspricht.<\/p>\n<div class=\"clear\"><\/div>\n<\/div>\n<div class=\"feature-item\">\n<h3>Dar\u00fcber hinaus bietet die Mikrofaserstruktur des Materials eine au\u00dfergew\u00f6hnliche Strapazierf\u00e4higkeit und Abnutzungsbest\u00e4ndigkeit, die den hohen Belastungen im Fitnessstudio standh\u00e4lt.<\/h3>\n<p>Dar\u00fcber hinaus bietet die Mikrofaserstruktur des Materials eine au\u00dfergew\u00f6hnliche Strapazierf\u00e4higkeit und Verschlei\u00dffestigkeit, die den hohen Belastungen im Fitnessstudio standh\u00e4lt. Das Engagement von WINIW Company Factory Wholesale Material Manufacturersfactory f\u00fcr Spitzenleistungen zeigt sich in der F\u00e4higkeit des Materials, die Atmungsaktivit\u00e4t aufrechtzuerhalten, sodass die F\u00fc\u00dfe auch bei intensivem Training trocken und bequem bleiben.<\/p>\n<div class=\"clear\"><\/div>\n<\/div>\n<div class=\"feature-item\">\n<h3>Die leicht zu reinigende Oberfl\u00e4che macht ihn noch attraktiver und macht ihn zu einer pflegeleichten Option f\u00fcr Hersteller und Verbraucher gleicherma\u00dfen. <\/h3>\n<p>Die leicht zu reinigende Oberfl\u00e4che macht es f\u00fcr Hersteller und Verbraucher gleicherma\u00dfen attraktiv und wartungsarm.<\/p>\n<div class=\"clear\"><\/div>\n<\/div>\n<div class=\"feature-item\">\n<img decoding=\"async\" alt=\"Hohe Rei\u00dffestigkeit - Ultrasuede Mikrofaser-Kunstleder f\u00fcr Fahrradhandschuhe\" class=\"feature-image left\" src=\"\/wp-content\/uploads\/2025\/08\/07mm-ultrasuede-microfiber-faux-leather-for-cycling-gloves--37882.jpg\"\/><\/p>\n<h3>Hohe Rei\u00dffestigkeit<\/h3>\n<p>Unser Ultrasuede-Mikrofaserleder zeichnet sich durch eine au\u00dfergew\u00f6hnliche Rei\u00dffestigkeit aus, so dass es unter Belastung nicht bricht oder sich leicht verformt. Dies macht es ideal f\u00fcr Produkte, die Haltbarkeit und langfristige Leistung erfordern.<\/p>\n<div class=\"clear\"><\/div>\n<\/div>\n<div class=\"feature-item\">\n<img decoding=\"async\" alt=\"Formstabilit\u00e4t - Ultrasuede Mikrofaser-Kunstleder f\u00fcr Fahrradhandschuhe\" class=\"feature-image right\" src=\"\/wp-content\/uploads\/2025\/08\/07mm-ultrasuede-microfiber-faux-leather-for-cycling-gloves--37883.jpg\"\/><\/p>\n<h3>Nicht leicht zu verformen<\/h3>\n<p>Dieses Material wurde speziell behandelt, um seine urspr\u00fcngliche Form zu erhalten, und bietet eine hervorragende Elastizit\u00e4t und Stabilit\u00e4t. Es widersteht Verformungen durch \u00e4u\u00dferen Druck oder Dehnung, so dass die Produkte langfristig intakt und attraktiv bleiben.<\/p>\n<div class=\"clear\"><\/div>\n<\/div>\n<div class=\"feature-item\">\n<img decoding=\"async\" alt=\"Strapazierf\u00e4higkeit - Ultrasuede Microfiber Faux Leather f\u00fcr Fahrradhandschuhe\" class=\"feature-image left\" src=\"\/wp-content\/uploads\/2025\/08\/07mm-ultrasuede-microfiber-faux-leather-for-cycling-gloves--37884.jpg\"\/><\/p>\n<h3>Dauerhaftigkeit<\/h3>\n<p>Dieses Material ist extrem widerstandsf\u00e4hig gegen Abrieb, Risse und Einstiche und sorgt daf\u00fcr, dass die Handschuhe auch bei l\u00e4ngerem Gebrauch in bestem Zustand bleiben. Au\u00dferdem bietet es eine hervorragende Fingerfertigkeit und Festigkeit f\u00fcr hochwertige Lederwaren.<\/p>\n<div class=\"clear\"><\/div>\n<\/div>\n<\/section>\n<section id=\"why-choose-us\">\n<h2>Warum WINIW w\u00e4hlen<\/h2>\n<div class=\"advantage-item\">\n<h3>Unser Vorteil<\/h3>\n<p>WINIW Company Factory Gro\u00dfhandel Material HerstellerFabrik Produkt Showcase<\/p>\n<\/div>\n<div class=\"advantage-item\">\n<h3>Qualit\u00e4tssicherung<\/h3>\n<p>Wir f\u00fchren w\u00e4hrend der gesamten Produktions- und Lieferkette strenge Qualit\u00e4tskontrollen durch und halten uns an die ISO9001-Normen. Von der Auswahl der Rohstoffe bis zur Endkontrolle stehen die Interessen unserer Kunden an erster Stelle.<\/p>\n<\/div>\n<div class=\"advantage-item\">\n<h3>Professionelles technisches Team<\/h3>\n<p>Unser spezialisiertes technisches Team besteht aus erfahrenen Fachleuten aus verschiedenen Bereichen, die sich der Lieferung hochwertiger Produkte und ma\u00dfgeschneiderter L\u00f6sungen verschrieben haben.<\/p>\n<\/div>\n<div class=\"advantage-item\">\n<h3>Breite Palette von Anwendungen<\/h3>\n<p>Unsere Materialien finden breite Anwendung in Schuhen, Kleidung, Gep\u00e4ck, Autoinnenr\u00e4umen, Sofam\u00f6beln und vielem mehr.<\/p>\n<\/div>\n<div class=\"advantage-item\">\n<h3>Reiche Erfahrung<\/h3>\n<p>Quanzhou WINIW Import &amp; Export Co, Ltd. verf\u00fcgt \u00fcber mehr als 20 Jahre Produktionserfahrung und bietet perfekte L\u00f6sungen f\u00fcr Kunden weltweit.<\/p>\n<\/div>\n<div class=\"advantage-item\">\n<h3>Erschwinglicher Preis<\/h3>\n<p>Wir bieten wettbewerbsf\u00e4hige Preise und einen hervorragenden Kundenservice. Fordern Sie einen Katalog an oder besuchen Sie unser Werk, um unsere Produkte kennenzulernen.<\/p>\n<\/div>\n<div class=\"advantage-item\">\n<h3>24-Stunden-Online-Kundendienst<\/h3>\n<p>Unser Team steht rund um die Uhr zur Verf\u00fcgung, um Anfragen zu beantworten und R\u00fcckmeldungen zeitnah zu bearbeiten.<\/p>\n<\/div>\n<p><img decoding=\"async\" alt=\"WINIW Produktionsst\u00e4tte - Herstellungsprozess von Ultrasuede-Mikrofaserleder\" class=\"product-image\" src=\"\/wp-content\/uploads\/2025\/08\/07mm-ultrasuede-microfiber-faux-leather-for-cycling-gloves--37888.jpg\"\/><br \/>\n<\/section>\n<p><\/main><\/p>\n<section id=\"inquiry\">\n<h2 style=\"text-align: center;\">Mit freundlichen Gr\u00fc\u00dfen erwarten wir Ihre Anfrage!<\/h2>\n<p style=\"text-align: center;\">Kontaktieren Sie uns noch heute, um mehr \u00fcber unsere Produkte zu erfahren und Ihre Bestellung aufzugeben.<\/p>\n<\/section>\n\n    <div class=\"xs_social_share_widget xs_share_url after_content \t\tmain_content  wslu-style-1 wslu-share-box-shaped wslu-fill-colored wslu-none wslu-share-horizontal wslu-theme-font-no wslu-main_content\">\n\n\t\t\n        <ul>\n\t\t\t        <\/ul>\n    <\/div>","protected":false},"excerpt":{"rendered":"<div class=\"product-short-description\">Microfiber Shoe Lining Leather Light Color Soft To Touch Gym Shoes Lining Vegan Microfiber Leather WINIW Light Color Soft To Touch Gym Shoes Lining Vegan Microfiber Leather Key features include MicrofiberLeather, WINIW, Width.Ideal f\u00fcr alle, die Qualit\u00e4t und Zuverl\u00e4ssigkeit suchen.<\/p>\n<p>Als direkte Fabrik, Hersteller und Gro\u00dfh\u00e4ndler k\u00f6nnen wir den Produktionsprozess streng kontrollieren, um die Produktqualit\u00e4t zu gew\u00e4hrleisten und Ihnen die g\u00fcnstigsten Preise zu bieten. Wir verf\u00fcgen \u00fcber fortschrittliche Produktionsanlagen und ein professionelles technisches Team, um Ihren Bedarf an Gro\u00dfauftr\u00e4gen zu decken und eine p\u00fcnktliche Lieferung zu gew\u00e4hrleisten.<\/p>\n<\/div>","protected":false},"featured_media":3389,"template":"","meta":[],"product_brand":[],"product_cat":[210],"product_tag":[],"class_list":{"0":"post-28959","1":"product","2":"type-product","3":"status-publish","4":"has-post-thumbnail","6":"product_cat-microfiber-shoe-lining-leather","8":"first","9":"instock","10":"product-type-simple"},"_links":{"self":[{"href":"https:\/\/www.eco-leather.com\/de\/wp-json\/wp\/v2\/product\/28959","targetHints":{"allow":["GET"]}}],"collection":[{"href":"https:\/\/www.eco-leather.com\/de\/wp-json\/wp\/v2\/product"}],"about":[{"href":"https:\/\/www.eco-leather.com\/de\/wp-json\/wp\/v2\/types\/product"}],"wp:featuredmedia":[{"embeddable":true,"href":"https:\/\/www.eco-leather.com\/de\/wp-json\/wp\/v2\/media\/3389"}],"wp:attachment":[{"href":"https:\/\/www.eco-leather.com\/de\/wp-json\/wp\/v2\/media?parent=28959"}],"wp:term":[{"taxonomy":"product_brand","embeddable":true,"href":"https:\/\/www.eco-leather.com\/de\/wp-json\/wp\/v2\/product_brand?post=28959"},{"taxonomy":"product_cat","embeddable":true,"href":"https:\/\/www.eco-leather.com\/de\/wp-json\/wp\/v2\/product_cat?post=28959"},{"taxonomy":"product_tag","embeddable":true,"href":"https:\/\/www.eco-leather.com\/de\/wp-json\/wp\/v2\/product_tag?post=28959"}],"curies":[{"name":"wp","href":"https:\/\/api.w.org\/{rel}","templated":true}]}}