{"id":28958,"date":"2025-09-07T10:59:17","date_gmt":"2025-09-07T02:59:17","guid":{"rendered":"https:\/\/www.eco-leather.com\/product\/soild-color-vegan-microfiber-leather-for-mary-janes-shoe-lining\/"},"modified":"2025-09-07T10:59:18","modified_gmt":"2025-09-07T02:59:18","slug":"weiches-veganes-mikrofaserleder-fur-mary-janes-schuhfutter","status":"publish","type":"product","link":"https:\/\/www.eco-leather.com\/de\/weiches-veganes-mikrofaserleder-fur-mary-janes-schuhfutter\/","title":{"rendered":"Soild Color Vegan Microfiber Leder f\u00fcr Mary Janes Schuh-Futter"},"content":{"rendered":"<h2>Mikrofaserleder f\u00fcr Schuhfutter<\/h2>\n<p><main><\/p>\n<section id=\"product-overview\">\n<h2>Beschreibung des Produkts<\/h2>\n<p>Produkt <strong>Kunstleder-Elasthan<\/strong> Einf\u00fchrung<\/p>\n<p>Unser 0,7 mm starkes Ultrasuede Microfiber Faux Leather wird aus hochwertigen Mikrofasermaterialien hergestellt und ist die perfekte Wahl f\u00fcr Fahrradhandschuhe. Es bietet ein ausgewogenes Verh\u00e4ltnis zwischen Flexibilit\u00e4t und St\u00e4rke, au\u00dfergew\u00f6hnliche Atmungsaktivit\u00e4t und feuchtigkeitsableitende Eigenschaften, damit die H\u00e4nde bei intensiven Fahrten k\u00fchl und trocken bleiben.<\/p>\n<p>Ob Sie nun ein professioneller Radfahrer oder ein Freizeitradler sind, Microfiber Leather bietet unschlagbaren Komfort und Schutz. Seine hohe Widerstandsf\u00e4higkeit gegen Abrieb und Risse sorgt f\u00fcr eine lang anhaltende Leistung, w\u00e4hrend das elegante Design einen raffinierten Touch zu jedem Biker-Ensemble hinzuf\u00fcgt.<\/p>\n<\/section>\n<section id=\"specifications\">\n<h2>Technische Parameter<\/h2>\n<ul class_=\"parameters-list\">\n<li><span class=\"param-name\">Produkt <strong>Kleidungsst\u00fcck Leder Importiert<\/strong> Spezifikation WINIW Company Factory Gro\u00dfhandel PVC Leder ManufacturersCustomizable Kunstleder:<\/span> Eleganz, Langlebigkeit und eine bunte Auswahl an Farben.<\/li>\n<\/ul>\n<p><img decoding=\"async\" alt=\"0.7mm Ultrasuede Mikrofaser Kunstleder f\u00fcr Radsporthandschuhe - Materialspezifikation\" class=\"product-image\" src=\"\/wp-content\/uploads\/2025\/08\/07mm-ultrasuede-microfiber-faux-leather-for-cycling-gloves--37881.jpg\"\/><\/p>\n<h3>Produkt-Parameter<\/h3>\n<ul class=\"parameters-list\">\n<li><span class=\"param-name\">Material:<\/span> Mikrofaser + PU<\/li>\n<li><span class=\"param-name\">Farbe:<\/span> Schwarz, Grau, Beige (benutzerdefinierte Farben verf\u00fcgbar)<\/li>\n<li><span class=\"param-name\">Die Dicke:<\/span> 0,6 mm, 0,7 mm, 0,8 mm, 1 mm<\/li>\n<li><span class=\"param-name\">Mindestbestellmenge:<\/span> 300 laufende Meter<\/li>\n<li><span class=\"param-name\">L\u00e4nge der Rolle:<\/span> 20-30m\/Rolle<\/li>\n<li><span class=\"param-name\">Lieferzeiten:<\/span> 15-20 Tage<\/li>\n<li><span class=\"param-name\">Breite:<\/span> 54\u2033, 137cm<\/li>\n<li><span class=\"param-name\">Produktionskapazit\u00e4t:<\/span> 1.000.000 Meter monatlich<\/li>\n<\/ul>\n<\/section>\n<section id=\"features\">\n<h2>Produktmerkmale<\/h2>\n<div class=\"feature-item\">\n<img decoding=\"async\" alt=\"MaterialWildleder Wasserdichtes SprayMikrofaserLeder Markenname WINIW Company Factory Gro\u00dfhandel PVC Leder HerstellerBreite 54\" class=\"feature-image left\" src=\"\/wp-content\/uploads\/2025\/08\/soild-color-vegan-microfiber-leather-for-mary-janes-shoe-lining-30168.jpg\"\/><\/p>\n<h3>Material <strong>Wildleder Impr\u00e4gnierspray<\/strong> MikrofaserLeder Markenname WINIW Company Factory Gro\u00dfhandel PVC Leder HerstellerBreite 54\u2033; 1<\/h3>\n<p>Material <strong>Wildleder Impr\u00e4gnierspray<\/strong> MicrofiberLeather Markenname WINIW Company Factory Wholesale PVC Leather ManufacturersWidth 54\u2033; 1.37m Color Red, Black,Brown, Green,accept customize Feature Wear resistant, Waterproof, Anti-Mildew, Flexible Thickness 0.6mm-2.0mm Place of Origin China Customized Yes Delivery time Usually within 15 - 25 days.<\/p>\n<div class=\"clear\"><\/div>\n<\/div>\n<div class=\"feature-item\">\n<img decoding=\"async\" alt=\"MOQ 300 Meter Verpackungsdetails 30\/50 Meter pro Rolle\" class=\"feature-image left\" src=\"\/wp-content\/uploads\/2025\/08\/soild-color-vegan-microfiber-leather-for-mary-janes-shoe-lining-30169.jpg\"\/><\/p>\n<h3>MOQ 300 Meter Verpackungsdetails 30\/50 Meter pro Rolle<\/h3>\n<p>MOQ 300 Meter Verpackung Details 30\/50 Meter pro Rolle. Oder kundenspezifisch Produktionskapazit\u00e4t 1.000.000 Meter monatlich Produktmerkmal Die definierenden Eigenschaften unseres Soild Color Vegan Microfiber Leather for Mary Janes Shoe Lining unterstreichen WINIW Company Factory Wholesale PVC Leather Manufacturersfactory's Expertise in der Herstellung von hochwertigen, nachhaltigen Materialien.<\/p>\n<div class=\"clear\"><\/div>\n<\/div>\n<div class=\"feature-item\">\n<img decoding=\"async\" alt=\"Unser Mikrofaser-Leder ist au\u00dfergew\u00f6hnlich atmungsaktiv und sorgt f\u00fcr ein effektives Feuchtigkeitsmanagement, sodass die F\u00fc\u00dfe den ganzen Tag \u00fcber k\u00fchl und trocken bleiben.\" class=\"feature-image left\" src=\"\/wp-content\/uploads\/2025\/08\/soild-color-vegan-microfiber-leather-for-mary-janes-shoe-lining-30170.jpg\"\/><\/p>\n<h3>Unser Mikrofaser-Leder ist au\u00dfergew\u00f6hnlich atmungsaktiv und sorgt f\u00fcr ein effektives Feuchtigkeitsmanagement, sodass die F\u00fc\u00dfe den ganzen Tag \u00fcber k\u00fchl und trocken bleiben.<\/h3>\n<p>Unser Mikrofaser-Leder zeichnet sich durch eine au\u00dfergew\u00f6hnliche Atmungsaktivit\u00e4t aus, die ein effektives Feuchtigkeitsmanagement erm\u00f6glicht und die F\u00fc\u00dfe den ganzen Tag \u00fcber k\u00fchl und trocken h\u00e4lt. Sein <strong>Wasserdichtes Leder Stoff Odmhsas<\/strong> Die ultrasofte Haptik wird durch eine sorgf\u00e4ltige Verarbeitung erreicht, die das Trageerlebnis insgesamt verbessert.<\/p>\n<div class=\"clear\"><\/div>\n<\/div>\n<div class=\"feature-item\">\n<img decoding=\"async\" alt=\"Dar\u00fcber hinaus ist dieses Material \u00e4u\u00dferst strapazierf\u00e4hig und h\u00e4lt den t\u00e4glichen Beanspruchungen stand, ohne dabei an Flexibilit\u00e4t oder Komfort einzub\u00fc\u00dfen.\" class=\"feature-image left\" src=\"\/wp-content\/uploads\/2025\/08\/soild-color-vegan-microfiber-leather-for-mary-janes-shoe-lining-30171.jpg\"\/><\/p>\n<h3>Dar\u00fcber hinaus ist dieses Material \u00e4u\u00dferst strapazierf\u00e4hig und h\u00e4lt den t\u00e4glichen Beanspruchungen stand, ohne dabei an Flexibilit\u00e4t oder Komfort einzub\u00fc\u00dfen.<\/h3>\n<p>Dar\u00fcber hinaus ist dieses Material sehr strapazierf\u00e4hig und h\u00e4lt den Strapazen des t\u00e4glichen Gebrauchs stand, ohne an Flexibilit\u00e4t oder Komfort einzub\u00fc\u00dfen. WINIW Company Factory Gro\u00dfhandel PVC-Leder HerstellerHersteller Engagement f\u00fcr Pr\u00e4zision gew\u00e4hrleistet, dass jede Charge strengen Standards der Konsistenz in der Dicke, Textur und Farbe Lebendigkeit erf\u00fcllt.<\/p>\n<div class=\"clear\"><\/div>\n<\/div>\n<div class=\"feature-item\">\n<h3>Dar\u00fcber hinaus ist unser veganes Mikrofaserleder umweltfreundlich und wird ohne Sch\u00e4digung von Tieren oder der Umwelt hergestellt, was es zu einer bewussten Wahl f\u00fcr Marken und Verbraucher gleicherma\u00dfen macht.<\/h3>\n<p>Dar\u00fcber hinaus ist unser veganes Mikrofaserleder umweltfreundlich und wird ohne Tier- oder Umweltsch\u00e4den hergestellt, was es zu einer bewussten Wahl f\u00fcr Marken und Verbraucher gleicherma\u00dfen macht. Sein geringes Gewicht tr\u00e4gt auch zu geringeren Versandkosten und Umweltauswirkungen bei und entspricht damit den heutigen Anforderungen an nachhaltige Mode.<\/p>\n<div class=\"clear\"><\/div>\n<\/div>\n<div class=\"feature-item\">\n<img decoding=\"async\" alt=\"Hohe Rei\u00dffestigkeit - Ultrasuede Mikrofaser-Kunstleder f\u00fcr Fahrradhandschuhe\" class=\"feature-image left\" src=\"\/wp-content\/uploads\/2025\/08\/07mm-ultrasuede-microfiber-faux-leather-for-cycling-gloves--37882.jpg\"\/><\/p>\n<h3>Hohe Rei\u00dffestigkeit<\/h3>\n<p>Unser Ultrasuede-Mikrofaserleder zeichnet sich durch eine au\u00dfergew\u00f6hnliche Rei\u00dffestigkeit aus, so dass es unter Belastung nicht bricht oder sich leicht verformt. Dies macht es ideal f\u00fcr Produkte, die Haltbarkeit und langfristige Leistung erfordern.<\/p>\n<div class=\"clear\"><\/div>\n<\/div>\n<div class=\"feature-item\">\n<img decoding=\"async\" alt=\"Formstabilit\u00e4t - Ultrasuede Mikrofaser-Kunstleder f\u00fcr Fahrradhandschuhe\" class=\"feature-image right\" src=\"\/wp-content\/uploads\/2025\/08\/07mm-ultrasuede-microfiber-faux-leather-for-cycling-gloves--37883.jpg\"\/><\/p>\n<h3>Nicht leicht zu verformen<\/h3>\n<p>Dieses Material wurde speziell behandelt, um seine urspr\u00fcngliche Form zu erhalten, und bietet eine hervorragende Elastizit\u00e4t und Stabilit\u00e4t. Es widersteht Verformungen durch \u00e4u\u00dferen Druck oder Dehnung, so dass die Produkte langfristig intakt und attraktiv bleiben.<\/p>\n<div class=\"clear\"><\/div>\n<\/div>\n<div class=\"feature-item\">\n<img decoding=\"async\" alt=\"Strapazierf\u00e4higkeit - Ultrasuede Microfiber Faux Leather f\u00fcr Fahrradhandschuhe\" class=\"feature-image left\" src=\"\/wp-content\/uploads\/2025\/08\/07mm-ultrasuede-microfiber-faux-leather-for-cycling-gloves--37884.jpg\"\/><\/p>\n<h3>Dauerhaftigkeit<\/h3>\n<p>Dieses Material ist extrem widerstandsf\u00e4hig gegen Abrieb, Risse und Einstiche und sorgt daf\u00fcr, dass die Handschuhe auch bei l\u00e4ngerem Gebrauch in bestem Zustand bleiben. Au\u00dferdem bietet es eine hervorragende Fingerfertigkeit und Festigkeit f\u00fcr hochwertige Lederwaren.<\/p>\n<div class=\"clear\"><\/div>\n<\/div>\n<\/section>\n<section id=\"usage\">\n<h2>Verwendung und Anwendungen<\/h2>\n<p><img fetchpriority=\"high\" decoding=\"async\" alt=\"Mikrofaserleder f\u00fcr Schuhfutter\" height=\"423\" src=\"\/wp-content\/uploads\/2025\/08\/soild-color-vegan-microfiber-leather-for-mary-janes-shoe-lining-30167.jpg\" width=\"1418\"\/><\/p>\n<div class=\"usage-point\">\n<h3>Die <strong>Second Hand Ledertaschen<\/strong> Soild Color Vegan Microfiber Leather crafted by WINIW Company Factory Wholesale PVC Leather Manufacturersfactory steht als Zeugnis f\u00fcr unser Engagement f\u00fcr Innovation und Nachhaltigkeit in der Lederindustrie<\/h3>\n<p>Die <strong>Second Hand Ledertaschen<\/strong> Soild Color Vegan Microfiber Leather crafted by WINIW Company Factory Wholesale PVC Leather Manufacturersfactory steht als Zeugnis f\u00fcr unser Engagement f\u00fcr Innovation und Nachhaltigkeit in der Lederindustrie.<\/p>\n<\/div>\n<div class=\"usage-point\">\n<h3>Als f\u00fchrender WINIW Company Factory Wholesale PVC Leather ManufacturersHersteller haben wir dieses Material sorgf\u00e4ltig entwickelt, um die Textur und Eleganz von traditionellem Leder zu emulieren und gleichzeitig die veganen Prinzipien einzuhalten<\/h3>\n<p>Als f\u00fchrender WINIW Company Factory Wholesale PVC Leather ManufacturersHersteller, entwickeln wir dieses Material sorgf\u00e4ltig, um die Textur und Eleganz von traditionellem Leder zu emulieren, w\u00e4hrend wir uns an vegane Prinzipien halten.<\/p>\n<\/div>\n<div class=\"usage-point\">\n<h3>Unser <strong>Premium-Taschen aus veganem Leder<\/strong> Mikrofaserleder wurde speziell f\u00fcr die Verwendung in Schuhfutter entwickelt und bietet ein luxuri\u00f6ses Gef\u00fchl und unvergleichlichen Komfort f\u00fcr den Tr\u00e4ger<\/h3>\n<p>Unser <strong>Premium-Taschen aus veganem Leder<\/strong> Mikrofaserleder wurde speziell f\u00fcr die Verwendung in Schuhfutter entwickelt und bietet ein luxuri\u00f6ses Gef\u00fchl und unvergleichlichen Komfort f\u00fcr die Tr\u00e4gerin. Jede Rolle wird sorgf\u00e4ltig in kr\u00e4ftigen, leuchtenden Farben gef\u00e4rbt, die nicht verblassen, damit Ihre Mary Janes Schuhe ihr frisches, ansprechendes Aussehen \u00fcber lange Zeit behalten.<\/p>\n<\/div>\n<div class=\"usage-point\">\n<h3>Die nahtlose Integration von Spitzentechnologie und umweltbewussten Praktiken macht unser Mikrofaserleder zur idealen Wahl f\u00fcr modebewusste Marken und Designer, die Stil mit Verantwortung verbinden wollen. <\/h3>\n<p>Die nahtlose Integration von Spitzentechnologie und umweltbewussten Praktiken macht unser Mikrofaserleder zur idealen Wahl f\u00fcr modebewusste Marken und Designer, die Stil mit Verantwortung verbinden wollen.<\/p>\n<\/div>\n<div class=\"usage-point\">\n<h3>Bequem und atmungsaktiv<\/h3>\n<p>Dieses weiche, bequeme und hoch atmungsaktive Material eignet sich perfekt f\u00fcr Fahrradhandschuhe und andere Produkte, die \u00fcber einen l\u00e4ngeren Zeitraum getragen werden. Es h\u00e4lt die H\u00e4nde bei anstrengenden Aktivit\u00e4ten k\u00fchl und trocken.<\/p>\n<\/div>\n<div class=\"usage-point\">\n<h3>Umweltvertr\u00e4glich und nachhaltig<\/h3>\n<p>Unser Ultrasuede-Mikrofaser-Kunstleder umfasst umweltfreundliche Optionen, wie z. B. Varianten aus recyceltem PET und Materialien auf Pflanzenbasis, die die Umweltbelastung verringern und gleichzeitig verschiedene Texturen bieten.<\/p>\n<\/div>\n<div class=\"usage-point\">\n<h3>Antibakterieller Schutz und Schutz vor Staub<\/h3>\n<p>Ausgew\u00e4hlte Varianten verf\u00fcgen \u00fcber antibakterielle und staubabweisende Eigenschaften und erf\u00fcllen hohe Hygienestandards - ideal f\u00fcr Handschuhe, die strenge Qualit\u00e4ts- und Sicherheitskontrollen erfordern.<\/p>\n<\/div>\n<div class=\"usage-point\">\n<h3>Vielf\u00e4ltige Anwendungsszenarien<\/h3>\n<p>Neben Fahrradhandschuhen eignet es sich auch f\u00fcr Fingerhandschuhe, Sicherheitshandschuhe und verschiedene andere Handschuhtypen sowie f\u00fcr Schuhe, Kleidung und Zubeh\u00f6r.<\/p>\n<\/div>\n<p><img decoding=\"async\" alt=\"Anwendungen von 0,7mm Ultrasuede Mikrofaser-Kunstleder in verschiedenen Produkten\" class=\"product-image\" src=\"\/wp-content\/uploads\/2025\/08\/07mm-ultrasuede-microfiber-faux-leather-for-cycling-gloves--37885.jpg\"\/><br \/>\n<img decoding=\"async\" alt=\"Radsporthandschuhe aus Ultrasuede-Mikrofaserleder - Produktbeispiel\" class=\"product-image\" src=\"\/wp-content\/uploads\/2025\/08\/07mm-ultrasuede-microfiber-faux-leather-for-cycling-gloves--37886.jpg\"\/><br \/>\n<\/section>\n<section id=\"why-choose-us\">\n<h2>Warum WINIW w\u00e4hlen<\/h2>\n<div class=\"advantage-item\">\n<h3>Unser Vorteil<\/h3>\n<p>WINIW Company Factory Gro\u00dfhandel PVC Leder HerstellerFabrik Produkt Showcase<\/p>\n<\/div>\n<div class=\"advantage-item\">\n<h3>Qualit\u00e4tssicherung<\/h3>\n<p>Wir f\u00fchren w\u00e4hrend der gesamten Produktions- und Lieferkette strenge Qualit\u00e4tskontrollen durch und halten uns an die ISO9001-Normen. Von der Auswahl der Rohstoffe bis zur Endkontrolle stehen die Interessen unserer Kunden an erster Stelle.<\/p>\n<\/div>\n<div class=\"advantage-item\">\n<h3>Professionelles technisches Team<\/h3>\n<p>Unser spezialisiertes technisches Team besteht aus erfahrenen Fachleuten aus verschiedenen Bereichen, die sich der Lieferung hochwertiger Produkte und ma\u00dfgeschneiderter L\u00f6sungen verschrieben haben.<\/p>\n<\/div>\n<div class=\"advantage-item\">\n<h3>Breite Palette von Anwendungen<\/h3>\n<p>Unsere Materialien finden breite Anwendung in Schuhen, Kleidung, Gep\u00e4ck, Autoinnenr\u00e4umen, Sofam\u00f6beln und vielem mehr.<\/p>\n<\/div>\n<div class=\"advantage-item\">\n<h3>Reiche Erfahrung<\/h3>\n<p>Quanzhou WINIW Import &amp; Export Co, Ltd. verf\u00fcgt \u00fcber mehr als 20 Jahre Produktionserfahrung und bietet perfekte L\u00f6sungen f\u00fcr Kunden weltweit.<\/p>\n<\/div>\n<div class=\"advantage-item\">\n<h3>Erschwinglicher Preis<\/h3>\n<p>Wir bieten wettbewerbsf\u00e4hige Preise und einen hervorragenden Kundenservice. Fordern Sie einen Katalog an oder besuchen Sie unser Werk, um unsere Produkte kennenzulernen.<\/p>\n<\/div>\n<div class=\"advantage-item\">\n<h3>24-Stunden-Online-Kundendienst<\/h3>\n<p>Unser Team steht rund um die Uhr zur Verf\u00fcgung, um Anfragen zu beantworten und R\u00fcckmeldungen zeitnah zu bearbeiten.<\/p>\n<\/div>\n<p><img decoding=\"async\" alt=\"WINIW Produktionsst\u00e4tte - Herstellungsprozess von Ultrasuede-Mikrofaserleder\" class=\"product-image\" src=\"\/wp-content\/uploads\/2025\/08\/07mm-ultrasuede-microfiber-faux-leather-for-cycling-gloves--37888.jpg\"\/><br \/>\n<\/section>\n<p><\/main><\/p>\n<section id=\"inquiry\">\n<h2 style=\"text-align: center;\">Mit freundlichen Gr\u00fc\u00dfen erwarten wir Ihre Anfrage!<\/h2>\n<p style=\"text-align: center;\">Kontaktieren Sie uns noch heute, um mehr \u00fcber unsere Produkte zu erfahren und Ihre Bestellung aufzugeben.<\/p>\n<\/section>\n\n    <div class=\"xs_social_share_widget xs_share_url after_content \t\tmain_content  wslu-style-1 wslu-share-box-shaped wslu-fill-colored wslu-none wslu-share-horizontal wslu-theme-font-no wslu-main_content\">\n\n\t\t\n        <ul>\n\t\t\t        <\/ul>\n    <\/div>","protected":false},"excerpt":{"rendered":"<div class=\"product-short-description\">Microfiber Shoe Lining Leather Soild Color Vegan Microfiber Leather For Mary Janes Shoe Lining WINIW Soild Color Vegan Microfiber Leather For Mary Janes Shoe Lining Key features include MicrofiberLeather, WINIW, Width.Ideal f\u00fcr alle, die Qualit\u00e4t und Zuverl\u00e4ssigkeit suchen.<\/p>\n<p>Als direkte Fabrik, Hersteller und Gro\u00dfh\u00e4ndler k\u00f6nnen wir den Produktionsprozess streng kontrollieren, um die Produktqualit\u00e4t zu gew\u00e4hrleisten und Ihnen die g\u00fcnstigsten Preise zu bieten. Wir verf\u00fcgen \u00fcber fortschrittliche Produktionsanlagen und ein professionelles technisches Team, um Ihren Bedarf an Gro\u00dfauftr\u00e4gen zu decken und eine p\u00fcnktliche Lieferung zu gew\u00e4hrleisten.<\/p>\n<\/div>","protected":false},"featured_media":3383,"template":"","meta":[],"product_brand":[],"product_cat":[210],"product_tag":[],"class_list":{"0":"post-28958","1":"product","2":"type-product","3":"status-publish","4":"has-post-thumbnail","6":"product_cat-microfiber-shoe-lining-leather","8":"first","9":"instock","10":"product-type-simple"},"_links":{"self":[{"href":"https:\/\/www.eco-leather.com\/de\/wp-json\/wp\/v2\/product\/28958","targetHints":{"allow":["GET"]}}],"collection":[{"href":"https:\/\/www.eco-leather.com\/de\/wp-json\/wp\/v2\/product"}],"about":[{"href":"https:\/\/www.eco-leather.com\/de\/wp-json\/wp\/v2\/types\/product"}],"wp:featuredmedia":[{"embeddable":true,"href":"https:\/\/www.eco-leather.com\/de\/wp-json\/wp\/v2\/media\/3383"}],"wp:attachment":[{"href":"https:\/\/www.eco-leather.com\/de\/wp-json\/wp\/v2\/media?parent=28958"}],"wp:term":[{"taxonomy":"product_brand","embeddable":true,"href":"https:\/\/www.eco-leather.com\/de\/wp-json\/wp\/v2\/product_brand?post=28958"},{"taxonomy":"product_cat","embeddable":true,"href":"https:\/\/www.eco-leather.com\/de\/wp-json\/wp\/v2\/product_cat?post=28958"},{"taxonomy":"product_tag","embeddable":true,"href":"https:\/\/www.eco-leather.com\/de\/wp-json\/wp\/v2\/product_tag?post=28958"}],"curies":[{"name":"wp","href":"https:\/\/api.w.org\/{rel}","templated":true}]}}