{"id":28950,"date":"2025-09-07T10:59:07","date_gmt":"2025-09-07T02:59:07","guid":{"rendered":"https:\/\/www.eco-leather.com\/product\/1-6-bright-appearance-synthetic-microfiber-material-for-back-to-school-shoes\/"},"modified":"2025-09-07T10:59:11","modified_gmt":"2025-09-07T02:59:11","slug":"1-6-helles-aussehen-synthetische-mikrofaser-material-fur-zuruck-zu-schule-schuhe","status":"publish","type":"product","link":"https:\/\/www.eco-leather.com\/de\/1-6-helles-aussehen-synthetische-mikrofaser-material-fur-zuruck-zu-schule-schuhe\/","title":{"rendered":"1.6 Bright Appearance Synthetische Mikrofaser Material f\u00fcr Back-to-School-Schuhe"},"content":{"rendered":"<h2>Kunstleder (22).jpg<\/h2>\n<p><main><\/p>\n<section id=\"product-overview\">\n<h2>Beschreibung des Produkts<\/h2>\n<p>Produkt <strong>Materiall\u00f6sung f\u00fcr Autositze<\/strong> Einf\u00fchrung<\/p>\n<p>Diese <strong>Wei\u00dfes Kleid Material Meesho<\/strong> Mikrofaser-Variante kombiniert eine gl\u00e4nzende Oberfl\u00e4che mit UV-stabilisierten Pigmenten, um die Farbintensit\u00e4t zu erhalten. Die glatte Oberfl\u00e4che reflektiert das Licht f\u00fcr einen hochwertigen Look, w\u00e4hrend die darunter liegenden elastischen Fasern f\u00fcr Flexibilit\u00e4t sorgen.<\/p>\n<p>Erh\u00e4ltlich in neonfarbenen Akzenten, metallischem Glanz und unifarbenen, leuchtenden T\u00f6nen, deckt er sowohl trendige als auch klassische Schulschuhdesigns ab. 1. Lebendige, ausbleichsichere Farben UV-best\u00e4ndige Pigmente bewahren die Helligkeit auch nach l\u00e4ngerer Sonneneinstrahlung.<\/p>\n<p>2. Glatte, moderne \u00c4sthetik Die gl\u00e4nzende Oberfl\u00e4che erh\u00f6ht die visuelle Attraktivit\u00e4t von Schulschuhen.<\/p>\n<p>Unser 0,7 mm starkes Ultrasuede Microfiber Faux Leather wird aus hochwertigen Mikrofasermaterialien hergestellt und ist die perfekte Wahl f\u00fcr Fahrradhandschuhe. Es bietet ein ausgewogenes Verh\u00e4ltnis zwischen Flexibilit\u00e4t und St\u00e4rke, au\u00dfergew\u00f6hnliche Atmungsaktivit\u00e4t und feuchtigkeitsableitende Eigenschaften, damit die H\u00e4nde bei intensiven Fahrten k\u00fchl und trocken bleiben.<\/p>\n<p>Ob Sie nun ein professioneller Radfahrer oder ein Freizeitradler sind, Microfiber Leather bietet unschlagbaren Komfort und Schutz. Seine hohe Widerstandsf\u00e4higkeit gegen Abrieb und Risse sorgt f\u00fcr eine lang anhaltende Leistung, w\u00e4hrend das elegante Design einen raffinierten Touch zu jedem Biker-Ensemble hinzuf\u00fcgt.<\/p>\n<\/section>\n<section id=\"specifications\">\n<h2>Technische Parameter<\/h2>\n<p>Produkt <strong>Schuhe Futtermaterial<\/strong> Spezifikation<\/p>\n<p><img decoding=\"async\" alt=\"0.7mm Ultrasuede Mikrofaser Kunstleder f\u00fcr Radsporthandschuhe - Materialspezifikation\" class=\"product-image\" src=\"\/wp-content\/uploads\/2025\/08\/07mm-ultrasuede-microfiber-faux-leather-for-cycling-gloves--37881.jpg\"\/><\/p>\n<h3>Produkt-Parameter<\/h3>\n<ul class=\"parameters-list\">\n<li><span class=\"param-name\">Material:<\/span> Mikrofaser + PU<\/li>\n<li><span class=\"param-name\">Farbe:<\/span> Schwarz, Grau, Beige (benutzerdefinierte Farben verf\u00fcgbar)<\/li>\n<li><span class=\"param-name\">Die Dicke:<\/span> 0,6 mm, 0,7 mm, 0,8 mm, 1 mm<\/li>\n<li><span class=\"param-name\">Mindestbestellmenge:<\/span> 300 laufende Meter<\/li>\n<li><span class=\"param-name\">L\u00e4nge der Rolle:<\/span> 20-30m\/Rolle<\/li>\n<li><span class=\"param-name\">Lieferzeiten:<\/span> 15-20 Tage<\/li>\n<li><span class=\"param-name\">Breite:<\/span> 54\u2033, 137cm<\/li>\n<li><span class=\"param-name\">Produktionskapazit\u00e4t:<\/span> 1.000.000 Meter monatlich<\/li>\n<\/ul>\n<\/section>\n<section id=\"features\">\n<h2>Produktmerkmale<\/h2>\n<div class=\"feature-item\">\n<img decoding=\"async\" class=\"feature-image left\" src=\"\/wp-content\/uploads\/2025\/08\/16-bright-appearance-synthetic-microfiber-material-for-back-to-school-shoes-30103.jpg\"\/>\" alt=\"WINIW <strong>Wasserdichtes Leder Material Service<\/strong> Company Factory Wholesale Vegan Leather ManufacturersBright Appearance Synthetic Microfiber material is designed to make school shoes stand out with vibrant, fade-resistant colors\"&gt;<\/p>\n<h3>WINIW <strong>Wasserdichtes Leder Material Service<\/strong> Company Factory Wholesale Vegan Leather ManufacturersBright Appearance Synthetic Microfiber Material ist entworfen, um Schulschuhe mit lebendigen, verblassen-resistenten Farben abheben<\/h3>\n<p>WINIW <strong>Wasserdichtes Leder Material Service<\/strong> Company Factory Wholesale Vegan Leather ManufacturersBright Appearance Synthetic Microfiber Material wurde entwickelt, um Schulschuhe mit leuchtenden, ausbleichsicheren Farben hervorstechen zu lassen.<\/p>\n<div class=\"clear\"><\/div>\n<\/div>\n<div class=\"feature-item\">\n<img decoding=\"async\" alt=\"Diese hochgl\u00e4nzende Mikrofasermischung verwendet optisch verst\u00e4rkende Pigmente, um ein markantes, auff\u00e4lliges Finish zu erzeugen und gleichzeitig die Haltbarkeit synthetischer Materialien zu erhalten.\" class=\"feature-image left\" src=\"\/wp-content\/uploads\/2025\/08\/16-bright-appearance-synthetic-microfiber-material-for-back-to-school-shoes-30104.jpg\"\/><\/p>\n<h3>Diese hochgl\u00e4nzende Mikrofasermischung verwendet optisch verst\u00e4rkende Pigmente, um ein markantes, auff\u00e4lliges Finish zu erzeugen und gleichzeitig die Haltbarkeit synthetischer Materialien zu erhalten.<\/h3>\n<p>Diese hochgl\u00e4nzende Mikrofasermischung verwendet optisch verst\u00e4rkende Pigmente, um ein markantes, auff\u00e4lliges Finish zu erzielen und gleichzeitig die Haltbarkeit synthetischer Materialien zu erhalten. Perfekt <strong>Wasserdichtes Sofamaterial in der N\u00e4he<\/strong> Das Material ist resistent gegen das Ausbleichen durch Sonnenlicht und Waschen und sorgt daf\u00fcr, dass die Farben das ganze Schuljahr \u00fcber lebendig bleiben.<\/p>\n<div class=\"clear\"><\/div>\n<\/div>\n<div class=\"feature-item\">\n<img decoding=\"async\" class=\"feature-image left\" src=\"\/wp-content\/uploads\/2025\/08\/16-bright-appearance-synthetic-microfiber-material-for-back-to-school-shoes-30105.jpg\">\" alt=\"Seine leichte Konstruktion verbessert die Beweglichkeit und macht ihn zum idealen Sport- oder Freizeitschuh\"&gt;.<\/p>\n<h3>Seine leichte Konstruktion verbessert die Beweglichkeit und macht ihn zum idealen Sportschuh oder Freizeit-Sneaker.<\/h3>\n<p>Sein geringes Gewicht verbessert die Beweglichkeit und macht ihn zum idealen Schuh f\u00fcr Sport- und Freizeittouren. Material <strong>Wasserdichtes Sofa Material nach Ma\u00df<\/strong> MicrofiberLeather Markenname WINIW Company Factory Gro\u00dfhandel Vegan Leder HerstellerBreite 54\u2033;<\/p>\n<div class=\"clear\"><\/div>\n<p><\/img><\/div>\n<div class=\"feature-item\">\n<img decoding=\"async\" alt=\"1\" class=\"feature-image left\" src=\"\/wp-content\/uploads\/2025\/08\/16-bright-appearance-synthetic-microfiber-material-for-back-to-school-shoes-30106.jpg\"\/><\/p>\n<h3>1<\/h3>\n<p>1.37m Farbe Rot, Schwarz, Braun, Gr\u00fcn, kann angepasst werden Eigenschaft Verschlei\u00dffest, Wasserdicht, Anti-Schimmel, Flexibel Dicke 0.6mm-2.0mm Herkunftsland China Kundenspezifisch Ja Lieferzeit Normalerweise innerhalb von 15 - 25 Tagen.<\/p>\n<div class=\"clear\"><\/div>\n<\/div>\n<div class=\"feature-item\">\n<img decoding=\"async\" alt=\"MOQ 300 Meter Verpackungsdetails 30\/50 Meter pro Rolle\" class=\"feature-image left\" src=\"\/wp-content\/uploads\/2025\/08\/16-bright-appearance-synthetic-microfiber-material-for-back-to-school-shoes-30107.jpg\"\/><\/p>\n<h3>MOQ 300 Meter Verpackungsdetails 30\/50 Meter pro Rolle<\/h3>\n<p>MOQ 300 Meter Verpackungsdetails 30\/50 Meter pro Rolle. Oder kundenspezifisch Produktionskapazit\u00e4t 1.000.000 Meter monatlich Produktmerkmal<\/p>\n<div class=\"clear\"><\/div>\n<\/div>\n<div class=\"feature-item\">\n<img decoding=\"async\" alt=\"Hohe Rei\u00dffestigkeit - Ultrasuede Mikrofaser-Kunstleder f\u00fcr Fahrradhandschuhe\" class=\"feature-image left\" src=\"\/wp-content\/uploads\/2025\/08\/07mm-ultrasuede-microfiber-faux-leather-for-cycling-gloves--37882.jpg\"\/><\/p>\n<h3>Hohe Rei\u00dffestigkeit<\/h3>\n<p>Unser Ultrasuede-Mikrofaserleder zeichnet sich durch eine au\u00dfergew\u00f6hnliche Rei\u00dffestigkeit aus, so dass es unter Belastung nicht bricht oder sich leicht verformt. Dies macht es ideal f\u00fcr Produkte, die Haltbarkeit und langfristige Leistung erfordern.<\/p>\n<div class=\"clear\"><\/div>\n<\/div>\n<div class=\"feature-item\">\n<img decoding=\"async\" alt=\"Formstabilit\u00e4t - Ultrasuede Mikrofaser-Kunstleder f\u00fcr Fahrradhandschuhe\" class=\"feature-image right\" src=\"\/wp-content\/uploads\/2025\/08\/07mm-ultrasuede-microfiber-faux-leather-for-cycling-gloves--37883.jpg\"\/><\/p>\n<h3>Nicht leicht zu verformen<\/h3>\n<p>Dieses Material wurde speziell behandelt, um seine urspr\u00fcngliche Form zu erhalten, und bietet eine hervorragende Elastizit\u00e4t und Stabilit\u00e4t. Es widersteht Verformungen durch \u00e4u\u00dferen Druck oder Dehnung, so dass die Produkte langfristig intakt und attraktiv bleiben.<\/p>\n<div class=\"clear\"><\/div>\n<\/div>\n<div class=\"feature-item\">\n<img decoding=\"async\" alt=\"Strapazierf\u00e4higkeit - Ultrasuede Microfiber Faux Leather f\u00fcr Fahrradhandschuhe\" class=\"feature-image left\" src=\"\/wp-content\/uploads\/2025\/08\/07mm-ultrasuede-microfiber-faux-leather-for-cycling-gloves--37884.jpg\"\/><\/p>\n<h3>Dauerhaftigkeit<\/h3>\n<p>Dieses Material ist extrem widerstandsf\u00e4hig gegen Abrieb, Risse und Einstiche und sorgt daf\u00fcr, dass die Handschuhe auch bei l\u00e4ngerem Gebrauch in bestem Zustand bleiben. Au\u00dferdem bietet es eine hervorragende Fingerfertigkeit und Festigkeit f\u00fcr hochwertige Lederwaren.<\/p>\n<div class=\"clear\"><\/div>\n<\/div>\n<\/section>\n<p><\/main><\/p>\n<section id=\"inquiry\">\n<h2 style=\"text-align: center;\">Mit freundlichen Gr\u00fc\u00dfen erwarten wir Ihre Anfrage!<\/h2>\n<p style=\"text-align: center;\">Kontaktieren Sie uns noch heute, um mehr \u00fcber unsere Produkte zu erfahren und Ihre Bestellung aufzugeben.<\/p>\n<\/section>\n\n    <div class=\"xs_social_share_widget xs_share_url after_content \t\tmain_content  wslu-style-1 wslu-share-box-shaped wslu-fill-colored wslu-none wslu-share-horizontal wslu-theme-font-no wslu-main_content\">\n\n\t\t\n        <ul>\n\t\t\t        <\/ul>\n    <\/div>","protected":false},"excerpt":{"rendered":"<div class=\"product-short-description\">Shoe Leather 1.6 Bright Appearance Synthetic Microfiber material for back-to-school shoes WINIW 1.6 Bright Appearance Synthetic Microfiber material for back-to-school shoes Key features include MicrofiberLeather, WINIW, Width.Ideal f\u00fcr alle, die Qualit\u00e4t und Zuverl\u00e4ssigkeit suchen.<\/p>\n<p>Als direkte Fabrik, Hersteller und Gro\u00dfh\u00e4ndler k\u00f6nnen wir den Produktionsprozess streng kontrollieren, um die Produktqualit\u00e4t zu gew\u00e4hrleisten und Ihnen die g\u00fcnstigsten Preise zu bieten. Wir verf\u00fcgen \u00fcber fortschrittliche Produktionsanlagen und ein professionelles technisches Team, um Ihren Bedarf an Gro\u00dfauftr\u00e4gen zu decken und eine p\u00fcnktliche Lieferung zu gew\u00e4hrleisten.<\/p>\n<\/div>","protected":false},"featured_media":3351,"template":"","meta":[],"product_brand":[],"product_cat":[204],"product_tag":[],"class_list":{"0":"post-28950","1":"product","2":"type-product","3":"status-publish","4":"has-post-thumbnail","6":"product_cat-shoe-leather","8":"first","9":"instock","10":"product-type-simple"},"_links":{"self":[{"href":"https:\/\/www.eco-leather.com\/de\/wp-json\/wp\/v2\/product\/28950","targetHints":{"allow":["GET"]}}],"collection":[{"href":"https:\/\/www.eco-leather.com\/de\/wp-json\/wp\/v2\/product"}],"about":[{"href":"https:\/\/www.eco-leather.com\/de\/wp-json\/wp\/v2\/types\/product"}],"wp:featuredmedia":[{"embeddable":true,"href":"https:\/\/www.eco-leather.com\/de\/wp-json\/wp\/v2\/media\/3351"}],"wp:attachment":[{"href":"https:\/\/www.eco-leather.com\/de\/wp-json\/wp\/v2\/media?parent=28950"}],"wp:term":[{"taxonomy":"product_brand","embeddable":true,"href":"https:\/\/www.eco-leather.com\/de\/wp-json\/wp\/v2\/product_brand?post=28950"},{"taxonomy":"product_cat","embeddable":true,"href":"https:\/\/www.eco-leather.com\/de\/wp-json\/wp\/v2\/product_cat?post=28950"},{"taxonomy":"product_tag","embeddable":true,"href":"https:\/\/www.eco-leather.com\/de\/wp-json\/wp\/v2\/product_tag?post=28950"}],"curies":[{"name":"wp","href":"https:\/\/api.w.org\/{rel}","templated":true}]}}