{"id":28896,"date":"2025-09-07T10:58:36","date_gmt":"2025-09-07T02:58:36","guid":{"rendered":"https:\/\/www.eco-leather.com\/product\/0-4mm-scratch-resistant-upholstery-leather-auto-seat-perforated-material\/"},"modified":"2025-09-07T10:58:43","modified_gmt":"2025-09-07T02:58:43","slug":"0-4mm-kratzfeste-polsterung-leder-auto-sitz-perforiert-material","status":"publish","type":"product","link":"https:\/\/www.eco-leather.com\/de\/0-4mm-kratzfeste-polsterung-leder-auto-sitz-perforiert-material\/","title":{"rendered":"0,4 mm kratzfestes Polsterleder f\u00fcr Autositze, perforiertes Material"},"content":{"rendered":"<h2>0.4mm Kratzfestes Polsterleder Autositz Perforiertes Material Herstellung<\/h2>\n<p><main><\/p>\n<section id=\"product-overview\">\n<h2>Beschreibung des Produkts<\/h2>\n<p>Produkt <strong>Materiall\u00f6sung f\u00fcr Autositze<\/strong> Beschreibung<\/p>\n<p>Einfach <strong>Kunstlederboxen China<\/strong> Unser kratzfestes Polsterleder ist einfach zu reinigen und zu pflegen und \u00fcberdauert den Test der Zeit. Seine Oberfl\u00e4che ist fleckenunempfindlich und kann mit einem milden Reinigungsmittel abgewischt werden, damit Ihr Innenraum jahrelang frisch und neu aussieht.<\/p>\n<p>R\u00fcsten Sie den Innenraum Ihres Fahrzeugs mit diesem hochmodernen perforierten Leder aus, und erleben Sie den ultimativen Luxus und die ultimative Zweckm\u00e4\u00dfigkeit in Ihrem Fahrzeug. Ganz gleich, ob Sie Ihr t\u00e4gliches Auto umgestalten oder ein Hochleistungsfahrzeug ausstatten, dieses Material wird das Gesamtambiente und das Fahrerlebnis auf jeden Fall aufwerten.<\/p>\n<p>Unser 0,7 mm starkes Ultrasuede Microfiber Faux Leather wird aus hochwertigen Mikrofasermaterialien hergestellt und ist die perfekte Wahl f\u00fcr Fahrradhandschuhe. Es bietet ein ausgewogenes Verh\u00e4ltnis zwischen Flexibilit\u00e4t und St\u00e4rke, au\u00dfergew\u00f6hnliche Atmungsaktivit\u00e4t und feuchtigkeitsableitende Eigenschaften, damit die H\u00e4nde bei intensiven Fahrten k\u00fchl und trocken bleiben.<\/p>\n<p>Ob Sie nun ein professioneller Radfahrer oder ein Freizeitradler sind, Microfiber Leather bietet unschlagbaren Komfort und Schutz. Seine hohe Widerstandsf\u00e4higkeit gegen Abrieb und Risse sorgt f\u00fcr eine lang anhaltende Leistung, w\u00e4hrend das elegante Design einen raffinierten Touch zu jedem Biker-Ensemble hinzuf\u00fcgt.<\/p>\n<\/section>\n<section id=\"specifications\">\n<h2>Technische Parameter<\/h2>\n<ul class_=\"parameters-list\">\n<li><span class=\"param-name\">Parameter <strong>Automobil LederSitze Service Hund<\/strong> Material:<\/span> Mikrofaser Leder. Farbe: wei\u00df, blau, rosa, kundenspezifische Farben. Dicke 0,6-2,0mm Mindestbestellmenge: 300 laufende Meter.<\/li>\n<li><span class=\"param-name\">L\u00e4nge der Rolle:<\/span> 20-30m\/Rolle Lieferzeit: 15-20 Tage. Breite: 54 , 137cm Produktionskapazit\u00e4t: 1.000.000 Meter monatlich.<\/li>\n<\/ul>\n<p><img decoding=\"async\" alt=\"0.7mm Ultrasuede Mikrofaser Kunstleder f\u00fcr Radsporthandschuhe - Materialspezifikation\" class=\"product-image\" src=\"\/wp-content\/uploads\/2025\/08\/07mm-ultrasuede-microfiber-faux-leather-for-cycling-gloves--37881.jpg\"\/><\/p>\n<h3>Produkt-Parameter<\/h3>\n<ul class=\"parameters-list\">\n<li><span class=\"param-name\">Material:<\/span> Mikrofaser + PU<\/li>\n<li><span class=\"param-name\">Farbe:<\/span> Schwarz, Grau, Beige (benutzerdefinierte Farben verf\u00fcgbar)<\/li>\n<li><span class=\"param-name\">Die Dicke:<\/span> 0,6 mm, 0,7 mm, 0,8 mm, 1 mm<\/li>\n<li><span class=\"param-name\">Mindestbestellmenge:<\/span> 300 laufende Meter<\/li>\n<li><span class=\"param-name\">L\u00e4nge der Rolle:<\/span> 20-30m\/Rolle<\/li>\n<li><span class=\"param-name\">Lieferzeiten:<\/span> 15-20 Tage<\/li>\n<li><span class=\"param-name\">Breite:<\/span> 54\u2033, 137cm<\/li>\n<li><span class=\"param-name\">Produktionskapazit\u00e4t:<\/span> 1.000.000 Meter monatlich<\/li>\n<\/ul>\n<\/section>\n<section id=\"features\">\n<h2>Produktmerkmale<\/h2>\n<div class=\"feature-item\">\n<img decoding=\"async\" alt=\"Wir stellen vorWildleder Wasserdichtes Sprayour premium 0\" class=\"feature-image left\" src=\"\/wp-content\/uploads\/2025\/08\/04mm-scratch-resistant-upholstery-leather-auto-seat-perforated-material-29712.jpg\"\/><\/p>\n<h3>Wir stellen vor: <strong>Wildleder Impr\u00e4gnierspray<\/strong> unsere Pr\u00e4mie 0<\/h3>\n<p>Wir stellen vor: <strong>Wildleder Impr\u00e4gnierspray<\/strong> unser hochwertiges, kratzfestes 0,4 mm starkes Polsterleder f\u00fcr Autositze, das sorgf\u00e4ltig f\u00fcr eine Kombination aus Stil, Haltbarkeit und unvergleichlichem Komfort hergestellt wird.<\/p>\n<div class=\"clear\"><\/div>\n<\/div>\n<div class=\"feature-item\">\n<img decoding=\"async\" alt=\"Dieses perforierte Material wurde speziell f\u00fcr Fahrzeuginnenr\u00e4ume entwickelt und bietet einen luxuri\u00f6sen Touch, w\u00e4hrend es gleichzeitig maximale Atmungsaktivit\u00e4t und Luftzirkulation gew\u00e4hrleistet, selbst bei langen Fahrten\" class=\"feature-image left\" src=\"\/wp-content\/uploads\/2025\/08\/04mm-scratch-resistant-upholstery-leather-auto-seat-perforated-material-29713.jpg\"\/><\/p>\n<h3>Dieses perforierte Material wurde speziell f\u00fcr Fahrzeuginnenr\u00e4ume entwickelt und bietet einen luxuri\u00f6sen Touch, w\u00e4hrend es gleichzeitig maximale Atmungsaktivit\u00e4t und Luftzirkulation gew\u00e4hrleistet, selbst bei langen Fahrten<\/h3>\n<p>Dieses perforierte Material wurde speziell f\u00fcr die Innenausstattung von Fahrzeugen entwickelt und bietet einen luxuri\u00f6sen Touch, w\u00e4hrend es gleichzeitig maximale Atmungsaktivit\u00e4t und Luftzirkulation gew\u00e4hrleistet, selbst bei langen Fahrten. Die <strong>Wasserdichtes Faux Leatherman<\/strong> Die Dicke von 0,4 mm wurde sorgf\u00e4ltig ausgew\u00e4hlt, um ein perfektes Gleichgewicht zwischen Strapazierf\u00e4higkeit und Flexibilit\u00e4t zu erreichen. Sie sorgt f\u00fcr ein geschmeidiges Tragegef\u00fchl, das sich Ihrer K\u00f6rperform anpasst und eine individuelle Passform erm\u00f6glicht.<\/p>\n<div class=\"clear\"><\/div>\n<\/div>\n<div class=\"feature-item\">\n<img decoding=\"async\" alt=\"Die nat\u00fcrliche Weichheit des Leders in Verbindung mit seiner erh\u00f6hten Widerstandsf\u00e4higkeit gegen Kratzer und Schrammen macht es zur idealen Wahl f\u00fcr anspruchsvolle Fahrer, die das Beste f\u00fcr ihr Fahrzeug verlangen.\" class=\"feature-image left\" src=\"\/wp-content\/uploads\/2025\/08\/04mm-scratch-resistant-upholstery-leather-auto-seat-perforated-material-29714.jpg\"\/><\/p>\n<h3>Die nat\u00fcrliche Weichheit des Leders in Verbindung mit seiner erh\u00f6hten Widerstandsf\u00e4higkeit gegen Kratzer und Schrammen macht es zur idealen Wahl f\u00fcr anspruchsvolle Fahrer, die das Beste f\u00fcr ihr Fahrzeug verlangen.<\/h3>\n<p>Die nat\u00fcrliche Weichheit des Leders in Verbindung mit seiner erh\u00f6hten Widerstandsf\u00e4higkeit gegen Kratzer und Schrammen macht es zur idealen Wahl f\u00fcr anspruchsvolle Fahrer, die das Beste f\u00fcr ihr Fahrzeug verlangen.<\/p>\n<div class=\"clear\"><\/div>\n<\/div>\n<div class=\"feature-item\">\n<img decoding=\"async\" alt=\"Hohe Rei\u00dffestigkeit - Ultrasuede Mikrofaser-Kunstleder f\u00fcr Fahrradhandschuhe\" class=\"feature-image left\" src=\"\/wp-content\/uploads\/2025\/08\/07mm-ultrasuede-microfiber-faux-leather-for-cycling-gloves--37882.jpg\"\/><\/p>\n<h3>Hohe Rei\u00dffestigkeit<\/h3>\n<p>Unser Ultrasuede-Mikrofaserleder zeichnet sich durch eine au\u00dfergew\u00f6hnliche Rei\u00dffestigkeit aus, so dass es unter Belastung nicht bricht oder sich leicht verformt. Dies macht es ideal f\u00fcr Produkte, die Haltbarkeit und langfristige Leistung erfordern.<\/p>\n<div class=\"clear\"><\/div>\n<\/div>\n<div class=\"feature-item\">\n<img decoding=\"async\" alt=\"Formstabilit\u00e4t - Ultrasuede Mikrofaser-Kunstleder f\u00fcr Fahrradhandschuhe\" class=\"feature-image right\" src=\"\/wp-content\/uploads\/2025\/08\/07mm-ultrasuede-microfiber-faux-leather-for-cycling-gloves--37883.jpg\"\/><\/p>\n<h3>Nicht leicht zu verformen<\/h3>\n<p>Dieses Material wurde speziell behandelt, um seine urspr\u00fcngliche Form zu erhalten, und bietet eine hervorragende Elastizit\u00e4t und Stabilit\u00e4t. Es widersteht Verformungen durch \u00e4u\u00dferen Druck oder Dehnung, so dass die Produkte langfristig intakt und attraktiv bleiben.<\/p>\n<div class=\"clear\"><\/div>\n<\/div>\n<div class=\"feature-item\">\n<img decoding=\"async\" alt=\"Strapazierf\u00e4higkeit - Ultrasuede Microfiber Faux Leather f\u00fcr Fahrradhandschuhe\" class=\"feature-image left\" src=\"\/wp-content\/uploads\/2025\/08\/07mm-ultrasuede-microfiber-faux-leather-for-cycling-gloves--37884.jpg\"\/><\/p>\n<h3>Dauerhaftigkeit<\/h3>\n<p>Dieses Material ist extrem widerstandsf\u00e4hig gegen Abrieb, Risse und Einstiche und sorgt daf\u00fcr, dass die Handschuhe auch bei l\u00e4ngerem Gebrauch in bestem Zustand bleiben. Au\u00dferdem bietet es eine hervorragende Fingerfertigkeit und Festigkeit f\u00fcr hochwertige Lederwaren.<\/p>\n<div class=\"clear\"><\/div>\n<\/div>\n<\/section>\n<section id=\"usage\">\n<h2>Verwendung und Anwendungen<\/h2>\n<p><img decoding=\"async\" alt=\"Qualit\u00e4t Material Anwendung - Wei\u00dfes Kleid Material Meesho, Kleidungsst\u00fcck Leder Importiert\" data-mce-file-size=\"NaN\" data-mce-file-status=\"1\" height=\"auto\" jpg=\"\" src=\"\/wp-content\/uploads\/2025\/08\/04mm-scratch-resistant-upholstery-leather-auto-seat-perforated-material-29715.jpg\" width=\"auto\"\/><\/p>\n<div class=\"usage-point\">\n<h3>Gekonnt <strong>Kleidungsst\u00fcck Leder Importiert<\/strong> Die Polsterung aus hochwertigem Leder ist besonders kratzfest und sorgt daf\u00fcr, dass Ihre Sitze auch bei starker Beanspruchung und t\u00e4glicher Abnutzung ihr makelloses Aussehen bewahren.<\/h3>\n<p>Gekonnt <strong>Kleidungsst\u00fcck Leder Importiert<\/strong> Diese Polsterung aus hochwertigem Leder ist besonders kratzfest und sorgt daf\u00fcr, dass Ihre Sitze auch bei starker Beanspruchung und t\u00e4glicher Abnutzung ihr makelloses Aussehen behalten.<\/p>\n<\/div>\n<div class=\"usage-point\">\n<h3>Die sorgf\u00e4ltige Perforation sorgt nicht nur f\u00fcr ein modernes, sportliches Flair, sondern auch f\u00fcr ein effektives W\u00e4rme- und Feuchtigkeitsmanagement, das Sie bei warmem Wetter k\u00fchl und trocken h\u00e4lt.<\/h3>\n<p>Die sorgf\u00e4ltige Perforation sorgt nicht nur f\u00fcr ein modernes, sportliches Flair, sondern auch f\u00fcr ein effektives W\u00e4rme- und Feuchtigkeitsmanagement, das Sie bei warmem Wetter k\u00fchl und trocken h\u00e4lt.<\/p>\n<\/div>\n<div class=\"usage-point\">\n<h3>Bequem und atmungsaktiv<\/h3>\n<p>Dieses weiche, bequeme und hoch atmungsaktive Material eignet sich perfekt f\u00fcr Fahrradhandschuhe und andere Produkte, die \u00fcber einen l\u00e4ngeren Zeitraum getragen werden. Es h\u00e4lt die H\u00e4nde bei anstrengenden Aktivit\u00e4ten k\u00fchl und trocken.<\/p>\n<\/div>\n<div class=\"usage-point\">\n<h3>Umweltvertr\u00e4glich und nachhaltig<\/h3>\n<p>Unser Ultrasuede-Mikrofaser-Kunstleder umfasst umweltfreundliche Optionen, wie z. B. Varianten aus recyceltem PET und Materialien auf Pflanzenbasis, die die Umweltbelastung verringern und gleichzeitig verschiedene Texturen bieten.<\/p>\n<\/div>\n<div class=\"usage-point\">\n<h3>Antibakterieller Schutz und Schutz vor Staub<\/h3>\n<p>Ausgew\u00e4hlte Varianten verf\u00fcgen \u00fcber antibakterielle und staubabweisende Eigenschaften und erf\u00fcllen hohe Hygienestandards - ideal f\u00fcr Handschuhe, die strenge Qualit\u00e4ts- und Sicherheitskontrollen erfordern.<\/p>\n<\/div>\n<div class=\"usage-point\">\n<h3>Vielf\u00e4ltige Anwendungsszenarien<\/h3>\n<p>Neben Fahrradhandschuhen eignet es sich auch f\u00fcr Fingerhandschuhe, Sicherheitshandschuhe und verschiedene andere Handschuhtypen sowie f\u00fcr Schuhe, Kleidung und Zubeh\u00f6r.<\/p>\n<\/div>\n<p><img decoding=\"async\" alt=\"Anwendungen von 0,7mm Ultrasuede Mikrofaser-Kunstleder in verschiedenen Produkten\" class=\"product-image\" src=\"\/wp-content\/uploads\/2025\/08\/07mm-ultrasuede-microfiber-faux-leather-for-cycling-gloves--37885.jpg\"\/><br \/>\n<img decoding=\"async\" alt=\"Radsporthandschuhe aus Ultrasuede-Mikrofaserleder - Produktbeispiel\" class=\"product-image\" src=\"\/wp-content\/uploads\/2025\/08\/07mm-ultrasuede-microfiber-faux-leather-for-cycling-gloves--37886.jpg\"\/><br \/>\n<\/section>\n<p><\/main><\/p>\n<section id=\"inquiry\">\n<h2 style=\"text-align: center;\">Mit freundlichen Gr\u00fc\u00dfen erwarten wir Ihre Anfrage!<\/h2>\n<p style=\"text-align: center;\">Kontaktieren Sie uns noch heute, um mehr \u00fcber unsere Produkte zu erfahren und Ihre Bestellung aufzugeben.<\/p>\n<\/section>\n\n    <div class=\"xs_social_share_widget xs_share_url after_content \t\tmain_content  wslu-style-1 wslu-share-box-shaped wslu-fill-colored wslu-none wslu-share-horizontal wslu-theme-font-no wslu-main_content\">\n\n\t\t\n        <ul>\n\t\t\t        <\/ul>\n    <\/div>","protected":false},"excerpt":{"rendered":"<div class=\"product-short-description\">Autoleder 0.4mm Kratzfestes Polsterleder Autositz Perforiertes Material WINIW 0.4mm Kratzfestes Polsterleder Autositz Perforiertes Material Die wichtigsten Merkmale sind Ideal f\u00fcr diejenigen, die Qualit\u00e4t und Zuverl\u00e4ssigkeit suchen.<\/p>\n<p>Als direkte Fabrik, Hersteller und Gro\u00dfh\u00e4ndler k\u00f6nnen wir den Produktionsprozess streng kontrollieren, um die Produktqualit\u00e4t zu gew\u00e4hrleisten und Ihnen die g\u00fcnstigsten Preise zu bieten. Wir verf\u00fcgen \u00fcber fortschrittliche Produktionsanlagen und ein professionelles technisches Team, um Ihren Bedarf an Gro\u00dfauftr\u00e4gen zu decken und eine p\u00fcnktliche Lieferung zu gew\u00e4hrleisten.<\/p>\n<\/div>","protected":false},"featured_media":5370,"template":"","meta":[],"product_brand":[],"product_cat":[50],"product_tag":[18920],"class_list":{"0":"post-28896","1":"product","2":"type-product","3":"status-publish","4":"has-post-thumbnail","6":"product_cat-automotive-leather","7":"product_tag-genuine-leather-auto-seat-coversleather-auto-seat-covers-replacementcustom-leather-auto-seat-coversleather-auto-seat-covers-custom-fitleather-auto-seat-coversbest-leather-auto-seat-covers","9":"first","10":"instock","11":"product-type-simple"},"_links":{"self":[{"href":"https:\/\/www.eco-leather.com\/de\/wp-json\/wp\/v2\/product\/28896","targetHints":{"allow":["GET"]}}],"collection":[{"href":"https:\/\/www.eco-leather.com\/de\/wp-json\/wp\/v2\/product"}],"about":[{"href":"https:\/\/www.eco-leather.com\/de\/wp-json\/wp\/v2\/types\/product"}],"wp:featuredmedia":[{"embeddable":true,"href":"https:\/\/www.eco-leather.com\/de\/wp-json\/wp\/v2\/media\/5370"}],"wp:attachment":[{"href":"https:\/\/www.eco-leather.com\/de\/wp-json\/wp\/v2\/media?parent=28896"}],"wp:term":[{"taxonomy":"product_brand","embeddable":true,"href":"https:\/\/www.eco-leather.com\/de\/wp-json\/wp\/v2\/product_brand?post=28896"},{"taxonomy":"product_cat","embeddable":true,"href":"https:\/\/www.eco-leather.com\/de\/wp-json\/wp\/v2\/product_cat?post=28896"},{"taxonomy":"product_tag","embeddable":true,"href":"https:\/\/www.eco-leather.com\/de\/wp-json\/wp\/v2\/product_tag?post=28896"}],"curies":[{"name":"wp","href":"https:\/\/api.w.org\/{rel}","templated":true}]}}