{"id":28731,"date":"2025-09-07T10:57:10","date_gmt":"2025-09-07T02:57:10","guid":{"rendered":"https:\/\/www.eco-leather.com\/product\/best-automotive-upholstery-fabric-durable-eco-friendly-car-interiors\/"},"modified":"2025-09-07T10:57:16","modified_gmt":"2025-09-07T02:57:16","slug":"best-automotive-upholstery-fabric-durable-eco-friendly-car-interiors","status":"publish","type":"product","link":"https:\/\/www.eco-leather.com\/de\/best-automotive-upholstery-fabric-durable-eco-friendly-car-interiors\/","title":{"rendered":"Bester Autopolsterstoff Langlebiger, umweltfreundlicher Autoinnenraum"},"content":{"rendered":"<h2>Umweltfreundliches Automobilmaterial<\/h2>\n<p><main><\/p>\n<section id=\"product-overview\">\n<h2>Beschreibung des Produkts<\/h2>\n<p>Material <strong>Floraler Sofa-Stoff<\/strong> Einf\u00fchrung<\/p>\n<p>Unser <strong>Autoinnenraum Stoff Exporter<\/strong> Materialien bieten anpassbare Optionen in Bezug auf Dicke, Farbe und mehr. Klicken Sie unten und kontaktieren Sie uns sofort, um die endlosen M\u00f6glichkeiten zu erkunden.<\/p>\n<p>  Kontaktieren Sie uns  <\/p>\n<p>Unser 0,7 mm starkes Ultrasuede Microfiber Faux Leather wird aus hochwertigen Mikrofasermaterialien hergestellt und ist die perfekte Wahl f\u00fcr Fahrradhandschuhe. Es bietet ein ausgewogenes Verh\u00e4ltnis zwischen Flexibilit\u00e4t und St\u00e4rke, au\u00dfergew\u00f6hnliche Atmungsaktivit\u00e4t und feuchtigkeitsableitende Eigenschaften, damit die H\u00e4nde bei intensiven Fahrten k\u00fchl und trocken bleiben.<\/p>\n<p>Ob Sie nun ein professioneller Radfahrer oder ein Freizeitradler sind, Microfiber Leather bietet unschlagbaren Komfort und Schutz. Seine hohe Widerstandsf\u00e4higkeit gegen Abrieb und Risse sorgt f\u00fcr eine lang anhaltende Leistung, w\u00e4hrend das elegante Design einen raffinierten Touch zu jedem Biker-Ensemble hinzuf\u00fcgt.<\/p>\n<\/section>\n<section id=\"specifications\">\n<h2>Technische Parameter<\/h2>\n<p>Material <strong>Auto-Wildleder-Stoffe<\/strong> Spezifikation<\/p>\n<p><img decoding=\"async\" alt=\"0.7mm Ultrasuede Mikrofaser Kunstleder f\u00fcr Radsporthandschuhe - Materialspezifikation\" class=\"product-image\" src=\"\/wp-content\/uploads\/2025\/08\/07mm-ultrasuede-microfiber-faux-leather-for-cycling-gloves--37881.jpg\"\/><\/p>\n<h3>Produkt-Parameter<\/h3>\n<ul class=\"parameters-list\">\n<li><span class=\"param-name\">Material:<\/span> Mikrofaser + PU<\/li>\n<li><span class=\"param-name\">Farbe:<\/span> Schwarz, Grau, Beige (benutzerdefinierte Farben verf\u00fcgbar)<\/li>\n<li><span class=\"param-name\">Die Dicke:<\/span> 0,6 mm, 0,7 mm, 0,8 mm, 1 mm<\/li>\n<li><span class=\"param-name\">Mindestbestellmenge:<\/span> 300 laufende Meter<\/li>\n<li><span class=\"param-name\">L\u00e4nge der Rolle:<\/span> 20-30m\/Rolle<\/li>\n<li><span class=\"param-name\">Lieferzeiten:<\/span> 15-20 Tage<\/li>\n<li><span class=\"param-name\">Breite:<\/span> 54\u2033, 137cm<\/li>\n<li><span class=\"param-name\">Produktionskapazit\u00e4t:<\/span> 1.000.000 Meter monatlich<\/li>\n<\/ul>\n<\/section>\n<section id=\"features\">\n<h2>Produktmerkmale<\/h2>\n<div class=\"feature-item\">\n<img decoding=\"async\" alt=\"WINIWSofa Fabric Waterproof ImportCompany Factory Wholesale Leatherette Fabric Manufacturersautomotive upholstery fabric redefines excellence in car interiors, offering the ultimate blend of durability, comfort, and sustainability\" class=\"feature-image left\" src=\"\/wp-content\/uploads\/2025\/08\/best-automotive-upholstery-fabric-durable-eco-friendly-car-interiors-27835.jpg\"\/><\/p>\n<h3>WINIW <strong>Sofa Stoff Wasserdicht Import<\/strong> Company Factory Wholesale Leatherette Fabric Manufacturersautomotive upholstery fabric redefines excellence in car interiors, offering the ultimate blend of durability, comfort, and sustainability<\/h3>\n<p>WINIW <strong>Sofa Stoff Wasserdicht Import<\/strong> Company Factory Wholesale Leatherette Fabric Manufacturersautomotive upholstery fabric redefines excellence in car interiors, offering the ultimate blend of durability, comfort, and sustainability.<\/p>\n<div class=\"clear\"><\/div>\n<\/div>\n<div class=\"feature-item\">\n<img decoding=\"async\" alt=\"Designed as the best fabric for car upholstery, this high-performance synthetic material combines the plush feel of premium textiles with the resilience required for demanding automotive environments\" class=\"feature-image left\" src=\"\/wp-content\/uploads\/2025\/08\/best-automotive-upholstery-fabric-durable-eco-friendly-car-interiors-27836.jpg\"\/><\/p>\n<h3>Designed as the best fabric for car upholstery, this high-performance synthetic material combines the plush feel of premium textiles with the resilience required for demanding automotive environments<\/h3>\n<p>Designed as the best fabric for car upholstery, this high-performance synthetic material combines the plush feel of premium textiles with the resilience required for demanding automotive environments. Free from animal-derived components, it provides a cruelty-free alternative to traditional leather while outperforming standard fabrics in strength and longevity.<\/p>\n<div class=\"clear\"><\/div>\n<\/div>\n<div class=\"feature-item\">\n<img decoding=\"async\" alt=\"EngineeredSofa Fabric Waterproof Importersto withstand daily wear, UV exposure, and temperature fluctuations, it ensures interiors remain pristine across seasons\" class=\"feature-image left\" src=\"\/wp-content\/uploads\/2025\/08\/best-automotive-upholstery-fabric-durable-eco-friendly-car-interiors-27837.jpg\"\/><\/p>\n<h3>Entwickelt <strong>Sofa Stoff Wasserdicht Importeure<\/strong> to withstand daily wear, UV exposure, and temperature fluctuations, it ensures interiors remain pristine across seasons<\/h3>\n<p>Entwickelt <strong>Sofa Stoff Wasserdicht Importeure<\/strong> to withstand daily wear, UV exposure, and temperature fluctuations, it ensures interiors remain pristine across seasons. Meeting rigorous global certifications for safety and environmental compliance, this fabric is the go-to choice for automakers, upholstery specialists, and eco-conscious drivers seeking a balance of luxury, practicality, and planet-friendly innovation .<\/p>\n<div class=\"clear\"><\/div>\n<\/div>\n<div class=\"feature-item\">\n<img decoding=\"async\" alt=\"Material Mikrofaser PU-Leder Markenname WINIW Unternehmen Fabrik Gro\u00dfhandel Kunstleder Stoff HerstellerBreite 54\" class=\"feature-image left\" src=\"\/wp-content\/uploads\/2025\/08\/best-automotive-upholstery-fabric-durable-eco-friendly-car-interiors-27838.jpg\"\/><\/p>\n<h3>Material Mikrofaser PU-Leder Markenname WINIW Firma Fabrik Gro\u00dfhandel Kunstleder Stoff HerstellerBreite 54\u2033; 1<\/h3>\n<p>Material Mikrofaser PU-Leder Markenname WINIW Firma Fabrik Gro\u00dfhandel Kunstleder Stoff HerstellerBreite 54\u2033; 1.37m <strong>Langlebige L\u00f6sung f\u00fcr Polsterm\u00f6belstoffe<\/strong> Farbe Rot, Schwarz, Braun, Gr\u00fcn, kann angepasst werden Eigenschaft Verschlei\u00dffest, Wasserdicht, Anti-Schimmel, Flexibel Dicke 0,6mm-2,4mm, kann angepasst werden Herkunftsland China Kundenspezifisch Ja Lieferzeit Normalerweise innerhalb von 15-25 Tagen.<\/p>\n<div class=\"clear\"><\/div>\n<\/div>\n<div class=\"feature-item\">\n<img decoding=\"async\" alt=\"MOQ 300 Meter Verpackungsdetails 30\/50 Meter pro Rolle\" class=\"feature-image left\" src=\"\/wp-content\/uploads\/2025\/08\/best-automotive-upholstery-fabric-durable-eco-friendly-car-interiors-27839.jpg\"\/><\/p>\n<h3>MOQ 300 Meter Verpackungsdetails 30\/50 Meter pro Rolle<\/h3>\n<p>MOQ 300 Meter Verpackungsdetails 30\/50 Meter pro Rolle. Oder kundenspezifisch Produktionskapazit\u00e4t 1.000.000 Meter monatlich Material Eigenschaft<\/p>\n<div class=\"clear\"><\/div>\n<\/div>\n<div class=\"feature-item\">\n<img decoding=\"async\" alt=\"Hohe Rei\u00dffestigkeit - Ultrasuede Mikrofaser-Kunstleder f\u00fcr Fahrradhandschuhe\" class=\"feature-image left\" src=\"\/wp-content\/uploads\/2025\/08\/07mm-ultrasuede-microfiber-faux-leather-for-cycling-gloves--37882.jpg\"\/><\/p>\n<h3>Hohe Rei\u00dffestigkeit<\/h3>\n<p>Unser Ultrasuede-Mikrofaserleder zeichnet sich durch eine au\u00dfergew\u00f6hnliche Rei\u00dffestigkeit aus, so dass es unter Belastung nicht bricht oder sich leicht verformt. Dies macht es ideal f\u00fcr Produkte, die Haltbarkeit und langfristige Leistung erfordern.<\/p>\n<div class=\"clear\"><\/div>\n<\/div>\n<div class=\"feature-item\">\n<img decoding=\"async\" alt=\"Formstabilit\u00e4t - Ultrasuede Mikrofaser-Kunstleder f\u00fcr Fahrradhandschuhe\" class=\"feature-image right\" src=\"\/wp-content\/uploads\/2025\/08\/07mm-ultrasuede-microfiber-faux-leather-for-cycling-gloves--37883.jpg\"\/><\/p>\n<h3>Nicht leicht zu verformen<\/h3>\n<p>Dieses Material wurde speziell behandelt, um seine urspr\u00fcngliche Form zu erhalten, und bietet eine hervorragende Elastizit\u00e4t und Stabilit\u00e4t. Es widersteht Verformungen durch \u00e4u\u00dferen Druck oder Dehnung, so dass die Produkte langfristig intakt und attraktiv bleiben.<\/p>\n<div class=\"clear\"><\/div>\n<\/div>\n<div class=\"feature-item\">\n<img decoding=\"async\" alt=\"Strapazierf\u00e4higkeit - Ultrasuede Microfiber Faux Leather f\u00fcr Fahrradhandschuhe\" class=\"feature-image left\" src=\"\/wp-content\/uploads\/2025\/08\/07mm-ultrasuede-microfiber-faux-leather-for-cycling-gloves--37884.jpg\"\/><\/p>\n<h3>Dauerhaftigkeit<\/h3>\n<p>Dieses Material ist extrem widerstandsf\u00e4hig gegen Abrieb, Risse und Einstiche und sorgt daf\u00fcr, dass die Handschuhe auch bei l\u00e4ngerem Gebrauch in bestem Zustand bleiben. Au\u00dferdem bietet es eine hervorragende Fingerfertigkeit und Festigkeit f\u00fcr hochwertige Lederwaren.<\/p>\n<div class=\"clear\"><\/div>\n<\/div>\n<\/section>\n<p><\/main><\/p>\n<section id=\"inquiry\">\n<h2 style=\"text-align: center;\">Mit freundlichen Gr\u00fc\u00dfen erwarten wir Ihre Anfrage!<\/h2>\n<p style=\"text-align: center;\">Kontaktieren Sie uns noch heute, um mehr \u00fcber unsere Produkte zu erfahren und Ihre Bestellung aufzugeben.<\/p>\n<\/section>\n\n    <div class=\"xs_social_share_widget xs_share_url after_content \t\tmain_content  wslu-style-1 wslu-share-box-shaped wslu-fill-colored wslu-none wslu-share-horizontal wslu-theme-font-no wslu-main_content\">\n\n\t\t\n        <ul>\n\t\t\t        <\/ul>\n    <\/div>","protected":false},"excerpt":{"rendered":"<div class=\"product-short-description\">Automotive Leather Best Automotive Upholstery Fabric Durable Eco-Friendly Car Interiors WINIW Best Automotive Upholstery Fabric Durable Eco-Friendly Car Interiors Key features include Microfiber PU Leather, WINIW, Width.Ideal for those seeking quality and reliability.<\/p>\n<p>Als direkte Fabrik, Hersteller und Gro\u00dfh\u00e4ndler k\u00f6nnen wir den Produktionsprozess streng kontrollieren, um die Produktqualit\u00e4t zu gew\u00e4hrleisten und Ihnen die g\u00fcnstigsten Preise zu bieten. Wir verf\u00fcgen \u00fcber fortschrittliche Produktionsanlagen und ein professionelles technisches Team, um Ihren Bedarf an Gro\u00dfauftr\u00e4gen zu decken und eine p\u00fcnktliche Lieferung zu gew\u00e4hrleisten.<\/p>\n<\/div>","protected":false},"featured_media":2252,"template":"","meta":[],"product_brand":[],"product_cat":[50],"product_tag":[18836],"class_list":{"0":"post-28731","1":"product","2":"type-product","3":"status-publish","4":"has-post-thumbnail","6":"product_cat-automotive-leather","7":"product_tag-upholstery-fabric-manufacturersupholstery-fabric-supplierupholstery-fabric-suppliersupholstery-fabric-factoryupholstery-fabric-wholesalecar-seat-upholstery-fabric-manufacturer","9":"first","10":"instock","11":"product-type-simple"},"_links":{"self":[{"href":"https:\/\/www.eco-leather.com\/de\/wp-json\/wp\/v2\/product\/28731","targetHints":{"allow":["GET"]}}],"collection":[{"href":"https:\/\/www.eco-leather.com\/de\/wp-json\/wp\/v2\/product"}],"about":[{"href":"https:\/\/www.eco-leather.com\/de\/wp-json\/wp\/v2\/types\/product"}],"wp:featuredmedia":[{"embeddable":true,"href":"https:\/\/www.eco-leather.com\/de\/wp-json\/wp\/v2\/media\/2252"}],"wp:attachment":[{"href":"https:\/\/www.eco-leather.com\/de\/wp-json\/wp\/v2\/media?parent=28731"}],"wp:term":[{"taxonomy":"product_brand","embeddable":true,"href":"https:\/\/www.eco-leather.com\/de\/wp-json\/wp\/v2\/product_brand?post=28731"},{"taxonomy":"product_cat","embeddable":true,"href":"https:\/\/www.eco-leather.com\/de\/wp-json\/wp\/v2\/product_cat?post=28731"},{"taxonomy":"product_tag","embeddable":true,"href":"https:\/\/www.eco-leather.com\/de\/wp-json\/wp\/v2\/product_tag?post=28731"}],"curies":[{"name":"wp","href":"https:\/\/api.w.org\/{rel}","templated":true}]}}