{"id":28713,"date":"2025-09-07T10:57:00","date_gmt":"2025-09-07T02:57:00","guid":{"rendered":"https:\/\/www.eco-leather.com\/product\/flame-resistant-synthetic-microfiber-material-for-automotive-interior\/"},"modified":"2025-09-07T10:57:06","modified_gmt":"2025-09-07T02:57:06","slug":"schwer-entflammbares-synthetisches-mikrofasermaterial-fur-den-fahrzeuginnenraum","status":"publish","type":"product","link":"https:\/\/www.eco-leather.com\/de\/schwer-entflammbares-synthetisches-mikrofasermaterial-fur-den-fahrzeuginnenraum\/","title":{"rendered":"Flammhemmendes synthetisches Mikrofasermaterial f\u00fcr den Fahrzeuginnenraum"},"content":{"rendered":"<h2>Umweltfreundliches Automobilmaterial<\/h2>\n<p><main><\/p>\n<section id=\"product-overview\">\n<h2>Beschreibung des Produkts<\/h2>\n<p>Material <strong>Materiall\u00f6sung f\u00fcr Autositze<\/strong> Einf\u00fchrung<\/p>\n<p>Unser <strong>Schuhe Futtermaterial<\/strong> Material ist leicht zu reinigen, lichtecht und langlebig, was es zu einem Favoriten bei Automobilherstellern und Innenarchitekten macht. Au\u00dferdem ist es umweltfreundlich. Wir sorgen uns um unseren Planeten, und unser Produktionsprozess reduziert Abfall und sch\u00e4dliche Chemikalien.<\/p>\n<p>Unser 0,7 mm starkes Ultrasuede Microfiber Faux Leather wird aus hochwertigen Mikrofasermaterialien hergestellt und ist die perfekte Wahl f\u00fcr Fahrradhandschuhe. Es bietet ein ausgewogenes Verh\u00e4ltnis zwischen Flexibilit\u00e4t und St\u00e4rke, au\u00dfergew\u00f6hnliche Atmungsaktivit\u00e4t und feuchtigkeitsableitende Eigenschaften, damit die H\u00e4nde bei intensiven Fahrten k\u00fchl und trocken bleiben.<\/p>\n<p>Ob Sie nun ein professioneller Radfahrer oder ein Freizeitradler sind, Microfiber Leather bietet unschlagbaren Komfort und Schutz. Seine hohe Widerstandsf\u00e4higkeit gegen Abrieb und Risse sorgt f\u00fcr eine lang anhaltende Leistung, w\u00e4hrend das elegante Design einen raffinierten Touch zu jedem Biker-Ensemble hinzuf\u00fcgt.<\/p>\n<\/section>\n<section id=\"specifications\">\n<h2>Technische Parameter<\/h2>\n<p>Material <strong>Wei\u00dfes Kleid Material Meesho<\/strong> Spezifikation<\/p>\n<p><img decoding=\"async\" alt=\"0.7mm Ultrasuede Mikrofaser Kunstleder f\u00fcr Radsporthandschuhe - Materialspezifikation\" class=\"product-image\" src=\"\/wp-content\/uploads\/2025\/08\/07mm-ultrasuede-microfiber-faux-leather-for-cycling-gloves--37881.jpg\"\/><\/p>\n<h3>Produkt-Parameter<\/h3>\n<ul class=\"parameters-list\">\n<li><span class=\"param-name\">Material:<\/span> Mikrofaser + PU<\/li>\n<li><span class=\"param-name\">Farbe:<\/span> Schwarz, Grau, Beige (benutzerdefinierte Farben verf\u00fcgbar)<\/li>\n<li><span class=\"param-name\">Die Dicke:<\/span> 0,6 mm, 0,7 mm, 0,8 mm, 1 mm<\/li>\n<li><span class=\"param-name\">Mindestbestellmenge:<\/span> 300 laufende Meter<\/li>\n<li><span class=\"param-name\">L\u00e4nge der Rolle:<\/span> 20-30m\/Rolle<\/li>\n<li><span class=\"param-name\">Lieferzeiten:<\/span> 15-20 Tage<\/li>\n<li><span class=\"param-name\">Breite:<\/span> 54\u2033, 137cm<\/li>\n<li><span class=\"param-name\">Produktionskapazit\u00e4t:<\/span> 1.000.000 Meter monatlich<\/li>\n<\/ul>\n<\/section>\n<section id=\"features\">\n<h2>Produktmerkmale<\/h2>\n<div class=\"feature-item\">\n<img decoding=\"async\" alt=\"BeiWaterproof Sofa Material NearWINIW Company Factory Wholesale Leatherette Fabric Manufacturers, wissen wir, wie wichtig es ist, dass Auto-Innenr\u00e4ume gut aussehen und gleichzeitig sicher bleiben\" class=\"feature-image left\" src=\"\/wp-content\/uploads\/2025\/08\/flame-resistant-synthetic-microfiber-material-for-automotive-interior-27611.jpg\"\/><\/p>\n<h3>Unter <strong>Wasserdichtes Sofamaterial in der N\u00e4he<\/strong> WINIW Company Factory Wholesale Leatherette Fabric Manufacturers, wir wissen, wie wichtig es ist, dass der Innenraum eines Autos gut aussieht und gleichzeitig sicher ist.<\/h3>\n<p>Unter <strong>Wasserdichtes Sofamaterial in der N\u00e4he<\/strong> WINIW Company Factory Wholesale Leatherette Fabric Manufacturers, wir wissen, wie wichtig es ist, dass die Innenausstattung eines Autos gut aussieht und gleichzeitig sicher ist. Deshalb haben wir dieses erstaunliche Material entwickelt, das Flammbest\u00e4ndigkeit, Haltbarkeit und luxuri\u00f6se \u00c4sthetik kombiniert.<\/p>\n<div class=\"clear\"><\/div>\n<\/div>\n<div class=\"feature-item\">\n<img decoding=\"async\" alt=\"Ganz gleich, ob Sie Armaturenbretter, T\u00fcrverkleidungen oder Sitze entwerfen, unsere Mikrofaser bietet einen realistischen Lederlook mit \u00fcberlegener Leistung.\" class=\"feature-image left\" src=\"\/wp-content\/uploads\/2025\/08\/flame-resistant-synthetic-microfiber-material-for-automotive-interior-27612.jpg\"\/><\/p>\n<h3>Ganz gleich, ob Sie Armaturenbretter, T\u00fcrverkleidungen oder Sitze entwerfen, unsere Mikrofaser bietet einen realistischen Lederlook mit \u00fcberlegener Leistung.<\/h3>\n<p>Ganz gleich, ob Sie Armaturenbretter, T\u00fcrverkleidungen oder Sitze entwerfen, unsere Mikrofaser bietet eine realistische Lederoptik mit \u00fcberlegener Leistung. Sie eignet sich perfekt f\u00fcr Luxusautos, Nutzfahrzeuge und sogar f\u00fcr High-End-Customization-Shops.<\/p>\n<div class=\"clear\"><\/div>\n<\/div>\n<div class=\"feature-item\">\n<img decoding=\"async\" alt=\"MaterialWasserdichtes Sofa Materialit\u00e4tMikrofaser PU-Leder Markenname WINIW Company Factory Gro\u00dfhandel Kunstleder Stoff HerstellerBreite 54\" class=\"feature-image left\" src=\"\/wp-content\/uploads\/2025\/08\/flame-resistant-synthetic-microfiber-material-for-automotive-interior-27613.jpg\"\/><\/p>\n<h3>Material <strong>Wasserdichtes Sofa Materialit\u00e4t<\/strong> Mikrofaser PU Leder Markenname WINIW Firma Fabrik Gro\u00dfhandel Kunstleder Stoff HerstellerBreite 54\u2033; 1<\/h3>\n<p>Material <strong>Wasserdichtes Sofa Materialit\u00e4t<\/strong> Mikrofaser-PU-Leder Markenname WINIW Company Factory Gro\u00dfhandel Kunstleder StoffherstellerBreite 54\u2033; 1.37m Farbe Rot, Schwarz, Braun, Gr\u00fcn, akzeptieren Sie anpassen Feature Verschlei\u00dffest, wasserdicht, Anti-Schimmel, flexible Dicke 0,6mm-2,4mm, akzeptieren Sie anpassen Herkunftsort China Customized Ja Lieferzeit In der Regel innerhalb von 15 - 25 Tagen.<\/p>\n<div class=\"clear\"><\/div>\n<\/div>\n<div class=\"feature-item\">\n<img decoding=\"async\" alt=\"MOQ 300 Meter Verpackungsdetails 30\/50 Meter pro Rolle\" class=\"feature-image left\" src=\"\/wp-content\/uploads\/2025\/08\/flame-resistant-synthetic-microfiber-material-for-automotive-interior-27614.jpg\"\/><\/p>\n<h3>MOQ 300 Meter Verpackungsdetails 30\/50 Meter pro Rolle<\/h3>\n<p>MOQ 300 Meter Verpackungsdetails 30\/50 Meter pro Rolle. Oder kundenspezifisch Produktionskapazit\u00e4t 1.000.000 Meter monatlich<\/p>\n<div class=\"clear\"><\/div>\n<\/div>\n<div class=\"feature-item\">\n<img decoding=\"async\" alt=\"Hohe Rei\u00dffestigkeit - Ultrasuede Mikrofaser-Kunstleder f\u00fcr Fahrradhandschuhe\" class=\"feature-image left\" src=\"\/wp-content\/uploads\/2025\/08\/07mm-ultrasuede-microfiber-faux-leather-for-cycling-gloves--37882.jpg\"\/><\/p>\n<h3>Hohe Rei\u00dffestigkeit<\/h3>\n<p>Unser Ultrasuede-Mikrofaserleder zeichnet sich durch eine au\u00dfergew\u00f6hnliche Rei\u00dffestigkeit aus, so dass es unter Belastung nicht bricht oder sich leicht verformt. Dies macht es ideal f\u00fcr Produkte, die Haltbarkeit und langfristige Leistung erfordern.<\/p>\n<div class=\"clear\"><\/div>\n<\/div>\n<div class=\"feature-item\">\n<img decoding=\"async\" alt=\"Formstabilit\u00e4t - Ultrasuede Mikrofaser-Kunstleder f\u00fcr Fahrradhandschuhe\" class=\"feature-image right\" src=\"\/wp-content\/uploads\/2025\/08\/07mm-ultrasuede-microfiber-faux-leather-for-cycling-gloves--37883.jpg\"\/><\/p>\n<h3>Nicht leicht zu verformen<\/h3>\n<p>Dieses Material wurde speziell behandelt, um seine urspr\u00fcngliche Form zu erhalten, und bietet eine hervorragende Elastizit\u00e4t und Stabilit\u00e4t. Es widersteht Verformungen durch \u00e4u\u00dferen Druck oder Dehnung, so dass die Produkte langfristig intakt und attraktiv bleiben.<\/p>\n<div class=\"clear\"><\/div>\n<\/div>\n<div class=\"feature-item\">\n<img decoding=\"async\" alt=\"Strapazierf\u00e4higkeit - Ultrasuede Microfiber Faux Leather f\u00fcr Fahrradhandschuhe\" class=\"feature-image left\" src=\"\/wp-content\/uploads\/2025\/08\/07mm-ultrasuede-microfiber-faux-leather-for-cycling-gloves--37884.jpg\"\/><\/p>\n<h3>Dauerhaftigkeit<\/h3>\n<p>Dieses Material ist extrem widerstandsf\u00e4hig gegen Abrieb, Risse und Einstiche und sorgt daf\u00fcr, dass die Handschuhe auch bei l\u00e4ngerem Gebrauch in bestem Zustand bleiben. Au\u00dferdem bietet es eine hervorragende Fingerfertigkeit und Festigkeit f\u00fcr hochwertige Lederwaren.<\/p>\n<div class=\"clear\"><\/div>\n<\/div>\n<\/section>\n<section id=\"why-choose-us\">\n<h2>Warum WINIW w\u00e4hlen<\/h2>\n<div class=\"advantage-item\">\n<h3>Hallo, liebe Autoinnenraum-Liebhaber und B2B-Partner, willkommen bei WINIW Company Factory Wholesale Leatherette Fabric Manufacturers, Ihrem vertrauensw\u00fcrdigen Partner f\u00fcr hochwertige Automobilmaterialien<\/h3>\n<p>Hallo, Liebhaber des Autoinnenraums und B2B-Partner gleicherma\u00dfen, willkommen bei WINIW Company Factory Wholesale Leatherette Fabric Manufacturers, Ihrem vertrauensw\u00fcrdigen Partner f\u00fcr hochwertige Automobilmaterialien. Wir sind begeistert, unsere Flamme-resistente synthetische Mikrofaser Material die perfekte Wahl f\u00fcr moderne, stilvolle und sichere Fahrzeuginnenr\u00e4ume einzuf\u00fchren.<\/p>\n<\/div>\n<div class=\"advantage-item\">\n<h3>WINIW Company Factory Wholesale Leatherette Fabric Manufacturershats in der Automobil-Materialien Gesch\u00e4ft seit Jahren, und wir sind stolz auf Qualit\u00e4t und Kundenzufriedenheit<\/h3>\n<p>WINIW Company Factory Wholesale Leatherette Fabric Manufacturers ist seit Jahren in der Automobilbranche t\u00e4tig, und wir sind stolz auf Qualit\u00e4t und Kundenzufriedenheit. Ganz gleich, ob Sie ein Automobilhersteller, ein Innenausstatter oder ein Ladenbesitzer sind, unsere synthetische Mikrofaser wird Ihre Produkte zum Gl\u00e4nzen bringen. Ben\u00f6tigen Sie eine ma\u00dfgeschneiderte L\u00f6sung? Fragen Sie uns einfach, und wir arbeiten mit Ihnen zusammen, um Ihre Ideen zu verwirklichen.<\/p>\n<\/div>\n<div class=\"advantage-item\">\n<h3>Entscheiden Sie sich f\u00fcr WINIW Company Factory Wholesale Leatherette Fabric ManufacturersF\u00fcr Ihre Automobilmaterialien liefern wir jedes Mal Stil, Sicherheit und Zuverl\u00e4ssigkeit<\/h3>\n<p>Entscheiden Sie sich f\u00fcr WINIW Company Factory Wholesale Leatherette Fabric Manufacturers f\u00fcr Ihre Automobil-Materialien liefern wir Stil, Sicherheit, und Zuverl\u00e4ssigkeit jedes Mal. Lassen Sie s machen Ihr n\u00e4chstes Projekt erstaunlich zusammen!<\/p>\n<\/div>\n<div class=\"advantage-item\">\n<h3>Qualit\u00e4tssicherung<\/h3>\n<p>Wir f\u00fchren w\u00e4hrend der gesamten Produktions- und Lieferkette strenge Qualit\u00e4tskontrollen durch und halten uns an die ISO9001-Normen. Von der Auswahl der Rohstoffe bis zur Endkontrolle stehen die Interessen unserer Kunden an erster Stelle.<\/p>\n<\/div>\n<div class=\"advantage-item\">\n<h3>Professionelles technisches Team<\/h3>\n<p>Unser spezialisiertes technisches Team besteht aus erfahrenen Fachleuten aus verschiedenen Bereichen, die sich der Lieferung hochwertiger Produkte und ma\u00dfgeschneiderter L\u00f6sungen verschrieben haben.<\/p>\n<\/div>\n<div class=\"advantage-item\">\n<h3>Breite Palette von Anwendungen<\/h3>\n<p>Unsere Materialien finden breite Anwendung in Schuhen, Kleidung, Gep\u00e4ck, Autoinnenr\u00e4umen, Sofam\u00f6beln und vielem mehr.<\/p>\n<\/div>\n<div class=\"advantage-item\">\n<h3>Reiche Erfahrung<\/h3>\n<p>Quanzhou WINIW Import &amp; Export Co, Ltd. verf\u00fcgt \u00fcber mehr als 20 Jahre Produktionserfahrung und bietet perfekte L\u00f6sungen f\u00fcr Kunden weltweit.<\/p>\n<\/div>\n<div class=\"advantage-item\">\n<h3>Erschwinglicher Preis<\/h3>\n<p>Wir bieten wettbewerbsf\u00e4hige Preise und einen hervorragenden Kundenservice. Fordern Sie einen Katalog an oder besuchen Sie unser Werk, um unsere Produkte kennenzulernen.<\/p>\n<\/div>\n<div class=\"advantage-item\">\n<h3>24-Stunden-Online-Kundendienst<\/h3>\n<p>Unser Team steht rund um die Uhr zur Verf\u00fcgung, um Anfragen zu beantworten und R\u00fcckmeldungen zeitnah zu bearbeiten.<\/p>\n<\/div>\n<p><img decoding=\"async\" alt=\"WINIW Produktionsst\u00e4tte - Herstellungsprozess von Ultrasuede-Mikrofaserleder\" class=\"product-image\" src=\"\/wp-content\/uploads\/2025\/08\/07mm-ultrasuede-microfiber-faux-leather-for-cycling-gloves--37888.jpg\"\/><br \/>\n<\/section>\n<p><\/main><\/p>\n<section id=\"inquiry\">\n<h2 style=\"text-align: center;\">Mit freundlichen Gr\u00fc\u00dfen erwarten wir Ihre Anfrage!<\/h2>\n<p style=\"text-align: center;\">Kontaktieren Sie uns noch heute, um mehr \u00fcber unsere Produkte zu erfahren und Ihre Bestellung aufzugeben.<\/p>\n<\/section>\n\n    <div class=\"xs_social_share_widget xs_share_url after_content \t\tmain_content  wslu-style-1 wslu-share-box-shaped wslu-fill-colored wslu-none wslu-share-horizontal wslu-theme-font-no wslu-main_content\">\n\n\t\t\n        <ul>\n\t\t\t        <\/ul>\n    <\/div>","protected":false},"excerpt":{"rendered":"<div class=\"product-short-description\">Autoleder Flammfestes Synthetik-Mikrofasermaterial f\u00fcr den Autoinnenraum WINIW Flammfestes Synthetik-Mikrofasermaterial f\u00fcr den Autoinnenraum Hauptmerkmale sind Mikrofaser-PU-Leder, WINIW, Breite.<\/p>\n<p>Als direkte Fabrik, Hersteller und Gro\u00dfh\u00e4ndler k\u00f6nnen wir den Produktionsprozess streng kontrollieren, um die Produktqualit\u00e4t zu gew\u00e4hrleisten und Ihnen die g\u00fcnstigsten Preise zu bieten. Wir verf\u00fcgen \u00fcber fortschrittliche Produktionsanlagen und ein professionelles technisches Team, um Ihren Bedarf an Gro\u00dfauftr\u00e4gen zu decken und eine p\u00fcnktliche Lieferung zu gew\u00e4hrleisten.<\/p>\n<\/div>","protected":false},"featured_media":2216,"template":"","meta":[],"product_brand":[],"product_cat":[50],"product_tag":[],"class_list":{"0":"post-28713","1":"product","2":"type-product","3":"status-publish","4":"has-post-thumbnail","6":"product_cat-automotive-leather","8":"first","9":"instock","10":"product-type-simple"},"_links":{"self":[{"href":"https:\/\/www.eco-leather.com\/de\/wp-json\/wp\/v2\/product\/28713","targetHints":{"allow":["GET"]}}],"collection":[{"href":"https:\/\/www.eco-leather.com\/de\/wp-json\/wp\/v2\/product"}],"about":[{"href":"https:\/\/www.eco-leather.com\/de\/wp-json\/wp\/v2\/types\/product"}],"wp:featuredmedia":[{"embeddable":true,"href":"https:\/\/www.eco-leather.com\/de\/wp-json\/wp\/v2\/media\/2216"}],"wp:attachment":[{"href":"https:\/\/www.eco-leather.com\/de\/wp-json\/wp\/v2\/media?parent=28713"}],"wp:term":[{"taxonomy":"product_brand","embeddable":true,"href":"https:\/\/www.eco-leather.com\/de\/wp-json\/wp\/v2\/product_brand?post=28713"},{"taxonomy":"product_cat","embeddable":true,"href":"https:\/\/www.eco-leather.com\/de\/wp-json\/wp\/v2\/product_cat?post=28713"},{"taxonomy":"product_tag","embeddable":true,"href":"https:\/\/www.eco-leather.com\/de\/wp-json\/wp\/v2\/product_tag?post=28713"}],"curies":[{"name":"wp","href":"https:\/\/api.w.org\/{rel}","templated":true}]}}