{"id":28663,"date":"2025-09-07T10:56:39","date_gmt":"2025-09-07T02:56:39","guid":{"rendered":"https:\/\/www.eco-leather.com\/product\/black-faux-leather-synthetic-pvc-polished-high-gloss-surface\/"},"modified":"2025-09-07T10:56:41","modified_gmt":"2025-09-07T02:56:41","slug":"schwarzes-kunstleder-synthetisches-pvc-polierte-hochglanzoberflache","status":"publish","type":"product","link":"https:\/\/www.eco-leather.com\/de\/schwarzes-kunstleder-synthetisches-pvc-polierte-hochglanzoberflache\/","title":{"rendered":"Schwarzes Kunstleder Synthetisches PVC Polierte Hochglanzoberfl\u00e4che"},"content":{"rendered":"<h2>PVC-Gewebe-Imitat<\/h2>\n<p><main><\/p>\n<section id=\"product-overview\">\n<h2>Beschreibung des Produkts<\/h2>\n<p>Material <strong>Kunstleder-Sohle<\/strong> Einf\u00fchrung<\/p>\n<p>Tragen Sie <strong>Automobil LederSitze Service Hund<\/strong> widerstandsf\u00e4hig, wasserdicht, schimmelresistent, flexibel, feuerbest\u00e4ndig, k\u00e4ltebest\u00e4ndig, schimmelresistent, wetterbest\u00e4ndig,<\/p>\n<p>Unser 0,7 mm starkes Ultrasuede Microfiber Faux Leather wird aus hochwertigen Mikrofasermaterialien hergestellt und ist die perfekte Wahl f\u00fcr Fahrradhandschuhe. Es bietet ein ausgewogenes Verh\u00e4ltnis zwischen Flexibilit\u00e4t und St\u00e4rke, au\u00dfergew\u00f6hnliche Atmungsaktivit\u00e4t und feuchtigkeitsableitende Eigenschaften, damit die H\u00e4nde bei intensiven Fahrten k\u00fchl und trocken bleiben.<\/p>\n<p>Ob Sie nun ein professioneller Radfahrer oder ein Freizeitradler sind, Microfiber Leather bietet unschlagbaren Komfort und Schutz. Seine hohe Widerstandsf\u00e4higkeit gegen Abrieb und Risse sorgt f\u00fcr eine lang anhaltende Leistung, w\u00e4hrend das elegante Design einen raffinierten Touch zu jedem Biker-Ensemble hinzuf\u00fcgt.<\/p>\n<\/section>\n<section id=\"specifications\">\n<h2>Technische Parameter<\/h2>\n<p>Material <strong>Kunstlederboxen China<\/strong> Spezifikation<\/p>\n<p><img decoding=\"async\" alt=\"0.7mm Ultrasuede Mikrofaser Kunstleder f\u00fcr Radsporthandschuhe - Materialspezifikation\" class=\"product-image\" src=\"\/wp-content\/uploads\/2025\/08\/07mm-ultrasuede-microfiber-faux-leather-for-cycling-gloves--37881.jpg\"\/><\/p>\n<h3>Produkt-Parameter<\/h3>\n<ul class=\"parameters-list\">\n<li><span class=\"param-name\">Material:<\/span> Mikrofaser + PU<\/li>\n<li><span class=\"param-name\">Farbe:<\/span> Schwarz, Grau, Beige (benutzerdefinierte Farben verf\u00fcgbar)<\/li>\n<li><span class=\"param-name\">Die Dicke:<\/span> 0,6 mm, 0,7 mm, 0,8 mm, 1 mm<\/li>\n<li><span class=\"param-name\">Mindestbestellmenge:<\/span> 300 laufende Meter<\/li>\n<li><span class=\"param-name\">L\u00e4nge der Rolle:<\/span> 20-30m\/Rolle<\/li>\n<li><span class=\"param-name\">Lieferzeiten:<\/span> 15-20 Tage<\/li>\n<li><span class=\"param-name\">Breite:<\/span> 54\u2033, 137cm<\/li>\n<li><span class=\"param-name\">Produktionskapazit\u00e4t:<\/span> 1.000.000 Meter monatlich<\/li>\n<\/ul>\n<\/section>\n<section id=\"features\">\n<h2>Produktmerkmale<\/h2>\n<div class=\"feature-item\">\n<img decoding=\"async\" alt=\"ElegantWasserfestes Ledermaterial F\u00fcr anspruchsvolle Hersteller und Gro\u00dfh\u00e4ndler hergestellt, zeichnet sich unser poliertes PVC-Verbundleder mit hochgl\u00e4nzender Oberfl\u00e4che als hochwertige vegane Alternative in der Lederindustrie aus.\" class=\"feature-image left\" src=\"\/wp-content\/uploads\/2025\/08\/black-faux-leather-synthetic-pvc-polished-high-gloss-surface--27167.jpg\"\/><\/p>\n<h3>Elegant <strong>Wasserdichtes Leder Material Service<\/strong> Unser poliertes PVC-Verbundleder mit hochgl\u00e4nzender Oberfl\u00e4che wurde f\u00fcr anspruchsvolle Hersteller und Gro\u00dfh\u00e4ndler entwickelt und zeichnet sich als hochwertige vegane Alternative in der Lederindustrie aus.<\/h3>\n<p>Elegant <strong>Wasserdichtes Leder Material Service<\/strong> Unser poliertes PVC-Verbundleder mit hochgl\u00e4nzender Oberfl\u00e4che, das f\u00fcr anspruchsvolle Hersteller und Gro\u00dfh\u00e4ndler entwickelt wurde, hebt sich als hochwertige vegane Alternative in der Lederindustrie ab.<\/p>\n<div class=\"clear\"><\/div>\n<\/div>\n<div class=\"feature-item\">\n<img decoding=\"async\" alt=\"Als f\u00fchrendes Unternehmen, das sich auf die Herstellung von Kunstleder spezialisiert hat, bietet WINIW Company Factory Wholesale Synthetic Leather Manufacturers dieses Kunstleder an, das den Luxus einer hochgl\u00e4nzenden Oberfl\u00e4che mit der Haltbarkeit von PVC-Verbundmaterialien kombiniert\" class=\"feature-image left\" src=\"\/wp-content\/uploads\/2025\/08\/black-faux-leather-synthetic-pvc-polished-high-gloss-surface--27168.jpg\"\/><\/p>\n<h3>Als f\u00fchrendes Unternehmen, das sich auf die Herstellung von Kunstleder spezialisiert hat, bietet WINIW Company Factory Wholesale Synthetic Leather Manufacturers dieses Kunstleder an, das den Luxus einer hochgl\u00e4nzenden Oberfl\u00e4che mit der Haltbarkeit von PVC-Verbundmaterialien kombiniert<\/h3>\n<p>Als f\u00fchrendes Unternehmen, das sich auf die Herstellung von Kunstleder spezialisiert hat, bietet WINIW Company Factory Wholesale Synthetic Leather Manufacturers dieses Kunstleder an, das den Luxus eines hochgl\u00e4nzenden Finishs mit der Strapazierf\u00e4higkeit von PVC-Verbundmaterialien kombiniert.<\/p>\n<div class=\"clear\"><\/div>\n<\/div>\n<div class=\"feature-item\">\n<img decoding=\"async\" alt=\"MaterialWasserdichtes Leder Stoff OdmhsasPVC Leder Markenname WINIW Unternehmen Fabrik Gro\u00dfhandel Kunstleder HerstellerBreite 54\" class=\"feature-image left\" src=\"\/wp-content\/uploads\/2025\/08\/black-faux-leather-synthetic-pvc-polished-high-gloss-surface--27169.jpg\"\/><\/p>\n<h3>Material <strong>Wasserdichtes Leder Stoff Odmhsas<\/strong> PVC-Leder Markenname WINIW Company Factory Gro\u00dfhandel synthetisches Leder HerstellerBreite 54\u2033; 1<\/h3>\n<p>Material <strong>Wasserdichtes Leder Stoff Odmhsas<\/strong> PVC-Leder Markenname WINIW Unternehmen Fabrik Gro\u00dfhandel Kunstleder HerstellerBreite 54\u2033; 1.37m Farbe Rot, Schwarz, Braun, Gr\u00fcn, akzeptieren anpassen Eigenschaft Verschlei\u00dffest, Wasserdicht, Anti-Schimmel, Flexibel, Feuerbest\u00e4ndigkeit, K\u00e4ltebest\u00e4ndigkeit, Schimmelpilzbest\u00e4ndigkeit, Wetterbest\u00e4ndigkeit, Lichtbest\u00e4ndigkeit, Crocking Widerstand Dicke 0,6mm-2,4mm, akzeptieren anpassen Herkunftsort China Kundenspezifisch Ja Lieferzeit In der Regel innerhalb von 15 - 25 Tagen.<\/p>\n<div class=\"clear\"><\/div>\n<\/div>\n<div class=\"feature-item\">\n<img decoding=\"async\" alt=\"MOQWaterproof Faux Leather Customize300 Meter Verpackungsdetails 30\/50 Meter pro Rolle\" class=\"feature-image left\" src=\"\/wp-content\/uploads\/2025\/08\/black-faux-leather-synthetic-pvc-polished-high-gloss-surface--27170.jpg\"\/><\/p>\n<h3>MOQ <strong>Wasserdichtes Kunstleder Anpassen<\/strong> 300 Meter Verpackungsdetails 30\/50 Meter pro Rolle<\/h3>\n<p>MOQ <strong>Wasserdichtes Kunstleder Anpassen<\/strong> 300 Meter Verpackungsdetails 30\/50 Meter pro Rolle. Oder kundenspezifisch Produktionskapazit\u00e4t 1.000.000 Meter monatlich<\/p>\n<div class=\"clear\"><\/div>\n<\/div>\n<div class=\"feature-item\">\n<img decoding=\"async\" alt=\"Hohe Rei\u00dffestigkeit - Ultrasuede Mikrofaser-Kunstleder f\u00fcr Fahrradhandschuhe\" class=\"feature-image left\" src=\"\/wp-content\/uploads\/2025\/08\/07mm-ultrasuede-microfiber-faux-leather-for-cycling-gloves--37882.jpg\"\/><\/p>\n<h3>Hohe Rei\u00dffestigkeit<\/h3>\n<p>Unser Ultrasuede-Mikrofaserleder zeichnet sich durch eine au\u00dfergew\u00f6hnliche Rei\u00dffestigkeit aus, so dass es unter Belastung nicht bricht oder sich leicht verformt. Dies macht es ideal f\u00fcr Produkte, die Haltbarkeit und langfristige Leistung erfordern.<\/p>\n<div class=\"clear\"><\/div>\n<\/div>\n<div class=\"feature-item\">\n<img decoding=\"async\" alt=\"Formstabilit\u00e4t - Ultrasuede Mikrofaser-Kunstleder f\u00fcr Fahrradhandschuhe\" class=\"feature-image right\" src=\"\/wp-content\/uploads\/2025\/08\/07mm-ultrasuede-microfiber-faux-leather-for-cycling-gloves--37883.jpg\"\/><\/p>\n<h3>Nicht leicht zu verformen<\/h3>\n<p>Dieses Material wurde speziell behandelt, um seine urspr\u00fcngliche Form zu erhalten, und bietet eine hervorragende Elastizit\u00e4t und Stabilit\u00e4t. Es widersteht Verformungen durch \u00e4u\u00dferen Druck oder Dehnung, so dass die Produkte langfristig intakt und attraktiv bleiben.<\/p>\n<div class=\"clear\"><\/div>\n<\/div>\n<div class=\"feature-item\">\n<img decoding=\"async\" alt=\"Strapazierf\u00e4higkeit - Ultrasuede Microfiber Faux Leather f\u00fcr Fahrradhandschuhe\" class=\"feature-image left\" src=\"\/wp-content\/uploads\/2025\/08\/07mm-ultrasuede-microfiber-faux-leather-for-cycling-gloves--37884.jpg\"\/><\/p>\n<h3>Dauerhaftigkeit<\/h3>\n<p>Dieses Material ist extrem widerstandsf\u00e4hig gegen Abrieb, Risse und Einstiche und sorgt daf\u00fcr, dass die Handschuhe auch bei l\u00e4ngerem Gebrauch in bestem Zustand bleiben. Au\u00dferdem bietet es eine hervorragende Fingerfertigkeit und Festigkeit f\u00fcr hochwertige Lederwaren.<\/p>\n<div class=\"clear\"><\/div>\n<\/div>\n<\/section>\n<section id=\"why-choose-us\">\n<h2>Warum WINIW w\u00e4hlen<\/h2>\n<div class=\"advantage-item\">\n<h3>Dieses Kunstleder wurde f\u00fcr die Anforderungen der gehobenen Mode und des Innendesigns entwickelt und zeichnet sich durch seinen polierten Glanz aus, der das Licht wundersch\u00f6n einf\u00e4ngt und die \u00c4sthetik jedes Produkts, das es schm\u00fcckt, hervorhebt.<\/h3>\n<p>Dieses Kunstleder wurde entwickelt, um den Anforderungen der High-End-Mode und des Innendesigns gerecht zu werden. Es hat einen polierten Glanz, der das Licht wundersch\u00f6n einf\u00e4ngt und die \u00c4sthetik jedes Produkts, das es schm\u00fcckt, verst\u00e4rkt. Unser PVC-Leder eignet sich perfekt f\u00fcr B2B-Kooperationen und ist eine ausgezeichnete Wahl f\u00fcr Hersteller, die ihr Angebot aufwerten m\u00f6chten, ohne Kompromisse bei Qualit\u00e4t oder Nachhaltigkeit einzugehen.<\/p>\n<\/div>\n<div class=\"advantage-item\">\n<h3>Qualit\u00e4tssicherung<\/h3>\n<p>Wir f\u00fchren w\u00e4hrend der gesamten Produktions- und Lieferkette strenge Qualit\u00e4tskontrollen durch und halten uns an die ISO9001-Normen. Von der Auswahl der Rohstoffe bis zur Endkontrolle stehen die Interessen unserer Kunden an erster Stelle.<\/p>\n<\/div>\n<div class=\"advantage-item\">\n<h3>Professionelles technisches Team<\/h3>\n<p>Unser spezialisiertes technisches Team besteht aus erfahrenen Fachleuten aus verschiedenen Bereichen, die sich der Lieferung hochwertiger Produkte und ma\u00dfgeschneiderter L\u00f6sungen verschrieben haben.<\/p>\n<\/div>\n<div class=\"advantage-item\">\n<h3>Breite Palette von Anwendungen<\/h3>\n<p>Unsere Materialien finden breite Anwendung in Schuhen, Kleidung, Gep\u00e4ck, Autoinnenr\u00e4umen, Sofam\u00f6beln und vielem mehr.<\/p>\n<\/div>\n<div class=\"advantage-item\">\n<h3>Reiche Erfahrung<\/h3>\n<p>Quanzhou WINIW Import &amp; Export Co, Ltd. verf\u00fcgt \u00fcber mehr als 20 Jahre Produktionserfahrung und bietet perfekte L\u00f6sungen f\u00fcr Kunden weltweit.<\/p>\n<\/div>\n<div class=\"advantage-item\">\n<h3>Erschwinglicher Preis<\/h3>\n<p>Wir bieten wettbewerbsf\u00e4hige Preise und einen hervorragenden Kundenservice. Fordern Sie einen Katalog an oder besuchen Sie unser Werk, um unsere Produkte kennenzulernen.<\/p>\n<\/div>\n<div class=\"advantage-item\">\n<h3>24-Stunden-Online-Kundendienst<\/h3>\n<p>Unser Team steht rund um die Uhr zur Verf\u00fcgung, um Anfragen zu beantworten und R\u00fcckmeldungen zeitnah zu bearbeiten.<\/p>\n<\/div>\n<p><img decoding=\"async\" alt=\"WINIW Produktionsst\u00e4tte - Herstellungsprozess von Ultrasuede-Mikrofaserleder\" class=\"product-image\" src=\"\/wp-content\/uploads\/2025\/08\/07mm-ultrasuede-microfiber-faux-leather-for-cycling-gloves--37888.jpg\"\/><br \/>\n<\/section>\n<p><\/main><\/p>\n<section id=\"inquiry\">\n<h2 style=\"text-align: center;\">Mit freundlichen Gr\u00fc\u00dfen erwarten wir Ihre Anfrage!<\/h2>\n<p style=\"text-align: center;\">Kontaktieren Sie uns noch heute, um mehr \u00fcber unsere Produkte zu erfahren und Ihre Bestellung aufzugeben.<\/p>\n<\/section>\n\n    <div class=\"xs_social_share_widget xs_share_url after_content \t\tmain_content  wslu-style-1 wslu-share-box-shaped wslu-fill-colored wslu-none wslu-share-horizontal wslu-theme-font-no wslu-main_content\">\n\n\t\t\n        <ul>\n\t\t\t        <\/ul>\n    <\/div>","protected":false},"excerpt":{"rendered":"<div class=\"product-short-description\">PVC-Leder Schwarzes Kunstleder Synthetisches PVC Poliert Hochglanzoberfl\u00e4che WINIW Schwarzes Kunstleder Synthetisches PVC Poliert Hochglanzoberfl\u00e4che Die wichtigsten Merkmale sind: PVC-Leder, WINIW, Breite Ideal f\u00fcr alle, die Qualit\u00e4t und Zuverl\u00e4ssigkeit suchen.<\/p>\n<p>Als direkte Fabrik, Hersteller und Gro\u00dfh\u00e4ndler k\u00f6nnen wir den Produktionsprozess streng kontrollieren, um die Produktqualit\u00e4t zu gew\u00e4hrleisten und Ihnen die g\u00fcnstigsten Preise zu bieten. Wir verf\u00fcgen \u00fcber fortschrittliche Produktionsanlagen und ein professionelles technisches Team, um Ihren Bedarf an Gro\u00dfauftr\u00e4gen zu decken und eine p\u00fcnktliche Lieferung zu gew\u00e4hrleisten.<\/p>\n<\/div>","protected":false},"featured_media":2569,"template":"","meta":[],"product_brand":[],"product_cat":[129],"product_tag":[18785],"class_list":{"0":"post-28663","1":"product","2":"type-product","3":"status-publish","4":"has-post-thumbnail","6":"product_cat-pvc-leather","7":"product_tag-black-faux-leatherblack-faux-leather-manufacturerblack-faux-leather-manufacturersblack-faux-leather-supplierblack-faux-leather-suppliersblack-faux-leather-factory","9":"first","10":"instock","11":"product-type-simple"},"_links":{"self":[{"href":"https:\/\/www.eco-leather.com\/de\/wp-json\/wp\/v2\/product\/28663","targetHints":{"allow":["GET"]}}],"collection":[{"href":"https:\/\/www.eco-leather.com\/de\/wp-json\/wp\/v2\/product"}],"about":[{"href":"https:\/\/www.eco-leather.com\/de\/wp-json\/wp\/v2\/types\/product"}],"wp:featuredmedia":[{"embeddable":true,"href":"https:\/\/www.eco-leather.com\/de\/wp-json\/wp\/v2\/media\/2569"}],"wp:attachment":[{"href":"https:\/\/www.eco-leather.com\/de\/wp-json\/wp\/v2\/media?parent=28663"}],"wp:term":[{"taxonomy":"product_brand","embeddable":true,"href":"https:\/\/www.eco-leather.com\/de\/wp-json\/wp\/v2\/product_brand?post=28663"},{"taxonomy":"product_cat","embeddable":true,"href":"https:\/\/www.eco-leather.com\/de\/wp-json\/wp\/v2\/product_cat?post=28663"},{"taxonomy":"product_tag","embeddable":true,"href":"https:\/\/www.eco-leather.com\/de\/wp-json\/wp\/v2\/product_tag?post=28663"}],"curies":[{"name":"wp","href":"https:\/\/api.w.org\/{rel}","templated":true}]}}