{"id":28624,"date":"2025-09-07T10:56:16","date_gmt":"2025-09-07T02:56:16","guid":{"rendered":"https:\/\/www.eco-leather.com\/product\/0-5mm-color-and-pattern-variety-making-book-cover-leather-pu-material\/"},"modified":"2025-09-07T10:56:19","modified_gmt":"2025-09-07T02:56:19","slug":"0-5mm-farbe-und-muster-vielfalt-machen-bucheinband-leder-pu-material","status":"publish","type":"product","link":"https:\/\/www.eco-leather.com\/de\/0-5mm-farbe-und-muster-vielfalt-machen-bucheinband-leder-pu-material\/","title":{"rendered":"0,5 mm Farbe und Muster Vielfalt machen Buchdeckel Leder Pu Material"},"content":{"rendered":"<h2>PU-Material f\u00fcr Notebook-Abdeckung<\/h2>\n<p><main><\/p>\n<section id=\"product-overview\">\n<h2>Beschreibung des Produkts<\/h2>\n<p>Produkt <strong>Kunstleder-Sohle<\/strong> Beschrei bung<\/p>\n<p>Sanftheit <strong>Kunstlederboxen China<\/strong> Und Elastizit\u00e4t Alterungsbest\u00e4ndigkeit<\/p>\n<p>Unser 0,7 mm starkes Ultrasuede Microfiber Faux Leather wird aus hochwertigen Mikrofasermaterialien hergestellt und ist die perfekte Wahl f\u00fcr Fahrradhandschuhe. Es bietet ein ausgewogenes Verh\u00e4ltnis zwischen Flexibilit\u00e4t und St\u00e4rke, au\u00dfergew\u00f6hnliche Atmungsaktivit\u00e4t und feuchtigkeitsableitende Eigenschaften, damit die H\u00e4nde bei intensiven Fahrten k\u00fchl und trocken bleiben.<\/p>\n<p>Ob Sie nun ein professioneller Radfahrer oder ein Freizeitradler sind, Microfiber Leather bietet unschlagbaren Komfort und Schutz. Seine hohe Widerstandsf\u00e4higkeit gegen Abrieb und Risse sorgt f\u00fcr eine lang anhaltende Leistung, w\u00e4hrend das elegante Design einen raffinierten Touch zu jedem Biker-Ensemble hinzuf\u00fcgt.<\/p>\n<\/section>\n<section id=\"specifications\">\n<h2>Technische Parameter<\/h2>\n<ul class_=\"parameters-list\">\n<li><span class=\"param-name\">Parameter <strong>Kleidungsst\u00fcck Leder Importiert<\/strong> Material:<\/span> Mikrofaser + PU. Farbe: Pantone Farbe Referenz oder Muster Dicke Normal 0,4mm, 0,5mm, 0,6mm oder kundenspezifische Dicke Mindestbestellmenge: 300 laufende Meter.<\/li>\n<li><span class=\"param-name\">L\u00e4nge der Rolle:<\/span> 20-30m\/Rolle Lieferzeit: 15-20 Tage. Breite: 54 , 137cm Produktionskapazit\u00e4t: 1.000.000 Meter monatlich.<\/li>\n<\/ul>\n<p><img decoding=\"async\" alt=\"0.7mm Ultrasuede Mikrofaser Kunstleder f\u00fcr Radsporthandschuhe - Materialspezifikation\" class=\"product-image\" src=\"\/wp-content\/uploads\/2025\/08\/07mm-ultrasuede-microfiber-faux-leather-for-cycling-gloves--37881.jpg\"\/><\/p>\n<h3>Produkt-Parameter<\/h3>\n<ul class=\"parameters-list\">\n<li><span class=\"param-name\">Material:<\/span> Mikrofaser + PU<\/li>\n<li><span class=\"param-name\">Farbe:<\/span> Schwarz, Grau, Beige (benutzerdefinierte Farben verf\u00fcgbar)<\/li>\n<li><span class=\"param-name\">Die Dicke:<\/span> 0,6 mm, 0,7 mm, 0,8 mm, 1 mm<\/li>\n<li><span class=\"param-name\">Mindestbestellmenge:<\/span> 300 laufende Meter<\/li>\n<li><span class=\"param-name\">L\u00e4nge der Rolle:<\/span> 20-30m\/Rolle<\/li>\n<li><span class=\"param-name\">Lieferzeiten:<\/span> 15-20 Tage<\/li>\n<li><span class=\"param-name\">Breite:<\/span> 54\u2033, 137cm<\/li>\n<li><span class=\"param-name\">Produktionskapazit\u00e4t:<\/span> 1.000.000 Meter monatlich<\/li>\n<\/ul>\n<\/section>\n<section id=\"features\">\n<h2>Produktmerkmale<\/h2>\n<div class=\"feature-item\">\n<img decoding=\"async\" alt=\"IntroducingSuede Leder Waterproof SprayWINIW Company Factory Gro\u00dfhandel PVC Leder Hersteller\" class=\"feature-image left\" src=\"\/wp-content\/uploads\/2025\/08\/05mm-color-and-pattern-variety-making-book-cover-leather-pu-material-26728.jpg\"\/><\/p>\n<h3>Wir stellen vor: <strong>Wildleder Impr\u00e4gnierspray<\/strong> WINIW Company Factory Gro\u00dfhandel PVC-Leder Hersteller<\/h3>\n<p>Wir stellen vor: <strong>Wildleder Impr\u00e4gnierspray<\/strong> WINIW Company Factory Gro\u00dfhandel PVC-Leder Manufacturers.5mm Farbe und Muster Vielfalt machen Buchdeckel Leder PU-Material, speziell auf die individuellen Bed\u00fcrfnisse der B-End-Fabriken gerecht zu werden.<\/p>\n<div class=\"clear\"><\/div>\n<\/div>\n<div class=\"feature-item\">\n<img decoding=\"async\" alt=\"Dieses PU-Leder wird aus umweltfreundlichen Materialien hergestellt und einer speziellen Verarbeitung unterzogen, um eine breite Palette an leuchtenden Farben und verschiedenen Mustern anbieten zu k\u00f6nnen, die den Anforderungen der Hersteller an personalisierte und differenzierte Produkte entsprechen.\" class=\"feature-image left\" src=\"\/wp-content\/uploads\/2025\/08\/05mm-color-and-pattern-variety-making-book-cover-leather-pu-material-26729.jpg\"\/><\/p>\n<h3>Dieses PU-Leder wird aus umweltfreundlichen Materialien hergestellt und einer speziellen Verarbeitung unterzogen, um eine breite Palette an leuchtenden Farben und verschiedenen Mustern anbieten zu k\u00f6nnen, die den Anforderungen der Hersteller an personalisierte und differenzierte Produkte entsprechen.<\/h3>\n<p>Dieses PU-Leder wird aus umweltfreundlichen Materialien hergestellt und einer speziellen Verarbeitung unterzogen, um eine breite Palette an leuchtenden Farben und verschiedenen Mustern zu bieten und so die Nachfrage der Hersteller nach personalisierten und differenzierten Produkten zu erf\u00fcllen.<\/p>\n<div class=\"clear\"><\/div>\n<\/div>\n<div class=\"feature-item\">\n<img decoding=\"async\" alt=\"Die moderate Dicke des wasserfesten Ledermaterials gew\u00e4hrleistet eine ausreichende Z\u00e4higkeit und erleichtert das Schneiden und Verarbeiten, wodurch die Produktionseffizienz erheblich gesteigert wird.\" class=\"feature-image left\" src=\"\/wp-content\/uploads\/2025\/08\/05mm-color-and-pattern-variety-making-book-cover-leather-pu-material-26730.jpg\"\/><\/p>\n<h3>Mit <strong>Wasserdichtes Leder Material Service<\/strong> seine moderate Dicke gew\u00e4hrleistet eine ausreichende Z\u00e4higkeit und erleichtert gleichzeitig das Schneiden und die Verarbeitung, wodurch die Produktionseffizienz erheblich gesteigert wird<\/h3>\n<p>Mit <strong>Wasserdichtes Leder Material Service<\/strong> Seine moderate Dicke gew\u00e4hrleistet eine ausreichende Z\u00e4higkeit und erleichtert gleichzeitig das Schneiden und Verarbeiten, wodurch die Produktionseffizienz erheblich gesteigert wird.<\/p>\n<div class=\"clear\"><\/div>\n<\/div>\n<div class=\"feature-item\">\n<img decoding=\"async\" alt=\"Dar\u00fcber hinaus weist das Leder eine ausgezeichnete Verschlei\u00df- und Rei\u00dffestigkeit auf, so dass die Gl\u00e4tte und die \u00c4sthetik der Bucheinb\u00e4nde im Laufe der Zeit erhalten bleiben.\" class=\"feature-image left\" src=\"\/wp-content\/uploads\/2025\/08\/05mm-color-and-pattern-variety-making-book-cover-leather-pu-material-26731.jpg\"\/><\/p>\n<h3>Dar\u00fcber hinaus weist das Leder eine ausgezeichnete Verschlei\u00df- und Rei\u00dffestigkeit auf, so dass die Gl\u00e4tte und die \u00c4sthetik der Bucheinb\u00e4nde im Laufe der Zeit erhalten bleiben.<\/h3>\n<p>Dar\u00fcber hinaus weist das Leder eine ausgezeichnete Verschlei\u00df- und Rei\u00dffestigkeit auf, so dass die Gl\u00e4tte und die \u00c4sthetik der Bucheinb\u00e4nde im Laufe der Zeit erhalten bleiben. Zus\u00e4tzlich, <strong>Wasserdichtes Sofa Material Gro\u00dfh\u00e4ndler<\/strong> Es verf\u00fcgt \u00fcber pflegeleichte Eigenschaften, so dass sich Flecken m\u00fchelos entfernen lassen und der Glanz des Leders dauerhaft erhalten bleibt.<\/p>\n<div class=\"clear\"><\/div>\n<\/div>\n<div class=\"feature-item\">\n<img decoding=\"async\" alt=\"Hauptmerkmal\" class=\"feature-image left\" src=\"\/wp-content\/uploads\/2025\/08\/05mm-color-and-pattern-variety-making-book-cover-leather-pu-material-26732.jpg\"\/><\/p>\n<h3>Hauptmerkmal<\/h3>\n<p>Einzelheiten und Merkmale des Produkts<\/p>\n<div class=\"clear\"><\/div>\n<\/div>\n<div class=\"feature-item\">\n<img decoding=\"async\" alt=\"Hohe Rei\u00dffestigkeit - Ultrasuede Mikrofaser-Kunstleder f\u00fcr Fahrradhandschuhe\" class=\"feature-image left\" src=\"\/wp-content\/uploads\/2025\/08\/07mm-ultrasuede-microfiber-faux-leather-for-cycling-gloves--37882.jpg\"\/><\/p>\n<h3>Hohe Rei\u00dffestigkeit<\/h3>\n<p>Unser Ultrasuede-Mikrofaserleder zeichnet sich durch eine au\u00dfergew\u00f6hnliche Rei\u00dffestigkeit aus, so dass es unter Belastung nicht bricht oder sich leicht verformt. Dies macht es ideal f\u00fcr Produkte, die Haltbarkeit und langfristige Leistung erfordern.<\/p>\n<div class=\"clear\"><\/div>\n<\/div>\n<div class=\"feature-item\">\n<img decoding=\"async\" alt=\"Formstabilit\u00e4t - Ultrasuede Mikrofaser-Kunstleder f\u00fcr Fahrradhandschuhe\" class=\"feature-image right\" src=\"\/wp-content\/uploads\/2025\/08\/07mm-ultrasuede-microfiber-faux-leather-for-cycling-gloves--37883.jpg\"\/><\/p>\n<h3>Nicht leicht zu verformen<\/h3>\n<p>Dieses Material wurde speziell behandelt, um seine urspr\u00fcngliche Form zu erhalten, und bietet eine hervorragende Elastizit\u00e4t und Stabilit\u00e4t. Es widersteht Verformungen durch \u00e4u\u00dferen Druck oder Dehnung, so dass die Produkte langfristig intakt und attraktiv bleiben.<\/p>\n<div class=\"clear\"><\/div>\n<\/div>\n<div class=\"feature-item\">\n<img decoding=\"async\" alt=\"Strapazierf\u00e4higkeit - Ultrasuede Microfiber Faux Leather f\u00fcr Fahrradhandschuhe\" class=\"feature-image left\" src=\"\/wp-content\/uploads\/2025\/08\/07mm-ultrasuede-microfiber-faux-leather-for-cycling-gloves--37884.jpg\"\/><\/p>\n<h3>Dauerhaftigkeit<\/h3>\n<p>Dieses Material ist extrem widerstandsf\u00e4hig gegen Abrieb, Risse und Einstiche und sorgt daf\u00fcr, dass die Handschuhe auch bei l\u00e4ngerem Gebrauch in bestem Zustand bleiben. Au\u00dferdem bietet es eine hervorragende Fingerfertigkeit und Festigkeit f\u00fcr hochwertige Lederwaren.<\/p>\n<div class=\"clear\"><\/div>\n<\/div>\n<\/section>\n<section id=\"usage\">\n<h2>Verwendung und Anwendungen<\/h2>\n<div class=\"usage-point\">\n<h3>Im Vergleich zu herk\u00f6mmlichem PVC-Kunstleder bieten PU- und Mikrofaserleder eine bessere Weichheit und Elastizit\u00e4t, was dem nat\u00fcrlichen Leder n\u00e4her kommt und dem Benutzer einen angenehmeren Griff erm\u00f6glicht.<\/h3>\n<p>Im Vergleich zu herk\u00f6mmlichem PVC-Kunstleder bieten PU- und Mikrofaserleder eine bessere Weichheit und Elastizit\u00e4t, so dass die Haptik n\u00e4her an der von nat\u00fcrlichem Leder liegt und der Griff f\u00fcr den Benutzer angenehmer ist.<\/p>\n<\/div>\n<div class=\"usage-point\">\n<h3>Bequem und atmungsaktiv<\/h3>\n<p>Dieses weiche, bequeme und hoch atmungsaktive Material eignet sich perfekt f\u00fcr Fahrradhandschuhe und andere Produkte, die \u00fcber einen l\u00e4ngeren Zeitraum getragen werden. Es h\u00e4lt die H\u00e4nde bei anstrengenden Aktivit\u00e4ten k\u00fchl und trocken.<\/p>\n<\/div>\n<div class=\"usage-point\">\n<h3>Umweltvertr\u00e4glich und nachhaltig<\/h3>\n<p>Unser Ultrasuede-Mikrofaser-Kunstleder umfasst umweltfreundliche Optionen, wie z. B. Varianten aus recyceltem PET und Materialien auf Pflanzenbasis, die die Umweltbelastung verringern und gleichzeitig verschiedene Texturen bieten.<\/p>\n<\/div>\n<div class=\"usage-point\">\n<h3>Antibakterieller Schutz und Schutz vor Staub<\/h3>\n<p>Ausgew\u00e4hlte Varianten verf\u00fcgen \u00fcber antibakterielle und staubabweisende Eigenschaften und erf\u00fcllen hohe Hygienestandards - ideal f\u00fcr Handschuhe, die strenge Qualit\u00e4ts- und Sicherheitskontrollen erfordern.<\/p>\n<\/div>\n<div class=\"usage-point\">\n<h3>Vielf\u00e4ltige Anwendungsszenarien<\/h3>\n<p>Neben Fahrradhandschuhen eignet es sich auch f\u00fcr Fingerhandschuhe, Sicherheitshandschuhe und verschiedene andere Handschuhtypen sowie f\u00fcr Schuhe, Kleidung und Zubeh\u00f6r.<\/p>\n<\/div>\n<p><img decoding=\"async\" alt=\"Anwendungen von 0,7mm Ultrasuede Mikrofaser-Kunstleder in verschiedenen Produkten\" class=\"product-image\" src=\"\/wp-content\/uploads\/2025\/08\/07mm-ultrasuede-microfiber-faux-leather-for-cycling-gloves--37885.jpg\"\/><br \/>\n<img decoding=\"async\" alt=\"Radsporthandschuhe aus Ultrasuede-Mikrofaserleder - Produktbeispiel\" class=\"product-image\" src=\"\/wp-content\/uploads\/2025\/08\/07mm-ultrasuede-microfiber-faux-leather-for-cycling-gloves--37886.jpg\"\/><br \/>\n<\/section>\n<p><\/main><\/p>\n<section id=\"inquiry\">\n<h2 style=\"text-align: center;\">Mit freundlichen Gr\u00fc\u00dfen erwarten wir Ihre Anfrage!<\/h2>\n<p style=\"text-align: center;\">Kontaktieren Sie uns noch heute, um mehr \u00fcber unsere Produkte zu erfahren und Ihre Bestellung aufzugeben.<\/p>\n<\/section>\n\n    <div class=\"xs_social_share_widget xs_share_url after_content \t\tmain_content  wslu-style-1 wslu-share-box-shaped wslu-fill-colored wslu-none wslu-share-horizontal wslu-theme-font-no wslu-main_content\">\n\n\t\t\n        <ul>\n\t\t\t        <\/ul>\n    <\/div>","protected":false},"excerpt":{"rendered":"<div class=\"product-short-description\">PU-Leder 0,5 mm Farbe und Muster Vielfalt Making Book Cover Leder Pu Material WINIW 0,5 mm Farbe und Muster Vielfalt Making Book Cover Leder Pu Material Key Features include.Ideal f\u00fcr diejenigen, die Qualit\u00e4t und Zuverl\u00e4ssigkeit.<\/p>\n<p>Als direkte Fabrik, Hersteller und Gro\u00dfh\u00e4ndler k\u00f6nnen wir den Produktionsprozess streng kontrollieren, um die Produktqualit\u00e4t zu gew\u00e4hrleisten und Ihnen die g\u00fcnstigsten Preise zu bieten. Wir verf\u00fcgen \u00fcber fortschrittliche Produktionsanlagen und ein professionelles technisches Team, um Ihren Bedarf an Gro\u00dfauftr\u00e4gen zu decken und eine p\u00fcnktliche Lieferung zu gew\u00e4hrleisten.<\/p>\n<\/div>","protected":false},"featured_media":4657,"template":"","meta":[],"product_brand":[],"product_cat":[198],"product_tag":[18759],"class_list":{"0":"post-28624","1":"product","2":"type-product","3":"status-publish","4":"has-post-thumbnail","6":"product_cat-pu-leather","7":"product_tag-seat-cover-leather-manufacturerseat-cover-leather-manufacturersseat-cover-leather-suppliersseat-cover-leather-factoryseat-cover-leather-wholesaleseat-cover-leather","9":"first","10":"instock","11":"product-type-simple"},"_links":{"self":[{"href":"https:\/\/www.eco-leather.com\/de\/wp-json\/wp\/v2\/product\/28624","targetHints":{"allow":["GET"]}}],"collection":[{"href":"https:\/\/www.eco-leather.com\/de\/wp-json\/wp\/v2\/product"}],"about":[{"href":"https:\/\/www.eco-leather.com\/de\/wp-json\/wp\/v2\/types\/product"}],"wp:featuredmedia":[{"embeddable":true,"href":"https:\/\/www.eco-leather.com\/de\/wp-json\/wp\/v2\/media\/4657"}],"wp:attachment":[{"href":"https:\/\/www.eco-leather.com\/de\/wp-json\/wp\/v2\/media?parent=28624"}],"wp:term":[{"taxonomy":"product_brand","embeddable":true,"href":"https:\/\/www.eco-leather.com\/de\/wp-json\/wp\/v2\/product_brand?post=28624"},{"taxonomy":"product_cat","embeddable":true,"href":"https:\/\/www.eco-leather.com\/de\/wp-json\/wp\/v2\/product_cat?post=28624"},{"taxonomy":"product_tag","embeddable":true,"href":"https:\/\/www.eco-leather.com\/de\/wp-json\/wp\/v2\/product_tag?post=28624"}],"curies":[{"name":"wp","href":"https:\/\/api.w.org\/{rel}","templated":true}]}}