{"id":28529,"date":"2025-09-07T10:55:23","date_gmt":"2025-09-07T02:55:23","guid":{"rendered":"https:\/\/www.eco-leather.com\/product\/1-0mm-soft-touch-making-bags-and-accessories-microfiber-base-leather\/"},"modified":"2025-09-07T10:55:28","modified_gmt":"2025-09-07T02:55:28","slug":"1-0mm-soft-touch-taschen-und-accessoires-aus-mikrofaser-basis-leder","status":"publish","type":"product","link":"https:\/\/www.eco-leather.com\/de\/1-0mm-soft-touch-taschen-und-accessoires-aus-mikrofaser-basis-leder\/","title":{"rendered":"1.0mm Soft Touch Herstellung von Taschen und Zubeh\u00f6r Mikrofaser Basis Leder"},"content":{"rendered":"<h2>Mikrofaser Basis Leder<\/h2>\n<p><main><\/p>\n<section id=\"product-overview\">\n<h2>Beschreibung des Produkts<\/h2>\n<p>Produkt <strong>Kunstleder-Sohle<\/strong> Beschrei bung<\/p>\n<p>Helles <strong>Automobil LederSitze Service Hund<\/strong> Aussehen Ob es sich um gef\u00e4rbte Lederprodukte oder um Leder mit nat\u00fcrlichem Farbton handelt, seine Oberfl\u00e4che strahlt einen einzigartigen Glanz aus, der den Menschen ein edles und elegantes Gef\u00fchl vermittelt.<\/p>\n<p>Dieses gl\u00e4nzende Aussehen l\u00e4sst Lederprodukte bei allen Arten von Anl\u00e4ssen hochwertig und stimmungsvoll aussehen, geeignet f\u00fcr das t\u00e4gliche Tragen oder formelle Anl\u00e4sse. Weich in der Ber\u00fchrung<\/p>\n<p>Unser 0,7 mm starkes Ultrasuede Microfiber Faux Leather wird aus hochwertigen Mikrofasermaterialien hergestellt und ist die perfekte Wahl f\u00fcr Fahrradhandschuhe. Es bietet ein ausgewogenes Verh\u00e4ltnis zwischen Flexibilit\u00e4t und St\u00e4rke, au\u00dfergew\u00f6hnliche Atmungsaktivit\u00e4t und feuchtigkeitsableitende Eigenschaften, damit die H\u00e4nde bei intensiven Fahrten k\u00fchl und trocken bleiben.<\/p>\n<p>Ob Sie nun ein professioneller Radfahrer oder ein Freizeitradler sind, Microfiber Leather bietet unschlagbaren Komfort und Schutz. Seine hohe Widerstandsf\u00e4higkeit gegen Abrieb und Risse sorgt f\u00fcr eine lang anhaltende Leistung, w\u00e4hrend das elegante Design einen raffinierten Touch zu jedem Biker-Ensemble hinzuf\u00fcgt.<\/p>\n<\/section>\n<section id=\"specifications\">\n<h2>Technische Parameter<\/h2>\n<ul class_=\"parameters-list\">\n<li><span class=\"param-name\">Parameter <strong>Kunstlederboxen China<\/strong> Material:<\/span> Mikrofaser + PU. Farbe: Pantone Farbe Referenz oder Muster Dicke Normal 0.5mm-2.0mm oder kundenspezifische Dicke Mindestbestellmenge: 300 laufende Meter.<\/li>\n<li><span class=\"param-name\">L\u00e4nge der Rolle:<\/span> 20-30m\/Rolle Lieferzeit: 15-20 Tage. Breite: 54 , 137cm Produktionskapazit\u00e4t: 1.000.000 Meter monatlich.<\/li>\n<\/ul>\n<p><img decoding=\"async\" alt=\"0.7mm Ultrasuede Mikrofaser Kunstleder f\u00fcr Radsporthandschuhe - Materialspezifikation\" class=\"product-image\" src=\"\/wp-content\/uploads\/2025\/08\/07mm-ultrasuede-microfiber-faux-leather-for-cycling-gloves--37881.jpg\"\/><\/p>\n<h3>Produkt-Parameter<\/h3>\n<ul class=\"parameters-list\">\n<li><span class=\"param-name\">Material:<\/span> Mikrofaser + PU<\/li>\n<li><span class=\"param-name\">Farbe:<\/span> Schwarz, Grau, Beige (benutzerdefinierte Farben verf\u00fcgbar)<\/li>\n<li><span class=\"param-name\">Die Dicke:<\/span> 0,6 mm, 0,7 mm, 0,8 mm, 1 mm<\/li>\n<li><span class=\"param-name\">Mindestbestellmenge:<\/span> 300 laufende Meter<\/li>\n<li><span class=\"param-name\">L\u00e4nge der Rolle:<\/span> 20-30m\/Rolle<\/li>\n<li><span class=\"param-name\">Lieferzeiten:<\/span> 15-20 Tage<\/li>\n<li><span class=\"param-name\">Breite:<\/span> 54\u2033, 137cm<\/li>\n<li><span class=\"param-name\">Produktionskapazit\u00e4t:<\/span> 1.000.000 Meter monatlich<\/li>\n<\/ul>\n<\/section>\n<section id=\"features\">\n<h2>Produktmerkmale<\/h2>\n<div class=\"feature-item\">\n<img decoding=\"async\" alt=\"DesignedWaterproof Faux Leathermanspecifically f\u00fcr B-End-Fabriken, die 1\" class=\"feature-image left\" src=\"\/wp-content\/uploads\/2025\/08\/10mm-soft-touch-making-bags-and-accessories-microfiber-base-leather-25820.jpg\"\/><\/p>\n<h3>Entworfen <strong>Wasserdichtes Faux Leatherman<\/strong> speziell f\u00fcr B-End-Fabriken, die 1<\/h3>\n<p>Entworfen <strong>Wasserdichtes Faux Leatherman<\/strong> Das speziell f\u00fcr B-End-Fabriken entwickelte 1,0-mm-Soft-Touch-Mikrofaser-Basisleder f\u00fcr die Herstellung von Taschen und Zubeh\u00f6r kombiniert hochwertiges Mikrofasersubstrat mit pr\u00e4ziser Handwerkskunst und zeichnet sich durch au\u00dfergew\u00f6hnliche Haltbarkeit und einen weichen Griff aus.<\/p>\n<div class=\"clear\"><\/div>\n<\/div>\n<div class=\"feature-item\">\n<img decoding=\"async\" alt=\"Dieses wasserdichte Ledergewebe Odmhsasleather zeichnet sich nicht nur durch seine hervorragende Verschlei\u00df- und Rei\u00dffestigkeit aus, sondern wurde auch einer speziellen Oberfl\u00e4chenbehandlung unterzogen, um sicherzustellen, dass es seine leuchtende Farbe beh\u00e4lt und auch bei l\u00e4ngerem Gebrauch nicht altert.\" class=\"feature-image left\" src=\"\/wp-content\/uploads\/2025\/08\/10mm-soft-touch-making-bags-and-accessories-microfiber-base-leather-25821.jpg\"\/><\/p>\n<h3>Diese <strong>Wasserdichtes Leder Stoff Odmhsas<\/strong> Leder zeichnet sich nicht nur durch eine hervorragende Verschlei\u00df- und Rei\u00dffestigkeit aus, sondern wurde auch einer speziellen Oberfl\u00e4chenbehandlung unterzogen, um sicherzustellen, dass es seine leuchtende Farbe beh\u00e4lt und auch bei l\u00e4ngerem Gebrauch nicht altert.<\/h3>\n<p>Diese <strong>Wasserdichtes Leder Stoff Odmhsas<\/strong> Leder zeichnet sich nicht nur durch eine hervorragende Verschlei\u00df- und Rei\u00dffestigkeit aus, sondern wurde auch einer speziellen Oberfl\u00e4chenbehandlung unterzogen, um sicherzustellen, dass es seine leuchtende Farbe beh\u00e4lt und auch bei l\u00e4ngerem Gebrauch nicht altert.<\/p>\n<div class=\"clear\"><\/div>\n<\/div>\n<div class=\"feature-item\">\n<img decoding=\"async\" alt=\"Das wasserdichte Spray aus Wildleder ist m\u00e4\u00dfig dick und l\u00e4sst sich leicht zuschneiden und n\u00e4hen. Es eignet sich ideal f\u00fcr Fabriken, die verschiedene Taschen und Accessoires in gro\u00dfen Mengen herstellen und so die Produktqualit\u00e4t und Wettbewerbsf\u00e4higkeit verbessern.\" class=\"feature-image left\" src=\"\/wp-content\/uploads\/2025\/08\/10mm-soft-touch-making-bags-and-accessories-microfiber-base-leather-25822.jpg\"\/><\/p>\n<h3>Mit <strong>Wildleder Impr\u00e4gnierspray<\/strong> Die moderate Dicke und die einfache Schneide- und N\u00e4hbarkeit machen das Material ideal f\u00fcr Fabriken, die verschiedene Taschen und Accessoires in Massenproduktion herstellen und damit die Produktqualit\u00e4t und die Wettbewerbsf\u00e4higkeit verbessern.<\/h3>\n<p>Mit <strong>Wildleder Impr\u00e4gnierspray<\/strong> Aufgrund seiner moderaten Dicke und der einfachen Schneide- und N\u00e4hm\u00f6glichkeiten ist es ideal f\u00fcr Fabriken zur Massenproduktion verschiedener Taschen und Accessoires geeignet, was die Produktqualit\u00e4t und die Wettbewerbsf\u00e4higkeit verbessert.<\/p>\n<div class=\"clear\"><\/div>\n<\/div>\n<div class=\"feature-item\">\n<img decoding=\"async\" alt=\"Hauptmerkmal\" class=\"feature-image left\" src=\"\/wp-content\/uploads\/2025\/08\/10mm-soft-touch-making-bags-and-accessories-microfiber-base-leather-25823.jpg\"\/><\/p>\n<h3>Hauptmerkmal<\/h3>\n<p>Einzelheiten und Merkmale des Produkts<\/p>\n<div class=\"clear\"><\/div>\n<\/div>\n<div class=\"feature-item\">\n<img decoding=\"async\" alt=\"Hohe Rei\u00dffestigkeit - Ultrasuede Mikrofaser-Kunstleder f\u00fcr Fahrradhandschuhe\" class=\"feature-image left\" src=\"\/wp-content\/uploads\/2025\/08\/07mm-ultrasuede-microfiber-faux-leather-for-cycling-gloves--37882.jpg\"\/><\/p>\n<h3>Hohe Rei\u00dffestigkeit<\/h3>\n<p>Unser Ultrasuede-Mikrofaserleder zeichnet sich durch eine au\u00dfergew\u00f6hnliche Rei\u00dffestigkeit aus, so dass es unter Belastung nicht bricht oder sich leicht verformt. Dies macht es ideal f\u00fcr Produkte, die Haltbarkeit und langfristige Leistung erfordern.<\/p>\n<div class=\"clear\"><\/div>\n<\/div>\n<div class=\"feature-item\">\n<img decoding=\"async\" alt=\"Formstabilit\u00e4t - Ultrasuede Mikrofaser-Kunstleder f\u00fcr Fahrradhandschuhe\" class=\"feature-image right\" src=\"\/wp-content\/uploads\/2025\/08\/07mm-ultrasuede-microfiber-faux-leather-for-cycling-gloves--37883.jpg\"\/><\/p>\n<h3>Nicht leicht zu verformen<\/h3>\n<p>Dieses Material wurde speziell behandelt, um seine urspr\u00fcngliche Form zu erhalten, und bietet eine hervorragende Elastizit\u00e4t und Stabilit\u00e4t. Es widersteht Verformungen durch \u00e4u\u00dferen Druck oder Dehnung, so dass die Produkte langfristig intakt und attraktiv bleiben.<\/p>\n<div class=\"clear\"><\/div>\n<\/div>\n<div class=\"feature-item\">\n<img decoding=\"async\" alt=\"Strapazierf\u00e4higkeit - Ultrasuede Microfiber Faux Leather f\u00fcr Fahrradhandschuhe\" class=\"feature-image left\" src=\"\/wp-content\/uploads\/2025\/08\/07mm-ultrasuede-microfiber-faux-leather-for-cycling-gloves--37884.jpg\"\/><\/p>\n<h3>Dauerhaftigkeit<\/h3>\n<p>Dieses Material ist extrem widerstandsf\u00e4hig gegen Abrieb, Risse und Einstiche und sorgt daf\u00fcr, dass die Handschuhe auch bei l\u00e4ngerem Gebrauch in bestem Zustand bleiben. Au\u00dferdem bietet es eine hervorragende Fingerfertigkeit und Festigkeit f\u00fcr hochwertige Lederwaren.<\/p>\n<div class=\"clear\"><\/div>\n<\/div>\n<\/section>\n<p><\/main><\/p>\n<section id=\"inquiry\">\n<h2 style=\"text-align: center;\">Mit freundlichen Gr\u00fc\u00dfen erwarten wir Ihre Anfrage!<\/h2>\n<p style=\"text-align: center;\">Kontaktieren Sie uns noch heute, um mehr \u00fcber unsere Produkte zu erfahren und Ihre Bestellung aufzugeben.<\/p>\n<\/section>\n\n    <div class=\"xs_social_share_widget xs_share_url after_content \t\tmain_content  wslu-style-1 wslu-share-box-shaped wslu-fill-colored wslu-none wslu-share-horizontal wslu-theme-font-no wslu-main_content\">\n\n\t\t\n        <ul>\n\t\t\t        <\/ul>\n    <\/div>","protected":false},"excerpt":{"rendered":"<div class=\"product-short-description\">Microfiber Base Leather 1.0mm Soft Touch Making Bags and Accessories Microfiber Base Leather WINIW 1.0mm Soft Touch Making Bags and Accessories Microfiber Base Leather Key features include microfiber + PU., color:, Pantone color reference Or Sample.Ideal f\u00fcr diejenigen, die Qualit\u00e4t und Zuverl\u00e4ssigkeit.<\/p>\n<p>Als direkte Fabrik, Hersteller und Gro\u00dfh\u00e4ndler k\u00f6nnen wir den Produktionsprozess streng kontrollieren, um die Produktqualit\u00e4t zu gew\u00e4hrleisten und Ihnen die g\u00fcnstigsten Preise zu bieten. Wir verf\u00fcgen \u00fcber fortschrittliche Produktionsanlagen und ein professionelles technisches Team, um Ihren Bedarf an Gro\u00dfauftr\u00e4gen zu decken und eine p\u00fcnktliche Lieferung zu gew\u00e4hrleisten.<\/p>\n<\/div>","protected":false},"featured_media":4551,"template":"","meta":[],"product_brand":[],"product_cat":[267],"product_tag":[],"class_list":{"0":"post-28529","1":"product","2":"type-product","3":"status-publish","4":"has-post-thumbnail","6":"product_cat-microfiber-base-leather","8":"first","9":"instock","10":"product-type-simple"},"_links":{"self":[{"href":"https:\/\/www.eco-leather.com\/de\/wp-json\/wp\/v2\/product\/28529","targetHints":{"allow":["GET"]}}],"collection":[{"href":"https:\/\/www.eco-leather.com\/de\/wp-json\/wp\/v2\/product"}],"about":[{"href":"https:\/\/www.eco-leather.com\/de\/wp-json\/wp\/v2\/types\/product"}],"wp:featuredmedia":[{"embeddable":true,"href":"https:\/\/www.eco-leather.com\/de\/wp-json\/wp\/v2\/media\/4551"}],"wp:attachment":[{"href":"https:\/\/www.eco-leather.com\/de\/wp-json\/wp\/v2\/media?parent=28529"}],"wp:term":[{"taxonomy":"product_brand","embeddable":true,"href":"https:\/\/www.eco-leather.com\/de\/wp-json\/wp\/v2\/product_brand?post=28529"},{"taxonomy":"product_cat","embeddable":true,"href":"https:\/\/www.eco-leather.com\/de\/wp-json\/wp\/v2\/product_cat?post=28529"},{"taxonomy":"product_tag","embeddable":true,"href":"https:\/\/www.eco-leather.com\/de\/wp-json\/wp\/v2\/product_tag?post=28529"}],"curies":[{"name":"wp","href":"https:\/\/api.w.org\/{rel}","templated":true}]}}