{"id":28521,"date":"2025-09-07T10:55:23","date_gmt":"2025-09-07T02:55:23","guid":{"rendered":"https:\/\/www.eco-leather.com\/product\/1-2mm-heat-and-cold-resistance-microfiber-base-leather-for-accessories\/"},"modified":"2025-09-07T10:55:25","modified_gmt":"2025-09-07T02:55:25","slug":"1-2mm-heat-and-cold-resistance-microfiber-base-leather-for-accessories","status":"publish","type":"product","link":"https:\/\/www.eco-leather.com\/de\/1-2mm-heat-and-cold-resistance-microfiber-base-leather-for-accessories\/","title":{"rendered":"1.2mm Hitze- und K\u00e4ltebest\u00e4ndigkeit Mikrofaser Basis Leder f\u00fcr Accessoires"},"content":{"rendered":"<h2>Mikrofaser Basis Leder<\/h2>\n<p><main><\/p>\n<section id=\"product-overview\">\n<h2>Beschreibung des Produkts<\/h2>\n<p>Produkt <strong>Kunstleder-Elasthan<\/strong> Beschrei bung<\/p>\n<p>Aging <strong>Automobil LederSitze Service Hund<\/strong> Resistance Toughness<\/p>\n<p>Unser 0,7 mm starkes Ultrasuede Microfiber Faux Leather wird aus hochwertigen Mikrofasermaterialien hergestellt und ist die perfekte Wahl f\u00fcr Fahrradhandschuhe. Es bietet ein ausgewogenes Verh\u00e4ltnis zwischen Flexibilit\u00e4t und St\u00e4rke, au\u00dfergew\u00f6hnliche Atmungsaktivit\u00e4t und feuchtigkeitsableitende Eigenschaften, damit die H\u00e4nde bei intensiven Fahrten k\u00fchl und trocken bleiben.<\/p>\n<p>Ob Sie nun ein professioneller Radfahrer oder ein Freizeitradler sind, Microfiber Leather bietet unschlagbaren Komfort und Schutz. Seine hohe Widerstandsf\u00e4higkeit gegen Abrieb und Risse sorgt f\u00fcr eine lang anhaltende Leistung, w\u00e4hrend das elegante Design einen raffinierten Touch zu jedem Biker-Ensemble hinzuf\u00fcgt.<\/p>\n<\/section>\n<section id=\"specifications\">\n<h2>Technische Parameter<\/h2>\n<ul class_=\"parameters-list\">\n<li><span class=\"param-name\">Parameter <strong>Kunstlederboxen China<\/strong> Material:<\/span> Mikrofaser + PU. Farbe: Pantone Farbe Referenz oder Muster Dicke Normal 0.5mm-2.0mm oder kundenspezifische Dicke Mindestbestellmenge: 300 laufende Meter.<\/li>\n<li><span class=\"param-name\">L\u00e4nge der Rolle:<\/span> 20-30m\/Rolle Lieferzeit: 15-20 Tage. Breite: 54 , 137cm Produktionskapazit\u00e4t: 1.000.000 Meter monatlich.<\/li>\n<\/ul>\n<p><img decoding=\"async\" alt=\"0.7mm Ultrasuede Mikrofaser Kunstleder f\u00fcr Radsporthandschuhe - Materialspezifikation\" class=\"product-image\" src=\"\/wp-content\/uploads\/2025\/08\/07mm-ultrasuede-microfiber-faux-leather-for-cycling-gloves--37881.jpg\"\/><\/p>\n<h3>Produkt-Parameter<\/h3>\n<ul class=\"parameters-list\">\n<li><span class=\"param-name\">Material:<\/span> Mikrofaser + PU<\/li>\n<li><span class=\"param-name\">Farbe:<\/span> Schwarz, Grau, Beige (benutzerdefinierte Farben verf\u00fcgbar)<\/li>\n<li><span class=\"param-name\">Die Dicke:<\/span> 0,6 mm, 0,7 mm, 0,8 mm, 1 mm<\/li>\n<li><span class=\"param-name\">Mindestbestellmenge:<\/span> 300 laufende Meter<\/li>\n<li><span class=\"param-name\">L\u00e4nge der Rolle:<\/span> 20-30m\/Rolle<\/li>\n<li><span class=\"param-name\">Lieferzeiten:<\/span> 15-20 Tage<\/li>\n<li><span class=\"param-name\">Breite:<\/span> 54\u2033, 137cm<\/li>\n<li><span class=\"param-name\">Produktionskapazit\u00e4t:<\/span> 1.000.000 Meter monatlich<\/li>\n<\/ul>\n<\/section>\n<section id=\"features\">\n<h2>Produktmerkmale<\/h2>\n<div class=\"feature-item\">\n<img decoding=\"async\" alt=\"OurWaterproof Leather Material Service1\" class=\"feature-image left\" src=\"\/wp-content\/uploads\/2025\/08\/12mm-heat-and-cold-resistance-microfiber-base-leather-for-accessories-25727.jpg\"\/><\/p>\n<h3>Unser <strong>Wasserdichtes Leder Material Service<\/strong> 1<\/h3>\n<p>Unser <strong>Wasserdichtes Leder Material Service<\/strong> 1.2mm Heat And Cold Resistance Microfiber Base Leather For Accessories is engineered specifically for B-end factories, blending durability and versatility into a single, high-performance material.<\/p>\n<div class=\"clear\"><\/div>\n<\/div>\n<div class=\"feature-item\">\n<img decoding=\"async\" alt=\"CraftedSuede Leather Waterproof Sprayfrom a cutting-edge microfiber composition, this leather exhibits exceptional resistance to both high and low temperatures, ensuring it maintains its structural integrity and aesthetic appeal across varied manufacturing environments\" class=\"feature-image left\" src=\"\/wp-content\/uploads\/2025\/08\/12mm-heat-and-cold-resistance-microfiber-base-leather-for-accessories-25728.JPG\"\/><\/p>\n<h3>Gekonnt <strong>Wildleder Impr\u00e4gnierspray<\/strong> from a cutting-edge microfiber composition, this leather exhibits exceptional resistance to both high and low temperatures, ensuring it maintains its structural integrity and aesthetic appeal across varied manufacturing environments<\/h3>\n<p>Gekonnt <strong>Wildleder Impr\u00e4gnierspray<\/strong> from a cutting-edge microfiber composition, this leather exhibits exceptional resistance to both high and low temperatures, ensuring it maintains its structural integrity and aesthetic appeal across varied manufacturing environments.<\/p>\n<div class=\"clear\"><\/div>\n<\/div>\n<div class=\"feature-item\">\n<img decoding=\"async\" alt=\"ItsWaterproof Faux Leathermantight weave and reinforced fibers provide enhanced tear strength and abrasion resistance, making it a reliable choice for producing robust accessories that withstand rigorous use\" class=\"feature-image left\" src=\"\/wp-content\/uploads\/2025\/08\/12mm-heat-and-cold-resistance-microfiber-base-leather-for-accessories-25729.JPG\"\/><\/p>\n<h3>Seine <strong>Wasserdichtes Faux Leatherman<\/strong> tight weave and reinforced fibers provide enhanced tear strength and abrasion resistance, making it a reliable choice for producing robust accessories that withstand rigorous use<\/h3>\n<p>Seine <strong>Wasserdichtes Faux Leatherman<\/strong> tight weave and reinforced fibers provide enhanced tear strength and abrasion resistance, making it a reliable choice for producing robust accessories that withstand rigorous use.<\/p>\n<div class=\"clear\"><\/div>\n<\/div>\n<div class=\"feature-item\">\n<img decoding=\"async\" alt=\"Product details and features This means that leather is able to maintain its texture and appearance during long-term use and storage, and is not prone to hardening, cracking, color fading and other phenomena\" class=\"feature-image left\" src=\"\/wp-content\/uploads\/2025\/08\/12mm-heat-and-cold-resistance-microfiber-base-leather-for-accessories-25730.JPG\"\/><\/p>\n<h3>Product details and features This means that leather is able to maintain its texture and appearance during long-term use and storage, and is not prone to hardening, cracking, color fading and other phenomena<\/h3>\n<p>Product details and features This means that leather is able to maintain its texture and appearance during long-term use and storage, and is not prone to hardening, cracking, color fading and other phenomena.<\/p>\n<div class=\"clear\"><\/div>\n<\/div>\n<div class=\"feature-item\">\n<img decoding=\"async\" alt=\"Diese Eigenschaft macht Lederprodukte langlebig und wird h\u00e4ufig bei der Herstellung von hochwertigen Lederwaren, M\u00f6beln und anderen Produkten verwendet, wobei das gute Aussehen und die Qualit\u00e4t erhalten bleiben.\" class=\"feature-image left\" src=\"\/wp-content\/uploads\/2025\/08\/12mm-heat-and-cold-resistance-microfiber-base-leather-for-accessories-25731.jpg\"\/><\/p>\n<h3>Diese Eigenschaft macht Lederprodukte langlebig und wird h\u00e4ufig bei der Herstellung von hochwertigen Lederwaren, M\u00f6beln und anderen Produkten verwendet, wobei das gute Aussehen und die Qualit\u00e4t erhalten bleiben.<\/h3>\n<p>Diese Eigenschaft macht Lederprodukte langlebig und wird h\u00e4ufig bei der Herstellung von hochwertigen Lederwaren, M\u00f6beln und anderen Produkten verwendet, wobei das gute Aussehen und die Qualit\u00e4t erhalten bleiben.<\/p>\n<div class=\"clear\"><\/div>\n<\/div>\n<div class=\"feature-item\">\n<img decoding=\"async\" alt=\"Hohe Rei\u00dffestigkeit - Ultrasuede Mikrofaser-Kunstleder f\u00fcr Fahrradhandschuhe\" class=\"feature-image left\" src=\"\/wp-content\/uploads\/2025\/08\/07mm-ultrasuede-microfiber-faux-leather-for-cycling-gloves--37882.jpg\"\/><\/p>\n<h3>Hohe Rei\u00dffestigkeit<\/h3>\n<p>Unser Ultrasuede-Mikrofaserleder zeichnet sich durch eine au\u00dfergew\u00f6hnliche Rei\u00dffestigkeit aus, so dass es unter Belastung nicht bricht oder sich leicht verformt. Dies macht es ideal f\u00fcr Produkte, die Haltbarkeit und langfristige Leistung erfordern.<\/p>\n<div class=\"clear\"><\/div>\n<\/div>\n<div class=\"feature-item\">\n<img decoding=\"async\" alt=\"Formstabilit\u00e4t - Ultrasuede Mikrofaser-Kunstleder f\u00fcr Fahrradhandschuhe\" class=\"feature-image right\" src=\"\/wp-content\/uploads\/2025\/08\/07mm-ultrasuede-microfiber-faux-leather-for-cycling-gloves--37883.jpg\"\/><\/p>\n<h3>Nicht leicht zu verformen<\/h3>\n<p>Dieses Material wurde speziell behandelt, um seine urspr\u00fcngliche Form zu erhalten, und bietet eine hervorragende Elastizit\u00e4t und Stabilit\u00e4t. Es widersteht Verformungen durch \u00e4u\u00dferen Druck oder Dehnung, so dass die Produkte langfristig intakt und attraktiv bleiben.<\/p>\n<div class=\"clear\"><\/div>\n<\/div>\n<div class=\"feature-item\">\n<img decoding=\"async\" alt=\"Strapazierf\u00e4higkeit - Ultrasuede Microfiber Faux Leather f\u00fcr Fahrradhandschuhe\" class=\"feature-image left\" src=\"\/wp-content\/uploads\/2025\/08\/07mm-ultrasuede-microfiber-faux-leather-for-cycling-gloves--37884.jpg\"\/><\/p>\n<h3>Dauerhaftigkeit<\/h3>\n<p>Dieses Material ist extrem widerstandsf\u00e4hig gegen Abrieb, Risse und Einstiche und sorgt daf\u00fcr, dass die Handschuhe auch bei l\u00e4ngerem Gebrauch in bestem Zustand bleiben. Au\u00dferdem bietet es eine hervorragende Fingerfertigkeit und Festigkeit f\u00fcr hochwertige Lederwaren.<\/p>\n<div class=\"clear\"><\/div>\n<\/div>\n<\/section>\n<p><\/main><\/p>\n<section id=\"inquiry\">\n<h2 style=\"text-align: center;\">Mit freundlichen Gr\u00fc\u00dfen erwarten wir Ihre Anfrage!<\/h2>\n<p style=\"text-align: center;\">Kontaktieren Sie uns noch heute, um mehr \u00fcber unsere Produkte zu erfahren und Ihre Bestellung aufzugeben.<\/p>\n<\/section>\n\n    <div class=\"xs_social_share_widget xs_share_url after_content \t\tmain_content  wslu-style-1 wslu-share-box-shaped wslu-fill-colored wslu-none wslu-share-horizontal wslu-theme-font-no wslu-main_content\">\n\n\t\t\n        <ul>\n\t\t\t        <\/ul>\n    <\/div>","protected":false},"excerpt":{"rendered":"<div class=\"product-short-description\">Microfiber Base Leather 1.2mm Heat And Cold Resistance Microfiber Base Leather For Accessories WINIW 1.2mm Heat And Cold Resistance Microfiber Base Leather For Accessories Key features include microfiber + PU., color:, Pantone color reference Or Sample.Ideal for those seeking quality and reliability.<\/p>\n<p>Als direkte Fabrik, Hersteller und Gro\u00dfh\u00e4ndler k\u00f6nnen wir den Produktionsprozess streng kontrollieren, um die Produktqualit\u00e4t zu gew\u00e4hrleisten und Ihnen die g\u00fcnstigsten Preise zu bieten. Wir verf\u00fcgen \u00fcber fortschrittliche Produktionsanlagen und ein professionelles technisches Team, um Ihren Bedarf an Gro\u00dfauftr\u00e4gen zu decken und eine p\u00fcnktliche Lieferung zu gew\u00e4hrleisten.<\/p>\n<\/div>","protected":false},"featured_media":4535,"template":"","meta":[],"product_brand":[],"product_cat":[267],"product_tag":[18710],"class_list":{"0":"post-28521","1":"product","2":"type-product","3":"status-publish","4":"has-post-thumbnail","6":"product_cat-microfiber-base-leather","7":"product_tag-vegan-leather-accessoriespu-leather-accessoriespu-leather-accessories-folderpu-leather-accessories-listpu-leather-accessories-bloxpu-leather-accessories-palace","9":"first","10":"instock","11":"product-type-simple"},"_links":{"self":[{"href":"https:\/\/www.eco-leather.com\/de\/wp-json\/wp\/v2\/product\/28521","targetHints":{"allow":["GET"]}}],"collection":[{"href":"https:\/\/www.eco-leather.com\/de\/wp-json\/wp\/v2\/product"}],"about":[{"href":"https:\/\/www.eco-leather.com\/de\/wp-json\/wp\/v2\/types\/product"}],"wp:featuredmedia":[{"embeddable":true,"href":"https:\/\/www.eco-leather.com\/de\/wp-json\/wp\/v2\/media\/4535"}],"wp:attachment":[{"href":"https:\/\/www.eco-leather.com\/de\/wp-json\/wp\/v2\/media?parent=28521"}],"wp:term":[{"taxonomy":"product_brand","embeddable":true,"href":"https:\/\/www.eco-leather.com\/de\/wp-json\/wp\/v2\/product_brand?post=28521"},{"taxonomy":"product_cat","embeddable":true,"href":"https:\/\/www.eco-leather.com\/de\/wp-json\/wp\/v2\/product_cat?post=28521"},{"taxonomy":"product_tag","embeddable":true,"href":"https:\/\/www.eco-leather.com\/de\/wp-json\/wp\/v2\/product_tag?post=28521"}],"curies":[{"name":"wp","href":"https:\/\/api.w.org\/{rel}","templated":true}]}}