{"id":28482,"date":"2025-09-07T10:55:00","date_gmt":"2025-09-07T02:55:00","guid":{"rendered":"https:\/\/www.eco-leather.com\/product\/0-8mm-durable-anti-slip-coating-imitation-leather-micro-fiber-suede\/"},"modified":"2025-09-07T10:55:03","modified_gmt":"2025-09-07T02:55:03","slug":"0-8mm-durable-anti-slip-coating-imitation-leather-micro-fiber-suede","status":"publish","type":"product","link":"https:\/\/www.eco-leather.com\/de\/0-8mm-durable-anti-slip-coating-imitation-leather-micro-fiber-suede\/","title":{"rendered":"0.8mm Durable Anti-Slip Coating Imitation Leather Micro Fiber Suede"},"content":{"rendered":"<h2>Textil\u00e4hnliches Gef\u00fchl Mikrofaser Wildleder<\/h2>\n<p><main><\/p>\n<section id=\"product-overview\">\n<h2>Beschreibung des Produkts<\/h2>\n<p>Material <strong>Importeur von Geldb\u00f6rsen aus Kunstleder<\/strong> Einf\u00fchrung<\/p>\n<p>Unser 0,7 mm starkes Ultrasuede Microfiber Faux Leather wird aus hochwertigen Mikrofasermaterialien hergestellt und ist die perfekte Wahl f\u00fcr Fahrradhandschuhe. Es bietet ein ausgewogenes Verh\u00e4ltnis zwischen Flexibilit\u00e4t und St\u00e4rke, au\u00dfergew\u00f6hnliche Atmungsaktivit\u00e4t und feuchtigkeitsableitende Eigenschaften, damit die H\u00e4nde bei intensiven Fahrten k\u00fchl und trocken bleiben.<\/p>\n<p>Ob Sie nun ein professioneller Radfahrer oder ein Freizeitradler sind, Microfiber Leather bietet unschlagbaren Komfort und Schutz. Seine hohe Widerstandsf\u00e4higkeit gegen Abrieb und Risse sorgt f\u00fcr eine lang anhaltende Leistung, w\u00e4hrend das elegante Design einen raffinierten Touch zu jedem Biker-Ensemble hinzuf\u00fcgt.<\/p>\n<\/section>\n<section id=\"specifications\">\n<h2>Technische Parameter<\/h2>\n<p>Spezifikation des Materials<\/p>\n<p><img decoding=\"async\" alt=\"0.7mm Ultrasuede Mikrofaser Kunstleder f\u00fcr Radsporthandschuhe - Materialspezifikation\" class=\"product-image\" src=\"\/wp-content\/uploads\/2025\/08\/07mm-ultrasuede-microfiber-faux-leather-for-cycling-gloves--37881.jpg\"\/><\/p>\n<h3>Produkt-Parameter<\/h3>\n<ul class=\"parameters-list\">\n<li><span class=\"param-name\">Material:<\/span> Mikrofaser + PU<\/li>\n<li><span class=\"param-name\">Farbe:<\/span> Schwarz, Grau, Beige (benutzerdefinierte Farben verf\u00fcgbar)<\/li>\n<li><span class=\"param-name\">Die Dicke:<\/span> 0,6 mm, 0,7 mm, 0,8 mm, 1 mm<\/li>\n<li><span class=\"param-name\">Mindestbestellmenge:<\/span> 300 laufende Meter<\/li>\n<li><span class=\"param-name\">L\u00e4nge der Rolle:<\/span> 20-30m\/Rolle<\/li>\n<li><span class=\"param-name\">Lieferzeiten:<\/span> 15-20 Tage<\/li>\n<li><span class=\"param-name\">Breite:<\/span> 54\u2033, 137cm<\/li>\n<li><span class=\"param-name\">Produktionskapazit\u00e4t:<\/span> 1.000.000 Meter monatlich<\/li>\n<\/ul>\n<\/section>\n<section id=\"features\">\n<h2>Produktmerkmale<\/h2>\n<div class=\"feature-item\">\n<img decoding=\"async\" alt=\"DiscoverWaterproof Leather Fabric Odmhsasthe premium quality and elegance of the Durable Anti-Slip Coating Imitation Leather Microfiber Suede, crafted with meticulous attention to detail by WINIW Company Factory Wholesale Patent Leather Manufacturersfactory, a leading manufacturer of vegan and synthetic leather solutions\" class=\"feature-image left\" src=\"\/wp-content\/uploads\/2025\/08\/08mm-durable-anti-slip-coating-imitation-leather-micro-fiber-suede-25390.jpg\"\/><\/p>\n<h3>Entdecken Sie <strong>Wasserdichtes Leder Stoff Odmhsas<\/strong> the premium quality and elegance of the Durable Anti-Slip Coating Imitation Leather Microfiber Suede, crafted with meticulous attention to detail by WINIW Company Factory Wholesale Patent Leather Manufacturersfactory, a leading manufacturer of vegan and synthetic leather solutions<\/h3>\n<p>Entdecken Sie <strong>Wasserdichtes Leder Stoff Odmhsas<\/strong> the premium quality and elegance of the Durable Anti-Slip Coating Imitation Leather Microfiber Suede, crafted with meticulous attention to detail by WINIW Company Factory Wholesale Patent Leather Manufacturersfactory, a leading manufacturer of vegan and synthetic leather solutions.<\/p>\n<div class=\"clear\"><\/div>\n<\/div>\n<div class=\"feature-item\">\n<img decoding=\"async\" alt=\"This faux suede leather boasts a microfiber base that ensures exceptional durability and softness, mimicking the touch and appearance of genuine suede without compromising on ethical standards or sustainability\" class=\"feature-image left\" src=\"\/wp-content\/uploads\/2025\/08\/08mm-durable-anti-slip-coating-imitation-leather-micro-fiber-suede-25391.jpg\"\/><\/p>\n<h3>This faux suede leather boasts a microfiber base that ensures exceptional durability and softness, mimicking the touch and appearance of genuine suede without compromising on ethical standards or sustainability<\/h3>\n<p>This faux suede leather boasts a microfiber base that ensures exceptional durability and softness, mimicking the touch and appearance of genuine suede without compromising on ethical standards or sustainability.<\/p>\n<div class=\"clear\"><\/div>\n<\/div>\n<div class=\"feature-item\">\n<img decoding=\"async\" alt=\"MaterialWaterproof Leather Material ServiceMicrofiber Suede Leather Brand Name WINIW Company Factory Wholesale Patent Leather ManufacturersWidth 54\" class=\"feature-image left\" src=\"\/wp-content\/uploads\/2025\/08\/08mm-durable-anti-slip-coating-imitation-leather-micro-fiber-suede-25392.jpg\"\/><\/p>\n<h3>Material <strong>Wasserdichtes Leder Material Service<\/strong> Microfiber Suede Leather Brand Name WINIW Company Factory Wholesale Patent Leather ManufacturersWidth 54&#8243;; 1<\/h3>\n<p>Material <strong>Wasserdichtes Leder Material Service<\/strong> Microfiber Suede Leather Brand Name WINIW Company Factory Wholesale Patent Leather ManufacturersWidth 54&#8243;; 1.37m Color Red, Black,Brown, Green,accept customize Feature Wear resistant, Waterproof, Anti-Mildew, Flexible Thickness 0.6mm-2.4mm Place of Origin China Customized Yes Delivery time Usually within 15 &#8211; 25 days.<\/p>\n<div class=\"clear\"><\/div>\n<\/div>\n<div class=\"feature-item\">\n<img decoding=\"async\" alt=\"MOQSuede Leder Wasserdicht Spray300 Meter Verpackungsdetails 30\/50 Meter pro Rolle\" class=\"feature-image left\" src=\"\/wp-content\/uploads\/2025\/08\/08mm-durable-anti-slip-coating-imitation-leather-micro-fiber-suede-25393.jpg\"\/><\/p>\n<h3>MOQ <strong>Wildleder Impr\u00e4gnierspray<\/strong> 300 Meter Verpackungsdetails 30\/50 Meter pro Rolle<\/h3>\n<p>MOQ <strong>Wildleder Impr\u00e4gnierspray<\/strong> 300 meters Packaging Details 30\/50 Meters per Roll. Or customized Production Capacity 1,000,000 meters monthly Material Feature The Durable Anti-Slip Coating Imitation Leather Microfiber Suede stands out with its unique blend of features that cater to both fashion-forward designers and practical manufacturers.<\/p>\n<div class=\"clear\"><\/div>\n<\/div>\n<div class=\"feature-item\">\n<img decoding=\"async\" alt=\"Its vegan composition ensures that it appeals to an environmentally conscious audience, while the synthetic nature guarantees consistency in quality and appearance across every batch\" class=\"feature-image left\" src=\"\/wp-content\/uploads\/2025\/08\/08mm-durable-anti-slip-coating-imitation-leather-micro-fiber-suede-25394.jpg\"\/><\/p>\n<h3>Its vegan composition ensures that it appeals to an environmentally conscious audience, while the synthetic nature guarantees consistency in quality and appearance across every batch<\/h3>\n<p>Its vegan composition ensures that it appeals to an environmentally conscious audience, while the synthetic nature guarantees consistency in quality and appearance across every batch.<\/p>\n<div class=\"clear\"><\/div>\n<\/div>\n<div class=\"feature-item\">\n<img decoding=\"async\" alt=\"Hohe Rei\u00dffestigkeit - Ultrasuede Mikrofaser-Kunstleder f\u00fcr Fahrradhandschuhe\" class=\"feature-image left\" src=\"\/wp-content\/uploads\/2025\/08\/07mm-ultrasuede-microfiber-faux-leather-for-cycling-gloves--37882.jpg\"\/><\/p>\n<h3>Hohe Rei\u00dffestigkeit<\/h3>\n<p>Unser Ultrasuede-Mikrofaserleder zeichnet sich durch eine au\u00dfergew\u00f6hnliche Rei\u00dffestigkeit aus, so dass es unter Belastung nicht bricht oder sich leicht verformt. Dies macht es ideal f\u00fcr Produkte, die Haltbarkeit und langfristige Leistung erfordern.<\/p>\n<div class=\"clear\"><\/div>\n<\/div>\n<div class=\"feature-item\">\n<img decoding=\"async\" alt=\"Formstabilit\u00e4t - Ultrasuede Mikrofaser-Kunstleder f\u00fcr Fahrradhandschuhe\" class=\"feature-image right\" src=\"\/wp-content\/uploads\/2025\/08\/07mm-ultrasuede-microfiber-faux-leather-for-cycling-gloves--37883.jpg\"\/><\/p>\n<h3>Nicht leicht zu verformen<\/h3>\n<p>Dieses Material wurde speziell behandelt, um seine urspr\u00fcngliche Form zu erhalten, und bietet eine hervorragende Elastizit\u00e4t und Stabilit\u00e4t. Es widersteht Verformungen durch \u00e4u\u00dferen Druck oder Dehnung, so dass die Produkte langfristig intakt und attraktiv bleiben.<\/p>\n<div class=\"clear\"><\/div>\n<\/div>\n<div class=\"feature-item\">\n<img decoding=\"async\" alt=\"Strapazierf\u00e4higkeit - Ultrasuede Microfiber Faux Leather f\u00fcr Fahrradhandschuhe\" class=\"feature-image left\" src=\"\/wp-content\/uploads\/2025\/08\/07mm-ultrasuede-microfiber-faux-leather-for-cycling-gloves--37884.jpg\"\/><\/p>\n<h3>Dauerhaftigkeit<\/h3>\n<p>Dieses Material ist extrem widerstandsf\u00e4hig gegen Abrieb, Risse und Einstiche und sorgt daf\u00fcr, dass die Handschuhe auch bei l\u00e4ngerem Gebrauch in bestem Zustand bleiben. Au\u00dferdem bietet es eine hervorragende Fingerfertigkeit und Festigkeit f\u00fcr hochwertige Lederwaren.<\/p>\n<div class=\"clear\"><\/div>\n<\/div>\n<\/section>\n<section id=\"usage\">\n<h2>Verwendung und Anwendungen<\/h2>\n<div class=\"usage-point\">\n<h3>Entworfen <strong>Premium-Taschen aus veganem Leder<\/strong> with an advanced anti-slip coating, our microfiber suede leather offers enhanced grip and stability, making it ideal for a wide range of applications where both aesthetics and functionality are paramount<\/h3>\n<p>Entworfen <strong>Premium-Taschen aus veganem Leder<\/strong> with an advanced anti-slip coating, our microfiber suede leather offers enhanced grip and stability, making it ideal for a wide range of applications where both aesthetics and functionality are paramount.<\/p>\n<\/div>\n<div class=\"usage-point\">\n<h3>WINIW Company Factory Wholesale Patent Leather Manufacturersmanufacturer prides itself on delivering top-notch artificial leather that meets the demands of modern design and production needs <\/h3>\n<p>WINIW Company Factory Wholesale Patent Leather Manufacturersmanufacturer prides itself on delivering top-notch artificial leather that meets the demands of modern design and production needs . The <strong>Vegane Lederschuhe Importeure<\/strong> microfiber construction not only adds to its longevity but also makes it highly resistant to wear and tear.<\/p>\n<\/div>\n<div class=\"usage-point\">\n<h3>The anti-slip coating is a game-changer, providing a secure grip that prevents slipping, making it perfect for applications that require stability<\/h3>\n<p>The anti-slip coating is a game-changer, providing a secure grip that prevents slipping, making it perfect for applications that require stability. Furthermore, the soft, suede-like texture adds a touch of luxury to any product it&#8217;s used in, making WINIW Company Factory Wholesale Patent Leather Manufacturersartificial leather a cut above the rest in the market .<\/p>\n<\/div>\n<div class=\"usage-point\">\n<h3>Bequem und atmungsaktiv<\/h3>\n<p>Dieses weiche, bequeme und hoch atmungsaktive Material eignet sich perfekt f\u00fcr Fahrradhandschuhe und andere Produkte, die \u00fcber einen l\u00e4ngeren Zeitraum getragen werden. Es h\u00e4lt die H\u00e4nde bei anstrengenden Aktivit\u00e4ten k\u00fchl und trocken.<\/p>\n<\/div>\n<div class=\"usage-point\">\n<h3>Umweltvertr\u00e4glich und nachhaltig<\/h3>\n<p>Unser Ultrasuede-Mikrofaser-Kunstleder umfasst umweltfreundliche Optionen, wie z. B. Varianten aus recyceltem PET und Materialien auf Pflanzenbasis, die die Umweltbelastung verringern und gleichzeitig verschiedene Texturen bieten.<\/p>\n<\/div>\n<div class=\"usage-point\">\n<h3>Antibakterieller Schutz und Schutz vor Staub<\/h3>\n<p>Ausgew\u00e4hlte Varianten verf\u00fcgen \u00fcber antibakterielle und staubabweisende Eigenschaften und erf\u00fcllen hohe Hygienestandards - ideal f\u00fcr Handschuhe, die strenge Qualit\u00e4ts- und Sicherheitskontrollen erfordern.<\/p>\n<\/div>\n<div class=\"usage-point\">\n<h3>Vielf\u00e4ltige Anwendungsszenarien<\/h3>\n<p>Neben Fahrradhandschuhen eignet es sich auch f\u00fcr Fingerhandschuhe, Sicherheitshandschuhe und verschiedene andere Handschuhtypen sowie f\u00fcr Schuhe, Kleidung und Zubeh\u00f6r.<\/p>\n<\/div>\n<p><img decoding=\"async\" alt=\"Anwendungen von 0,7mm Ultrasuede Mikrofaser-Kunstleder in verschiedenen Produkten\" class=\"product-image\" src=\"\/wp-content\/uploads\/2025\/08\/07mm-ultrasuede-microfiber-faux-leather-for-cycling-gloves--37885.jpg\"\/><br \/>\n<img decoding=\"async\" alt=\"Radsporthandschuhe aus Ultrasuede-Mikrofaserleder - Produktbeispiel\" class=\"product-image\" src=\"\/wp-content\/uploads\/2025\/08\/07mm-ultrasuede-microfiber-faux-leather-for-cycling-gloves--37886.jpg\"\/><br \/>\n<\/section>\n<p><\/main><\/p>\n<section id=\"inquiry\">\n<h2 style=\"text-align: center;\">Mit freundlichen Gr\u00fc\u00dfen erwarten wir Ihre Anfrage!<\/h2>\n<p style=\"text-align: center;\">Kontaktieren Sie uns noch heute, um mehr \u00fcber unsere Produkte zu erfahren und Ihre Bestellung aufzugeben.<\/p>\n<\/section>\n\n    <div class=\"xs_social_share_widget xs_share_url after_content \t\tmain_content  wslu-style-1 wslu-share-box-shaped wslu-fill-colored wslu-none wslu-share-horizontal wslu-theme-font-no wslu-main_content\">\n\n\t\t\n        <ul>\n\t\t\t        <\/ul>\n    <\/div>","protected":false},"excerpt":{"rendered":"<div class=\"product-short-description\">Microfiber Suede Leather 0.8mm Durable Anti-Slip Coating Imitation Leather Micro Fiber Suede WINIW 0.8mm Durable Anti-Slip Coating Imitation Leather Micro Fiber Suede Key features include Microfiber Suede Leather, WINIW, Width.Ideal for those seeking quality and reliability.<\/p>\n<p>Als direkte Fabrik, Hersteller und Gro\u00dfh\u00e4ndler k\u00f6nnen wir den Produktionsprozess streng kontrollieren, um die Produktqualit\u00e4t zu gew\u00e4hrleisten und Ihnen die g\u00fcnstigsten Preise zu bieten. Wir verf\u00fcgen \u00fcber fortschrittliche Produktionsanlagen und ein professionelles technisches Team, um Ihren Bedarf an Gro\u00dfauftr\u00e4gen zu decken und eine p\u00fcnktliche Lieferung zu gew\u00e4hrleisten.<\/p>\n<\/div>","protected":false},"featured_media":4435,"template":"","meta":[],"product_brand":[],"product_cat":[126],"product_tag":[18691],"class_list":{"0":"post-28482","1":"product","2":"type-product","3":"status-publish","4":"has-post-thumbnail","6":"product_cat-microfiber-suede-leather","7":"product_tag-imitation-leather-fabric-customizeimitation-leather-fabric-oemimitation-leather-fabric-retailerimitation-leather-fabric-serviceimitation-leather-fabric-wholesalerimitation-leather-fabric-china","9":"first","10":"instock","11":"product-type-simple"},"_links":{"self":[{"href":"https:\/\/www.eco-leather.com\/de\/wp-json\/wp\/v2\/product\/28482","targetHints":{"allow":["GET"]}}],"collection":[{"href":"https:\/\/www.eco-leather.com\/de\/wp-json\/wp\/v2\/product"}],"about":[{"href":"https:\/\/www.eco-leather.com\/de\/wp-json\/wp\/v2\/types\/product"}],"wp:featuredmedia":[{"embeddable":true,"href":"https:\/\/www.eco-leather.com\/de\/wp-json\/wp\/v2\/media\/4435"}],"wp:attachment":[{"href":"https:\/\/www.eco-leather.com\/de\/wp-json\/wp\/v2\/media?parent=28482"}],"wp:term":[{"taxonomy":"product_brand","embeddable":true,"href":"https:\/\/www.eco-leather.com\/de\/wp-json\/wp\/v2\/product_brand?post=28482"},{"taxonomy":"product_cat","embeddable":true,"href":"https:\/\/www.eco-leather.com\/de\/wp-json\/wp\/v2\/product_cat?post=28482"},{"taxonomy":"product_tag","embeddable":true,"href":"https:\/\/www.eco-leather.com\/de\/wp-json\/wp\/v2\/product_tag?post=28482"}],"curies":[{"name":"wp","href":"https:\/\/api.w.org\/{rel}","templated":true}]}}