{"id":28354,"date":"2025-09-07T10:53:42","date_gmt":"2025-09-07T02:53:42","guid":{"rendered":"https:\/\/www.eco-leather.com\/product\/0-6mm-not-easy-to-wrinkle-vegan-microfiber-leather-for-poncho\/"},"modified":"2025-09-07T10:53:49","modified_gmt":"2025-09-07T02:53:49","slug":"0-6mm-not-easy-to-wrinkle-vegan-microfiber-leather-for-poncho","status":"publish","type":"product","link":"https:\/\/www.eco-leather.com\/de\/0-6mm-not-easy-to-wrinkle-vegan-microfiber-leather-for-poncho\/","title":{"rendered":"0.6mm Not Easy To Wrinkle Vegan Microfiber Leather For Poncho"},"content":{"rendered":"<h2>Kunstfell Mikrofaser Leder<\/h2>\n<p><main><\/p>\n<section id=\"product-overview\">\n<h2>Beschreibung des Produkts<\/h2>\n<p>Produkt <strong>Kunstleder-Elasthan<\/strong> Einf\u00fchrung<\/p>\n<p>Unser 0,7 mm starkes Ultrasuede Microfiber Faux Leather wird aus hochwertigen Mikrofasermaterialien hergestellt und ist die perfekte Wahl f\u00fcr Fahrradhandschuhe. Es bietet ein ausgewogenes Verh\u00e4ltnis zwischen Flexibilit\u00e4t und St\u00e4rke, au\u00dfergew\u00f6hnliche Atmungsaktivit\u00e4t und feuchtigkeitsableitende Eigenschaften, damit die H\u00e4nde bei intensiven Fahrten k\u00fchl und trocken bleiben.<\/p>\n<p>Ob Sie nun ein professioneller Radfahrer oder ein Freizeitradler sind, Microfiber Leather bietet unschlagbaren Komfort und Schutz. Seine hohe Widerstandsf\u00e4higkeit gegen Abrieb und Risse sorgt f\u00fcr eine lang anhaltende Leistung, w\u00e4hrend das elegante Design einen raffinierten Touch zu jedem Biker-Ensemble hinzuf\u00fcgt.<\/p>\n<\/section>\n<section id=\"specifications\">\n<h2>Technische Parameter<\/h2>\n<ul class_=\"parameters-list\">\n<li><span class=\"param-name\">Produkt <strong>Kunstlederboxen China<\/strong> Specification WINIW Company Factory Wholesale Suede Microfiber ManufacturersCustomizable Synthetic Leather:<\/span> Eleganz, Langlebigkeit und eine bunte Auswahl an Farben.<\/li>\n<\/ul>\n<p><img decoding=\"async\" alt=\"0.7mm Ultrasuede Mikrofaser Kunstleder f\u00fcr Radsporthandschuhe - Materialspezifikation\" class=\"product-image\" src=\"\/wp-content\/uploads\/2025\/08\/07mm-ultrasuede-microfiber-faux-leather-for-cycling-gloves--37881.jpg\"\/><\/p>\n<h3>Produkt-Parameter<\/h3>\n<ul class=\"parameters-list\">\n<li><span class=\"param-name\">Material:<\/span> Mikrofaser + PU<\/li>\n<li><span class=\"param-name\">Farbe:<\/span> Schwarz, Grau, Beige (benutzerdefinierte Farben verf\u00fcgbar)<\/li>\n<li><span class=\"param-name\">Die Dicke:<\/span> 0,6 mm, 0,7 mm, 0,8 mm, 1 mm<\/li>\n<li><span class=\"param-name\">Mindestbestellmenge:<\/span> 300 laufende Meter<\/li>\n<li><span class=\"param-name\">L\u00e4nge der Rolle:<\/span> 20-30m\/Rolle<\/li>\n<li><span class=\"param-name\">Lieferzeiten:<\/span> 15-20 Tage<\/li>\n<li><span class=\"param-name\">Breite:<\/span> 54\u2033, 137cm<\/li>\n<li><span class=\"param-name\">Produktionskapazit\u00e4t:<\/span> 1.000.000 Meter monatlich<\/li>\n<\/ul>\n<\/section>\n<section id=\"features\">\n<h2>Produktmerkmale<\/h2>\n<div class=\"feature-item\">\n<img decoding=\"async\" alt=\"AtWaterproof Leather Fabric OdmhsasWINIW Company Factory Wholesale Suede Microfiber Manufacturersfactory, we pride ourselves on crafting exceptional materials that redefine the standards of quality and innovation in the leatherette industry\" class=\"feature-image left\" src=\"\/wp-content\/uploads\/2025\/08\/06mm-not-easy-to-wrinkle-vegan-microfiber-leather-for-poncho-24307.jpg\"\/><\/p>\n<h3>Unter <strong>Wasserdichtes Leder Stoff Odmhsas<\/strong> WINIW Company Factory Wholesale Suede Microfiber Manufacturersfactory, we pride ourselves on crafting exceptional materials that redefine the standards of quality and innovation in the leatherette industry<\/h3>\n<p>Unter <strong>Wasserdichtes Leder Stoff Odmhsas<\/strong> WINIW Company Factory Wholesale Suede Microfiber Manufacturersfactory, we pride ourselves on crafting exceptional materials that redefine the standards of quality and innovation in the leatherette industry.<\/p>\n<div class=\"clear\"><\/div>\n<\/div>\n<div class=\"feature-item\">\n<img decoding=\"async\" alt=\"Our latest masterpiece, the Not Easy To Wrinkle Vegan Leatherette Microfiber Fabric For Poncho, is a testament to this commitment\" class=\"feature-image left\" src=\"\/wp-content\/uploads\/2025\/08\/06mm-not-easy-to-wrinkle-vegan-microfiber-leather-for-poncho-24308.jpg\"\/><\/p>\n<h3>Our latest masterpiece, the Not Easy To Wrinkle Vegan Leatherette Microfiber Fabric For Poncho, is a testament to this commitment<\/h3>\n<p>Our latest masterpiece, the Not Easy To Wrinkle Vegan Leatherette Microfiber Fabric For Poncho, is a testament to this commitment. This microfiber leather fabric is meticulously engineered using advanced technologies and eco-friendly processes, ensuring it meets the highest expectations of designers and manufacturers alike.<\/p>\n<div class=\"clear\"><\/div>\n<\/div>\n<div class=\"feature-item\">\n<img decoding=\"async\" alt=\"The WINIW Company Factory Wholesale Suede Microfiber Manufacturersmanufacturer has infused this fabric with unparalleled durability and a luxurious feel, making it an ideal choice for crafting high-end outerwear without compromising on sustainability\" class=\"feature-image left\" src=\"\/wp-content\/uploads\/2025\/08\/06mm-not-easy-to-wrinkle-vegan-microfiber-leather-for-poncho-24309.jpg\"\/><\/p>\n<h3>The WINIW Company Factory Wholesale Suede Microfiber Manufacturersmanufacturer has infused this fabric with unparalleled durability and a luxurious feel, making it an ideal choice for crafting high-end outerwear without compromising on sustainability<\/h3>\n<p>The WINIW Company Factory Wholesale Suede Microfiber Manufacturersmanufacturer has infused this fabric with unparalleled durability and a luxurious feel, making it an ideal choice for crafting high-end outerwear without compromising on sustainability.<\/p>\n<div class=\"clear\"><\/div>\n<\/div>\n<div class=\"feature-item\">\n<img decoding=\"async\" alt=\"ItsWaterproof Leather Material Servicesmooth texture and refined aesthetics set it apart, promising to elevate any poncho design with a sophisticated, modern twist \" class=\"feature-image left\" src=\"\/wp-content\/uploads\/2025\/08\/06mm-not-easy-to-wrinkle-vegan-microfiber-leather-for-poncho-24310.jpg\"\/><\/p>\n<h3>Seine <strong>Wasserdichtes Leder Material Service<\/strong> smooth texture and refined aesthetics set it apart, promising to elevate any poncho design with a sophisticated, modern twist <\/h3>\n<p>Seine <strong>Wasserdichtes Leder Material Service<\/strong> smooth texture and refined aesthetics set it apart, promising to elevate any poncho design with a sophisticated, modern twist . Material MicrofiberLeather Brand Name WINIW Company Factory Wholesale Suede Microfiber ManufacturersWidth 54&#8243;;<\/p>\n<div class=\"clear\"><\/div>\n<\/div>\n<div class=\"feature-item\">\n<img decoding=\"async\" alt=\"1\" class=\"feature-image left\" src=\"\/wp-content\/uploads\/2025\/08\/06mm-not-easy-to-wrinkle-vegan-microfiber-leather-for-poncho-24311.jpg\"\/><\/p>\n<h3>1<\/h3>\n<p>1.37m Farbe Rot, Schwarz, Braun, Gr\u00fcn, kann angepasst werden Eigenschaft Verschlei\u00dffest, Wasserdicht, Anti-Schimmel, Flexibel Dicke 0.6mm-2.0mm Herkunftsland China Kundenspezifisch Ja Lieferzeit Normalerweise innerhalb von 15 - 25 Tagen.<\/p>\n<div class=\"clear\"><\/div>\n<\/div>\n<div class=\"feature-item\">\n<h3>MOQ 300 Meter Verpackungsdetails 30\/50 Meter pro Rolle<\/h3>\n<p>MOQ 300 Meter Verpackungsdetails 30\/50 Meter pro Rolle. Oder <strong>Wasserdichtes Faux Leatherman<\/strong> customized Production Capacity 1,000,000 meters monthly Product Feature What truly distinguishes the Not Easy To Wrinkle Vegan Leatherette Microfiber Fabric For Poncho from other materials in the market is its remarkable resilience and ease of use.<\/p>\n<div class=\"clear\"><\/div>\n<\/div>\n<div class=\"feature-item\">\n<h3>As a leading WINIW Company Factory Wholesale Suede Microfiber Manufacturersmanufacturer, we&#8217;ve ensured this fabric retains its shape and elegance even after repeated wear and wash, thanks to its anti-wrinkle properties<\/h3>\n<p>As a leading WINIW Company Factory Wholesale Suede Microfiber Manufacturersmanufacturer, we&#8217;ve ensured this fabric retains its shape and elegance even after repeated wear and wash, thanks to its anti-wrinkle properties.<\/p>\n<div class=\"clear\"><\/div>\n<\/div>\n<div class=\"feature-item\">\n<h3>Its vegan composition makes it a compassionate choice for consumers seeking ethical alternatives to animal-derived leathers<\/h3>\n<p>Its vegan composition makes it a compassionate choice for consumers seeking ethical alternatives to animal-derived leathers. Moreover, the microfiber construction guarantees a breathable and lightweight fabric, perfect for maintaining comfort throughout the changing seasons.<\/p>\n<div class=\"clear\"><\/div>\n<\/div>\n<div class=\"feature-item\">\n<h3>The WINIW Company Factory Wholesale Suede Microfiber Manufacturersfactory&#8217;s rigorous quality control processes ensure each roll meets stringent standards for color consistency, tear strength, and flexibility, making it a reliable option for bulk orders and large-scale production runs<\/h3>\n<p>The WINIW Company Factory Wholesale Suede Microfiber Manufacturersfactory&#8217;s rigorous quality control processes ensure each roll meets stringent standards for color consistency, tear strength, and flexibility, making it a reliable option for bulk orders and large-scale production runs.<\/p>\n<div class=\"clear\"><\/div>\n<\/div>\n<div class=\"feature-item\">\n<h3>Its versatility in accepting various printing and dyeing techniques further broadens its appeal, catering to diverse aesthetic preferences and market demands <\/h3>\n<p>Its versatility in accepting various printing and dyeing techniques further broadens its appeal, catering to diverse aesthetic preferences and market demands .<\/p>\n<div class=\"clear\"><\/div>\n<\/div>\n<div class=\"feature-item\">\n<img decoding=\"async\" alt=\"Hohe Rei\u00dffestigkeit - Ultrasuede Mikrofaser-Kunstleder f\u00fcr Fahrradhandschuhe\" class=\"feature-image left\" src=\"\/wp-content\/uploads\/2025\/08\/07mm-ultrasuede-microfiber-faux-leather-for-cycling-gloves--37882.jpg\"\/><\/p>\n<h3>Hohe Rei\u00dffestigkeit<\/h3>\n<p>Unser Ultrasuede-Mikrofaserleder zeichnet sich durch eine au\u00dfergew\u00f6hnliche Rei\u00dffestigkeit aus, so dass es unter Belastung nicht bricht oder sich leicht verformt. Dies macht es ideal f\u00fcr Produkte, die Haltbarkeit und langfristige Leistung erfordern.<\/p>\n<div class=\"clear\"><\/div>\n<\/div>\n<div class=\"feature-item\">\n<img decoding=\"async\" alt=\"Formstabilit\u00e4t - Ultrasuede Mikrofaser-Kunstleder f\u00fcr Fahrradhandschuhe\" class=\"feature-image right\" src=\"\/wp-content\/uploads\/2025\/08\/07mm-ultrasuede-microfiber-faux-leather-for-cycling-gloves--37883.jpg\"\/><\/p>\n<h3>Nicht leicht zu verformen<\/h3>\n<p>Dieses Material wurde speziell behandelt, um seine urspr\u00fcngliche Form zu erhalten, und bietet eine hervorragende Elastizit\u00e4t und Stabilit\u00e4t. Es widersteht Verformungen durch \u00e4u\u00dferen Druck oder Dehnung, so dass die Produkte langfristig intakt und attraktiv bleiben.<\/p>\n<div class=\"clear\"><\/div>\n<\/div>\n<div class=\"feature-item\">\n<img decoding=\"async\" alt=\"Strapazierf\u00e4higkeit - Ultrasuede Microfiber Faux Leather f\u00fcr Fahrradhandschuhe\" class=\"feature-image left\" src=\"\/wp-content\/uploads\/2025\/08\/07mm-ultrasuede-microfiber-faux-leather-for-cycling-gloves--37884.jpg\"\/><\/p>\n<h3>Dauerhaftigkeit<\/h3>\n<p>Dieses Material ist extrem widerstandsf\u00e4hig gegen Abrieb, Risse und Einstiche und sorgt daf\u00fcr, dass die Handschuhe auch bei l\u00e4ngerem Gebrauch in bestem Zustand bleiben. Au\u00dferdem bietet es eine hervorragende Fingerfertigkeit und Festigkeit f\u00fcr hochwertige Lederwaren.<\/p>\n<div class=\"clear\"><\/div>\n<\/div>\n<\/section>\n<section id=\"why-choose-us\">\n<h2>Warum WINIW w\u00e4hlen<\/h2>\n<div class=\"advantage-item\">\n<h3>Unser Vorteil<\/h3>\n<p>WINIW Company Factory Wholesale Suede Microfiber ManufacturersFactory Product Showcase<\/p>\n<\/div>\n<div class=\"advantage-item\">\n<h3>Qualit\u00e4tssicherung<\/h3>\n<p>Wir f\u00fchren w\u00e4hrend der gesamten Produktions- und Lieferkette strenge Qualit\u00e4tskontrollen durch und halten uns an die ISO9001-Normen. Von der Auswahl der Rohstoffe bis zur Endkontrolle stehen die Interessen unserer Kunden an erster Stelle.<\/p>\n<\/div>\n<div class=\"advantage-item\">\n<h3>Professionelles technisches Team<\/h3>\n<p>Unser spezialisiertes technisches Team besteht aus erfahrenen Fachleuten aus verschiedenen Bereichen, die sich der Lieferung hochwertiger Produkte und ma\u00dfgeschneiderter L\u00f6sungen verschrieben haben.<\/p>\n<\/div>\n<div class=\"advantage-item\">\n<h3>Breite Palette von Anwendungen<\/h3>\n<p>Unsere Materialien finden breite Anwendung in Schuhen, Kleidung, Gep\u00e4ck, Autoinnenr\u00e4umen, Sofam\u00f6beln und vielem mehr.<\/p>\n<\/div>\n<div class=\"advantage-item\">\n<h3>Reiche Erfahrung<\/h3>\n<p>Quanzhou WINIW Import &amp; Export Co, Ltd. verf\u00fcgt \u00fcber mehr als 20 Jahre Produktionserfahrung und bietet perfekte L\u00f6sungen f\u00fcr Kunden weltweit.<\/p>\n<\/div>\n<div class=\"advantage-item\">\n<h3>Erschwinglicher Preis<\/h3>\n<p>Wir bieten wettbewerbsf\u00e4hige Preise und einen hervorragenden Kundenservice. Fordern Sie einen Katalog an oder besuchen Sie unser Werk, um unsere Produkte kennenzulernen.<\/p>\n<\/div>\n<div class=\"advantage-item\">\n<h3>24-Stunden-Online-Kundendienst<\/h3>\n<p>Unser Team steht rund um die Uhr zur Verf\u00fcgung, um Anfragen zu beantworten und R\u00fcckmeldungen zeitnah zu bearbeiten.<\/p>\n<\/div>\n<p><img decoding=\"async\" alt=\"WINIW Produktionsst\u00e4tte - Herstellungsprozess von Ultrasuede-Mikrofaserleder\" class=\"product-image\" src=\"\/wp-content\/uploads\/2025\/08\/07mm-ultrasuede-microfiber-faux-leather-for-cycling-gloves--37888.jpg\"\/><br \/>\n<\/section>\n<p><\/main><\/p>\n<section id=\"inquiry\">\n<h2 style=\"text-align: center;\">Mit freundlichen Gr\u00fc\u00dfen erwarten wir Ihre Anfrage!<\/h2>\n<p style=\"text-align: center;\">Kontaktieren Sie uns noch heute, um mehr \u00fcber unsere Produkte zu erfahren und Ihre Bestellung aufzugeben.<\/p>\n<\/section>\n\n    <div class=\"xs_social_share_widget xs_share_url after_content \t\tmain_content  wslu-style-1 wslu-share-box-shaped wslu-fill-colored wslu-none wslu-share-horizontal wslu-theme-font-no wslu-main_content\">\n\n\t\t\n        <ul>\n\t\t\t        <\/ul>\n    <\/div>","protected":false},"excerpt":{"rendered":"<div class=\"product-short-description\">Microfiber Leather 0.6mm Not Easy To Wrinkle Vegan Microfiber Leather For Poncho WINIW 0.6mm Not Easy To Wrinkle Vegan Microfiber Leather For Poncho Key features include MicrofiberLeather, WINIW, Width.Ideal for those seeking quality and reliability.<\/p>\n<p>Als direkte Fabrik, Hersteller und Gro\u00dfh\u00e4ndler k\u00f6nnen wir den Produktionsprozess streng kontrollieren, um die Produktqualit\u00e4t zu gew\u00e4hrleisten und Ihnen die g\u00fcnstigsten Preise zu bieten. Wir verf\u00fcgen \u00fcber fortschrittliche Produktionsanlagen und ein professionelles technisches Team, um Ihren Bedarf an Gro\u00dfauftr\u00e4gen zu decken und eine p\u00fcnktliche Lieferung zu gew\u00e4hrleisten.<\/p>\n<\/div>","protected":false},"featured_media":4095,"template":"","meta":[],"product_brand":[],"product_cat":[111],"product_tag":[],"class_list":{"0":"post-28354","1":"product","2":"type-product","3":"status-publish","4":"has-post-thumbnail","6":"product_cat-microfiber-leather","8":"first","9":"instock","10":"product-type-simple"},"_links":{"self":[{"href":"https:\/\/www.eco-leather.com\/de\/wp-json\/wp\/v2\/product\/28354","targetHints":{"allow":["GET"]}}],"collection":[{"href":"https:\/\/www.eco-leather.com\/de\/wp-json\/wp\/v2\/product"}],"about":[{"href":"https:\/\/www.eco-leather.com\/de\/wp-json\/wp\/v2\/types\/product"}],"wp:featuredmedia":[{"embeddable":true,"href":"https:\/\/www.eco-leather.com\/de\/wp-json\/wp\/v2\/media\/4095"}],"wp:attachment":[{"href":"https:\/\/www.eco-leather.com\/de\/wp-json\/wp\/v2\/media?parent=28354"}],"wp:term":[{"taxonomy":"product_brand","embeddable":true,"href":"https:\/\/www.eco-leather.com\/de\/wp-json\/wp\/v2\/product_brand?post=28354"},{"taxonomy":"product_cat","embeddable":true,"href":"https:\/\/www.eco-leather.com\/de\/wp-json\/wp\/v2\/product_cat?post=28354"},{"taxonomy":"product_tag","embeddable":true,"href":"https:\/\/www.eco-leather.com\/de\/wp-json\/wp\/v2\/product_tag?post=28354"}],"curies":[{"name":"wp","href":"https:\/\/api.w.org\/{rel}","templated":true}]}}