{"id":28179,"date":"2025-09-07T10:52:12","date_gmt":"2025-09-07T02:52:12","guid":{"rendered":"https:\/\/www.eco-leather.com\/product\/0-6mm-flexible-durable-artificial-suede-microfiber-leather\/"},"modified":"2025-09-07T10:52:13","modified_gmt":"2025-09-07T02:52:13","slug":"0-6mm-flexible-durable-artificial-suede-microfiber-leather","status":"publish","type":"product","link":"https:\/\/www.eco-leather.com\/de\/0-6mm-flexible-durable-artificial-suede-microfiber-leather\/","title":{"rendered":"0.6mm Flexible Durable Artificial Suede Microfiber Leather"},"content":{"rendered":"<h2>Textil\u00e4hnliches Gef\u00fchl Mikrofaser Wildleder<\/h2>\n<p><main><\/p>\n<section id=\"product-overview\">\n<h2>Beschreibung des Produkts<\/h2>\n<p>Material <strong>Carpro Wildleder Mikrofaser<\/strong> Einf\u00fchrung<\/p>\n<p>Moreover, <strong>Automobil LederSitze Service Hund<\/strong> this artificial leather is easy to clean and maintain, ensuring long-lasting beauty without the hassle of extensive care. Its vegan credentials appeal to eco-conscious consumers and businesses, making it a responsible choice for those seeking sustainable fashion and interior solutions .<\/p>\n<p>Unser 0,7 mm starkes Ultrasuede Microfiber Faux Leather wird aus hochwertigen Mikrofasermaterialien hergestellt und ist die perfekte Wahl f\u00fcr Fahrradhandschuhe. Es bietet ein ausgewogenes Verh\u00e4ltnis zwischen Flexibilit\u00e4t und St\u00e4rke, au\u00dfergew\u00f6hnliche Atmungsaktivit\u00e4t und feuchtigkeitsableitende Eigenschaften, damit die H\u00e4nde bei intensiven Fahrten k\u00fchl und trocken bleiben.<\/p>\n<p>Ob Sie nun ein professioneller Radfahrer oder ein Freizeitradler sind, Microfiber Leather bietet unschlagbaren Komfort und Schutz. Seine hohe Widerstandsf\u00e4higkeit gegen Abrieb und Risse sorgt f\u00fcr eine lang anhaltende Leistung, w\u00e4hrend das elegante Design einen raffinierten Touch zu jedem Biker-Ensemble hinzuf\u00fcgt.<\/p>\n<\/section>\n<section id=\"specifications\">\n<h2>Technische Parameter<\/h2>\n<p>Material <strong>Kleidungsst\u00fcck Leder Importiert<\/strong> Spezifikation<\/p>\n<p><img decoding=\"async\" alt=\"0.7mm Ultrasuede Mikrofaser Kunstleder f\u00fcr Radsporthandschuhe - Materialspezifikation\" class=\"product-image\" src=\"\/wp-content\/uploads\/2025\/08\/07mm-ultrasuede-microfiber-faux-leather-for-cycling-gloves--37881.jpg\"\/><\/p>\n<h3>Produkt-Parameter<\/h3>\n<ul class=\"parameters-list\">\n<li><span class=\"param-name\">Material:<\/span> Mikrofaser + PU<\/li>\n<li><span class=\"param-name\">Farbe:<\/span> Schwarz, Grau, Beige (benutzerdefinierte Farben verf\u00fcgbar)<\/li>\n<li><span class=\"param-name\">Die Dicke:<\/span> 0,6 mm, 0,7 mm, 0,8 mm, 1 mm<\/li>\n<li><span class=\"param-name\">Mindestbestellmenge:<\/span> 300 laufende Meter<\/li>\n<li><span class=\"param-name\">L\u00e4nge der Rolle:<\/span> 20-30m\/Rolle<\/li>\n<li><span class=\"param-name\">Lieferzeiten:<\/span> 15-20 Tage<\/li>\n<li><span class=\"param-name\">Breite:<\/span> 54\u2033, 137cm<\/li>\n<li><span class=\"param-name\">Produktionskapazit\u00e4t:<\/span> 1.000.000 Meter monatlich<\/li>\n<\/ul>\n<\/section>\n<section id=\"features\">\n<h2>Produktmerkmale<\/h2>\n<div class=\"feature-item\">\n<img decoding=\"async\" alt=\"DiscoverWaterproof Faux Leather Customizethe elegance and durability of Flexible Durable Artificial Suede Microfiber Leather, meticulously crafted by the experts at WINIW Company Factory Wholesale PU Material Manufacturersfactory\" class=\"feature-image left\" src=\"\/wp-content\/uploads\/2025\/08\/06mm-flexible-durable-artificial-suede-microfiber-leather-22830.jpg\"\/><\/p>\n<h3>Entdecken Sie <strong>Wasserdichtes Kunstleder Anpassen<\/strong> the elegance and durability of Flexible Durable Artificial Suede Microfiber Leather, meticulously crafted by the experts at WINIW Company Factory Wholesale PU Material Manufacturersfactory<\/h3>\n<p>Entdecken Sie <strong>Wasserdichtes Kunstleder Anpassen<\/strong> the elegance and durability of Flexible Durable Artificial Suede Microfiber Leather, meticulously crafted by the experts at WINIW Company Factory Wholesale PU Material Manufacturersfactory.<\/p>\n<div class=\"clear\"><\/div>\n<\/div>\n<div class=\"feature-item\">\n<img decoding=\"async\" alt=\"As a leading manufacturer in the artificial leather industry, WINIW Company Factory Wholesale PU Material Manufacturersis proud to present this vegan-friendly, synthetic suede that offers a luxurious touch and robust performance\" class=\"feature-image left\" src=\"\/wp-content\/uploads\/2025\/08\/06mm-flexible-durable-artificial-suede-microfiber-leather-22831.jpg\"\/><\/p>\n<h3>As a leading manufacturer in the artificial leather industry, WINIW Company Factory Wholesale PU Material Manufacturersis proud to present this vegan-friendly, synthetic suede that offers a luxurious touch and robust performance<\/h3>\n<p>As a leading manufacturer in the artificial leather industry, WINIW Company Factory Wholesale PU Material Manufacturersis proud to present this vegan-friendly, synthetic suede that offers a luxurious touch and robust performance.<\/p>\n<div class=\"clear\"><\/div>\n<\/div>\n<div class=\"feature-item\">\n<img decoding=\"async\" alt=\"This microfiber leather boasts a soft, nappy texture reminiscent of genuine suede but without harnessing any animal products\" class=\"feature-image left\" src=\"\/wp-content\/uploads\/2025\/08\/06mm-flexible-durable-artificial-suede-microfiber-leather-22832.jpg\"\/><\/p>\n<h3>This microfiber leather boasts a soft, nappy texture reminiscent of genuine suede but without harnessing any animal products<\/h3>\n<p>This microfiber leather boasts a soft, nappy texture reminiscent of genuine suede but without harnessing any animal products. Its <strong>Wildleder Wasserdicht Import<\/strong> flexibility and durability make it an ideal choice for a wide range of applications, ensuring that your creations stand the test of time while adhering to ethical and sustainable values .<\/p>\n<div class=\"clear\"><\/div>\n<\/div>\n<div class=\"feature-item\">\n<img decoding=\"async\" alt=\"Material Microfiber Suede Leather Brand Name WINIW Company Factory Wholesale PU Material ManufacturersWidth 54\" class=\"feature-image left\" src=\"\/wp-content\/uploads\/2025\/08\/06mm-flexible-durable-artificial-suede-microfiber-leather-22833.jpg\"\/><\/p>\n<h3>Material Microfiber Suede Leather Brand Name WINIW Company Factory Wholesale PU Material ManufacturersWidth 54&#8243;; 1<\/h3>\n<p>Material Microfiber Suede Leather Brand Name WINIW Company Factory Wholesale PU Material ManufacturersWidth 54&#8243;; 1.37m Color Red, Black,Brown, Green,accept customize Feature Wear resistant, Waterproof, Anti-Mildew, Flexible Thickness 0.6mm-2.4mm Place of Origin China Customized Yes Delivery time Usually within 15 &#8211; 25 days.<\/p>\n<div class=\"clear\"><\/div>\n<\/div>\n<div class=\"feature-item\">\n<img decoding=\"async\" alt=\"MOQWasserdichtes Ledergewebe Odmhsas300 Meter Verpackungsdetails 30\/50 Meter pro Rolle\" class=\"feature-image left\" src=\"\/wp-content\/uploads\/2025\/08\/06mm-flexible-durable-artificial-suede-microfiber-leather-22834.jpg\"\/><\/p>\n<h3>MOQ <strong>Wasserdichtes Leder Stoff Odmhsas<\/strong> 300 Meter Verpackungsdetails 30\/50 Meter pro Rolle<\/h3>\n<p>MOQ <strong>Wasserdichtes Leder Stoff Odmhsas<\/strong> 300 meters Packaging Details 30\/50 Meters per Roll. Or customized Production Capacity 1,000,000 meters monthly Material Feature The Flexible Durable Artificial Suede Microfiber Leather from WINIW Company Factory Wholesale PU Material Manufacturersmanufacturer excels in both aesthetics and functionality.<\/p>\n<div class=\"clear\"><\/div>\n<\/div>\n<div class=\"feature-item\">\n<h3>Its microfiber composition provides exceptional strength and resilience, allowing it to withstand daily wear and tear while maintaining a pristine appearance<\/h3>\n<p>Its microfiber composition provides exceptional strength and resilience, allowing it to withstand daily wear and tear while maintaining a pristine appearance. The synthetic suede&#8217;s soft handfeel and velvety nap enhance the tactile experience, offering a premium feel that rivals traditional leather.<\/p>\n<div class=\"clear\"><\/div>\n<\/div>\n<div class=\"feature-item\">\n<img decoding=\"async\" alt=\"Hohe Rei\u00dffestigkeit - Ultrasuede Mikrofaser-Kunstleder f\u00fcr Fahrradhandschuhe\" class=\"feature-image left\" src=\"\/wp-content\/uploads\/2025\/08\/07mm-ultrasuede-microfiber-faux-leather-for-cycling-gloves--37882.jpg\"\/><\/p>\n<h3>Hohe Rei\u00dffestigkeit<\/h3>\n<p>Unser Ultrasuede-Mikrofaserleder zeichnet sich durch eine au\u00dfergew\u00f6hnliche Rei\u00dffestigkeit aus, so dass es unter Belastung nicht bricht oder sich leicht verformt. Dies macht es ideal f\u00fcr Produkte, die Haltbarkeit und langfristige Leistung erfordern.<\/p>\n<div class=\"clear\"><\/div>\n<\/div>\n<div class=\"feature-item\">\n<img decoding=\"async\" alt=\"Formstabilit\u00e4t - Ultrasuede Mikrofaser-Kunstleder f\u00fcr Fahrradhandschuhe\" class=\"feature-image right\" src=\"\/wp-content\/uploads\/2025\/08\/07mm-ultrasuede-microfiber-faux-leather-for-cycling-gloves--37883.jpg\"\/><\/p>\n<h3>Nicht leicht zu verformen<\/h3>\n<p>Dieses Material wurde speziell behandelt, um seine urspr\u00fcngliche Form zu erhalten, und bietet eine hervorragende Elastizit\u00e4t und Stabilit\u00e4t. Es widersteht Verformungen durch \u00e4u\u00dferen Druck oder Dehnung, so dass die Produkte langfristig intakt und attraktiv bleiben.<\/p>\n<div class=\"clear\"><\/div>\n<\/div>\n<div class=\"feature-item\">\n<img decoding=\"async\" alt=\"Strapazierf\u00e4higkeit - Ultrasuede Microfiber Faux Leather f\u00fcr Fahrradhandschuhe\" class=\"feature-image left\" src=\"\/wp-content\/uploads\/2025\/08\/07mm-ultrasuede-microfiber-faux-leather-for-cycling-gloves--37884.jpg\"\/><\/p>\n<h3>Dauerhaftigkeit<\/h3>\n<p>Dieses Material ist extrem widerstandsf\u00e4hig gegen Abrieb, Risse und Einstiche und sorgt daf\u00fcr, dass die Handschuhe auch bei l\u00e4ngerem Gebrauch in bestem Zustand bleiben. Au\u00dferdem bietet es eine hervorragende Fingerfertigkeit und Festigkeit f\u00fcr hochwertige Lederwaren.<\/p>\n<div class=\"clear\"><\/div>\n<\/div>\n<\/section>\n<p><\/main><\/p>\n<section id=\"inquiry\">\n<h2 style=\"text-align: center;\">Mit freundlichen Gr\u00fc\u00dfen erwarten wir Ihre Anfrage!<\/h2>\n<p style=\"text-align: center;\">Kontaktieren Sie uns noch heute, um mehr \u00fcber unsere Produkte zu erfahren und Ihre Bestellung aufzugeben.<\/p>\n<\/section>\n\n    <div class=\"xs_social_share_widget xs_share_url after_content \t\tmain_content  wslu-style-1 wslu-share-box-shaped wslu-fill-colored wslu-none wslu-share-horizontal wslu-theme-font-no wslu-main_content\">\n\n\t\t\n        <ul>\n\t\t\t        <\/ul>\n    <\/div>","protected":false},"excerpt":{"rendered":"<div class=\"product-short-description\">Microfiber Suede Leather 0.6mm Flexible Durable Artificial Suede Microfiber Leather WINIW 0.6mm Flexible Durable Artificial Suede Microfiber Leather Key features include Microfiber Suede Leather, WINIW, Width.Ideal for those seeking quality and reliability.<\/p>\n<p>Als direkte Fabrik, Hersteller und Gro\u00dfh\u00e4ndler k\u00f6nnen wir den Produktionsprozess streng kontrollieren, um die Produktqualit\u00e4t zu gew\u00e4hrleisten und Ihnen die g\u00fcnstigsten Preise zu bieten. Wir verf\u00fcgen \u00fcber fortschrittliche Produktionsanlagen und ein professionelles technisches Team, um Ihren Bedarf an Gro\u00dfauftr\u00e4gen zu decken und eine p\u00fcnktliche Lieferung zu gew\u00e4hrleisten.<\/p>\n<\/div>","protected":false},"featured_media":3627,"template":"","meta":[],"product_brand":[],"product_cat":[126],"product_tag":[],"class_list":{"0":"post-28179","1":"product","2":"type-product","3":"status-publish","4":"has-post-thumbnail","6":"product_cat-microfiber-suede-leather","8":"first","9":"instock","10":"product-type-simple"},"_links":{"self":[{"href":"https:\/\/www.eco-leather.com\/de\/wp-json\/wp\/v2\/product\/28179","targetHints":{"allow":["GET"]}}],"collection":[{"href":"https:\/\/www.eco-leather.com\/de\/wp-json\/wp\/v2\/product"}],"about":[{"href":"https:\/\/www.eco-leather.com\/de\/wp-json\/wp\/v2\/types\/product"}],"wp:featuredmedia":[{"embeddable":true,"href":"https:\/\/www.eco-leather.com\/de\/wp-json\/wp\/v2\/media\/3627"}],"wp:attachment":[{"href":"https:\/\/www.eco-leather.com\/de\/wp-json\/wp\/v2\/media?parent=28179"}],"wp:term":[{"taxonomy":"product_brand","embeddable":true,"href":"https:\/\/www.eco-leather.com\/de\/wp-json\/wp\/v2\/product_brand?post=28179"},{"taxonomy":"product_cat","embeddable":true,"href":"https:\/\/www.eco-leather.com\/de\/wp-json\/wp\/v2\/product_cat?post=28179"},{"taxonomy":"product_tag","embeddable":true,"href":"https:\/\/www.eco-leather.com\/de\/wp-json\/wp\/v2\/product_tag?post=28179"}],"curies":[{"name":"wp","href":"https:\/\/api.w.org\/{rel}","templated":true}]}}