{"id":28057,"date":"2025-09-07T10:51:06","date_gmt":"2025-09-07T02:51:06","guid":{"rendered":"https:\/\/www.eco-leather.com\/product\/0-8mm-durable-reliable-imitation-microfiber-leather-for-brogues-shoes\/"},"modified":"2025-09-07T10:51:07","modified_gmt":"2025-09-07T02:51:07","slug":"0-8mm-dauerhaftes-zuverlassiges-mikrofaserimitat-fur-brogues-schuhe","status":"publish","type":"product","link":"https:\/\/www.eco-leather.com\/de\/0-8mm-dauerhaftes-zuverlassiges-mikrofaserimitat-fur-brogues-schuhe\/","title":{"rendered":"0.8mm Dauerhaftes Zuverl\u00e4ssiges Mikrofaserimitat Leder f\u00fcr Brogues Schuhe"},"content":{"rendered":"<h2>Nahtfestigkeit Faux Microfiber<\/h2>\n<p><main><\/p>\n<section id=\"product-overview\">\n<h2>Beschreibung des Produkts<\/h2>\n<p>Produkt <strong>Kunstleder-Elasthan<\/strong> Einf\u00fchrung<\/p>\n<p>Unser 0,7 mm starkes Ultrasuede Microfiber Faux Leather wird aus hochwertigen Mikrofasermaterialien hergestellt und ist die perfekte Wahl f\u00fcr Fahrradhandschuhe. Es bietet ein ausgewogenes Verh\u00e4ltnis zwischen Flexibilit\u00e4t und St\u00e4rke, au\u00dfergew\u00f6hnliche Atmungsaktivit\u00e4t und feuchtigkeitsableitende Eigenschaften, damit die H\u00e4nde bei intensiven Fahrten k\u00fchl und trocken bleiben.<\/p>\n<p>Ob Sie nun ein professioneller Radfahrer oder ein Freizeitradler sind, Microfiber Leather bietet unschlagbaren Komfort und Schutz. Seine hohe Widerstandsf\u00e4higkeit gegen Abrieb und Risse sorgt f\u00fcr eine lang anhaltende Leistung, w\u00e4hrend das elegante Design einen raffinierten Touch zu jedem Biker-Ensemble hinzuf\u00fcgt.<\/p>\n<\/section>\n<section id=\"specifications\">\n<h2>Technische Parameter<\/h2>\n<ul class_=\"parameters-list\">\n<li><span class=\"param-name\">Produkt <strong>Kleidungsst\u00fcck Leder Importiert<\/strong> Spezifikation WINIW Company Factory Gro\u00dfhandel Microfiber Suede ManufacturersCustomizable Kunstleder:<\/span> Eleganz, Langlebigkeit und eine bunte Auswahl an Farben.<\/li>\n<\/ul>\n<p><img decoding=\"async\" alt=\"0.7mm Ultrasuede Mikrofaser Kunstleder f\u00fcr Radsporthandschuhe - Materialspezifikation\" class=\"product-image\" src=\"\/wp-content\/uploads\/2025\/08\/07mm-ultrasuede-microfiber-faux-leather-for-cycling-gloves--37881.jpg\"\/><\/p>\n<h3>Produkt-Parameter<\/h3>\n<ul class=\"parameters-list\">\n<li><span class=\"param-name\">Material:<\/span> Mikrofaser + PU<\/li>\n<li><span class=\"param-name\">Farbe:<\/span> Schwarz, Grau, Beige (benutzerdefinierte Farben verf\u00fcgbar)<\/li>\n<li><span class=\"param-name\">Die Dicke:<\/span> 0,6 mm, 0,7 mm, 0,8 mm, 1 mm<\/li>\n<li><span class=\"param-name\">Mindestbestellmenge:<\/span> 300 laufende Meter<\/li>\n<li><span class=\"param-name\">L\u00e4nge der Rolle:<\/span> 20-30m\/Rolle<\/li>\n<li><span class=\"param-name\">Lieferzeiten:<\/span> 15-20 Tage<\/li>\n<li><span class=\"param-name\">Breite:<\/span> 54\u2033, 137cm<\/li>\n<li><span class=\"param-name\">Produktionskapazit\u00e4t:<\/span> 1.000.000 Meter monatlich<\/li>\n<\/ul>\n<\/section>\n<section id=\"features\">\n<h2>Produktmerkmale<\/h2>\n<div class=\"feature-item\">\n<img decoding=\"async\" alt=\"WINIWWaterproof Leather Material ServiceCompany Factory Wholesale Microfiber Suede Manufacturers, ein Pionier in der Lederindustrie, pr\u00e4sentiert stolz seine Durable And Reliable Imitation Microfiber Leather speziell f\u00fcr Brogues Schuhe entwickelt\" class=\"feature-image left\" src=\"\/wp-content\/uploads\/2025\/08\/08mm-durable-reliable-imitation-microfiber-leather-for-brogues-shoes-21802.jpg\"\/><\/p>\n<h3>WINIW <strong>Wasserdichtes Leder Material Service<\/strong> Company Factory Gro\u00dfhandel Mikrofaser Wildleder Hersteller, ein Pionier in der Lederindustrie, pr\u00e4sentiert stolz seine Durable And Reliable Imitation Microfiber Leather speziell f\u00fcr Brogues Schuhe entwickelt<\/h3>\n<p>WINIW <strong>Wasserdichtes Leder Material Service<\/strong> Company Factory Gro\u00dfhandel Mikrofaser Wildleder Hersteller, ein Pionier in der Lederindustrie, pr\u00e4sentiert stolz seine Durable And Reliable Imitation Microfiber Leder speziell f\u00fcr Brogues Schuhe entwickelt.<\/p>\n<div class=\"clear\"><\/div>\n<\/div>\n<div class=\"feature-item\">\n<img decoding=\"async\" alt=\"Dieses mit Pr\u00e4zision und Innovation gefertigte Mikrofaserleder verk\u00f6rpert die Essenz von Qualit\u00e4t und Eleganz und bedient den anspruchsvollen Geschmack von Schuhdesignern und -herstellern weltweit.\" class=\"feature-image left\" src=\"\/wp-content\/uploads\/2025\/08\/08mm-durable-reliable-imitation-microfiber-leather-for-brogues-shoes-21803.jpg\"\/><\/p>\n<h3>Dieses mit Pr\u00e4zision und Innovation gefertigte Mikrofaserleder verk\u00f6rpert die Essenz von Qualit\u00e4t und Eleganz und bedient den anspruchsvollen Geschmack von Schuhdesignern und -herstellern weltweit.<\/h3>\n<p>Dieses mit Pr\u00e4zision und Innovation gefertigte Mikrofaserleder verk\u00f6rpert die Essenz von Qualit\u00e4t und Eleganz und entspricht dem anspruchsvollen Geschmack von Schuhdesignern und -herstellern weltweit. Unser Werk, das mit modernsten Maschinen ausgestattet ist und strenge Qualit\u00e4tskontrollen durchf\u00fchrt, stellt sicher, dass jede Rolle dieses Kunstleders die h\u00f6chsten Standards f\u00fcr Haltbarkeit und Zuverl\u00e4ssigkeit erf\u00fcllt.<\/p>\n<div class=\"clear\"><\/div>\n<\/div>\n<div class=\"feature-item\">\n<img decoding=\"async\" alt=\"Dieses Material wurde so zugeschnitten, dass es die Textur und das Gef\u00fchl von echtem Leder nachahmt und gleichzeitig eine \u00fcberragende Verschlei\u00dffestigkeit bietet. Es ist ein Beweis f\u00fcr das Engagement der WINIW Company Factory Wholesale Microfiber Suede Manufacturers f\u00fcr hervorragende Qualit\u00e4t in der Lederherstellung. \" class=\"feature-image left\" src=\"\/wp-content\/uploads\/2025\/08\/08mm-durable-reliable-imitation-microfiber-leather-for-brogues-shoes-21804.jpg\"\/><\/p>\n<h3>Dieses Material wurde so zugeschnitten, dass es die Textur und das Gef\u00fchl von echtem Leder nachahmt und gleichzeitig eine \u00fcberragende Verschlei\u00dffestigkeit bietet. Es ist ein Beweis f\u00fcr das Engagement der WINIW Company Factory Wholesale Microfiber Suede Manufacturers f\u00fcr hervorragende Qualit\u00e4t in der Lederherstellung. <\/h3>\n<p>Dieses Material wurde so zugeschnitten, dass es die Textur und das Gef\u00fchl von echtem Leder nachahmt und gleichzeitig eine hervorragende Verschlei\u00dffestigkeit bietet. Es ist ein Beweis f\u00fcr das Engagement der WINIW Company Factory Wholesale Microfiber Suede Manufacturers f\u00fcr hervorragende Qualit\u00e4t in der Lederherstellung.<\/p>\n<div class=\"clear\"><\/div>\n<\/div>\n<div class=\"feature-item\">\n<img decoding=\"async\" class=\"feature-image left\" src=\"\/wp-content\/uploads\/2025\/08\/08mm-durable-reliable-imitation-microfiber-leather-for-brogues-shoes-21805.jpg\">\" alt=\"Material <strong>Wasserdichtes Kunstleder Anpassen<\/strong> MicrofiberLeather Markenname WINIW Company Factory Gro\u00dfhandel Mikrofaser Wildleder HerstellerBreite 54\u2033; 1\u2033&gt;<\/p>\n<h3>Material <strong>Wasserdichtes Kunstleder Anpassen<\/strong> MicrofiberLeather Markenname WINIW Company Factory Gro\u00dfhandel Mikrofaser Wildleder HerstellerBreite 54\u2033; 1<\/h3>\n<p>Material <strong>Wasserdichtes Kunstleder Anpassen<\/strong> MicrofiberLeather Markenname WINIW Company Factory Wholesale Microfiber Suede ManufacturersWidth 54\u2033; 1.37m Color Red, Black,Brown, Green, accept customize Feature Wear resistant, Waterproof, Anti-Mildew, Flexible Thickness 0.6mm-2.0mm Place of Origin China Customized Yes Delivery time Usually within 15 - 25 days.<\/p>\n<div class=\"clear\"><\/div>\n<p><\/img><\/div>\n<div class=\"feature-item\">\n<img decoding=\"async\" alt=\"MOQ 300 Meter Verpackungsdetails 30\/50 Meter pro Rolle\" class=\"feature-image left\" src=\"\/wp-content\/uploads\/2025\/08\/08mm-durable-reliable-imitation-microfiber-leather-for-brogues-shoes-21806.jpg\"\/><\/p>\n<h3>MOQ 300 Meter Verpackungsdetails 30\/50 Meter pro Rolle<\/h3>\n<p>MOQ 300 Meter Verpackung Details 30\/50 Meter pro Rolle. Oder kundenspezifisch Produktionskapazit\u00e4t 1.000.000 Meter monatlich Produktmerkmal Das langlebige und zuverl\u00e4ssige Mikrofaserlederimitat von WINIW Company Factory Wholesale Microfiber Suede Manufacturersfactory zeichnet sich durch seine au\u00dfergew\u00f6hnlichen Eigenschaften aus, die es zu einer idealen Wahl f\u00fcr Brogues-Schuhe machen.<\/p>\n<div class=\"clear\"><\/div>\n<\/div>\n<div class=\"feature-item\">\n<h3>Seine <strong>Wildleder Impr\u00e4gnierspray<\/strong> Die Mikrofaserkomposition verleiht dem Material einen weichen, geschmeidigen Griff, der dem von Naturleder \u00e4hnelt, aber eine h\u00f6here Festigkeit und Widerstandsf\u00e4higkeit aufweist<\/h3>\n<p>Seine <strong>Wildleder Impr\u00e4gnierspray<\/strong> Die Mikrofaserkomposition verleiht ihm eine weiche, geschmeidige Haptik, die der von nat\u00fcrlichem Leder \u00e4hnelt, aber eine h\u00f6here Festigkeit und Widerstandsf\u00e4higkeit aufweist. Das Material ist so beschaffen, dass es nicht verblasst, rei\u00dft und kratzt und auch nach intensiver Nutzung sein makelloses Aussehen beh\u00e4lt.<\/p>\n<div class=\"clear\"><\/div>\n<\/div>\n<div class=\"feature-item\">\n<h3>Dar\u00fcber hinaus bietet es eine hervorragende Atmungsaktivit\u00e4t, die f\u00fcr eine bessere Luftzirkulation im Schuh sorgt, was den Tragekomfort erh\u00f6ht.<\/h3>\n<p>Dar\u00fcber hinaus bietet es eine hervorragende Atmungsaktivit\u00e4t, die eine bessere Luftzirkulation im Schuh erm\u00f6glicht, was den Komfort f\u00fcr den Tr\u00e4ger erh\u00f6ht. Der Herstellungsprozess der WINIW Company Factory Wholesale Microfiber Suede Manufacturers stellt sicher, dass das Leder umweltfreundlich ist und keine sch\u00e4dlichen Chemikalien enth\u00e4lt, was es zu einer nachhaltigen Option f\u00fcr modebewusste Marken macht.<\/p>\n<div class=\"clear\"><\/div>\n<\/div>\n<div class=\"feature-item\">\n<h3>Seine Vielseitigkeit in Bezug auf Farbe und Ausf\u00fchrung bietet unendlich viele Gestaltungsm\u00f6glichkeiten und entspricht den unterschiedlichsten \u00e4sthetischen Vorlieben und Trends. <\/h3>\n<p>Seine Vielseitigkeit in Bezug auf Farbe und Oberfl\u00e4che bietet unendliche Gestaltungsm\u00f6glichkeiten, die den unterschiedlichsten \u00e4sthetischen Vorlieben und Trends gerecht werden.<\/p>\n<div class=\"clear\"><\/div>\n<\/div>\n<div class=\"feature-item\">\n<img decoding=\"async\" alt=\"Hohe Rei\u00dffestigkeit - Ultrasuede Mikrofaser-Kunstleder f\u00fcr Fahrradhandschuhe\" class=\"feature-image left\" src=\"\/wp-content\/uploads\/2025\/08\/07mm-ultrasuede-microfiber-faux-leather-for-cycling-gloves--37882.jpg\"\/><\/p>\n<h3>Hohe Rei\u00dffestigkeit<\/h3>\n<p>Unser Ultrasuede-Mikrofaserleder zeichnet sich durch eine au\u00dfergew\u00f6hnliche Rei\u00dffestigkeit aus, so dass es unter Belastung nicht bricht oder sich leicht verformt. Dies macht es ideal f\u00fcr Produkte, die Haltbarkeit und langfristige Leistung erfordern.<\/p>\n<div class=\"clear\"><\/div>\n<\/div>\n<div class=\"feature-item\">\n<img decoding=\"async\" alt=\"Formstabilit\u00e4t - Ultrasuede Mikrofaser-Kunstleder f\u00fcr Fahrradhandschuhe\" class=\"feature-image right\" src=\"\/wp-content\/uploads\/2025\/08\/07mm-ultrasuede-microfiber-faux-leather-for-cycling-gloves--37883.jpg\"\/><\/p>\n<h3>Nicht leicht zu verformen<\/h3>\n<p>Dieses Material wurde speziell behandelt, um seine urspr\u00fcngliche Form zu erhalten, und bietet eine hervorragende Elastizit\u00e4t und Stabilit\u00e4t. Es widersteht Verformungen durch \u00e4u\u00dferen Druck oder Dehnung, so dass die Produkte langfristig intakt und attraktiv bleiben.<\/p>\n<div class=\"clear\"><\/div>\n<\/div>\n<div class=\"feature-item\">\n<img decoding=\"async\" alt=\"Strapazierf\u00e4higkeit - Ultrasuede Microfiber Faux Leather f\u00fcr Fahrradhandschuhe\" class=\"feature-image left\" src=\"\/wp-content\/uploads\/2025\/08\/07mm-ultrasuede-microfiber-faux-leather-for-cycling-gloves--37884.jpg\"\/><\/p>\n<h3>Dauerhaftigkeit<\/h3>\n<p>Dieses Material ist extrem widerstandsf\u00e4hig gegen Abrieb, Risse und Einstiche und sorgt daf\u00fcr, dass die Handschuhe auch bei l\u00e4ngerem Gebrauch in bestem Zustand bleiben. Au\u00dferdem bietet es eine hervorragende Fingerfertigkeit und Festigkeit f\u00fcr hochwertige Lederwaren.<\/p>\n<div class=\"clear\"><\/div>\n<\/div>\n<\/section>\n<section id=\"why-choose-us\">\n<h2>Warum WINIW w\u00e4hlen<\/h2>\n<div class=\"advantage-item\">\n<h3>Unser Vorteil<\/h3>\n<p>WINIW Company Factory Gro\u00dfhandel Mikrofaser Wildleder HerstellerFabrik Produkt Showcase<\/p>\n<\/div>\n<div class=\"advantage-item\">\n<h3>Qualit\u00e4tssicherung<\/h3>\n<p>Wir f\u00fchren w\u00e4hrend der gesamten Produktions- und Lieferkette strenge Qualit\u00e4tskontrollen durch und halten uns an die ISO9001-Normen. Von der Auswahl der Rohstoffe bis zur Endkontrolle stehen die Interessen unserer Kunden an erster Stelle.<\/p>\n<\/div>\n<div class=\"advantage-item\">\n<h3>Professionelles technisches Team<\/h3>\n<p>Unser spezialisiertes technisches Team besteht aus erfahrenen Fachleuten aus verschiedenen Bereichen, die sich der Lieferung hochwertiger Produkte und ma\u00dfgeschneiderter L\u00f6sungen verschrieben haben.<\/p>\n<\/div>\n<div class=\"advantage-item\">\n<h3>Breite Palette von Anwendungen<\/h3>\n<p>Unsere Materialien finden breite Anwendung in Schuhen, Kleidung, Gep\u00e4ck, Autoinnenr\u00e4umen, Sofam\u00f6beln und vielem mehr.<\/p>\n<\/div>\n<div class=\"advantage-item\">\n<h3>Reiche Erfahrung<\/h3>\n<p>Quanzhou WINIW Import &amp; Export Co, Ltd. verf\u00fcgt \u00fcber mehr als 20 Jahre Produktionserfahrung und bietet perfekte L\u00f6sungen f\u00fcr Kunden weltweit.<\/p>\n<\/div>\n<div class=\"advantage-item\">\n<h3>Erschwinglicher Preis<\/h3>\n<p>Wir bieten wettbewerbsf\u00e4hige Preise und einen hervorragenden Kundenservice. Fordern Sie einen Katalog an oder besuchen Sie unser Werk, um unsere Produkte kennenzulernen.<\/p>\n<\/div>\n<div class=\"advantage-item\">\n<h3>24-Stunden-Online-Kundendienst<\/h3>\n<p>Unser Team steht rund um die Uhr zur Verf\u00fcgung, um Anfragen zu beantworten und R\u00fcckmeldungen zeitnah zu bearbeiten.<\/p>\n<\/div>\n<p><img decoding=\"async\" alt=\"WINIW Produktionsst\u00e4tte - Herstellungsprozess von Ultrasuede-Mikrofaserleder\" class=\"product-image\" src=\"\/wp-content\/uploads\/2025\/08\/07mm-ultrasuede-microfiber-faux-leather-for-cycling-gloves--37888.jpg\"\/><br \/>\n<\/section>\n<p><\/main><\/p>\n<section id=\"inquiry\">\n<h2 style=\"text-align: center;\">Mit freundlichen Gr\u00fc\u00dfen erwarten wir Ihre Anfrage!<\/h2>\n<p style=\"text-align: center;\">Kontaktieren Sie uns noch heute, um mehr \u00fcber unsere Produkte zu erfahren und Ihre Bestellung aufzugeben.<\/p>\n<\/section>\n\n    <div class=\"xs_social_share_widget xs_share_url after_content \t\tmain_content  wslu-style-1 wslu-share-box-shaped wslu-fill-colored wslu-none wslu-share-horizontal wslu-theme-font-no wslu-main_content\">\n\n\t\t\n        <ul>\n\t\t\t        <\/ul>\n    <\/div>","protected":false},"excerpt":{"rendered":"<div class=\"product-short-description\">Microfiber Leather 0.8mm Durable Reliable Imitation Microfiber Leather For Brogues Shoes WINIW 0.8mm Durable Reliable Imitation Microfiber Leather For Brogues Shoes Key features include MicrofiberLeather, WINIW, Width.Ideal f\u00fcr diejenigen, die Qualit\u00e4t und Zuverl\u00e4ssigkeit suchen.<\/p>\n<p>Als direkte Fabrik, Hersteller und Gro\u00dfh\u00e4ndler k\u00f6nnen wir den Produktionsprozess streng kontrollieren, um die Produktqualit\u00e4t zu gew\u00e4hrleisten und Ihnen die g\u00fcnstigsten Preise zu bieten. Wir verf\u00fcgen \u00fcber fortschrittliche Produktionsanlagen und ein professionelles technisches Team, um Ihren Bedarf an Gro\u00dfauftr\u00e4gen zu decken und eine p\u00fcnktliche Lieferung zu gew\u00e4hrleisten.<\/p>\n<\/div>","protected":false},"featured_media":2957,"template":"","meta":[],"product_brand":[],"product_cat":[111],"product_tag":[18510],"class_list":{"0":"post-28057","1":"product","2":"type-product","3":"status-publish","4":"has-post-thumbnail","6":"product_cat-microfiber-leather","7":"product_tag-microfiber-leather-for-furniture-sofamicrofiber-leather-for-bagsmicrofiber-leather-for-packingmicrofiber-leather-for-ballsmicrofiber-leather-for-shoes-tradersmicrofiber-leather-for-shoes-retailer","9":"first","10":"instock","11":"product-type-simple"},"_links":{"self":[{"href":"https:\/\/www.eco-leather.com\/de\/wp-json\/wp\/v2\/product\/28057","targetHints":{"allow":["GET"]}}],"collection":[{"href":"https:\/\/www.eco-leather.com\/de\/wp-json\/wp\/v2\/product"}],"about":[{"href":"https:\/\/www.eco-leather.com\/de\/wp-json\/wp\/v2\/types\/product"}],"wp:featuredmedia":[{"embeddable":true,"href":"https:\/\/www.eco-leather.com\/de\/wp-json\/wp\/v2\/media\/2957"}],"wp:attachment":[{"href":"https:\/\/www.eco-leather.com\/de\/wp-json\/wp\/v2\/media?parent=28057"}],"wp:term":[{"taxonomy":"product_brand","embeddable":true,"href":"https:\/\/www.eco-leather.com\/de\/wp-json\/wp\/v2\/product_brand?post=28057"},{"taxonomy":"product_cat","embeddable":true,"href":"https:\/\/www.eco-leather.com\/de\/wp-json\/wp\/v2\/product_cat?post=28057"},{"taxonomy":"product_tag","embeddable":true,"href":"https:\/\/www.eco-leather.com\/de\/wp-json\/wp\/v2\/product_tag?post=28057"}],"curies":[{"name":"wp","href":"https:\/\/api.w.org\/{rel}","templated":true}]}}