{"id":28054,"date":"2025-09-07T10:50:55","date_gmt":"2025-09-07T02:50:55","guid":{"rendered":"https:\/\/www.eco-leather.com\/product\/flat-straight-imitation-microfiber-leather-for-branding-emblem-tags\/"},"modified":"2025-09-07T10:51:02","modified_gmt":"2025-09-07T02:51:02","slug":"flaches-gerades-mikrofaser-kunstleder-fur-branding-emblem-anhanger","status":"publish","type":"product","link":"https:\/\/www.eco-leather.com\/de\/flaches-gerades-mikrofaser-kunstleder-fur-branding-emblem-anhanger\/","title":{"rendered":"Flache gerade Kunstleder Mikrofaser f\u00fcr Branding Emblem Tags"},"content":{"rendered":"<h2>Nahtfestigkeit Mikrofaser-Kunstleder<\/h2>\n<p><main><\/p>\n<section id=\"product-overview\">\n<h2>Beschreibung des Produkts<\/h2>\n<p>Produkt <strong>Kunstleder-Elasthan<\/strong> Einf\u00fchrung<\/p>\n<p>Unser 0,7 mm starkes Ultrasuede Microfiber Faux Leather wird aus hochwertigen Mikrofasermaterialien hergestellt und ist die perfekte Wahl f\u00fcr Fahrradhandschuhe. Es bietet ein ausgewogenes Verh\u00e4ltnis zwischen Flexibilit\u00e4t und St\u00e4rke, au\u00dfergew\u00f6hnliche Atmungsaktivit\u00e4t und feuchtigkeitsableitende Eigenschaften, damit die H\u00e4nde bei intensiven Fahrten k\u00fchl und trocken bleiben.<\/p>\n<p>Ob Sie nun ein professioneller Radfahrer oder ein Freizeitradler sind, Microfiber Leather bietet unschlagbaren Komfort und Schutz. Seine hohe Widerstandsf\u00e4higkeit gegen Abrieb und Risse sorgt f\u00fcr eine lang anhaltende Leistung, w\u00e4hrend das elegante Design einen raffinierten Touch zu jedem Biker-Ensemble hinzuf\u00fcgt.<\/p>\n<\/section>\n<section id=\"specifications\">\n<h2>Technische Parameter<\/h2>\n<ul class_=\"parameters-list\">\n<li><span class=\"param-name\">Produkt <strong>Kleidungsst\u00fcck Leder Importiert<\/strong> Spezifikation WINIW Company Factory Gro\u00dfhandel Leder Material ManufacturersCustomizable synthetisches Leder:<\/span> Eleganz, Langlebigkeit und eine bunte Auswahl an Farben.<\/li>\n<\/ul>\n<p><img decoding=\"async\" alt=\"0.7mm Ultrasuede Mikrofaser Kunstleder f\u00fcr Radsporthandschuhe - Materialspezifikation\" class=\"product-image\" src=\"\/wp-content\/uploads\/2025\/08\/07mm-ultrasuede-microfiber-faux-leather-for-cycling-gloves--37881.jpg\"\/><\/p>\n<h3>Produkt-Parameter<\/h3>\n<ul class=\"parameters-list\">\n<li><span class=\"param-name\">Material:<\/span> Mikrofaser + PU<\/li>\n<li><span class=\"param-name\">Farbe:<\/span> Schwarz, Grau, Beige (benutzerdefinierte Farben verf\u00fcgbar)<\/li>\n<li><span class=\"param-name\">Die Dicke:<\/span> 0,6 mm, 0,7 mm, 0,8 mm, 1 mm<\/li>\n<li><span class=\"param-name\">Mindestbestellmenge:<\/span> 300 laufende Meter<\/li>\n<li><span class=\"param-name\">L\u00e4nge der Rolle:<\/span> 20-30m\/Rolle<\/li>\n<li><span class=\"param-name\">Lieferzeiten:<\/span> 15-20 Tage<\/li>\n<li><span class=\"param-name\">Breite:<\/span> 54\u2033, 137cm<\/li>\n<li><span class=\"param-name\">Produktionskapazit\u00e4t:<\/span> 1.000.000 Meter monatlich<\/li>\n<\/ul>\n<\/section>\n<section id=\"features\">\n<h2>Produktmerkmale<\/h2>\n<div class=\"feature-item\">\n<img decoding=\"async\" alt=\"ExperienceWaterproof Leather Fabric Odmhsasthe Premium-Qualit\u00e4t und Vielseitigkeit unserer flachen geraden Kunstleder Mikrofaser, speziell f\u00fcr Branding-Emblem-Tags an der gesch\u00e4tzten WINIW Company Factory Gro\u00dfhandel Leder Material Manufacturersfactory gefertigt\" class=\"feature-image left\" src=\"\/wp-content\/uploads\/2025\/08\/flat-straight-imitation-microfiber-leather-for-branding-emblem-tags-21777.jpg\"\/><\/p>\n<h3>Erleben Sie <strong>Wasserdichtes Leder Stoff Odmhsas<\/strong> die erstklassige Qualit\u00e4t und Vielseitigkeit unseres flachen geraden Mikrofaserimitats, das speziell f\u00fcr das Branding von Emblem-Anh\u00e4ngern bei der gesch\u00e4tzten WINIW Company Factory Wholesale Leather Material Manufacturersfactory hergestellt wurde<\/h3>\n<p>Erleben Sie <strong>Wasserdichtes Leder Stoff Odmhsas<\/strong> die Premium-Qualit\u00e4t und Vielseitigkeit unserer flachen geraden Kunstleder Mikrofaser, speziell f\u00fcr Branding-Emblem-Tags an der gesch\u00e4tzten WINIW Company Factory Gro\u00dfhandel Leder Material Manufacturersfactory gefertigt.<\/p>\n<div class=\"clear\"><\/div>\n<\/div>\n<div class=\"feature-item\">\n<img decoding=\"async\" alt=\"Als ein f\u00fchrender WINIW Company Factory Wholesale Leather Material ManufacturersHersteller sind wir stolz darauf, Materialien zu produzieren, die den h\u00f6chsten Anforderungen an Haltbarkeit und \u00c4sthetik entsprechen\" class=\"feature-image left\" src=\"\/wp-content\/uploads\/2025\/08\/flat-straight-imitation-microfiber-leather-for-branding-emblem-tags-21778.jpg\"\/><\/p>\n<h3>Als ein f\u00fchrender WINIW Company Factory Wholesale Leather Material ManufacturersHersteller sind wir stolz darauf, Materialien zu produzieren, die den h\u00f6chsten Anforderungen an Haltbarkeit und \u00c4sthetik entsprechen<\/h3>\n<p>Als f\u00fchrender WINIW Company Factory Wholesale Leather Material ManufacturersHersteller sind wir stolz darauf, Materialien zu produzieren, die den h\u00f6chsten Anspr\u00fcchen an Haltbarkeit und \u00c4sthetik gen\u00fcgen. Dieses Mikrofaserleder kombiniert das luxuri\u00f6se Gef\u00fchl von echtem Leder mit den praktischen Vorteilen von synthetischen Fasern und ist damit die ideale Wahl f\u00fcr die Herstellung von anspruchsvollen und langlebigen Branding-Emblem-Anh\u00e4ngern.<\/p>\n<div class=\"clear\"><\/div>\n<\/div>\n<div class=\"feature-item\">\n<img decoding=\"async\" alt=\"Jedes St\u00fcck wird einer strengen Qualit\u00e4tskontrolle unterzogen, um die Konsistenz von Textur, Farbe und Finish zu gew\u00e4hrleisten und den anspruchsvollen Geschmack von Marken zu befriedigen, die Wert auf Pr\u00e4zision und Eleganz legen. \" class=\"feature-image left\" src=\"\/wp-content\/uploads\/2025\/08\/flat-straight-imitation-microfiber-leather-for-branding-emblem-tags-21779.jpg\"\/><\/p>\n<h3>Jedes St\u00fcck wird einer strengen Qualit\u00e4tskontrolle unterzogen, um die Konsistenz von Textur, Farbe und Finish zu gew\u00e4hrleisten und den anspruchsvollen Geschmack von Marken zu befriedigen, die Wert auf Pr\u00e4zision und Eleganz legen. <\/h3>\n<p>Jedes St\u00fcck wird einer strengen Qualit\u00e4tskontrolle unterzogen, um die Konsistenz von Textur, Farbe und Verarbeitung zu gew\u00e4hrleisten und dem anspruchsvollen Geschmack von Marken gerecht zu werden, die Pr\u00e4zision und Eleganz sch\u00e4tzen. Material <strong>Wasserdichtes Faux Leatherman<\/strong> MicrofiberLeather Markenname WINIW Company Factory Gro\u00dfhandel Leder Material ManufacturersWidth 54\u2033;<\/p>\n<div class=\"clear\"><\/div>\n<\/div>\n<div class=\"feature-item\">\n<img decoding=\"async\" alt=\"1\" class=\"feature-image left\" src=\"\/wp-content\/uploads\/2025\/08\/flat-straight-imitation-microfiber-leather-for-branding-emblem-tags-21780.jpg\"\/><\/p>\n<h3>1<\/h3>\n<p>1.37m Farbe Rot, Schwarz, Braun, Gr\u00fcn, kann angepasst werden Eigenschaft Verschlei\u00dffest, Wasserdicht, Anti-Schimmel, Flexibel Dicke 0.6mm-2.0mm Herkunftsland China Kundenspezifisch Ja Lieferzeit Normalerweise innerhalb von 15 - 25 Tagen.<\/p>\n<div class=\"clear\"><\/div>\n<\/div>\n<div class=\"feature-item\">\n<img decoding=\"async\" alt=\"MOQ 300 Meter Verpackungsdetails 30\/50 Meter pro Rolle\" class=\"feature-image left\" src=\"\/wp-content\/uploads\/2025\/08\/flat-straight-imitation-microfiber-leather-for-branding-emblem-tags-21781.jpg\"\/><\/p>\n<h3>MOQ 300 Meter Verpackungsdetails 30\/50 Meter pro Rolle<\/h3>\n<p>MOQ 300 Meter Verpackungsdetails 30\/50 Meter pro Rolle. Oder kundenspezifisch Produktionskapazit\u00e4t 1.000.000 Meter monatlich Produktmerkmal Unser flaches, gerades Mikrofaser-Imitatleder zeichnet sich durch seine einzigartige Mischung von Eigenschaften aus, die es herk\u00f6mmlichen Materialien \u00fcberlegen machen.<\/p>\n<div class=\"clear\"><\/div>\n<\/div>\n<div class=\"feature-item\">\n<h3>Erstens, <strong>Wildleder Wasserdicht Import<\/strong> das flache und gerade Design erm\u00f6glicht ein nahtloses Schneiden und Formen und erleichtert effiziente Produktionsprozesse<\/h3>\n<p>Erstens, <strong>Wildleder Wasserdicht Import<\/strong> Das flache und gerade Design erm\u00f6glicht ein nahtloses Schneiden und Formen und erleichtert effiziente Produktionsprozesse. Die Mikrofaserkomposition gew\u00e4hrleistet eine au\u00dfergew\u00f6hnliche Rei\u00df- und Verschlei\u00dffestigkeit, so dass die Integrit\u00e4t Ihrer Branding-Emblem-Anh\u00e4nger auch bei starker Beanspruchung erhalten bleibt.<\/p>\n<div class=\"clear\"><\/div>\n<\/div>\n<div class=\"feature-item\">\n<h3>Dar\u00fcber hinaus zeichnet sich dieses Material durch eine hervorragende Farbbest\u00e4ndigkeit aus, so dass die Farben Ihrer Marke \u00fcber lange Zeit erhalten bleiben.<\/h3>\n<p>Dar\u00fcber hinaus zeichnet sich dieses Material durch eine hervorragende Farbbest\u00e4ndigkeit aus, so dass die Farben Ihrer Marke auch im Laufe der Zeit ihre Lebendigkeit behalten. Das Kunstleder-Finish sorgt f\u00fcr einen Hauch von Raffinesse und imitiert das Aussehen von echtem Leder, ohne dabei Kompromisse bei der Erschwinglichkeit einzugehen.<\/p>\n<div class=\"clear\"><\/div>\n<\/div>\n<div class=\"feature-item\">\n<h3>WINIW Company Factory Wholesale Leather Material Manufacturersfactory s Engagement f\u00fcr Innovation und Nachhaltigkeit spiegelt sich in jeder Rolle wider, da wir umweltfreundliche Produktionsmethoden verwenden, um unseren \u00f6kologischen Fu\u00dfabdruck zu minimieren <\/h3>\n<p>WINIW Company Factory Wholesale Leather Material Manufacturersfactory s Engagement f\u00fcr Innovation und Nachhaltigkeit zeigt sich in jeder Rolle, da wir umweltfreundliche Produktionsmethoden verwenden, um unseren \u00f6kologischen Fu\u00dfabdruck zu minimieren.<\/p>\n<div class=\"clear\"><\/div>\n<\/div>\n<div class=\"feature-item\">\n<img decoding=\"async\" alt=\"Hohe Rei\u00dffestigkeit - Ultrasuede Mikrofaser-Kunstleder f\u00fcr Fahrradhandschuhe\" class=\"feature-image left\" src=\"\/wp-content\/uploads\/2025\/08\/07mm-ultrasuede-microfiber-faux-leather-for-cycling-gloves--37882.jpg\"\/><\/p>\n<h3>Hohe Rei\u00dffestigkeit<\/h3>\n<p>Unser Ultrasuede-Mikrofaserleder zeichnet sich durch eine au\u00dfergew\u00f6hnliche Rei\u00dffestigkeit aus, so dass es unter Belastung nicht bricht oder sich leicht verformt. Dies macht es ideal f\u00fcr Produkte, die Haltbarkeit und langfristige Leistung erfordern.<\/p>\n<div class=\"clear\"><\/div>\n<\/div>\n<div class=\"feature-item\">\n<img decoding=\"async\" alt=\"Formstabilit\u00e4t - Ultrasuede Mikrofaser-Kunstleder f\u00fcr Fahrradhandschuhe\" class=\"feature-image right\" src=\"\/wp-content\/uploads\/2025\/08\/07mm-ultrasuede-microfiber-faux-leather-for-cycling-gloves--37883.jpg\"\/><\/p>\n<h3>Nicht leicht zu verformen<\/h3>\n<p>Dieses Material wurde speziell behandelt, um seine urspr\u00fcngliche Form zu erhalten, und bietet eine hervorragende Elastizit\u00e4t und Stabilit\u00e4t. Es widersteht Verformungen durch \u00e4u\u00dferen Druck oder Dehnung, so dass die Produkte langfristig intakt und attraktiv bleiben.<\/p>\n<div class=\"clear\"><\/div>\n<\/div>\n<div class=\"feature-item\">\n<img decoding=\"async\" alt=\"Strapazierf\u00e4higkeit - Ultrasuede Microfiber Faux Leather f\u00fcr Fahrradhandschuhe\" class=\"feature-image left\" src=\"\/wp-content\/uploads\/2025\/08\/07mm-ultrasuede-microfiber-faux-leather-for-cycling-gloves--37884.jpg\"\/><\/p>\n<h3>Dauerhaftigkeit<\/h3>\n<p>Dieses Material ist extrem widerstandsf\u00e4hig gegen Abrieb, Risse und Einstiche und sorgt daf\u00fcr, dass die Handschuhe auch bei l\u00e4ngerem Gebrauch in bestem Zustand bleiben. Au\u00dferdem bietet es eine hervorragende Fingerfertigkeit und Festigkeit f\u00fcr hochwertige Lederwaren.<\/p>\n<div class=\"clear\"><\/div>\n<\/div>\n<\/section>\n<section id=\"why-choose-us\">\n<h2>Warum WINIW w\u00e4hlen<\/h2>\n<div class=\"advantage-item\">\n<h3>Unser Vorteil<\/h3>\n<p>WINIW Company Factory Gro\u00dfhandel Leder Material HerstellerFabrik Produkt Showcase<\/p>\n<\/div>\n<div class=\"advantage-item\">\n<h3>Qualit\u00e4tssicherung<\/h3>\n<p>Wir f\u00fchren w\u00e4hrend der gesamten Produktions- und Lieferkette strenge Qualit\u00e4tskontrollen durch und halten uns an die ISO9001-Normen. Von der Auswahl der Rohstoffe bis zur Endkontrolle stehen die Interessen unserer Kunden an erster Stelle.<\/p>\n<\/div>\n<div class=\"advantage-item\">\n<h3>Professionelles technisches Team<\/h3>\n<p>Unser spezialisiertes technisches Team besteht aus erfahrenen Fachleuten aus verschiedenen Bereichen, die sich der Lieferung hochwertiger Produkte und ma\u00dfgeschneiderter L\u00f6sungen verschrieben haben.<\/p>\n<\/div>\n<div class=\"advantage-item\">\n<h3>Breite Palette von Anwendungen<\/h3>\n<p>Unsere Materialien finden breite Anwendung in Schuhen, Kleidung, Gep\u00e4ck, Autoinnenr\u00e4umen, Sofam\u00f6beln und vielem mehr.<\/p>\n<\/div>\n<div class=\"advantage-item\">\n<h3>Reiche Erfahrung<\/h3>\n<p>Quanzhou WINIW Import &amp; Export Co, Ltd. verf\u00fcgt \u00fcber mehr als 20 Jahre Produktionserfahrung und bietet perfekte L\u00f6sungen f\u00fcr Kunden weltweit.<\/p>\n<\/div>\n<div class=\"advantage-item\">\n<h3>Erschwinglicher Preis<\/h3>\n<p>Wir bieten wettbewerbsf\u00e4hige Preise und einen hervorragenden Kundenservice. Fordern Sie einen Katalog an oder besuchen Sie unser Werk, um unsere Produkte kennenzulernen.<\/p>\n<\/div>\n<div class=\"advantage-item\">\n<h3>24-Stunden-Online-Kundendienst<\/h3>\n<p>Unser Team steht rund um die Uhr zur Verf\u00fcgung, um Anfragen zu beantworten und R\u00fcckmeldungen zeitnah zu bearbeiten.<\/p>\n<\/div>\n<p><img decoding=\"async\" alt=\"WINIW Produktionsst\u00e4tte - Herstellungsprozess von Ultrasuede-Mikrofaserleder\" class=\"product-image\" src=\"\/wp-content\/uploads\/2025\/08\/07mm-ultrasuede-microfiber-faux-leather-for-cycling-gloves--37888.jpg\"\/><br \/>\n<\/section>\n<p><\/main><\/p>\n<section id=\"inquiry\">\n<h2 style=\"text-align: center;\">Mit freundlichen Gr\u00fc\u00dfen erwarten wir Ihre Anfrage!<\/h2>\n<p style=\"text-align: center;\">Kontaktieren Sie uns noch heute, um mehr \u00fcber unsere Produkte zu erfahren und Ihre Bestellung aufzugeben.<\/p>\n<\/section>\n\n    <div class=\"xs_social_share_widget xs_share_url after_content \t\tmain_content  wslu-style-1 wslu-share-box-shaped wslu-fill-colored wslu-none wslu-share-horizontal wslu-theme-font-no wslu-main_content\">\n\n\t\t\n        <ul>\n\t\t\t        <\/ul>\n    <\/div>","protected":false},"excerpt":{"rendered":"<div class=\"product-short-description\">Microfiber Leather Flat Straight Imitation Microfiber Leather For Branding Emblem Tags WINIW Flat Straight Imitation Microfiber Leather For Branding Emblem Tags Key features include MicrofiberLeather, WINIW, Width.Ideal f\u00fcr diejenigen, die Qualit\u00e4t und Zuverl\u00e4ssigkeit.<\/p>\n<p>Als direkte Fabrik, Hersteller und Gro\u00dfh\u00e4ndler k\u00f6nnen wir den Produktionsprozess streng kontrollieren, um die Produktqualit\u00e4t zu gew\u00e4hrleisten und Ihnen die g\u00fcnstigsten Preise zu bieten. Wir verf\u00fcgen \u00fcber fortschrittliche Produktionsanlagen und ein professionelles technisches Team, um Ihren Bedarf an Gro\u00dfauftr\u00e4gen zu decken und eine p\u00fcnktliche Lieferung zu gew\u00e4hrleisten.<\/p>\n<\/div>","protected":false},"featured_media":2947,"template":"","meta":[],"product_brand":[],"product_cat":[111],"product_tag":[18507],"class_list":{"0":"post-28054","1":"product","2":"type-product","3":"status-publish","4":"has-post-thumbnail","6":"product_cat-microfiber-leather","7":"product_tag-packaging-microfiber-leathermicrofiber-leather-for-glovesmicrofiber-leather-for-garmentsmicrofiber-leather-for-labelsmicrofiber-leather-for-cleaningmicrofiber-leather-for-automotive","9":"first","10":"instock","11":"product-type-simple"},"_links":{"self":[{"href":"https:\/\/www.eco-leather.com\/de\/wp-json\/wp\/v2\/product\/28054","targetHints":{"allow":["GET"]}}],"collection":[{"href":"https:\/\/www.eco-leather.com\/de\/wp-json\/wp\/v2\/product"}],"about":[{"href":"https:\/\/www.eco-leather.com\/de\/wp-json\/wp\/v2\/types\/product"}],"wp:featuredmedia":[{"embeddable":true,"href":"https:\/\/www.eco-leather.com\/de\/wp-json\/wp\/v2\/media\/2947"}],"wp:attachment":[{"href":"https:\/\/www.eco-leather.com\/de\/wp-json\/wp\/v2\/media?parent=28054"}],"wp:term":[{"taxonomy":"product_brand","embeddable":true,"href":"https:\/\/www.eco-leather.com\/de\/wp-json\/wp\/v2\/product_brand?post=28054"},{"taxonomy":"product_cat","embeddable":true,"href":"https:\/\/www.eco-leather.com\/de\/wp-json\/wp\/v2\/product_cat?post=28054"},{"taxonomy":"product_tag","embeddable":true,"href":"https:\/\/www.eco-leather.com\/de\/wp-json\/wp\/v2\/product_tag?post=28054"}],"curies":[{"name":"wp","href":"https:\/\/api.w.org\/{rel}","templated":true}]}}