{"id":28051,"date":"2025-09-07T10:50:55","date_gmt":"2025-09-07T02:50:55","guid":{"rendered":"https:\/\/www.eco-leather.com\/product\/black-white-strong-covering-power-basketball-composite-faux-leather\/"},"modified":"2025-09-07T10:51:01","modified_gmt":"2025-09-07T02:51:01","slug":"black-white-strong-covering-power-basketball-composite-faux-leather","status":"publish","type":"product","link":"https:\/\/www.eco-leather.com\/de\/black-white-strong-covering-power-basketball-composite-faux-leather\/","title":{"rendered":"Schwarz Wei\u00df Starke Abdeckung Power Basketball Komposit Kunstleder"},"content":{"rendered":"<h2>Nahtfestigkeit Faux Microfiber<\/h2>\n<p><main><\/p>\n<section id=\"product-overview\">\n<h2>Beschreibung des Produkts<\/h2>\n<p>Produkt <strong>Kunstleder-Tasche<\/strong> Einf\u00fchrung<\/p>\n<p>Unser 0,7 mm starkes Ultrasuede Microfiber Faux Leather wird aus hochwertigen Mikrofasermaterialien hergestellt und ist die perfekte Wahl f\u00fcr Fahrradhandschuhe. Es bietet ein ausgewogenes Verh\u00e4ltnis zwischen Flexibilit\u00e4t und St\u00e4rke, au\u00dfergew\u00f6hnliche Atmungsaktivit\u00e4t und feuchtigkeitsableitende Eigenschaften, damit die H\u00e4nde bei intensiven Fahrten k\u00fchl und trocken bleiben.<\/p>\n<p>Ob Sie nun ein professioneller Radfahrer oder ein Freizeitradler sind, Microfiber Leather bietet unschlagbaren Komfort und Schutz. Seine hohe Widerstandsf\u00e4higkeit gegen Abrieb und Risse sorgt f\u00fcr eine lang anhaltende Leistung, w\u00e4hrend das elegante Design einen raffinierten Touch zu jedem Biker-Ensemble hinzuf\u00fcgt.<\/p>\n<\/section>\n<section id=\"specifications\">\n<h2>Technische Parameter<\/h2>\n<ul class_=\"parameters-list\">\n<li><span class=\"param-name\">Produkt <strong>Kleidungsst\u00fcck Leder Importiert<\/strong> Spezifikation WINIW Company Factory Gro\u00dfhandel Nappa Leder ManufacturersCustomizable Kunstleder:<\/span> Eleganz, Langlebigkeit und eine bunte Auswahl an Farben.<\/li>\n<\/ul>\n<p><img decoding=\"async\" alt=\"0.7mm Ultrasuede Mikrofaser Kunstleder f\u00fcr Radsporthandschuhe - Materialspezifikation\" class=\"product-image\" src=\"\/wp-content\/uploads\/2025\/08\/07mm-ultrasuede-microfiber-faux-leather-for-cycling-gloves--37881.jpg\"\/><\/p>\n<h3>Produkt-Parameter<\/h3>\n<ul class=\"parameters-list\">\n<li><span class=\"param-name\">Material:<\/span> Mikrofaser + PU<\/li>\n<li><span class=\"param-name\">Farbe:<\/span> Schwarz, Grau, Beige (benutzerdefinierte Farben verf\u00fcgbar)<\/li>\n<li><span class=\"param-name\">Die Dicke:<\/span> 0,6 mm, 0,7 mm, 0,8 mm, 1 mm<\/li>\n<li><span class=\"param-name\">Mindestbestellmenge:<\/span> 300 laufende Meter<\/li>\n<li><span class=\"param-name\">L\u00e4nge der Rolle:<\/span> 20-30m\/Rolle<\/li>\n<li><span class=\"param-name\">Lieferzeiten:<\/span> 15-20 Tage<\/li>\n<li><span class=\"param-name\">Breite:<\/span> 54\u2033, 137cm<\/li>\n<li><span class=\"param-name\">Produktionskapazit\u00e4t:<\/span> 1.000.000 Meter monatlich<\/li>\n<\/ul>\n<\/section>\n<section id=\"features\">\n<h2>Produktmerkmale<\/h2>\n<div class=\"feature-item\">\n<img decoding=\"async\" alt=\"WINIWSuede Leather Waterproof SprayCompany Factory Wholesale Nappa Leather Manufacturersfactory, a leading manufacturer in the leather industry, proudly presents our innovative Strong Covering Power Composite Leather Imitation For Basketball\" class=\"feature-image left\" src=\"\/wp-content\/uploads\/2025\/08\/black-white-strong-covering-power-basketball-composite-faux-leather--21752.jpg\"\/><\/p>\n<h3>WINIW <strong>Wildleder Impr\u00e4gnierspray<\/strong> Company Factory Wholesale Nappa Leather Manufacturersfactory, a leading manufacturer in the leather industry, proudly presents our innovative Strong Covering Power Composite Leather Imitation For Basketball<\/h3>\n<p>WINIW <strong>Wildleder Impr\u00e4gnierspray<\/strong> Company Factory Wholesale Nappa Leather Manufacturersfactory, a leading manufacturer in the leather industry, proudly presents our innovative Strong Covering Power Composite Leather Imitation For Basketball.<\/p>\n<div class=\"clear\"><\/div>\n<\/div>\n<div class=\"feature-item\">\n<img decoding=\"async\" alt=\"Crafted with precision and expertise, this microfiber leather is engineered to meet the rigorous demands of basketball manufacturing\" class=\"feature-image left\" src=\"\/wp-content\/uploads\/2025\/08\/black-white-strong-covering-power-basketball-composite-faux-leather--21753.jpg\"\/><\/p>\n<h3>Crafted with precision and expertise, this microfiber leather is engineered to meet the rigorous demands of basketball manufacturing<\/h3>\n<p>Crafted with precision and expertise, this microfiber leather is engineered to meet the rigorous demands of basketball manufacturing. Unlike traditional materials, our composite leather offers a perfect blend of durability, flexibility, and aesthetics, making it an ideal choice for producing high-quality basketballs.<\/p>\n<div class=\"clear\"><\/div>\n<\/div>\n<div class=\"feature-item\">\n<img decoding=\"async\" alt=\"The WINIW Company Factory Wholesale Nappa Leather Manufacturersteam employs state-of-the-art technology and stringent quality control measures to ensure that each batch of leather meets international standards, reflecting our commitment to excellence and reliability as a trusted WINIW Company Factory Wholesale Nappa Leather Manufacturersmanufacturer \" class=\"feature-image left\" src=\"\/wp-content\/uploads\/2025\/08\/black-white-strong-covering-power-basketball-composite-faux-leather--21754.jpg\"\/><\/p>\n<h3>The WINIW Company Factory Wholesale Nappa Leather Manufacturersteam employs state-of-the-art technology and stringent quality control measures to ensure that each batch of leather meets international standards, reflecting our commitment to excellence and reliability as a trusted WINIW Company Factory Wholesale Nappa Leather Manufacturersmanufacturer <\/h3>\n<p>The WINIW Company Factory Wholesale Nappa Leather Manufacturersteam employs state-of-the-art technology and stringent quality control measures to ensure that each batch of leather meets international standards, reflecting our commitment to excellence and reliability as a trusted WINIW Company Factory Wholesale Nappa Leather Manufacturersmanufacturer .<\/p>\n<div class=\"clear\"><\/div>\n<\/div>\n<div class=\"feature-item\">\n<img decoding=\"async\" alt=\"MaterialWaterproof Leather Material ServiceMicrofiberLeather Brand Name WINIW Company Factory Wholesale Nappa Leather ManufacturersWidth 54\" class=\"feature-image left\" src=\"\/wp-content\/uploads\/2025\/08\/black-white-strong-covering-power-basketball-composite-faux-leather--21755.jpg\"\/><\/p>\n<h3>Material <strong>Wasserdichtes Leder Material Service<\/strong> MicrofiberLeather Brand Name WINIW Company Factory Wholesale Nappa Leather ManufacturersWidth 54&#8243;; 1<\/h3>\n<p>Material <strong>Wasserdichtes Leder Material Service<\/strong> MicrofiberLeather Brand Name WINIW Company Factory Wholesale Nappa Leather ManufacturersWidth 54&#8243;; 1.37m Color Red, Black,Brown, Green,accept customize Feature Wear resistant, Waterproof, Anti-Mildew, Flexible Thickness 0.6mm-2.0mm Place of Origin China Customized Yes Delivery time Usually within 15 &#8211; 25 days.<\/p>\n<div class=\"clear\"><\/div>\n<\/div>\n<div class=\"feature-item\">\n<img decoding=\"async\" alt=\"MOQ 300 Meter Verpackungsdetails 30\/50 Meter pro Rolle\" class=\"feature-image left\" src=\"\/wp-content\/uploads\/2025\/08\/black-white-strong-covering-power-basketball-composite-faux-leather--21756.jpg\"\/><\/p>\n<h3>MOQ 300 Meter Verpackungsdetails 30\/50 Meter pro Rolle<\/h3>\n<p>MOQ 300 meters Packaging Details 30\/50 Meters per Roll. Or customized Production Capacity 1,000,000 meters monthly Product Feature The Strong Covering Power Composite Leather Imitation For Basketball, produced by WINIW Company Factory Wholesale Nappa Leather Manufacturersfactory, boasts an array of remarkable features that set it apart in the market.<\/p>\n<div class=\"clear\"><\/div>\n<\/div>\n<div class=\"feature-item\">\n<h3>Seine <strong>Wasserdichtes Leder Stoff Odmhsas<\/strong> microfiber composition provides exceptional covering power, ensuring that the leather adheres tightly to the ball&#8217;s surface, minimizing the risk of peeling or cracking<\/h3>\n<p>Seine <strong>Wasserdichtes Leder Stoff Odmhsas<\/strong> microfiber composition provides exceptional covering power, ensuring that the leather adheres tightly to the ball&#8217;s surface, minimizing the risk of peeling or cracking.<\/p>\n<div class=\"clear\"><\/div>\n<\/div>\n<div class=\"feature-item\">\n<h3>The leather&#8217;s robust construction guarantees long-lasting performance, even under the most intense gameplay<\/h3>\n<p>The leather&#8217;s robust construction guarantees long-lasting performance, even under the most intense gameplay. Additionally, it offers a natural feel and grip, enhancing players&#8217; control and confidence during matches.<\/p>\n<div class=\"clear\"><\/div>\n<\/div>\n<div class=\"feature-item\">\n<h3>The WINIW Company Factory Wholesale Nappa Leather Manufacturersmanufacturer has also ensured that the leather is easy to clean and maintain, preserving its sleek appearance and smooth texture over time<\/h3>\n<p>The WINIW Company Factory Wholesale Nappa Leather Manufacturersmanufacturer has also ensured that the leather is easy to clean and maintain, preserving its sleek appearance and smooth texture over time.<\/p>\n<div class=\"clear\"><\/div>\n<\/div>\n<div class=\"feature-item\">\n<h3>Furthermore, our composite leather is eco-friendly, reflecting WINIW Company Factory Wholesale Nappa Leather Manufacturersdedication to sustainable manufacturing practices <\/h3>\n<p>Furthermore, our composite leather is eco-friendly, reflecting WINIW Company Factory Wholesale Nappa Leather Manufacturersdedication to sustainable manufacturing practices .<\/p>\n<div class=\"clear\"><\/div>\n<\/div>\n<div class=\"feature-item\">\n<img decoding=\"async\" alt=\"Hohe Rei\u00dffestigkeit - Ultrasuede Mikrofaser-Kunstleder f\u00fcr Fahrradhandschuhe\" class=\"feature-image left\" src=\"\/wp-content\/uploads\/2025\/08\/07mm-ultrasuede-microfiber-faux-leather-for-cycling-gloves--37882.jpg\"\/><\/p>\n<h3>Hohe Rei\u00dffestigkeit<\/h3>\n<p>Unser Ultrasuede-Mikrofaserleder zeichnet sich durch eine au\u00dfergew\u00f6hnliche Rei\u00dffestigkeit aus, so dass es unter Belastung nicht bricht oder sich leicht verformt. Dies macht es ideal f\u00fcr Produkte, die Haltbarkeit und langfristige Leistung erfordern.<\/p>\n<div class=\"clear\"><\/div>\n<\/div>\n<div class=\"feature-item\">\n<img decoding=\"async\" alt=\"Formstabilit\u00e4t - Ultrasuede Mikrofaser-Kunstleder f\u00fcr Fahrradhandschuhe\" class=\"feature-image right\" src=\"\/wp-content\/uploads\/2025\/08\/07mm-ultrasuede-microfiber-faux-leather-for-cycling-gloves--37883.jpg\"\/><\/p>\n<h3>Nicht leicht zu verformen<\/h3>\n<p>Dieses Material wurde speziell behandelt, um seine urspr\u00fcngliche Form zu erhalten, und bietet eine hervorragende Elastizit\u00e4t und Stabilit\u00e4t. Es widersteht Verformungen durch \u00e4u\u00dferen Druck oder Dehnung, so dass die Produkte langfristig intakt und attraktiv bleiben.<\/p>\n<div class=\"clear\"><\/div>\n<\/div>\n<div class=\"feature-item\">\n<img decoding=\"async\" alt=\"Strapazierf\u00e4higkeit - Ultrasuede Microfiber Faux Leather f\u00fcr Fahrradhandschuhe\" class=\"feature-image left\" src=\"\/wp-content\/uploads\/2025\/08\/07mm-ultrasuede-microfiber-faux-leather-for-cycling-gloves--37884.jpg\"\/><\/p>\n<h3>Dauerhaftigkeit<\/h3>\n<p>Dieses Material ist extrem widerstandsf\u00e4hig gegen Abrieb, Risse und Einstiche und sorgt daf\u00fcr, dass die Handschuhe auch bei l\u00e4ngerem Gebrauch in bestem Zustand bleiben. Au\u00dferdem bietet es eine hervorragende Fingerfertigkeit und Festigkeit f\u00fcr hochwertige Lederwaren.<\/p>\n<div class=\"clear\"><\/div>\n<\/div>\n<\/section>\n<section id=\"why-choose-us\">\n<h2>Warum WINIW w\u00e4hlen<\/h2>\n<div class=\"advantage-item\">\n<h3>Unser Vorteil<\/h3>\n<p>WINIW Company Factory Gro\u00dfhandel Nappaleder HerstellerFabrik Produkt Showcase<\/p>\n<\/div>\n<div class=\"advantage-item\">\n<h3>Qualit\u00e4tssicherung<\/h3>\n<p>Wir f\u00fchren w\u00e4hrend der gesamten Produktions- und Lieferkette strenge Qualit\u00e4tskontrollen durch und halten uns an die ISO9001-Normen. Von der Auswahl der Rohstoffe bis zur Endkontrolle stehen die Interessen unserer Kunden an erster Stelle.<\/p>\n<\/div>\n<div class=\"advantage-item\">\n<h3>Professionelles technisches Team<\/h3>\n<p>Unser spezialisiertes technisches Team besteht aus erfahrenen Fachleuten aus verschiedenen Bereichen, die sich der Lieferung hochwertiger Produkte und ma\u00dfgeschneiderter L\u00f6sungen verschrieben haben.<\/p>\n<\/div>\n<div class=\"advantage-item\">\n<h3>Breite Palette von Anwendungen<\/h3>\n<p>Unsere Materialien finden breite Anwendung in Schuhen, Kleidung, Gep\u00e4ck, Autoinnenr\u00e4umen, Sofam\u00f6beln und vielem mehr.<\/p>\n<\/div>\n<div class=\"advantage-item\">\n<h3>Reiche Erfahrung<\/h3>\n<p>Quanzhou WINIW Import &amp; Export Co, Ltd. verf\u00fcgt \u00fcber mehr als 20 Jahre Produktionserfahrung und bietet perfekte L\u00f6sungen f\u00fcr Kunden weltweit.<\/p>\n<\/div>\n<div class=\"advantage-item\">\n<h3>Erschwinglicher Preis<\/h3>\n<p>Wir bieten wettbewerbsf\u00e4hige Preise und einen hervorragenden Kundenservice. Fordern Sie einen Katalog an oder besuchen Sie unser Werk, um unsere Produkte kennenzulernen.<\/p>\n<\/div>\n<div class=\"advantage-item\">\n<h3>24-Stunden-Online-Kundendienst<\/h3>\n<p>Unser Team steht rund um die Uhr zur Verf\u00fcgung, um Anfragen zu beantworten und R\u00fcckmeldungen zeitnah zu bearbeiten.<\/p>\n<\/div>\n<p><img decoding=\"async\" alt=\"WINIW Produktionsst\u00e4tte - Herstellungsprozess von Ultrasuede-Mikrofaserleder\" class=\"product-image\" src=\"\/wp-content\/uploads\/2025\/08\/07mm-ultrasuede-microfiber-faux-leather-for-cycling-gloves--37888.jpg\"\/><br \/>\n<\/section>\n<p><\/main><\/p>\n<section id=\"inquiry\">\n<h2 style=\"text-align: center;\">Mit freundlichen Gr\u00fc\u00dfen erwarten wir Ihre Anfrage!<\/h2>\n<p style=\"text-align: center;\">Kontaktieren Sie uns noch heute, um mehr \u00fcber unsere Produkte zu erfahren und Ihre Bestellung aufzugeben.<\/p>\n<\/section>\n\n    <div class=\"xs_social_share_widget xs_share_url after_content \t\tmain_content  wslu-style-1 wslu-share-box-shaped wslu-fill-colored wslu-none wslu-share-horizontal wslu-theme-font-no wslu-main_content\">\n\n\t\t\n        <ul>\n\t\t\t        <\/ul>\n    <\/div>","protected":false},"excerpt":{"rendered":"<div class=\"product-short-description\">Microfiber Leather Black White Strong Covering Power Basketball Composite Faux Leather  WINIW Black White Strong Covering Power Basketball Composite Faux Leather  Key features include MicrofiberLeather, WINIW, Width.Ideal for those seeking quality and reliability.<\/p>\n<p>Als direkte Fabrik, Hersteller und Gro\u00dfh\u00e4ndler k\u00f6nnen wir den Produktionsprozess streng kontrollieren, um die Produktqualit\u00e4t zu gew\u00e4hrleisten und Ihnen die g\u00fcnstigsten Preise zu bieten. Wir verf\u00fcgen \u00fcber fortschrittliche Produktionsanlagen und ein professionelles technisches Team, um Ihren Bedarf an Gro\u00dfauftr\u00e4gen zu decken und eine p\u00fcnktliche Lieferung zu gew\u00e4hrleisten.<\/p>\n<\/div>","protected":false},"featured_media":2937,"template":"","meta":[],"product_brand":[],"product_cat":[111],"product_tag":[18505],"class_list":{"0":"post-28051","1":"product","2":"type-product","3":"status-publish","4":"has-post-thumbnail","6":"product_cat-microfiber-leather","7":"product_tag-faux-leather-pantsfaux-leather-textilefaux-leather-couchfaux-leather-skirtfaux-leather-dressfaux-leather-leggings","9":"first","10":"instock","11":"product-type-simple"},"_links":{"self":[{"href":"https:\/\/www.eco-leather.com\/de\/wp-json\/wp\/v2\/product\/28051","targetHints":{"allow":["GET"]}}],"collection":[{"href":"https:\/\/www.eco-leather.com\/de\/wp-json\/wp\/v2\/product"}],"about":[{"href":"https:\/\/www.eco-leather.com\/de\/wp-json\/wp\/v2\/types\/product"}],"wp:featuredmedia":[{"embeddable":true,"href":"https:\/\/www.eco-leather.com\/de\/wp-json\/wp\/v2\/media\/2937"}],"wp:attachment":[{"href":"https:\/\/www.eco-leather.com\/de\/wp-json\/wp\/v2\/media?parent=28051"}],"wp:term":[{"taxonomy":"product_brand","embeddable":true,"href":"https:\/\/www.eco-leather.com\/de\/wp-json\/wp\/v2\/product_brand?post=28051"},{"taxonomy":"product_cat","embeddable":true,"href":"https:\/\/www.eco-leather.com\/de\/wp-json\/wp\/v2\/product_cat?post=28051"},{"taxonomy":"product_tag","embeddable":true,"href":"https:\/\/www.eco-leather.com\/de\/wp-json\/wp\/v2\/product_tag?post=28051"}],"curies":[{"name":"wp","href":"https:\/\/api.w.org\/{rel}","templated":true}]}}