{"id":28042,"date":"2025-09-07T10:50:55","date_gmt":"2025-09-07T02:50:55","guid":{"rendered":"https:\/\/www.eco-leather.com\/product\/1-2mm-flat-straight-branding-emblem-tags-imitation-microfiber-leather\/"},"modified":"2025-09-07T10:50:58","modified_gmt":"2025-09-07T02:50:58","slug":"1-2mm-flaches-gerades-branding-emblem-aus-mikrofaser-kunstleder","status":"publish","type":"product","link":"https:\/\/www.eco-leather.com\/de\/1-2mm-flaches-gerades-branding-emblem-aus-mikrofaser-kunstleder\/","title":{"rendered":"1,2 mm flache gerade Branding Emblem Tags Kunstleder Mikrofaser"},"content":{"rendered":"<h2>Nahtfestigkeit Mikrofaser-Kunstleder<\/h2>\n<p><main><\/p>\n<section id=\"product-overview\">\n<h2>Beschreibung des Produkts<\/h2>\n<p>Produkt <strong>Kunstleder-Sohle<\/strong> Einf\u00fchrung<\/p>\n<p>Unser 0,7 mm starkes Ultrasuede Microfiber Faux Leather wird aus hochwertigen Mikrofasermaterialien hergestellt und ist die perfekte Wahl f\u00fcr Fahrradhandschuhe. Es bietet ein ausgewogenes Verh\u00e4ltnis zwischen Flexibilit\u00e4t und St\u00e4rke, au\u00dfergew\u00f6hnliche Atmungsaktivit\u00e4t und feuchtigkeitsableitende Eigenschaften, damit die H\u00e4nde bei intensiven Fahrten k\u00fchl und trocken bleiben.<\/p>\n<p>Ob Sie nun ein professioneller Radfahrer oder ein Freizeitradler sind, Microfiber Leather bietet unschlagbaren Komfort und Schutz. Seine hohe Widerstandsf\u00e4higkeit gegen Abrieb und Risse sorgt f\u00fcr eine lang anhaltende Leistung, w\u00e4hrend das elegante Design einen raffinierten Touch zu jedem Biker-Ensemble hinzuf\u00fcgt.<\/p>\n<\/section>\n<section id=\"specifications\">\n<h2>Technische Parameter<\/h2>\n<ul class_=\"parameters-list\">\n<li><span class=\"param-name\">Produkt <strong>Kunstlederboxen China<\/strong> Spezifikation WINIW Company Factory Gro\u00dfhandel Leder Stoff ManufacturersCustomizable synthetisches Leder:<\/span> Eleganz, Langlebigkeit und eine bunte Auswahl an Farben.<\/li>\n<\/ul>\n<p><img decoding=\"async\" alt=\"0.7mm Ultrasuede Mikrofaser Kunstleder f\u00fcr Radsporthandschuhe - Materialspezifikation\" class=\"product-image\" src=\"\/wp-content\/uploads\/2025\/08\/07mm-ultrasuede-microfiber-faux-leather-for-cycling-gloves--37881.jpg\"\/><\/p>\n<h3>Produkt-Parameter<\/h3>\n<ul class=\"parameters-list\">\n<li><span class=\"param-name\">Material:<\/span> Mikrofaser + PU<\/li>\n<li><span class=\"param-name\">Farbe:<\/span> Schwarz, Grau, Beige (benutzerdefinierte Farben verf\u00fcgbar)<\/li>\n<li><span class=\"param-name\">Die Dicke:<\/span> 0,6 mm, 0,7 mm, 0,8 mm, 1 mm<\/li>\n<li><span class=\"param-name\">Mindestbestellmenge:<\/span> 300 laufende Meter<\/li>\n<li><span class=\"param-name\">L\u00e4nge der Rolle:<\/span> 20-30m\/Rolle<\/li>\n<li><span class=\"param-name\">Lieferzeiten:<\/span> 15-20 Tage<\/li>\n<li><span class=\"param-name\">Breite:<\/span> 54\u2033, 137cm<\/li>\n<li><span class=\"param-name\">Produktionskapazit\u00e4t:<\/span> 1.000.000 Meter monatlich<\/li>\n<\/ul>\n<\/section>\n<section id=\"features\">\n<h2>Produktmerkmale<\/h2>\n<div class=\"feature-item\">\n<img decoding=\"async\" alt=\"Erleben Sie die unvergleichliche Qualit\u00e4t und Vielseitigkeit unseres flachen, geraden Mikrofaserimitats, das speziell f\u00fcr das Branding von Emblem-Anh\u00e4ngern in der WINIW Company Factory Wholesale Leather Fabric Manufacturersfactory hergestellt wurde.\" class=\"feature-image left\" src=\"\/wp-content\/uploads\/2025\/08\/12mm-flat-straight-branding-emblem-tags-imitation-microfiber-leather-21676.jpg\"\/><\/p>\n<h3>Erleben Sie <strong>Wildleder Wasserdicht Import<\/strong> die unvergleichliche Qualit\u00e4t und Vielseitigkeit unseres flachen, geraden Mikrofaserimitats, das speziell f\u00fcr das Branding von Emblem-Anh\u00e4ngern in der WINIW Company Factory Wholesale Leather Fabric Manufacturersfactory hergestellt wurde<\/h3>\n<p>Erleben Sie <strong>Wildleder Wasserdicht Import<\/strong> die unvergleichliche Qualit\u00e4t und Vielseitigkeit unserer flachen, geraden Mikrofaserlederimitate, die speziell f\u00fcr das Branding von Emblem-Anh\u00e4ngern in der WINIW Company Factory Wholesale Leather Fabric Manufacturersfactory hergestellt wurden.<\/p>\n<div class=\"clear\"><\/div>\n<\/div>\n<div class=\"feature-item\">\n<img decoding=\"async\" alt=\"Als f\u00fchrender WINIW Company Factory Wholesale Leather Fabric ManufacturersHersteller in der Lederindustrie sind wir stolz darauf, Materialien anbieten zu k\u00f6nnen, die den h\u00f6chsten Anforderungen an Haltbarkeit und \u00c4sthetik entsprechen.\" class=\"feature-image left\" src=\"\/wp-content\/uploads\/2025\/08\/12mm-flat-straight-branding-emblem-tags-imitation-microfiber-leather-21677.jpg\"\/><\/p>\n<h3>Als f\u00fchrender WINIW Company Factory Wholesale Leather Fabric ManufacturersHersteller in der Lederindustrie sind wir stolz darauf, Materialien anbieten zu k\u00f6nnen, die den h\u00f6chsten Anforderungen an Haltbarkeit und \u00c4sthetik entsprechen.<\/h3>\n<p>Als f\u00fchrender WINIW Company Factory Wholesale Leather Fabric ManufacturersHersteller in der Lederindustrie sind wir stolz darauf, Materialien anbieten zu k\u00f6nnen, die den h\u00f6chsten Anforderungen an Haltbarkeit und \u00c4sthetik entsprechen.<\/p>\n<div class=\"clear\"><\/div>\n<\/div>\n<div class=\"feature-item\">\n<img decoding=\"async\" alt=\"Dieses Mikrofaser-Leder sorgt f\u00fcr ein elegantes, professionelles Finish jedes Markenemblems und gew\u00e4hrleistet, dass sich Ihre Produkte durch einen gl\u00e4nzenden Look auszeichnen.\" class=\"feature-image left\" src=\"\/wp-content\/uploads\/2025\/08\/12mm-flat-straight-branding-emblem-tags-imitation-microfiber-leather-21678.jpg\"\/><\/p>\n<h3>Dieses Mikrofaser-Leder sorgt f\u00fcr ein elegantes, professionelles Finish jedes Markenemblems und gew\u00e4hrleistet, dass sich Ihre Produkte durch einen gl\u00e4nzenden Look auszeichnen.<\/h3>\n<p>Dieses Mikrofaserleder sorgt f\u00fcr ein elegantes, professionelles Finish eines jeden Markenemblems und gew\u00e4hrleistet, dass Ihre Produkte mit einem polierten Aussehen hervorstechen. Es wurde mit Pr\u00e4zision entwickelt und imitiert die Textur und das Aussehen von echtem Leder, bietet aber verbesserte Eigenschaften wie geringeres Gewicht, verbesserte Flexibilit\u00e4t und Verschlei\u00dffestigkeit.<\/p>\n<div class=\"clear\"><\/div>\n<\/div>\n<div class=\"feature-item\">\n<img decoding=\"async\" alt=\"Geeignetes wasserfestes Ledermaterial Servicef\u00fcr eine breite Palette von Anwendungen, unser flaches, gerades Mikrofaserimitatleder garantiert gleichbleibende Leistung und Zuverl\u00e4ssigkeit und ist damit die ideale Wahl f\u00fcr anspruchsvolle Marken, die ihre Produktidentifikation aufwerten wollen \" class=\"feature-image left\" src=\"\/wp-content\/uploads\/2025\/08\/12mm-flat-straight-branding-emblem-tags-imitation-microfiber-leather-21679.jpg\"\/><\/p>\n<h3>Geeignet <strong>Wasserdichtes Leder Material Service<\/strong> F\u00fcr eine breite Palette von Anwendungen garantiert unser flaches, gerades Mikrofaser-Imitatleder gleichbleibende Leistung und Zuverl\u00e4ssigkeit und ist damit die ideale Wahl f\u00fcr anspruchsvolle Marken, die ihre Produktidentifikation aufwerten wollen. <\/h3>\n<p>Geeignet <strong>Wasserdichtes Leder Material Service<\/strong> F\u00fcr eine Vielzahl von Anwendungen garantiert unser flaches, gerades Mikrofaser-Imitatleder gleichbleibende Leistung und Zuverl\u00e4ssigkeit und ist damit die ideale Wahl f\u00fcr anspruchsvolle Marken, die ihre Produktkennzeichnung aufwerten wollen.<\/p>\n<div class=\"clear\"><\/div>\n<\/div>\n<div class=\"feature-item\">\n<img decoding=\"async\" alt=\"Material MikrofaserLeder Markenname WINIW Company Factory Gro\u00dfhandel Leder Stoff HerstellerBreite 54\" class=\"feature-image left\" src=\"\/wp-content\/uploads\/2025\/08\/12mm-flat-straight-branding-emblem-tags-imitation-microfiber-leather-21680.jpg\"\/><\/p>\n<h3>Material MicrofiberLeather Markenname WINIW Company Factory Gro\u00dfhandel Leder Stoff HerstellerBreite 54\u2033; 1<\/h3>\n<p>Material MikrofaserLeder Markenname WINIW Company Factory Gro\u00dfhandel Leder Stoff HerstellerBreite 54\u2033; 1.37m Farbe Rot, Schwarz, Braun, Gr\u00fcn, akzeptieren anpassen Feature Verschlei\u00dffest, wasserdicht, Anti-Schimmel, flexible Dicke 0,6mm-2,0mm Herkunftsland China Customized Ja Lieferzeit In der Regel innerhalb von 15 - 25 Tagen.<\/p>\n<div class=\"clear\"><\/div>\n<\/div>\n<div class=\"feature-item\">\n<h3>MOQ 300 Meter Verpackungsdetails 30\/50 Meter pro Rolle<\/h3>\n<p>MOQ 300 Meter Verpackungsdetails 30\/50 Meter pro Rolle. Oder <strong>Wasserdichtes Kunstleder Anpassen<\/strong> kundenspezifisch Produktionskapazit\u00e4t 1.000.000 Meter monatlich Produktmerkmal Was unser flaches, gerades Mikrofaserimitatleder von anderen Materialien auf dem Markt unterscheidet, ist seine einzigartige Mischung von Eigenschaften, die auf die Anforderungen von Branding-Emblem-Anh\u00e4ngern zugeschnitten sind.<\/p>\n<div class=\"clear\"><\/div>\n<\/div>\n<div class=\"feature-item\">\n<h3>Als WINIW Company Factory Wholesale Leather Fabric ManufacturersHersteller stellen wir sicher, dass jede Charge einer strengen Qualit\u00e4tskontrolle unterzogen wird, die eine gleichbleibende Dicke, Gl\u00e4tte und Farbechtheit garantiert.<\/h3>\n<p>Als WINIW Company Factory Wholesale Leather Fabric ManufacturersHersteller stellen wir sicher, dass jede Charge einer strengen Qualit\u00e4tskontrolle unterzogen wird, um eine gleichbleibende Dicke, Gl\u00e4tte und Farbechtheit zu gew\u00e4hrleisten.<\/p>\n<div class=\"clear\"><\/div>\n<\/div>\n<div class=\"feature-item\">\n<h3>Dieses Mikrofaserleder ist au\u00dfergew\u00f6hnlich atmungsaktiv und erm\u00f6glicht eine bessere Luftzirkulation, was besonders in Umgebungen von Vorteil ist, in denen die Anh\u00e4nger wechselnden Klimabedingungen ausgesetzt sind.<\/h3>\n<p>Dieses Mikrofaserleder ist au\u00dfergew\u00f6hnlich atmungsaktiv und erm\u00f6glicht eine bessere Luftzirkulation, was besonders in Umgebungen von Vorteil ist, in denen die Etiketten wechselnden klimatischen Bedingungen ausgesetzt sind. Seine Widerstandsf\u00e4higkeit gegen Verblassen und Kratzer sorgt daf\u00fcr, dass Ihr Branding \u00fcber lange Zeit lebendig und klar bleibt.<\/p>\n<div class=\"clear\"><\/div>\n<\/div>\n<div class=\"feature-item\">\n<h3>Dar\u00fcber hinaus ist unser Mikrofaserleder umweltfreundlich, da w\u00e4hrend des gesamten Produktionsprozesses in der WINIW Company Factory Wholesale Leather Fabric Manufacturersfactory nachhaltige Praktiken zum Einsatz kommen.<\/h3>\n<p>Dar\u00fcber hinaus ist unser Mikrofaserleder umweltfreundlich, da es w\u00e4hrend des gesamten Produktionsprozesses in der WINIW Company Factory Wholesale Leather Fabric Manufacturersfactory unter nachhaltigen Gesichtspunkten hergestellt wird. Seine F\u00e4higkeit, h\u00e4ufige Handhabung und Exposition gegen\u00fcber verschiedenen Elementen zu widerstehen, macht es zu einer widerstandsf\u00e4higen Option f\u00fcr Anh\u00e4nger, die einer strengen Nutzung standhalten und gleichzeitig ein anspruchsvolles Aussehen behalten m\u00fcssen.<\/p>\n<div class=\"clear\"><\/div>\n<\/div>\n<div class=\"feature-item\">\n<img decoding=\"async\" alt=\"Hohe Rei\u00dffestigkeit - Ultrasuede Mikrofaser-Kunstleder f\u00fcr Fahrradhandschuhe\" class=\"feature-image left\" src=\"\/wp-content\/uploads\/2025\/08\/07mm-ultrasuede-microfiber-faux-leather-for-cycling-gloves--37882.jpg\"\/><\/p>\n<h3>Hohe Rei\u00dffestigkeit<\/h3>\n<p>Unser Ultrasuede-Mikrofaserleder zeichnet sich durch eine au\u00dfergew\u00f6hnliche Rei\u00dffestigkeit aus, so dass es unter Belastung nicht bricht oder sich leicht verformt. Dies macht es ideal f\u00fcr Produkte, die Haltbarkeit und langfristige Leistung erfordern.<\/p>\n<div class=\"clear\"><\/div>\n<\/div>\n<div class=\"feature-item\">\n<img decoding=\"async\" alt=\"Formstabilit\u00e4t - Ultrasuede Mikrofaser-Kunstleder f\u00fcr Fahrradhandschuhe\" class=\"feature-image right\" src=\"\/wp-content\/uploads\/2025\/08\/07mm-ultrasuede-microfiber-faux-leather-for-cycling-gloves--37883.jpg\"\/><\/p>\n<h3>Nicht leicht zu verformen<\/h3>\n<p>Dieses Material wurde speziell behandelt, um seine urspr\u00fcngliche Form zu erhalten, und bietet eine hervorragende Elastizit\u00e4t und Stabilit\u00e4t. Es widersteht Verformungen durch \u00e4u\u00dferen Druck oder Dehnung, so dass die Produkte langfristig intakt und attraktiv bleiben.<\/p>\n<div class=\"clear\"><\/div>\n<\/div>\n<div class=\"feature-item\">\n<img decoding=\"async\" alt=\"Strapazierf\u00e4higkeit - Ultrasuede Microfiber Faux Leather f\u00fcr Fahrradhandschuhe\" class=\"feature-image left\" src=\"\/wp-content\/uploads\/2025\/08\/07mm-ultrasuede-microfiber-faux-leather-for-cycling-gloves--37884.jpg\"\/><\/p>\n<h3>Dauerhaftigkeit<\/h3>\n<p>Dieses Material ist extrem widerstandsf\u00e4hig gegen Abrieb, Risse und Einstiche und sorgt daf\u00fcr, dass die Handschuhe auch bei l\u00e4ngerem Gebrauch in bestem Zustand bleiben. Au\u00dferdem bietet es eine hervorragende Fingerfertigkeit und Festigkeit f\u00fcr hochwertige Lederwaren.<\/p>\n<div class=\"clear\"><\/div>\n<\/div>\n<\/section>\n<section id=\"why-choose-us\">\n<h2>Warum WINIW w\u00e4hlen<\/h2>\n<div class=\"advantage-item\">\n<h3>Unser Vorteil<\/h3>\n<p>WINIW Company Factory Gro\u00dfhandel Leder Stoff HerstellerFabrik Produkt Showcase<\/p>\n<\/div>\n<div class=\"advantage-item\">\n<h3>Qualit\u00e4tssicherung<\/h3>\n<p>Wir f\u00fchren w\u00e4hrend der gesamten Produktions- und Lieferkette strenge Qualit\u00e4tskontrollen durch und halten uns an die ISO9001-Normen. Von der Auswahl der Rohstoffe bis zur Endkontrolle stehen die Interessen unserer Kunden an erster Stelle.<\/p>\n<\/div>\n<div class=\"advantage-item\">\n<h3>Professionelles technisches Team<\/h3>\n<p>Unser spezialisiertes technisches Team besteht aus erfahrenen Fachleuten aus verschiedenen Bereichen, die sich der Lieferung hochwertiger Produkte und ma\u00dfgeschneiderter L\u00f6sungen verschrieben haben.<\/p>\n<\/div>\n<div class=\"advantage-item\">\n<h3>Breite Palette von Anwendungen<\/h3>\n<p>Unsere Materialien finden breite Anwendung in Schuhen, Kleidung, Gep\u00e4ck, Autoinnenr\u00e4umen, Sofam\u00f6beln und vielem mehr.<\/p>\n<\/div>\n<div class=\"advantage-item\">\n<h3>Reiche Erfahrung<\/h3>\n<p>Quanzhou WINIW Import &amp; Export Co, Ltd. verf\u00fcgt \u00fcber mehr als 20 Jahre Produktionserfahrung und bietet perfekte L\u00f6sungen f\u00fcr Kunden weltweit.<\/p>\n<\/div>\n<div class=\"advantage-item\">\n<h3>Erschwinglicher Preis<\/h3>\n<p>Wir bieten wettbewerbsf\u00e4hige Preise und einen hervorragenden Kundenservice. Fordern Sie einen Katalog an oder besuchen Sie unser Werk, um unsere Produkte kennenzulernen.<\/p>\n<\/div>\n<div class=\"advantage-item\">\n<h3>24-Stunden-Online-Kundendienst<\/h3>\n<p>Unser Team steht rund um die Uhr zur Verf\u00fcgung, um Anfragen zu beantworten und R\u00fcckmeldungen zeitnah zu bearbeiten.<\/p>\n<\/div>\n<p><img decoding=\"async\" alt=\"WINIW Produktionsst\u00e4tte - Herstellungsprozess von Ultrasuede-Mikrofaserleder\" class=\"product-image\" src=\"\/wp-content\/uploads\/2025\/08\/07mm-ultrasuede-microfiber-faux-leather-for-cycling-gloves--37888.jpg\"\/><br \/>\n<\/section>\n<p><\/main><\/p>\n<section id=\"inquiry\">\n<h2 style=\"text-align: center;\">Mit freundlichen Gr\u00fc\u00dfen erwarten wir Ihre Anfrage!<\/h2>\n<p style=\"text-align: center;\">Kontaktieren Sie uns noch heute, um mehr \u00fcber unsere Produkte zu erfahren und Ihre Bestellung aufzugeben.<\/p>\n<\/section>\n\n    <div class=\"xs_social_share_widget xs_share_url after_content \t\tmain_content  wslu-style-1 wslu-share-box-shaped wslu-fill-colored wslu-none wslu-share-horizontal wslu-theme-font-no wslu-main_content\">\n\n\t\t\n        <ul>\n\t\t\t        <\/ul>\n    <\/div>","protected":false},"excerpt":{"rendered":"<div class=\"product-short-description\">Microfiber Leather 1.2mm Flat Straight Branding Emblem Tags Imitation Microfiber Leather WINIW 1.2mm Flat Straight Branding Emblem Tags Imitation Microfiber Leather Key features include MicrofiberLeather, WINIW, Width.Ideal f\u00fcr alle, die Qualit\u00e4t und Zuverl\u00e4ssigkeit suchen.<\/p>\n<p>Als direkte Fabrik, Hersteller und Gro\u00dfh\u00e4ndler k\u00f6nnen wir den Produktionsprozess streng kontrollieren, um die Produktqualit\u00e4t zu gew\u00e4hrleisten und Ihnen die g\u00fcnstigsten Preise zu bieten. Wir verf\u00fcgen \u00fcber fortschrittliche Produktionsanlagen und ein professionelles technisches Team, um Ihren Bedarf an Gro\u00dfauftr\u00e4gen zu decken und eine p\u00fcnktliche Lieferung zu gew\u00e4hrleisten.<\/p>\n<\/div>","protected":false},"featured_media":2907,"template":"","meta":[],"product_brand":[],"product_cat":[111],"product_tag":[],"class_list":{"0":"post-28042","1":"product","2":"type-product","3":"status-publish","4":"has-post-thumbnail","6":"product_cat-microfiber-leather","8":"first","9":"instock","10":"product-type-simple"},"_links":{"self":[{"href":"https:\/\/www.eco-leather.com\/de\/wp-json\/wp\/v2\/product\/28042","targetHints":{"allow":["GET"]}}],"collection":[{"href":"https:\/\/www.eco-leather.com\/de\/wp-json\/wp\/v2\/product"}],"about":[{"href":"https:\/\/www.eco-leather.com\/de\/wp-json\/wp\/v2\/types\/product"}],"wp:featuredmedia":[{"embeddable":true,"href":"https:\/\/www.eco-leather.com\/de\/wp-json\/wp\/v2\/media\/2907"}],"wp:attachment":[{"href":"https:\/\/www.eco-leather.com\/de\/wp-json\/wp\/v2\/media?parent=28042"}],"wp:term":[{"taxonomy":"product_brand","embeddable":true,"href":"https:\/\/www.eco-leather.com\/de\/wp-json\/wp\/v2\/product_brand?post=28042"},{"taxonomy":"product_cat","embeddable":true,"href":"https:\/\/www.eco-leather.com\/de\/wp-json\/wp\/v2\/product_cat?post=28042"},{"taxonomy":"product_tag","embeddable":true,"href":"https:\/\/www.eco-leather.com\/de\/wp-json\/wp\/v2\/product_tag?post=28042"}],"curies":[{"name":"wp","href":"https:\/\/api.w.org\/{rel}","templated":true}]}}