{"id":28039,"date":"2025-09-07T10:50:55","date_gmt":"2025-09-07T02:50:55","guid":{"rendered":"https:\/\/www.eco-leather.com\/product\/crack-resistant-artificial-microfiber-composite-leather-for-basketball\/"},"modified":"2025-09-07T10:50:56","modified_gmt":"2025-09-07T02:50:56","slug":"rissfestes-mikrofaserkunstleder-fur-basketball","status":"publish","type":"product","link":"https:\/\/www.eco-leather.com\/de\/rissfestes-mikrofaserkunstleder-fur-basketball\/","title":{"rendered":"Rissbest\u00e4ndiges k\u00fcnstliches Mikrofaser-Verbundleder f\u00fcr Basketball"},"content":{"rendered":"<h2>Nahtfestigkeit Faux Microfiber<\/h2>\n<p><main><\/p>\n<section id=\"product-overview\">\n<h2>Beschreibung des Produkts<\/h2>\n<p>Produkt <strong>Kunstleder-Sohle<\/strong> Einf\u00fchrung<\/p>\n<p>Unser 0,7 mm starkes Ultrasuede Microfiber Faux Leather wird aus hochwertigen Mikrofasermaterialien hergestellt und ist die perfekte Wahl f\u00fcr Fahrradhandschuhe. Es bietet ein ausgewogenes Verh\u00e4ltnis zwischen Flexibilit\u00e4t und St\u00e4rke, au\u00dfergew\u00f6hnliche Atmungsaktivit\u00e4t und feuchtigkeitsableitende Eigenschaften, damit die H\u00e4nde bei intensiven Fahrten k\u00fchl und trocken bleiben.<\/p>\n<p>Ob Sie nun ein professioneller Radfahrer oder ein Freizeitradler sind, Microfiber Leather bietet unschlagbaren Komfort und Schutz. Seine hohe Widerstandsf\u00e4higkeit gegen Abrieb und Risse sorgt f\u00fcr eine lang anhaltende Leistung, w\u00e4hrend das elegante Design einen raffinierten Touch zu jedem Biker-Ensemble hinzuf\u00fcgt.<\/p>\n<\/section>\n<section id=\"specifications\">\n<h2>Technische Parameter<\/h2>\n<ul class_=\"parameters-list\">\n<li><span class=\"param-name\">Produkt <strong>Kleidungsst\u00fcck Leder Importiert<\/strong> Spezifikation WINIW Company Factory Gro\u00dfhandel Nubukleder ManufacturersCustomizable synthetisches Leder:<\/span> Eleganz, Langlebigkeit und eine bunte Auswahl an Farben.<\/li>\n<\/ul>\n<p><img decoding=\"async\" alt=\"0.7mm Ultrasuede Mikrofaser Kunstleder f\u00fcr Radsporthandschuhe - Materialspezifikation\" class=\"product-image\" src=\"\/wp-content\/uploads\/2025\/08\/07mm-ultrasuede-microfiber-faux-leather-for-cycling-gloves--37881.jpg\"\/><\/p>\n<h3>Produkt-Parameter<\/h3>\n<ul class=\"parameters-list\">\n<li><span class=\"param-name\">Material:<\/span> Mikrofaser + PU<\/li>\n<li><span class=\"param-name\">Farbe:<\/span> Schwarz, Grau, Beige (benutzerdefinierte Farben verf\u00fcgbar)<\/li>\n<li><span class=\"param-name\">Die Dicke:<\/span> 0,6 mm, 0,7 mm, 0,8 mm, 1 mm<\/li>\n<li><span class=\"param-name\">Mindestbestellmenge:<\/span> 300 laufende Meter<\/li>\n<li><span class=\"param-name\">L\u00e4nge der Rolle:<\/span> 20-30m\/Rolle<\/li>\n<li><span class=\"param-name\">Lieferzeiten:<\/span> 15-20 Tage<\/li>\n<li><span class=\"param-name\">Breite:<\/span> 54\u2033, 137cm<\/li>\n<li><span class=\"param-name\">Produktionskapazit\u00e4t:<\/span> 1.000.000 Meter monatlich<\/li>\n<\/ul>\n<\/section>\n<section id=\"features\">\n<h2>Produktmerkmale<\/h2>\n<div class=\"feature-item\">\n<img decoding=\"async\" alt=\"WirWildleder Wasserdicht ImportWir sind stolz darauf, innovative und langlebige Materialien herzustellen, die die Grenzen der traditionellen Fertigung bei WINIW Company Factory Wholesale Nubuck Leather ManufacturersManufacturer\" class=\"feature-image left\" src=\"\/wp-content\/uploads\/2025\/08\/crack-resistant-artificial-microfiber-composite-leather-for-basketball-21651.jpg\"\/><\/p>\n<h3>Wir <strong>Wildleder Wasserdicht Import<\/strong> Wir sind stolz darauf, innovative und langlebige Materialien herzustellen, die die Grenzen der traditionellen Fertigung bei WINIW Company Factory Wholesale Nubuck Leather ManufacturersManufacturer \u00fcberschreiten.<\/h3>\n<p>Wir <strong>Wildleder Wasserdicht Import<\/strong> Wir sind stolz darauf, innovative und langlebige Materialien herzustellen, die die Grenzen der traditionellen Fertigung bei WINIW Company Factory Wholesale Nubuck Leather ManufacturersManufacturer \u00fcberschreiten.<\/p>\n<div class=\"clear\"><\/div>\n<\/div>\n<div class=\"feature-item\">\n<img decoding=\"async\" alt=\"Unser rissfestes Mikrofaser-Kunstleder f\u00fcr Basketball ist ein Beweis f\u00fcr dieses Engagement\" class=\"feature-image left\" src=\"\/wp-content\/uploads\/2025\/08\/crack-resistant-artificial-microfiber-composite-leather-for-basketball-21652.jpg\"\/><\/p>\n<h3>Unser rissfestes Mikrofaser-Kunstleder f\u00fcr Basketball ist ein Beweis f\u00fcr dieses Engagement<\/h3>\n<p>Unser rissbest\u00e4ndiges Mikrofaser-Kunstleder f\u00fcr Basketball ist ein Beweis f\u00fcr dieses Engagement. Dieses von unserem Expertenteam entwickelte Mikrofaser-Kunstleder erf\u00fcllt die hohen Anforderungen von Profi- und Freizeit-Basketballspielern gleicherma\u00dfen.<\/p>\n<div class=\"clear\"><\/div>\n<\/div>\n<div class=\"feature-item\">\n<img decoding=\"async\" alt=\"Die nahtlose Mischung aus synthetischen Fasern schafft eine robuste Oberfl\u00e4che, die das Aussehen und die Haptik von echtem Leder imitiert und gleichzeitig verbesserte Leistungsmerkmale bietet.\" class=\"feature-image left\" src=\"\/wp-content\/uploads\/2025\/08\/crack-resistant-artificial-microfiber-composite-leather-for-basketball-21653.jpg\"\/><\/p>\n<h3>Die nahtlose Mischung aus synthetischen Fasern schafft eine robuste Oberfl\u00e4che, die das Aussehen und die Haptik von echtem Leder imitiert und gleichzeitig verbesserte Leistungsmerkmale bietet.<\/h3>\n<p>Die nahtlose Mischung aus synthetischen Fasern schafft eine robuste Oberfl\u00e4che, die das Aussehen und die Haptik von echtem Leder imitiert und gleichzeitig verbesserte Leistungsmerkmale bietet. WINIW <strong>Wasserdichtes Leder Stoff Odmhsas<\/strong> Company Factory Gro\u00dfhandel Nubukleder Hersteller, als ein f\u00fchrender Hersteller in der Lederindustrie, stellt sicher, dass jeder Quadratzentimeter dieses Materials unterliegt einer strengen Qualit\u00e4tskontrolle, garantiert gleichbleibende Qualit\u00e4t in jeder Charge produziert.<\/p>\n<div class=\"clear\"><\/div>\n<\/div>\n<div class=\"feature-item\">\n<img decoding=\"async\" alt=\"Material MikrofaserLeder Markenname WINIW Unternehmen Fabrik Gro\u00dfhandel Nubukleder HerstellerBreite 54\" class=\"feature-image left\" src=\"\/wp-content\/uploads\/2025\/08\/crack-resistant-artificial-microfiber-composite-leather-for-basketball-21654.jpg\"\/><\/p>\n<h3>Material MicrofiberLeather Markenname WINIW Company Factory Gro\u00dfhandel Nubukleder HerstellerBreite 54\u2033; 1<\/h3>\n<p>Material MicrofiberLeather Markenname WINIW Company Factory Wholesale Nubuck Leather ManufacturersWidth 54\u2033; 1.37m Color Red, Black,Brown, Green, accept customize Feature Wear resistant, Waterproof, Anti-Mildew, Flexible Thickness 0.6mm-2.0mm Place of Origin China Customized Yes Delivery time Usually within 15 - 25 days.<\/p>\n<div class=\"clear\"><\/div>\n<\/div>\n<div class=\"feature-item\">\n<img decoding=\"async\" alt=\"MOQ 300 Meter Verpackungsdetails 30\/50 Meter pro Rolle\" class=\"feature-image left\" src=\"\/wp-content\/uploads\/2025\/08\/crack-resistant-artificial-microfiber-composite-leather-for-basketball-21655.jpg\"\/><\/p>\n<h3>MOQ 300 Meter Verpackungsdetails 30\/50 Meter pro Rolle<\/h3>\n<p>MOQ 300 Meter Verpackungsdetails 30\/50 Meter pro Rolle. Oder <strong>Wasserdichtes Kunstleder Anpassen<\/strong> kundenspezifisch Produktionskapazit\u00e4t 1.000.000 Meter monatlich Produktmerkmal Unser rissfestes Mikrofaserkunstleder f\u00fcr Basketball hebt sich auf dem Markt durch seine einzigartige Mischung von Merkmalen ab, die speziell f\u00fcr Basketballanwendungen zugeschnitten sind.<\/p>\n<div class=\"clear\"><\/div>\n<\/div>\n<div class=\"feature-item\">\n<h3>Eine der wichtigsten Eigenschaften ist die bemerkenswerte Rissfestigkeit, die durch ein spezielles Herstellungsverfahren in der WINIW Company Factory Wholesale Nubuck Leather Manufacturersfactory erreicht wird.<\/h3>\n<p>Eine seiner wichtigsten Eigenschaften ist seine bemerkenswerte Rissfestigkeit, die durch ein gesch\u00fctztes Herstellungsverfahren bei der WINIW Company Factory Wholesale Nubuck Leather Manufacturersfactory erreicht wird.<\/p>\n<div class=\"clear\"><\/div>\n<\/div>\n<div class=\"feature-item\">\n<h3>Dadurch wird sichergestellt, dass das Leder intakt bleibt und auch nach intensiver Nutzung und starker Beanspruchung nur minimale Abnutzungserscheinungen aufweist.<\/h3>\n<p>Dies stellt sicher, dass das Leder intakt bleibt und zeigt minimale Abnutzung und Verschlei\u00df auch nach intensiver Nutzung und Exposition gegen\u00fcber hohen Aufprall spielen. Dar\u00fcber hinaus bietet seine Mikrofaser Zusammensetzung au\u00dfergew\u00f6hnliche Atmungsaktivit\u00e4t und feuchtigkeitstransportierende Eigenschaften, halten den Basketball trocken und bequem zu handhaben.<\/p>\n<div class=\"clear\"><\/div>\n<\/div>\n<div class=\"feature-item\">\n<h3>Die glatte, gleichm\u00e4\u00dfige Textur bietet eine hervorragende Ballkontrolle und Griffigkeit, so dass die Spieler ihre besten Spielz\u00fcge mit Selbstvertrauen ausf\u00fchren k\u00f6nnen.<\/h3>\n<p>Die glatte, einheitliche Textur bietet eine hervorragende Ballkontrolle und Griffigkeit, so dass die Spieler ihre besten Bewegungen mit Vertrauen auszuf\u00fchren. WINIW Company Factory Gro\u00dfhandel Nubukleder HerstellerHersteller garantiert, dass diese Mikrofaser Leder beh\u00e4lt seine Farbe Lebendigkeit und Weichheit im Laufe der Zeit, die Gew\u00e4hrleistung einer lang anhaltenden, optisch ansprechendes Produkt.<\/p>\n<div class=\"clear\"><\/div>\n<\/div>\n<div class=\"feature-item\">\n<img decoding=\"async\" alt=\"Hohe Rei\u00dffestigkeit - Ultrasuede Mikrofaser-Kunstleder f\u00fcr Fahrradhandschuhe\" class=\"feature-image left\" src=\"\/wp-content\/uploads\/2025\/08\/07mm-ultrasuede-microfiber-faux-leather-for-cycling-gloves--37882.jpg\"\/><\/p>\n<h3>Hohe Rei\u00dffestigkeit<\/h3>\n<p>Unser Ultrasuede-Mikrofaserleder zeichnet sich durch eine au\u00dfergew\u00f6hnliche Rei\u00dffestigkeit aus, so dass es unter Belastung nicht bricht oder sich leicht verformt. Dies macht es ideal f\u00fcr Produkte, die Haltbarkeit und langfristige Leistung erfordern.<\/p>\n<div class=\"clear\"><\/div>\n<\/div>\n<div class=\"feature-item\">\n<img decoding=\"async\" alt=\"Formstabilit\u00e4t - Ultrasuede Mikrofaser-Kunstleder f\u00fcr Fahrradhandschuhe\" class=\"feature-image right\" src=\"\/wp-content\/uploads\/2025\/08\/07mm-ultrasuede-microfiber-faux-leather-for-cycling-gloves--37883.jpg\"\/><\/p>\n<h3>Nicht leicht zu verformen<\/h3>\n<p>Dieses Material wurde speziell behandelt, um seine urspr\u00fcngliche Form zu erhalten, und bietet eine hervorragende Elastizit\u00e4t und Stabilit\u00e4t. Es widersteht Verformungen durch \u00e4u\u00dferen Druck oder Dehnung, so dass die Produkte langfristig intakt und attraktiv bleiben.<\/p>\n<div class=\"clear\"><\/div>\n<\/div>\n<div class=\"feature-item\">\n<img decoding=\"async\" alt=\"Strapazierf\u00e4higkeit - Ultrasuede Microfiber Faux Leather f\u00fcr Fahrradhandschuhe\" class=\"feature-image left\" src=\"\/wp-content\/uploads\/2025\/08\/07mm-ultrasuede-microfiber-faux-leather-for-cycling-gloves--37884.jpg\"\/><\/p>\n<h3>Dauerhaftigkeit<\/h3>\n<p>Dieses Material ist extrem widerstandsf\u00e4hig gegen Abrieb, Risse und Einstiche und sorgt daf\u00fcr, dass die Handschuhe auch bei l\u00e4ngerem Gebrauch in bestem Zustand bleiben. Au\u00dferdem bietet es eine hervorragende Fingerfertigkeit und Festigkeit f\u00fcr hochwertige Lederwaren.<\/p>\n<div class=\"clear\"><\/div>\n<\/div>\n<\/section>\n<section id=\"why-choose-us\">\n<h2>Warum WINIW w\u00e4hlen<\/h2>\n<div class=\"advantage-item\">\n<h3>Unser Vorteil<\/h3>\n<p>WINIW Company Factory Gro\u00dfhandel Nubukleder HerstellerFabrik Produkt Showcase<\/p>\n<\/div>\n<div class=\"advantage-item\">\n<h3>Qualit\u00e4tssicherung<\/h3>\n<p>Wir f\u00fchren w\u00e4hrend der gesamten Produktions- und Lieferkette strenge Qualit\u00e4tskontrollen durch und halten uns an die ISO9001-Normen. Von der Auswahl der Rohstoffe bis zur Endkontrolle stehen die Interessen unserer Kunden an erster Stelle.<\/p>\n<\/div>\n<div class=\"advantage-item\">\n<h3>Professionelles technisches Team<\/h3>\n<p>Unser spezialisiertes technisches Team besteht aus erfahrenen Fachleuten aus verschiedenen Bereichen, die sich der Lieferung hochwertiger Produkte und ma\u00dfgeschneiderter L\u00f6sungen verschrieben haben.<\/p>\n<\/div>\n<div class=\"advantage-item\">\n<h3>Breite Palette von Anwendungen<\/h3>\n<p>Unsere Materialien finden breite Anwendung in Schuhen, Kleidung, Gep\u00e4ck, Autoinnenr\u00e4umen, Sofam\u00f6beln und vielem mehr.<\/p>\n<\/div>\n<div class=\"advantage-item\">\n<h3>Reiche Erfahrung<\/h3>\n<p>Quanzhou WINIW Import &amp; Export Co, Ltd. verf\u00fcgt \u00fcber mehr als 20 Jahre Produktionserfahrung und bietet perfekte L\u00f6sungen f\u00fcr Kunden weltweit.<\/p>\n<\/div>\n<div class=\"advantage-item\">\n<h3>Erschwinglicher Preis<\/h3>\n<p>Wir bieten wettbewerbsf\u00e4hige Preise und einen hervorragenden Kundenservice. Fordern Sie einen Katalog an oder besuchen Sie unser Werk, um unsere Produkte kennenzulernen.<\/p>\n<\/div>\n<div class=\"advantage-item\">\n<h3>24-Stunden-Online-Kundendienst<\/h3>\n<p>Unser Team steht rund um die Uhr zur Verf\u00fcgung, um Anfragen zu beantworten und R\u00fcckmeldungen zeitnah zu bearbeiten.<\/p>\n<\/div>\n<p><img decoding=\"async\" alt=\"WINIW Produktionsst\u00e4tte - Herstellungsprozess von Ultrasuede-Mikrofaserleder\" class=\"product-image\" src=\"\/wp-content\/uploads\/2025\/08\/07mm-ultrasuede-microfiber-faux-leather-for-cycling-gloves--37888.jpg\"\/><br \/>\n<\/section>\n<p><\/main><\/p>\n<section id=\"inquiry\">\n<h2 style=\"text-align: center;\">Mit freundlichen Gr\u00fc\u00dfen erwarten wir Ihre Anfrage!<\/h2>\n<p style=\"text-align: center;\">Kontaktieren Sie uns noch heute, um mehr \u00fcber unsere Produkte zu erfahren und Ihre Bestellung aufzugeben.<\/p>\n<\/section>\n\n    <div class=\"xs_social_share_widget xs_share_url after_content \t\tmain_content  wslu-style-1 wslu-share-box-shaped wslu-fill-colored wslu-none wslu-share-horizontal wslu-theme-font-no wslu-main_content\">\n\n\t\t\n        <ul>\n\t\t\t        <\/ul>\n    <\/div>","protected":false},"excerpt":{"rendered":"<div class=\"product-short-description\">Microfiber Leather Crack-Resistant Artificial Microfiber Composite Leather For Basketball WINIW Crack-Resistant Artificial Microfiber Composite Leather For Basketball Key features include MicrofiberLeather, WINIW, Width.Ideal f\u00fcr diejenigen, die Qualit\u00e4t und Zuverl\u00e4ssigkeit.<\/p>\n<p>Als direkte Fabrik, Hersteller und Gro\u00dfh\u00e4ndler k\u00f6nnen wir den Produktionsprozess streng kontrollieren, um die Produktqualit\u00e4t zu gew\u00e4hrleisten und Ihnen die g\u00fcnstigsten Preise zu bieten. Wir verf\u00fcgen \u00fcber fortschrittliche Produktionsanlagen und ein professionelles technisches Team, um Ihren Bedarf an Gro\u00dfauftr\u00e4gen zu decken und eine p\u00fcnktliche Lieferung zu gew\u00e4hrleisten.<\/p>\n<\/div>","protected":false},"featured_media":2897,"template":"","meta":[],"product_brand":[],"product_cat":[111],"product_tag":[18497],"class_list":{"0":"post-28039","1":"product","2":"type-product","3":"status-publish","4":"has-post-thumbnail","6":"product_cat-microfiber-leather","7":"product_tag-composite-leathermicrofiber-composite-leathercomposite-leather-fabriccomposite-leather-manufacturercomposite-leather-manufacturerscomposite-leather-supplier","9":"first","10":"instock","11":"product-type-simple"},"_links":{"self":[{"href":"https:\/\/www.eco-leather.com\/de\/wp-json\/wp\/v2\/product\/28039","targetHints":{"allow":["GET"]}}],"collection":[{"href":"https:\/\/www.eco-leather.com\/de\/wp-json\/wp\/v2\/product"}],"about":[{"href":"https:\/\/www.eco-leather.com\/de\/wp-json\/wp\/v2\/types\/product"}],"wp:featuredmedia":[{"embeddable":true,"href":"https:\/\/www.eco-leather.com\/de\/wp-json\/wp\/v2\/media\/2897"}],"wp:attachment":[{"href":"https:\/\/www.eco-leather.com\/de\/wp-json\/wp\/v2\/media?parent=28039"}],"wp:term":[{"taxonomy":"product_brand","embeddable":true,"href":"https:\/\/www.eco-leather.com\/de\/wp-json\/wp\/v2\/product_brand?post=28039"},{"taxonomy":"product_cat","embeddable":true,"href":"https:\/\/www.eco-leather.com\/de\/wp-json\/wp\/v2\/product_cat?post=28039"},{"taxonomy":"product_tag","embeddable":true,"href":"https:\/\/www.eco-leather.com\/de\/wp-json\/wp\/v2\/product_tag?post=28039"}],"curies":[{"name":"wp","href":"https:\/\/api.w.org\/{rel}","templated":true}]}}