{"id":27924,"date":"2025-09-07T10:49:51","date_gmt":"2025-09-07T02:49:51","guid":{"rendered":"https:\/\/www.eco-leather.com\/product\/1-0mm-red-elegant-timeless-look-synthetic-suede-microfiber-leather\/"},"modified":"2025-09-07T10:49:53","modified_gmt":"2025-09-07T02:49:53","slug":"1-0-mm-rotes-elegantes-zeitloses-kunstwildleder-aus-mikrofaser","status":"publish","type":"product","link":"https:\/\/www.eco-leather.com\/de\/1-0-mm-rotes-elegantes-zeitloses-kunstwildleder-aus-mikrofaser\/","title":{"rendered":"1.0mm Rot Elegantes zeitloses Aussehen Synthetisches Wildleder Mikrofaser Leder"},"content":{"rendered":"<h2>Textil\u00e4hnliches Gef\u00fchl Mikrofaser Wildleder<\/h2>\n<p><main><\/p>\n<section id=\"product-overview\">\n<h2>Beschreibung des Produkts<\/h2>\n<p>Material <strong>Ist Wildleder Mikrofaser<\/strong> Einf\u00fchrung<\/p>\n<p>Unser <strong>Kleidungsst\u00fcck Leder Importiert<\/strong> Materialien bieten anpassbare Optionen in Bezug auf Dicke, Farbe und mehr. Klicken Sie unten und kontaktieren Sie uns sofort, um die endlosen M\u00f6glichkeiten zu erkunden.<\/p>\n<p>  Kontaktieren Sie uns  <\/p>\n<p>Unser 0,7 mm starkes Ultrasuede Microfiber Faux Leather wird aus hochwertigen Mikrofasermaterialien hergestellt und ist die perfekte Wahl f\u00fcr Fahrradhandschuhe. Es bietet ein ausgewogenes Verh\u00e4ltnis zwischen Flexibilit\u00e4t und St\u00e4rke, au\u00dfergew\u00f6hnliche Atmungsaktivit\u00e4t und feuchtigkeitsableitende Eigenschaften, damit die H\u00e4nde bei intensiven Fahrten k\u00fchl und trocken bleiben.<\/p>\n<p>Ob Sie nun ein professioneller Radfahrer oder ein Freizeitradler sind, Microfiber Leather bietet unschlagbaren Komfort und Schutz. Seine hohe Widerstandsf\u00e4higkeit gegen Abrieb und Risse sorgt f\u00fcr eine lang anhaltende Leistung, w\u00e4hrend das elegante Design einen raffinierten Touch zu jedem Biker-Ensemble hinzuf\u00fcgt.<\/p>\n<\/section>\n<section id=\"specifications\">\n<h2>Technische Parameter<\/h2>\n<p>Material <strong>Kunstlederboxen China<\/strong> Spezifikation<\/p>\n<p><img decoding=\"async\" alt=\"0.7mm Ultrasuede Mikrofaser Kunstleder f\u00fcr Radsporthandschuhe - Materialspezifikation\" class=\"product-image\" src=\"\/wp-content\/uploads\/2025\/08\/07mm-ultrasuede-microfiber-faux-leather-for-cycling-gloves--37881.jpg\"\/><\/p>\n<h3>Produkt-Parameter<\/h3>\n<ul class=\"parameters-list\">\n<li><span class=\"param-name\">Material:<\/span> Mikrofaser + PU<\/li>\n<li><span class=\"param-name\">Farbe:<\/span> Schwarz, Grau, Beige (benutzerdefinierte Farben verf\u00fcgbar)<\/li>\n<li><span class=\"param-name\">Die Dicke:<\/span> 0,6 mm, 0,7 mm, 0,8 mm, 1 mm<\/li>\n<li><span class=\"param-name\">Mindestbestellmenge:<\/span> 300 laufende Meter<\/li>\n<li><span class=\"param-name\">L\u00e4nge der Rolle:<\/span> 20-30m\/Rolle<\/li>\n<li><span class=\"param-name\">Lieferzeiten:<\/span> 15-20 Tage<\/li>\n<li><span class=\"param-name\">Breite:<\/span> 54\u2033, 137cm<\/li>\n<li><span class=\"param-name\">Produktionskapazit\u00e4t:<\/span> 1.000.000 Meter monatlich<\/li>\n<\/ul>\n<\/section>\n<section id=\"features\">\n<h2>Produktmerkmale<\/h2>\n<div class=\"feature-item\">\n<img decoding=\"async\" alt=\"MaterialWildleder Wasserdichtes SprayMikrofaser-Wildleder Markenname WINIW Firma Fabrik Gro\u00dfhandel StoffherstellerBreite 54\" class=\"feature-image left\" src=\"\/wp-content\/uploads\/2025\/08\/10mm-red-elegant-timeless-look-synthetic-suede-microfiber-leather-20652.jpg\"\/><\/p>\n<h3>Material <strong>Wildleder Impr\u00e4gnierspray<\/strong> Mikrofaser Wildleder Markenname WINIW Firma Fabrik Gro\u00dfhandel Stoff HerstellerBreite 54\u2033; 1<\/h3>\n<p>Material <strong>Wildleder Impr\u00e4gnierspray<\/strong> Microfiber Suede Leather Markenname WINIW Company Factory Wholesale Fabric ManufacturersWidth 54\u2033; 1.37m Color Red, Black,Brown, Green, accept customize Feature Wear resistant, Waterproof, Anti-Mildew, Flexible Thickness 0.6mm-2.4mm, accept customize Place of Origin China Customized Yes Delivery time Usually within 15 - 25 days.<\/p>\n<div class=\"clear\"><\/div>\n<\/div>\n<div class=\"feature-item\">\n<img decoding=\"async\" alt=\"MOQ 300 Meter Verpackungsdetails 30\/50 Meter pro Rolle\" class=\"feature-image left\" src=\"\/wp-content\/uploads\/2025\/08\/10mm-red-elegant-timeless-look-synthetic-suede-microfiber-leather-20653.jpg\"\/><\/p>\n<h3>MOQ 300 Meter Verpackungsdetails 30\/50 Meter pro Rolle<\/h3>\n<p>MOQ 300 Meter Verpackungsdetails 30\/50 Meter pro Rolle. Oder kundenspezifisch Produktionskapazit\u00e4t 1.000.000 Meter monatlich Material Eigenschaft<\/p>\n<div class=\"clear\"><\/div>\n<\/div>\n<div class=\"feature-item\">\n<img decoding=\"async\" alt=\"Hohe Rei\u00dffestigkeit - Ultrasuede Mikrofaser-Kunstleder f\u00fcr Fahrradhandschuhe\" class=\"feature-image left\" src=\"\/wp-content\/uploads\/2025\/08\/07mm-ultrasuede-microfiber-faux-leather-for-cycling-gloves--37882.jpg\"\/><\/p>\n<h3>Hohe Rei\u00dffestigkeit<\/h3>\n<p>Unser Ultrasuede-Mikrofaserleder zeichnet sich durch eine au\u00dfergew\u00f6hnliche Rei\u00dffestigkeit aus, so dass es unter Belastung nicht bricht oder sich leicht verformt. Dies macht es ideal f\u00fcr Produkte, die Haltbarkeit und langfristige Leistung erfordern.<\/p>\n<div class=\"clear\"><\/div>\n<\/div>\n<div class=\"feature-item\">\n<img decoding=\"async\" alt=\"Formstabilit\u00e4t - Ultrasuede Mikrofaser-Kunstleder f\u00fcr Fahrradhandschuhe\" class=\"feature-image right\" src=\"\/wp-content\/uploads\/2025\/08\/07mm-ultrasuede-microfiber-faux-leather-for-cycling-gloves--37883.jpg\"\/><\/p>\n<h3>Nicht leicht zu verformen<\/h3>\n<p>Dieses Material wurde speziell behandelt, um seine urspr\u00fcngliche Form zu erhalten, und bietet eine hervorragende Elastizit\u00e4t und Stabilit\u00e4t. Es widersteht Verformungen durch \u00e4u\u00dferen Druck oder Dehnung, so dass die Produkte langfristig intakt und attraktiv bleiben.<\/p>\n<div class=\"clear\"><\/div>\n<\/div>\n<div class=\"feature-item\">\n<img decoding=\"async\" alt=\"Strapazierf\u00e4higkeit - Ultrasuede Microfiber Faux Leather f\u00fcr Fahrradhandschuhe\" class=\"feature-image left\" src=\"\/wp-content\/uploads\/2025\/08\/07mm-ultrasuede-microfiber-faux-leather-for-cycling-gloves--37884.jpg\"\/><\/p>\n<h3>Dauerhaftigkeit<\/h3>\n<p>Dieses Material ist extrem widerstandsf\u00e4hig gegen Abrieb, Risse und Einstiche und sorgt daf\u00fcr, dass die Handschuhe auch bei l\u00e4ngerem Gebrauch in bestem Zustand bleiben. Au\u00dferdem bietet es eine hervorragende Fingerfertigkeit und Festigkeit f\u00fcr hochwertige Lederwaren.<\/p>\n<div class=\"clear\"><\/div>\n<\/div>\n<\/section>\n<section id=\"why-choose-us\">\n<h2>Warum WINIW w\u00e4hlen<\/h2>\n<div class=\"advantage-item\">\n<h3>Elegantes und zeitloses Mikrofaser-Kunstleder aus Wildleder, hergestellt von WINIW Company Factory Wholesale Fabric ManufacturersManufacturer, ist ein hochwertiges veganes Leder, das die reiche Textur und \u00c4sthetik von traditionellem Wildleder bietet, ohne Kompromisse bei der Nachhaltigkeit einzugehen<\/h3>\n<p>Elegantes und zeitloses Mikrofaser-Kunstleder aus Wildleder, hergestellt von WINIW Company Factory Wholesale Fabric ManufacturersManufacturer, ist ein hochwertiges veganes Leder, das die reiche Textur und \u00c4sthetik von traditionellem Wildleder bietet, ohne Kompromisse bei der Nachhaltigkeit einzugehen. Dieses Kunstleder wurde sorgf\u00e4ltig entwickelt, um die Weichheit und W\u00e4rme von echtem Wildleder zu replizieren, was es zu einer ausgezeichneten Wahl f\u00fcr Hersteller macht, die eine hochwertige, umweltfreundliche Alternative suchen.<\/p>\n<\/div>\n<div class=\"advantage-item\">\n<h3>Als f\u00fchrender Anbieter von Kunstleder ist WINIW Company Factory Wholesale Fabric ManufacturersFactory stolz darauf, Kunstleder herzustellen, das die Erwartungen unserer Kunden nicht nur erf\u00fcllt, sondern \u00fcbertrifft.<\/h3>\n<p>Als f\u00fchrender Anbieter von Kunstleder ist die WINIW Company Factory Wholesale Fabric ManufacturersFactory stolz darauf, Wildlederimitat zu produzieren, das die Erwartungen unserer Kunden nicht nur erf\u00fcllt, sondern \u00fcbertrifft. Ob Sie ein Gro\u00dfhandel K\u00e4ufer oder ein Lieferant suchen, um Ihre Produktangebote zu erh\u00f6hen, WINIW Company Factory Wholesale Fabric ManufacturersFaux Wildleder Mikrofaser Leder ist eine vielseitige und stilvolle Erg\u00e4nzung zu Ihrem Inventar.<\/p>\n<\/div>\n<div class=\"advantage-item\">\n<h3>Qualit\u00e4tssicherung<\/h3>\n<p>Wir f\u00fchren w\u00e4hrend der gesamten Produktions- und Lieferkette strenge Qualit\u00e4tskontrollen durch und halten uns an die ISO9001-Normen. Von der Auswahl der Rohstoffe bis zur Endkontrolle stehen die Interessen unserer Kunden an erster Stelle.<\/p>\n<\/div>\n<div class=\"advantage-item\">\n<h3>Professionelles technisches Team<\/h3>\n<p>Unser spezialisiertes technisches Team besteht aus erfahrenen Fachleuten aus verschiedenen Bereichen, die sich der Lieferung hochwertiger Produkte und ma\u00dfgeschneiderter L\u00f6sungen verschrieben haben.<\/p>\n<\/div>\n<div class=\"advantage-item\">\n<h3>Breite Palette von Anwendungen<\/h3>\n<p>Unsere Materialien finden breite Anwendung in Schuhen, Kleidung, Gep\u00e4ck, Autoinnenr\u00e4umen, Sofam\u00f6beln und vielem mehr.<\/p>\n<\/div>\n<div class=\"advantage-item\">\n<h3>Reiche Erfahrung<\/h3>\n<p>Quanzhou WINIW Import &amp; Export Co, Ltd. verf\u00fcgt \u00fcber mehr als 20 Jahre Produktionserfahrung und bietet perfekte L\u00f6sungen f\u00fcr Kunden weltweit.<\/p>\n<\/div>\n<div class=\"advantage-item\">\n<h3>Erschwinglicher Preis<\/h3>\n<p>Wir bieten wettbewerbsf\u00e4hige Preise und einen hervorragenden Kundenservice. Fordern Sie einen Katalog an oder besuchen Sie unser Werk, um unsere Produkte kennenzulernen.<\/p>\n<\/div>\n<div class=\"advantage-item\">\n<h3>24-Stunden-Online-Kundendienst<\/h3>\n<p>Unser Team steht rund um die Uhr zur Verf\u00fcgung, um Anfragen zu beantworten und R\u00fcckmeldungen zeitnah zu bearbeiten.<\/p>\n<\/div>\n<p><img decoding=\"async\" alt=\"WINIW Produktionsst\u00e4tte - Herstellungsprozess von Ultrasuede-Mikrofaserleder\" class=\"product-image\" src=\"\/wp-content\/uploads\/2025\/08\/07mm-ultrasuede-microfiber-faux-leather-for-cycling-gloves--37888.jpg\"\/><br \/>\n<\/section>\n<p><\/main><\/p>\n<section id=\"inquiry\">\n<h2 style=\"text-align: center;\">Mit freundlichen Gr\u00fc\u00dfen erwarten wir Ihre Anfrage!<\/h2>\n<p style=\"text-align: center;\">Kontaktieren Sie uns noch heute, um mehr \u00fcber unsere Produkte zu erfahren und Ihre Bestellung aufzugeben.<\/p>\n<\/section>\n\n    <div class=\"xs_social_share_widget xs_share_url after_content \t\tmain_content  wslu-style-1 wslu-share-box-shaped wslu-fill-colored wslu-none wslu-share-horizontal wslu-theme-font-no wslu-main_content\">\n\n\t\t\n        <ul>\n\t\t\t        <\/ul>\n    <\/div>","protected":false},"excerpt":{"rendered":"<div class=\"product-short-description\">Microfiber Suede Leather 1.0mm Red Elegant Timeless Look Synthetic Suede Microfiber Leather WINIW 1.0mm Red Elegant Timeless Look Synthetic Suede Microfiber Leather Key features include Microfiber Suede Leather, WINIW, Width.Ideal f\u00fcr alle, die Qualit\u00e4t und Zuverl\u00e4ssigkeit suchen.<\/p>\n<p>Als direkte Fabrik, Hersteller und Gro\u00dfh\u00e4ndler k\u00f6nnen wir den Produktionsprozess streng kontrollieren, um die Produktqualit\u00e4t zu gew\u00e4hrleisten und Ihnen die g\u00fcnstigsten Preise zu bieten. Wir verf\u00fcgen \u00fcber fortschrittliche Produktionsanlagen und ein professionelles technisches Team, um Ihren Bedarf an Gro\u00dfauftr\u00e4gen zu decken und eine p\u00fcnktliche Lieferung zu gew\u00e4hrleisten.<\/p>\n<\/div>","protected":false},"featured_media":2442,"template":"","meta":[],"product_brand":[],"product_cat":[126],"product_tag":[],"class_list":{"0":"post-27924","1":"product","2":"type-product","3":"status-publish","4":"has-post-thumbnail","6":"product_cat-microfiber-suede-leather","8":"first","9":"instock","10":"product-type-simple"},"_links":{"self":[{"href":"https:\/\/www.eco-leather.com\/de\/wp-json\/wp\/v2\/product\/27924","targetHints":{"allow":["GET"]}}],"collection":[{"href":"https:\/\/www.eco-leather.com\/de\/wp-json\/wp\/v2\/product"}],"about":[{"href":"https:\/\/www.eco-leather.com\/de\/wp-json\/wp\/v2\/types\/product"}],"wp:featuredmedia":[{"embeddable":true,"href":"https:\/\/www.eco-leather.com\/de\/wp-json\/wp\/v2\/media\/2442"}],"wp:attachment":[{"href":"https:\/\/www.eco-leather.com\/de\/wp-json\/wp\/v2\/media?parent=27924"}],"wp:term":[{"taxonomy":"product_brand","embeddable":true,"href":"https:\/\/www.eco-leather.com\/de\/wp-json\/wp\/v2\/product_brand?post=27924"},{"taxonomy":"product_cat","embeddable":true,"href":"https:\/\/www.eco-leather.com\/de\/wp-json\/wp\/v2\/product_cat?post=27924"},{"taxonomy":"product_tag","embeddable":true,"href":"https:\/\/www.eco-leather.com\/de\/wp-json\/wp\/v2\/product_tag?post=27924"}],"curies":[{"name":"wp","href":"https:\/\/api.w.org\/{rel}","templated":true}]}}