{"id":27893,"date":"2025-09-07T10:49:29","date_gmt":"2025-09-07T02:49:29","guid":{"rendered":"https:\/\/www.eco-leather.com\/product\/h2o-resistant-microfiber-pu-leather-durable-non-absorbent-fabric\/"},"modified":"2025-09-07T10:49:36","modified_gmt":"2025-09-07T02:49:36","slug":"wasserabweisendes-mikrofaser-pu-leder-langlebiges-nicht-absorbierendes-gewebe","status":"publish","type":"product","link":"https:\/\/www.eco-leather.com\/de\/wasserabweisendes-mikrofaser-pu-leder-langlebiges-nicht-absorbierendes-gewebe\/","title":{"rendered":"H2O-Resistentes Mikrofaser-PU-Leder Langlebiges, nicht absorbierendes Material"},"content":{"rendered":"<h2>Selbstklebendes \u00d6ko-Leder PU-Leder<\/h2>\n<p><main><\/p>\n<section id=\"product-overview\">\n<h2>Beschreibung des Produkts<\/h2>\n<p>Material <strong>Kunstleder-Elasthan<\/strong> Einf\u00fchrung<\/p>\n<p>Unsere Materialien bieten anpassbare Optionen in Bezug auf Dicke, Farbe und mehr. Klicken Sie unten und kontaktieren Sie uns sofort, um die endlosen M\u00f6glichkeiten zu erkunden.<\/p>\n<p>  Kontaktieren Sie uns  <\/p>\n<p>Unser 0,7 mm starkes Ultrasuede Microfiber Faux Leather wird aus hochwertigen Mikrofasermaterialien hergestellt und ist die perfekte Wahl f\u00fcr Fahrradhandschuhe. Es bietet ein ausgewogenes Verh\u00e4ltnis zwischen Flexibilit\u00e4t und St\u00e4rke, au\u00dfergew\u00f6hnliche Atmungsaktivit\u00e4t und feuchtigkeitsableitende Eigenschaften, damit die H\u00e4nde bei intensiven Fahrten k\u00fchl und trocken bleiben.<\/p>\n<p>Ob Sie nun ein professioneller Radfahrer oder ein Freizeitradler sind, Microfiber Leather bietet unschlagbaren Komfort und Schutz. Seine hohe Widerstandsf\u00e4higkeit gegen Abrieb und Risse sorgt f\u00fcr eine lang anhaltende Leistung, w\u00e4hrend das elegante Design einen raffinierten Touch zu jedem Biker-Ensemble hinzuf\u00fcgt.<\/p>\n<\/section>\n<section id=\"specifications\">\n<h2>Technische Parameter<\/h2>\n<p>Material <strong>Kunstlederboxen China<\/strong> Spezifikation<\/p>\n<p><img decoding=\"async\" alt=\"0.7mm Ultrasuede Mikrofaser Kunstleder f\u00fcr Radsporthandschuhe - Materialspezifikation\" class=\"product-image\" src=\"\/wp-content\/uploads\/2025\/08\/07mm-ultrasuede-microfiber-faux-leather-for-cycling-gloves--37881.jpg\"\/><\/p>\n<h3>Produkt-Parameter<\/h3>\n<ul class=\"parameters-list\">\n<li><span class=\"param-name\">Material:<\/span> Mikrofaser + PU<\/li>\n<li><span class=\"param-name\">Farbe:<\/span> Schwarz, Grau, Beige (benutzerdefinierte Farben verf\u00fcgbar)<\/li>\n<li><span class=\"param-name\">Die Dicke:<\/span> 0,6 mm, 0,7 mm, 0,8 mm, 1 mm<\/li>\n<li><span class=\"param-name\">Mindestbestellmenge:<\/span> 300 laufende Meter<\/li>\n<li><span class=\"param-name\">L\u00e4nge der Rolle:<\/span> 20-30m\/Rolle<\/li>\n<li><span class=\"param-name\">Lieferzeiten:<\/span> 15-20 Tage<\/li>\n<li><span class=\"param-name\">Breite:<\/span> 54\u2033, 137cm<\/li>\n<li><span class=\"param-name\">Produktionskapazit\u00e4t:<\/span> 1.000.000 Meter monatlich<\/li>\n<\/ul>\n<\/section>\n<section id=\"features\">\n<h2>Produktmerkmale<\/h2>\n<div class=\"feature-item\">\n<img decoding=\"async\" alt=\"WINIWDurable Sofa Fabric TraderCompany Factory Wholesale Imitation Leather ManufacturersH2O-Resistant Microfiber PU Leder bietet un\u00fcbertroffenen Schutz gegen Feuchtigkeit, kombiniert elegante \u00c4sthetik mit Industrie-Grade-Haltbarkeit\" class=\"feature-image left\" src=\"\/wp-content\/uploads\/2025\/08\/h2o-resistant-microfiber-pu-leather-durable-non-absorbent-fabric-20375.jpg\"\/><\/p>\n<h3>WINIW <strong>Strapazierf\u00e4higer Sofa-Stoff Trader<\/strong> Company Factory Wholesale Imitation Leather ManufacturersH2O-Resistant Microfiber PU Leather bietet un\u00fcbertroffenen Schutz vor Feuchtigkeit und kombiniert elegante \u00c4sthetik mit Haltbarkeit in Industriequalit\u00e4t<\/h3>\n<p>WINIW <strong>Strapazierf\u00e4higer Sofa-Stoff Trader<\/strong> Company Factory Wholesale Imitation Leather ManufacturersH2O-Resistant Microfiber PU Leather bietet un\u00fcbertroffenen Schutz vor Feuchtigkeit und kombiniert elegante \u00c4sthetik mit Haltbarkeit in Industriequalit\u00e4t.<\/p>\n<div class=\"clear\"><\/div>\n<\/div>\n<div class=\"feature-item\">\n<img decoding=\"async\" alt=\"Dieses synthetische Gewebe wurde f\u00fcr stark beanspruchte und feuchte Umgebungen entwickelt und beh\u00e4lt seine Form und Farbe auch nach l\u00e4ngerem Kontakt mit Wasser, versch\u00fctteten Fl\u00fcssigkeiten oder UV-Strahlen.\" class=\"feature-image left\" src=\"\/wp-content\/uploads\/2025\/08\/h2o-resistant-microfiber-pu-leather-durable-non-absorbent-fabric-20376.jpg\"\/><\/p>\n<h3>Dieses synthetische Gewebe wurde f\u00fcr stark beanspruchte und feuchte Umgebungen entwickelt und beh\u00e4lt seine Form und Farbe auch nach l\u00e4ngerem Kontakt mit Wasser, versch\u00fctteten Fl\u00fcssigkeiten oder UV-Strahlen.<\/h3>\n<p>Dieses synthetische Gewebe wurde f\u00fcr stark beanspruchte und feuchte Umgebungen entwickelt und beh\u00e4lt seine Form und Farbe auch nach l\u00e4ngerem Kontakt mit Wasser, versch\u00fctteten Fl\u00fcssigkeiten oder UV-Strahlen. Material <strong>Sofa Stoff Wasserdicht Importeure<\/strong> Microfiber PU Leder Markenname WINIW Company Factory Gro\u00dfhandel Kunstleder HerstellerBreite 54\u2033;<\/p>\n<div class=\"clear\"><\/div>\n<\/div>\n<div class=\"feature-item\">\n<img decoding=\"async\" alt=\"1\" class=\"feature-image left\" src=\"\/wp-content\/uploads\/2025\/08\/h2o-resistant-microfiber-pu-leather-durable-non-absorbent-fabric-20377.jpg\"\/><\/p>\n<h3>1<\/h3>\n<p>1.37m Farbe Rot, Schwarz, Braun, Gr\u00fcn, nach Kundenwunsch Eigenschaft Verschlei\u00dffest, Wasserdicht, Anti-Schimmel, Flexibel Dicke 0.6mm-2.4mm, nach Kundenwunsch Herkunftsland China Kundenspezifisch Ja Lieferzeit Normalerweise innerhalb von 15 - 25 Tagen.<\/p>\n<div class=\"clear\"><\/div>\n<\/div>\n<div class=\"feature-item\">\n<img decoding=\"async\" alt=\"MOQSuede Leder Wasserdicht Spray300 Meter Verpackungsdetails 30\/50 Meter pro Rolle\" class=\"feature-image left\" src=\"\/wp-content\/uploads\/2025\/08\/h2o-resistant-microfiber-pu-leather-durable-non-absorbent-fabric-20378.jpg\"\/><\/p>\n<h3>MOQ <strong>Wildleder Impr\u00e4gnierspray<\/strong> 300 Meter Verpackungsdetails 30\/50 Meter pro Rolle<\/h3>\n<p>MOQ <strong>Wildleder Impr\u00e4gnierspray<\/strong> 300 Meter Verpackungsdetails 30\/50 Meter pro Rolle. Oder kundenspezifisch Produktionskapazit\u00e4t 1.000.000 Meter monatlich Material Eigenschaft<\/p>\n<div class=\"clear\"><\/div>\n<\/div>\n<div class=\"feature-item\">\n<img decoding=\"async\" alt=\"Hohe Rei\u00dffestigkeit - Ultrasuede Mikrofaser-Kunstleder f\u00fcr Fahrradhandschuhe\" class=\"feature-image left\" src=\"\/wp-content\/uploads\/2025\/08\/07mm-ultrasuede-microfiber-faux-leather-for-cycling-gloves--37882.jpg\"\/><\/p>\n<h3>Hohe Rei\u00dffestigkeit<\/h3>\n<p>Unser Ultrasuede-Mikrofaserleder zeichnet sich durch eine au\u00dfergew\u00f6hnliche Rei\u00dffestigkeit aus, so dass es unter Belastung nicht bricht oder sich leicht verformt. Dies macht es ideal f\u00fcr Produkte, die Haltbarkeit und langfristige Leistung erfordern.<\/p>\n<div class=\"clear\"><\/div>\n<\/div>\n<div class=\"feature-item\">\n<img decoding=\"async\" alt=\"Formstabilit\u00e4t - Ultrasuede Mikrofaser-Kunstleder f\u00fcr Fahrradhandschuhe\" class=\"feature-image right\" src=\"\/wp-content\/uploads\/2025\/08\/07mm-ultrasuede-microfiber-faux-leather-for-cycling-gloves--37883.jpg\"\/><\/p>\n<h3>Nicht leicht zu verformen<\/h3>\n<p>Dieses Material wurde speziell behandelt, um seine urspr\u00fcngliche Form zu erhalten, und bietet eine hervorragende Elastizit\u00e4t und Stabilit\u00e4t. Es widersteht Verformungen durch \u00e4u\u00dferen Druck oder Dehnung, so dass die Produkte langfristig intakt und attraktiv bleiben.<\/p>\n<div class=\"clear\"><\/div>\n<\/div>\n<div class=\"feature-item\">\n<img decoding=\"async\" alt=\"Strapazierf\u00e4higkeit - Ultrasuede Microfiber Faux Leather f\u00fcr Fahrradhandschuhe\" class=\"feature-image left\" src=\"\/wp-content\/uploads\/2025\/08\/07mm-ultrasuede-microfiber-faux-leather-for-cycling-gloves--37884.jpg\"\/><\/p>\n<h3>Dauerhaftigkeit<\/h3>\n<p>Dieses Material ist extrem widerstandsf\u00e4hig gegen Abrieb, Risse und Einstiche und sorgt daf\u00fcr, dass die Handschuhe auch bei l\u00e4ngerem Gebrauch in bestem Zustand bleiben. Au\u00dferdem bietet es eine hervorragende Fingerfertigkeit und Festigkeit f\u00fcr hochwertige Lederwaren.<\/p>\n<div class=\"clear\"><\/div>\n<\/div>\n<\/section>\n<section id=\"usage\">\n<h2>Verwendung und Anwendungen<\/h2>\n<p><img fetchpriority=\"high\" decoding=\"async\" alt=\"Selbstklebendes Polyurethan\" height=\"450\" src=\"\/wp-content\/uploads\/2025\/08\/h2o-resistant-microfiber-pu-leather-durable-non-absorbent-fabric-20379.jpg\" width=\"1055\"\/><\/p>\n<div class=\"usage-point\">\n<h3>Seine <strong>Kleidungsst\u00fcck Leder Importiert<\/strong> die umweltbewusste Produktion minimiert die Auswirkungen auf die Umwelt und spricht Marken an, die Wert auf Nachhaltigkeit legen<\/h3>\n<p>Seine <strong>Kleidungsst\u00fcck Leder Importiert<\/strong> Die umweltbewusste Produktion minimiert die Auswirkungen auf die Umwelt und spricht Marken an, die Wert auf Nachhaltigkeit legen. Die glatte, abwischbare Oberfl\u00e4che sorgt f\u00fcr m\u00fchelose Pflege, w\u00e4hrend die leder\u00e4hnliche Oberfl\u00e4che jedem Design Raffinesse verleiht.<\/p>\n<\/div>\n<div class=\"usage-point\">\n<h3>Es ist ideal f\u00fcr den Innen- und Au\u00dfenbereich und \u00fcberbr\u00fcckt die L\u00fccke zwischen hochwertigem Stil und funktionaler Leistung, so dass Hersteller Produkte herstellen k\u00f6nnen, die langlebig sind, ohne Kompromisse bei der Eleganz einzugehen. <\/h3>\n<p>Ideal f\u00fcr den Innen- und Au\u00dfenbereich, \u00fcberbr\u00fcckt es die L\u00fccke zwischen erstklassigem Stil und funktionaler Leistung und erm\u00f6glicht es Herstellern, Produkte zu schaffen, die langlebig sind, ohne Kompromisse bei der Eleganz einzugehen.<\/p>\n<\/div>\n<div class=\"usage-point\">\n<h3>Bequem und atmungsaktiv<\/h3>\n<p>Dieses weiche, bequeme und hoch atmungsaktive Material eignet sich perfekt f\u00fcr Fahrradhandschuhe und andere Produkte, die \u00fcber einen l\u00e4ngeren Zeitraum getragen werden. Es h\u00e4lt die H\u00e4nde bei anstrengenden Aktivit\u00e4ten k\u00fchl und trocken.<\/p>\n<\/div>\n<div class=\"usage-point\">\n<h3>Umweltvertr\u00e4glich und nachhaltig<\/h3>\n<p>Unser Ultrasuede-Mikrofaser-Kunstleder umfasst umweltfreundliche Optionen, wie z. B. Varianten aus recyceltem PET und Materialien auf Pflanzenbasis, die die Umweltbelastung verringern und gleichzeitig verschiedene Texturen bieten.<\/p>\n<\/div>\n<div class=\"usage-point\">\n<h3>Antibakterieller Schutz und Schutz vor Staub<\/h3>\n<p>Ausgew\u00e4hlte Varianten verf\u00fcgen \u00fcber antibakterielle und staubabweisende Eigenschaften und erf\u00fcllen hohe Hygienestandards - ideal f\u00fcr Handschuhe, die strenge Qualit\u00e4ts- und Sicherheitskontrollen erfordern.<\/p>\n<\/div>\n<div class=\"usage-point\">\n<h3>Vielf\u00e4ltige Anwendungsszenarien<\/h3>\n<p>Neben Fahrradhandschuhen eignet es sich auch f\u00fcr Fingerhandschuhe, Sicherheitshandschuhe und verschiedene andere Handschuhtypen sowie f\u00fcr Schuhe, Kleidung und Zubeh\u00f6r.<\/p>\n<\/div>\n<p><img decoding=\"async\" alt=\"Anwendungen von 0,7mm Ultrasuede Mikrofaser-Kunstleder in verschiedenen Produkten\" class=\"product-image\" src=\"\/wp-content\/uploads\/2025\/08\/07mm-ultrasuede-microfiber-faux-leather-for-cycling-gloves--37885.jpg\"\/><br \/>\n<img decoding=\"async\" alt=\"Radsporthandschuhe aus Ultrasuede-Mikrofaserleder - Produktbeispiel\" class=\"product-image\" src=\"\/wp-content\/uploads\/2025\/08\/07mm-ultrasuede-microfiber-faux-leather-for-cycling-gloves--37886.jpg\"\/><br \/>\n<\/section>\n<p><\/main><\/p>\n<section id=\"inquiry\">\n<h2 style=\"text-align: center;\">Mit freundlichen Gr\u00fc\u00dfen erwarten wir Ihre Anfrage!<\/h2>\n<p style=\"text-align: center;\">Kontaktieren Sie uns noch heute, um mehr \u00fcber unsere Produkte zu erfahren und Ihre Bestellung aufzugeben.<\/p>\n<\/section>\n\n    <div class=\"xs_social_share_widget xs_share_url after_content \t\tmain_content  wslu-style-1 wslu-share-box-shaped wslu-fill-colored wslu-none wslu-share-horizontal wslu-theme-font-no wslu-main_content\">\n\n\t\t\n        <ul>\n\t\t\t        <\/ul>\n    <\/div>","protected":false},"excerpt":{"rendered":"<div class=\"product-short-description\">Mikrofaser PU Leder H2O-Resistant Mikrofaser PU Leder Durable Non-Absorbent Fabric WINIW H2O-Resistant Mikrofaser PU Leder Durable Non-Absorbent Fabric Key features include Mikrofaser PU Leder, WINIW, Width.Ideal f\u00fcr diejenigen, die Qualit\u00e4t und Zuverl\u00e4ssigkeit.<\/p>\n<p>Als direkte Fabrik, Hersteller und Gro\u00dfh\u00e4ndler k\u00f6nnen wir den Produktionsprozess streng kontrollieren, um die Produktqualit\u00e4t zu gew\u00e4hrleisten und Ihnen die g\u00fcnstigsten Preise zu bieten. Wir verf\u00fcgen \u00fcber fortschrittliche Produktionsanlagen und ein professionelles technisches Team, um Ihren Bedarf an Gro\u00dfauftr\u00e4gen zu decken und eine p\u00fcnktliche Lieferung zu gew\u00e4hrleisten.<\/p>\n<\/div>","protected":false},"featured_media":2339,"template":"","meta":[],"product_brand":[],"product_cat":[114],"product_tag":[18406],"class_list":{"0":"post-27893","1":"product","2":"type-product","3":"status-publish","4":"has-post-thumbnail","6":"product_cat-microfiber-pu-leather","7":"product_tag-is-vegan-leather-non-toxicpu-leather-non-toxicmicrofiber-pu-leather-makermicrofiber-pu-leather-wholesalermicrofiber-pu-leather-importmicrofiber-pu-leather-sourcing","9":"first","10":"instock","11":"product-type-simple"},"_links":{"self":[{"href":"https:\/\/www.eco-leather.com\/de\/wp-json\/wp\/v2\/product\/27893","targetHints":{"allow":["GET"]}}],"collection":[{"href":"https:\/\/www.eco-leather.com\/de\/wp-json\/wp\/v2\/product"}],"about":[{"href":"https:\/\/www.eco-leather.com\/de\/wp-json\/wp\/v2\/types\/product"}],"wp:featuredmedia":[{"embeddable":true,"href":"https:\/\/www.eco-leather.com\/de\/wp-json\/wp\/v2\/media\/2339"}],"wp:attachment":[{"href":"https:\/\/www.eco-leather.com\/de\/wp-json\/wp\/v2\/media?parent=27893"}],"wp:term":[{"taxonomy":"product_brand","embeddable":true,"href":"https:\/\/www.eco-leather.com\/de\/wp-json\/wp\/v2\/product_brand?post=27893"},{"taxonomy":"product_cat","embeddable":true,"href":"https:\/\/www.eco-leather.com\/de\/wp-json\/wp\/v2\/product_cat?post=27893"},{"taxonomy":"product_tag","embeddable":true,"href":"https:\/\/www.eco-leather.com\/de\/wp-json\/wp\/v2\/product_tag?post=27893"}],"curies":[{"name":"wp","href":"https:\/\/api.w.org\/{rel}","templated":true}]}}