{"id":27877,"date":"2025-09-07T10:49:29","date_gmt":"2025-09-07T02:49:29","guid":{"rendered":"https:\/\/www.eco-leather.com\/product\/fireproof-synthetic-microfiber-leather-for-sofa-fabric\/"},"modified":"2025-09-07T10:49:30","modified_gmt":"2025-09-07T02:49:30","slug":"feuerfestes-synthetisches-mikrofaserleder-fur-sofastoffe","status":"publish","type":"product","link":"https:\/\/www.eco-leather.com\/de\/feuerfestes-synthetisches-mikrofaserleder-fur-sofastoffe\/","title":{"rendered":"Feuerfestes synthetisches Mikrofaserleder f\u00fcr Sofastoffe"},"content":{"rendered":"<h2>Selbstklebendes \u00d6ko-Leder PU-Leder<\/h2>\n<p><main><\/p>\n<section id=\"product-overview\">\n<h2>Beschreibung des Produkts<\/h2>\n<p>Material <strong>Kunstleder-Sohle<\/strong> Einf\u00fchrung<\/p>\n<p>Feuerfest <strong>Eco Car Lederjacke<\/strong> Synthetisches Mikrofaserleder Die kl\u00fcgere Wahl f\u00fcr Ihr Sofa Sie suchen einen Sofastoff, der Luxus mit Seelenfrieden verbindet? Unser feuerfestes synthetisches Mikrofaserleder ist die perfekte L\u00f6sung.<\/p>\n<p>Es sieht aus wie hochwertiges Leder und f\u00fchlt sich auch so an, hat aber Vorteile, die echtes Leder nicht bieten kann. Das Besondere an diesem Material ist erstens, dass es unglaublich sicher ist. Anders als <strong>Second Hand Ledertaschen<\/strong> Unser Mikrofaser-Leder ist speziell behandelt, um Flammen zu widerstehen, w\u00e4hrend andere Stoffe leicht Feuer fangen k\u00f6nnen.<\/p>\n<p>Wenn ein Unfall passiert, breitet sich das Feuer nicht so schnell aus, und Sie haben mehr Zeit zu reagieren. Auch der Komfort wurde nicht vergessen. Die <strong>Automobil LederSitze Service Hund<\/strong> Die Mikrofaseroberfl\u00e4che f\u00fchlt sich weich an und ist dennoch strapazierf\u00e4hig genug, um den Familienalltag zu meistern.<\/p>\n<p>Ausgelaufene Fl\u00fcssigkeiten lassen sich sofort abwischen, Tierhaare bleiben nicht haften, und der Stoff wird im Laufe der Zeit nicht rissig oder bl\u00e4ttert ab wie billigere Alternativen. Ihr Sofa hat einen Stoff verdient, der genauso hart arbeitet wie Sie selbst. Langlebig, sicher und nachhaltig hergestellt - was will man mehr?<\/p>\n<p>Unser 0,7 mm starkes Ultrasuede Microfiber Faux Leather wird aus hochwertigen Mikrofasermaterialien hergestellt und ist die perfekte Wahl f\u00fcr Fahrradhandschuhe. Es bietet ein ausgewogenes Verh\u00e4ltnis zwischen Flexibilit\u00e4t und St\u00e4rke, au\u00dfergew\u00f6hnliche Atmungsaktivit\u00e4t und feuchtigkeitsableitende Eigenschaften, damit die H\u00e4nde bei intensiven Fahrten k\u00fchl und trocken bleiben.<\/p>\n<p>Ob Sie nun ein professioneller Radfahrer oder ein Freizeitradler sind, Microfiber Leather bietet unschlagbaren Komfort und Schutz. Seine hohe Widerstandsf\u00e4higkeit gegen Abrieb und Risse sorgt f\u00fcr eine lang anhaltende Leistung, w\u00e4hrend das elegante Design einen raffinierten Touch zu jedem Biker-Ensemble hinzuf\u00fcgt.<\/p>\n<\/section>\n<section id=\"usage\">\n<h2>Verwendung und Anwendungen<\/h2>\n<p><img fetchpriority=\"high\" decoding=\"async\" alt=\"Selbstklebendes \u00d6ko-Leder PU-Leder\" height=\"373\" src=\"\/wp-content\/uploads\/2025\/08\/fireproof-synthetic-microfiber-leather-for-sofa-fabric-20237.jpg\" width=\"1248\"\/><\/p>\n<div class=\"usage-point\">\n<h3>Wir sind <strong>Kleidungsst\u00fcck Leder Importiert<\/strong> besonders stolz darauf, wie umweltfreundlich dieses Material ist<\/h3>\n<p>Wir sind <strong>Kleidungsst\u00fcck Leder Importiert<\/strong> besonders stolz darauf, wie umweltfreundlich dieses Material ist. Es verwendet keine tierischen Produkte und wird in Verfahren hergestellt, die die Umweltbelastung minimieren. Das Beste daran: Man w\u00fcrde nie vermuten, dass es sich um ein synthetisches Material handelt - die reiche Textur und das Aussehen k\u00f6nnen mit echtem Leder mithalten, und das zu einem Bruchteil der Kosten.<\/p>\n<\/div>\n<div class=\"usage-point\">\n<h3>Perfekt <strong>Vegane Lederschuhe Importeure<\/strong> f\u00fcr vielbesch\u00e4ftigte Haushalte: dieser Stoff l\u00e4sst Ihr Sofa Jahr f\u00fcr Jahr mit minimalem Aufwand sch\u00f6n aussehen<\/h3>\n<p>Perfekt <strong>Vegane Lederschuhe Importeure<\/strong> F\u00fcr vielbesch\u00e4ftigte Haushalte: Dieser Stoff l\u00e4sst Ihr Sofa Jahr f\u00fcr Jahr mit minimalem Aufwand sch\u00f6n aussehen. Es sind keine speziellen Reinigungsmittel erforderlich - gelegentliches Abwischen reicht aus.<\/p>\n<\/div>\n<div class=\"usage-point\">\n<h3>Ob Sie Kinder oder Haustiere haben oder einfach nur eine sorgenfreie Pflege w\u00fcnschen, dieses feuerfeste Mikrofaserleder bietet Stil und Sicherheit in einem eleganten Paket.<\/h3>\n<p>Ob Sie Kinder oder Haustiere haben oder einfach nur eine sorgenfreie Pflege w\u00fcnschen - dieses feuerfeste Mikrofaserleder bietet Stil und Sicherheit in einem eleganten Paket.<\/p>\n<\/div>\n<div class=\"usage-point\">\n<h3>Bequem und atmungsaktiv<\/h3>\n<p>Dieses weiche, bequeme und hoch atmungsaktive Material eignet sich perfekt f\u00fcr Fahrradhandschuhe und andere Produkte, die \u00fcber einen l\u00e4ngeren Zeitraum getragen werden. Es h\u00e4lt die H\u00e4nde bei anstrengenden Aktivit\u00e4ten k\u00fchl und trocken.<\/p>\n<\/div>\n<div class=\"usage-point\">\n<h3>Umweltvertr\u00e4glich und nachhaltig<\/h3>\n<p>Unser Ultrasuede-Mikrofaser-Kunstleder umfasst umweltfreundliche Optionen, wie z. B. Varianten aus recyceltem PET und Materialien auf Pflanzenbasis, die die Umweltbelastung verringern und gleichzeitig verschiedene Texturen bieten.<\/p>\n<\/div>\n<div class=\"usage-point\">\n<h3>Antibakterieller Schutz und Schutz vor Staub<\/h3>\n<p>Ausgew\u00e4hlte Varianten verf\u00fcgen \u00fcber antibakterielle und staubabweisende Eigenschaften und erf\u00fcllen hohe Hygienestandards - ideal f\u00fcr Handschuhe, die strenge Qualit\u00e4ts- und Sicherheitskontrollen erfordern.<\/p>\n<\/div>\n<div class=\"usage-point\">\n<h3>Vielf\u00e4ltige Anwendungsszenarien<\/h3>\n<p>Neben Fahrradhandschuhen eignet es sich auch f\u00fcr Fingerhandschuhe, Sicherheitshandschuhe und verschiedene andere Handschuhtypen sowie f\u00fcr Schuhe, Kleidung und Zubeh\u00f6r.<\/p>\n<\/div>\n<p><img decoding=\"async\" alt=\"Anwendungen von 0,7mm Ultrasuede Mikrofaser-Kunstleder in verschiedenen Produkten\" class=\"product-image\" src=\"\/wp-content\/uploads\/2025\/08\/07mm-ultrasuede-microfiber-faux-leather-for-cycling-gloves--37885.jpg\"\/><br \/>\n<img decoding=\"async\" alt=\"Radsporthandschuhe aus Ultrasuede-Mikrofaserleder - Produktbeispiel\" class=\"product-image\" src=\"\/wp-content\/uploads\/2025\/08\/07mm-ultrasuede-microfiber-faux-leather-for-cycling-gloves--37886.jpg\"\/><br \/>\n<\/section>\n<p><\/main><\/p>\n<section id=\"inquiry\">\n<h2 style=\"text-align: center;\">Mit freundlichen Gr\u00fc\u00dfen erwarten wir Ihre Anfrage!<\/h2>\n<p style=\"text-align: center;\">Kontaktieren Sie uns noch heute, um mehr \u00fcber unsere Produkte zu erfahren und Ihre Bestellung aufzugeben.<\/p>\n<\/section>\n\n    <div class=\"xs_social_share_widget xs_share_url after_content \t\tmain_content  wslu-style-1 wslu-share-box-shaped wslu-fill-colored wslu-none wslu-share-horizontal wslu-theme-font-no wslu-main_content\">\n\n\t\t\n        <ul>\n\t\t\t        <\/ul>\n    <\/div>","protected":false},"excerpt":{"rendered":"<div class=\"product-short-description\">Mikrofaser PU Leder Feuerfestes Synthetisches Mikrofaser Leder f\u00fcr Sofa Stoff WINIW Feuerfestes Synthetisches Mikrofaser Leder f\u00fcr Sofa Stoff: Entdecken Sie WINIW Fireproof Synthetic Microfiber Leather, eine sichere, luxuri\u00f6se und umweltfreundliche Wahl f\u00fcr Sofa fabric.Resistant zu Flammen, leicht zu reinigen, und langlebig..Key Features geh\u00f6ren Microfiber PU Leder, WINIW, Breite.Ideal f\u00fcr diejenigen, die Qualit\u00e4t und Zuverl\u00e4ssigkeit.<\/p>\n<p>Als direkte Fabrik, Hersteller und Gro\u00dfh\u00e4ndler k\u00f6nnen wir den Produktionsprozess streng kontrollieren, um die Produktqualit\u00e4t zu gew\u00e4hrleisten und Ihnen die g\u00fcnstigsten Preise zu bieten. Wir verf\u00fcgen \u00fcber fortschrittliche Produktionsanlagen und ein professionelles technisches Team, um Ihren Bedarf an Gro\u00dfauftr\u00e4gen zu decken und eine p\u00fcnktliche Lieferung zu gew\u00e4hrleisten.<\/p>\n<\/div>","protected":false},"featured_media":6316,"template":"","meta":[],"product_brand":[],"product_cat":[114],"product_tag":[18394],"class_list":{"0":"post-27877","1":"product","2":"type-product","3":"status-publish","4":"has-post-thumbnail","6":"product_cat-microfiber-pu-leather","7":"product_tag-faux-leather-sofaleather-sofa-fauxfaux-grey-leather-sofasynthetic-leather-sofaartificial-leather-sofapu-leather-sofa","9":"first","10":"instock","11":"product-type-simple"},"_links":{"self":[{"href":"https:\/\/www.eco-leather.com\/de\/wp-json\/wp\/v2\/product\/27877","targetHints":{"allow":["GET"]}}],"collection":[{"href":"https:\/\/www.eco-leather.com\/de\/wp-json\/wp\/v2\/product"}],"about":[{"href":"https:\/\/www.eco-leather.com\/de\/wp-json\/wp\/v2\/types\/product"}],"wp:featuredmedia":[{"embeddable":true,"href":"https:\/\/www.eco-leather.com\/de\/wp-json\/wp\/v2\/media\/6316"}],"wp:attachment":[{"href":"https:\/\/www.eco-leather.com\/de\/wp-json\/wp\/v2\/media?parent=27877"}],"wp:term":[{"taxonomy":"product_brand","embeddable":true,"href":"https:\/\/www.eco-leather.com\/de\/wp-json\/wp\/v2\/product_brand?post=27877"},{"taxonomy":"product_cat","embeddable":true,"href":"https:\/\/www.eco-leather.com\/de\/wp-json\/wp\/v2\/product_cat?post=27877"},{"taxonomy":"product_tag","embeddable":true,"href":"https:\/\/www.eco-leather.com\/de\/wp-json\/wp\/v2\/product_tag?post=27877"}],"curies":[{"name":"wp","href":"https:\/\/api.w.org\/{rel}","templated":true}]}}